{"id":33413,"date":"2020-02-18T08:11:44","date_gmt":"2020-02-18T08:11:44","guid":{"rendered":"https:\/\/www.tele-radio.com\/?page_id=33413"},"modified":"2020-02-19T08:25:18","modified_gmt":"2020-02-19T08:25:18","slug":"volvo-reus-fleming","status":"publish","type":"page","link":"https:\/\/www.tele-radio.com\/zh-hans\/volvo-reus-fleming\/","title":{"rendered":"Volvo Reus Fleming"},"content":{"rendered":"<h1 style=\"text-align: left;\">Volvo Reus Fleming<\/h1>\n<p><img loading=\"lazy\" decoding=\"async\" class=\"wp-image-32135 size-medium alignright\" style=\"box-shadow: 0 4px 8px 0 rgba(0, 0, 0, 0.2), 0 6px 20px 0 rgba(0, 0, 0, 0.19); margin-left: 70px;\" src=\"https:\/\/www.tele-radio.com\/app\/uploads\/\/colaboracion-remoto-control-volvo-tele-radio-338x400.jpg\" alt=\"\" width=\"338\" height=\"400\" srcset=\"https:\/\/www.tele-radio.com\/app\/uploads\/colaboracion-remoto-control-volvo-tele-radio-338x400.jpg 338w, https:\/\/www.tele-radio.com\/app\/uploads\/colaboracion-remoto-control-volvo-tele-radio-423x500.jpg 423w, https:\/\/www.tele-radio.com\/app\/uploads\/colaboracion-remoto-control-volvo-tele-radio.jpg 507w\" sizes=\"auto, (max-width: 338px) 100vw, 338px\" \/><\/p>\n<p>Reus Fleming, S.A. es un concesionario oficial Volvo para las provincias de Tarragona, L\u00e9rida, Huesca y Teruel. La relaci\u00f3n con los clientes es la base de su negocio, por ello, se adaptan a las necesidades y se atreven a ayudarles en cualquier reto tecnol\u00f3gico que les planteen. Su finalidad es poder dar el mejor servicio y la mejor asistencia en cada situaci\u00f3n.<\/p>\n<h2 style=\"text-align: left;\">Pioneros en el mercado ib\u00e9rico<\/h2>\n<p>Gracias a la estrecha colaboraci\u00f3n con Tele Radio, <strong>Volvo Reus Fleming<\/strong> realiz\u00f3 un excelente trabajo al incorporar satisfactoriamente y por primera vez en Espa\u00f1a, el paquete <em>Volvo Dynamic Steering,<\/em> incluyendo la variante <em>EXSTER<\/em>, la cu\u00e1l permite maniobrar de forma inal\u00e1mbrica un cami\u00f3n Volvo desde fuera de la cabina mediante <strong>control remoto Tele Radio<\/strong>.<\/p>\n<p style=\"text-align: left;\"><span style=\"font-size: 18px;\">La soluci\u00f3n ha sido implementada considerando la seguridad como el factor prioritario. Volvo y Tele Radio, ambas con matriz en Suecia, enfocan gran esfuerzo para que la aplicaci\u00f3n sea lo m\u00e1s segura posible para el usuario.\u00a0<\/span><\/p>\n<p>&nbsp;<\/p>\n<p><img loading=\"lazy\" decoding=\"async\" class=\"alignleft size-full wp-image-32229\" style=\"box-shadow: 0 4px 8px 0 rgba(0, 0, 0, 0.2), 0 6px 20px 0 rgba(0, 0, 0, 0.19); margin-right: 70px;\" src=\"https:\/\/www.tele-radio.com\/app\/uploads\/remote-for-volvo-truck-tele-radio-sm-2.jpg\" alt=\"\" width=\"500\" height=\"317\" srcset=\"https:\/\/www.tele-radio.com\/app\/uploads\/remote-for-volvo-truck-tele-radio-sm-2.jpg 500w, https:\/\/www.tele-radio.com\/app\/uploads\/remote-for-volvo-truck-tele-radio-sm-2-400x254.jpg 400w\" sizes=\"auto, (max-width: 500px) 100vw, 500px\" \/><\/p>\n<h2 style=\"text-align: left;\">Uso<\/h2>\n<p>En concreto en este caso se instal\u00f3 en un cami\u00f3n modelo Volvo FH 500 8&#215;2 con carrocer\u00eda de <em>Cubas Segre<\/em>\u00a0 y su uso est\u00e1 destinado\u00a0para la carga\/descarga de piensos y su transporte a diferentes emplazamientos.<\/p>\n<p>Esto <strong>aporta al usuario mayor seguridad<\/strong>, con una amplitud de campo visual al poder ubicarse en el exterior <strong>y sobretodo\u00a0ergonom\u00eda<\/strong>, al evitar tener que subir y bajar de cabina constantemente (varias decenas de veces al d\u00eda) para realizar las tareas de posicionamiento para la carga y descarga diaria con la cuba. Esta eficiencia en el trabajo se traduce en una mejora sustancial de la productividad y una reducci\u00f3n considerable de la fatiga que suponen generalmente estas tareas.<\/p>\n<p>&nbsp;<\/p>\n<p>&nbsp;<\/p>\n<h2 style=\"text-align: center;\">V\u00eddeos e im\u00e1genes<\/h2>\n<div style=\"width: 1280px;\" class=\"wp-video\"><!--[if lt IE 9]><script>document.createElement('video');<\/script><![endif]-->\n<video class=\"wp-video-shortcode\" id=\"video-33413-1\" width=\"1280\" height=\"720\" preload=\"metadata\" controls=\"controls\"><source type=\"video\/mp4\" src=\"https:\/\/www.tele-radio.com\/app\/uploads\/cliente-cubas-segre-control-remoto-volvo.mp4?_=1\" \/><a href=\"https:\/\/www.tele-radio.com\/app\/uploads\/cliente-cubas-segre-control-remoto-volvo.mp4\">https:\/\/www.tele-radio.com\/app\/uploads\/cliente-cubas-segre-control-remoto-volvo.mp4<\/a><\/video><\/div>\n<p>&nbsp;<\/p>\n<p><a href=\"https:\/\/www.tele-radio.com\/zh-hans\/volvo-trucks-reus-fleming-tele-radio\/volvo-trucks-remote-control-segre-1-2\/\" rel=\"attachment wp-att-32852\"><img loading=\"lazy\" decoding=\"async\" class=\"alignleft wp-image-32852 size-full\" src=\"https:\/\/www.tele-radio.com\/app\/uploads\/volvo-trucks-remote-control-segre-1.jpg\" alt=\"\" width=\"1200\" height=\"675\" srcset=\"https:\/\/www.tele-radio.com\/app\/uploads\/volvo-trucks-remote-control-segre-1.jpg 1200w, https:\/\/www.tele-radio.com\/app\/uploads\/volvo-trucks-remote-control-segre-1-400x225.jpg 400w, https:\/\/www.tele-radio.com\/app\/uploads\/volvo-trucks-remote-control-segre-1-768x432.jpg 768w, https:\/\/www.tele-radio.com\/app\/uploads\/volvo-trucks-remote-control-segre-1-750x422.jpg 750w, https:\/\/www.tele-radio.com\/app\/uploads\/volvo-trucks-remote-control-segre-1-500x281.jpg 500w, https:\/\/www.tele-radio.com\/app\/uploads\/volvo-trucks-remote-control-segre-1-800x450.jpg 800w\" sizes=\"auto, (max-width: 1200px) 100vw, 1200px\" \/><\/a> <a href=\"https:\/\/www.tele-radio.com\/zh-hans\/volvo-trucks-reus-fleming-tele-radio\/volvo-trucks-remote-control-segre-2-2\/\" rel=\"attachment wp-att-32872\"><img loading=\"lazy\" decoding=\"async\" class=\"alignleft wp-image-32872 size-full\" src=\"https:\/\/www.tele-radio.com\/app\/uploads\/volvo-trucks-remote-control-segre-2.jpg\" alt=\"\" width=\"1200\" height=\"728\" srcset=\"https:\/\/www.tele-radio.com\/app\/uploads\/volvo-trucks-remote-control-segre-2.jpg 1200w, https:\/\/www.tele-radio.com\/app\/uploads\/volvo-trucks-remote-control-segre-2-400x243.jpg 400w, https:\/\/www.tele-radio.com\/app\/uploads\/volvo-trucks-remote-control-segre-2-768x466.jpg 768w, https:\/\/www.tele-radio.com\/app\/uploads\/volvo-trucks-remote-control-segre-2-750x455.jpg 750w, https:\/\/www.tele-radio.com\/app\/uploads\/volvo-trucks-remote-control-segre-2-500x303.jpg 500w, https:\/\/www.tele-radio.com\/app\/uploads\/volvo-trucks-remote-control-segre-2-800x485.jpg 800w\" sizes=\"auto, (max-width: 1200px) 100vw, 1200px\" \/><\/a><\/p>\n<p>&nbsp;<\/p>\n","protected":false},"excerpt":{"rendered":"<p>Volvo Reus Fleming Reus Fleming, S.A. es un concesionar [&hellip;]<\/p>\n","protected":false},"author":41,"featured_media":32830,"parent":0,"menu_order":0,"comment_status":"closed","ping_status":"closed","template":"","meta":{"_acf_changed":false,"footnotes":""},"class_list":["post-33413","page","type-page","status-publish","has-post-thumbnail","hentry"],"acf":[],"_links":{"self":[{"href":"https:\/\/www.tele-radio.com\/zh-hans\/wp-json\/wp\/v2\/pages\/33413","targetHints":{"allow":["GET"]}}],"collection":[{"href":"https:\/\/www.tele-radio.com\/zh-hans\/wp-json\/wp\/v2\/pages"}],"about":[{"href":"https:\/\/www.tele-radio.com\/zh-hans\/wp-json\/wp\/v2\/types\/page"}],"author":[{"embeddable":true,"href":"https:\/\/www.tele-radio.com\/zh-hans\/wp-json\/wp\/v2\/users\/41"}],"replies":[{"embeddable":true,"href":"https:\/\/www.tele-radio.com\/zh-hans\/wp-json\/wp\/v2\/comments?post=33413"}],"version-history":[{"count":1,"href":"https:\/\/www.tele-radio.com\/zh-hans\/wp-json\/wp\/v2\/pages\/33413\/revisions"}],"predecessor-version":[{"id":33414,"href":"https:\/\/www.tele-radio.com\/zh-hans\/wp-json\/wp\/v2\/pages\/33413\/revisions\/33414"}],"wp:featuredmedia":[{"embeddable":true,"href":"https:\/\/www.tele-radio.com\/zh-hans\/wp-json\/wp\/v2\/media\/32830"}],"wp:attachment":[{"href":"https:\/\/www.tele-radio.com\/zh-hans\/wp-json\/wp\/v2\/media?parent=33413"}],"curies":[{"name":"wp","href":"https:\/\/api.w.org\/{rel}","templated":true}]}}