{"id":6970,"date":"2018-05-04T14:35:06","date_gmt":"2018-05-04T14:35:06","guid":{"rendered":"https:\/\/www.tele-radio.com\/start\/"},"modified":"2026-03-27T08:00:28","modified_gmt":"2026-03-27T08:00:28","slug":"start","status":"publish","type":"page","link":"https:\/\/www.tele-radio.com\/tr\/","title":{"rendered":"Start"},"content":{"rendered":"<h1>G\u00fcvenli end\u00fcstriyel uzaktan kumanda<\/h1>\n<p>Tele Radio, g\u00fcvenli kablosuz ve radyo uzaktan kumanda konusunda uzmand\u0131r. Ana faaliyet alanlar\u0131m\u0131z sanayi, sanayi-asans\u00f6r, mobil-kap\u0131, kap\u0131 ve bariyer uygulamalar\u0131d\u0131r. Ayr\u0131ca hidrolik makineler i\u00e7in uzaktan kumandalar sunuyoruz.<br \/>\n<img loading=\"lazy\" decoding=\"async\" class=\"aligncenter wp-image-35500 size-large\" src=\"https:\/\/www.tele-radio.com\/app\/uploads\/\/remotes-banner-usa-1200x346.jpg\" alt=\"\" width=\"1200\" height=\"346\" srcset=\"https:\/\/www.tele-radio.com\/app\/uploads\/remotes-banner-usa-1200x346.jpg 1200w, https:\/\/www.tele-radio.com\/app\/uploads\/remotes-banner-usa-400x115.jpg 400w, https:\/\/www.tele-radio.com\/app\/uploads\/remotes-banner-usa-768x221.jpg 768w, https:\/\/www.tele-radio.com\/app\/uploads\/remotes-banner-usa-750x216.jpg 750w, https:\/\/www.tele-radio.com\/app\/uploads\/remotes-banner-usa-500x144.jpg 500w, https:\/\/www.tele-radio.com\/app\/uploads\/remotes-banner-usa.jpg 1600w, https:\/\/www.tele-radio.com\/app\/uploads\/remotes-banner-usa-800x231.jpg 800w\" sizes=\"auto, (max-width: 1200px) 100vw, 1200px\" \/><\/p>\n<h2>Kendi ara\u015ft\u0131rma ve geli\u015ftirmemizi yap\u0131yoruz<\/h2>\n<p>70 y\u0131l\u0131 a\u015fk\u0131n deneyimimizle, radyo kontrol sistemleri hakk\u0131nda sa\u011flam bilgi ve deneyime sahibiz. Misyonumuz, g\u00fcvenilirli\u011fin ve g\u00fcvenli\u011fin belirleyici fakt\u00f6rler oldu\u011fu kablosuz ekipman kontrol\u00fc ve makine ileti\u015fimi alan\u0131nda u\u00e7tan uca \u00fcr\u00fcn \u00e7\u00f6z\u00fcmleri, teknolojileri ve hizmetleri sunmakt\u0131r. Bu hedeflere t\u00fcm \u00e7al\u0131\u015fanlar\u0131m\u0131z\u0131 s\u00fcrecin bir par\u00e7as\u0131 haline getirerek ve kendi \u00e7al\u0131\u015fma alanlar\u0131n\u0131n sorumlulu\u011funu alarak ula\u015f\u0131yoruz. En b\u00fcy\u00fck hedefimiz, i\u015fletmenize de\u011fer katacak \u00e7\u00f6z\u00fcmler sunmak ve ayn\u0131 zamanda ihtiyac\u0131n\u0131z oldu\u011funda kusursuz destek sa\u011flamakt\u0131r.<img loading=\"lazy\" decoding=\"async\" class=\"wp-image-29368 size-medium alignnone\" src=\"https:\/\/www.tele-radio.com\/app\/uploads\/\/PH_PM-TG-PN_002-1-400x283.jpg\" alt=\"\" width=\"400\" height=\"190\" \/><\/p>\n<h2>G\u00fcvenli uzaktan kumandalar<\/h2>\n<p>G\u00fcvenlik bizim i\u00e7in b\u00fcy\u00fck \u00f6nem ta\u015f\u0131yor, \u0130sve\u00e7li bir \u015firket olarak \u00f6z\u00fcm\u00fcz\u00fcn bir par\u00e7as\u0131. \u00dcr\u00fcnlerimizi m\u00fcmk\u00fcn oldu\u011funca g\u00fcvenli hale getirmek i\u00e7in b\u00fcy\u00fck \u00e7aba sarf ediyoruz. \u00dcr\u00fcnlerimizin m\u00fcmk\u00fcn olan en y\u00fcksek g\u00fcvenlik standartlar\u0131n\u0131 kar\u015f\u0131lad\u0131\u011f\u0131ndan emin olmak i\u00e7in b\u00fcy\u00fck \u00e7aba harc\u0131yoruz ve bu iddiay\u0131 destekleyecek sertifikalar\u0131m\u0131z var.<\/p>\n<p>Muhtemelen \u015fimdiye kadar tahmin etti\u011finiz gibi, \u00fcr\u00fcnlerimiz sadece g\u00fcvenli de\u011fil ayn\u0131 zamanda sa\u011flamd\u0131r ve darbe alabilir. Uzaktan kumandalar\u0131m\u0131z\u0131n f\u0131rlat\u0131ld\u0131\u011f\u0131n\u0131, d\u00fc\u015ft\u00fc\u011f\u00fcn\u00fc, ka\u00e7\u0131r\u0131ld\u0131\u011f\u0131n\u0131, \u0131sland\u0131\u011f\u0131n\u0131 biliyoruz\u00a0 ve bunlar\u0131n t\u00fcm\u00fcn\u00fc, onlar\u0131 tasarlarken akl\u0131m\u0131zda tuttuk. Bu detaylar ile kullan\u0131lmalar\u0131 ama\u00e7lanm\u0131\u015ft\u0131r.<\/p>\n<h2>Neden uzaktan kumanda?<\/h2>\n<p>Kablosuz uzaktan kumanda, bir makine par\u00e7as\u0131n\u0131 kontrol etmek i\u00e7in g\u00fcvenlik ve kolayl\u0131k merkezli bir sistemdir. Operat\u00f6r\u00fc, bir kontrol panelinin veya kablolu kontrol\u00fcn do\u011fal k\u0131s\u0131tlamalar\u0131 yerine tam olarak olmas\u0131 gereken yere yerle\u015ftirir. Kablosuz bir uzaktan kumanda, kablo ba\u011fl\u0131 bir sistem gibi operat\u00f6re engel de\u011fildir. Kablo hem i\u015f hem de g\u00fcvenlik a\u00e7\u0131s\u0131ndan tehlike olu\u015fturuyor, r\u00f6le tehlikesi vard\u0131r ve ayr\u0131ca hasara kar\u015f\u0131 hassast\u0131r.<\/p>\n","protected":false},"excerpt":{"rendered":"<p>G\u00fcvenli end\u00fcstriyel uzaktan kumanda Tele Radio, g\u00fcvenli kablosuz ve radyo uzaktan kumanda konusunda uzmand\u0131r. Ana faaliyet alanlar\u0131m\u0131z sanayi, sanayi-asans\u00f6r, mobil-kap\u0131, kap\u0131 ve bariyer uygulamalar\u0131d\u0131r. Ayr\u0131ca hidrolik makineler i\u00e7in uzaktan kumandalar sunuyoruz. Kendi ara\u015ft\u0131rma ve geli\u015ftirmemizi yap\u0131yoruz 70 y\u0131l\u0131 a\u015fk\u0131n deneyimimizle, radyo kontrol sistemleri hakk\u0131nda sa\u011flam bilgi ve deneyime sahibiz. Misyonumuz, g\u00fcvenilirli\u011fin ve g\u00fcvenli\u011fin belirleyici fakt\u00f6rler [&hellip;]<\/p>\n","protected":false},"author":1,"featured_media":0,"parent":0,"menu_order":0,"comment_status":"closed","ping_status":"closed","template":"","meta":{"_acf_changed":false,"footnotes":""},"class_list":["post-6970","page","type-page","status-publish","hentry"],"acf":[],"_links":{"self":[{"href":"https:\/\/www.tele-radio.com\/tr\/wp-json\/wp\/v2\/pages\/6970","targetHints":{"allow":["GET"]}}],"collection":[{"href":"https:\/\/www.tele-radio.com\/tr\/wp-json\/wp\/v2\/pages"}],"about":[{"href":"https:\/\/www.tele-radio.com\/tr\/wp-json\/wp\/v2\/types\/page"}],"author":[{"embeddable":true,"href":"https:\/\/www.tele-radio.com\/tr\/wp-json\/wp\/v2\/users\/1"}],"replies":[{"embeddable":true,"href":"https:\/\/www.tele-radio.com\/tr\/wp-json\/wp\/v2\/comments?post=6970"}],"version-history":[{"count":197,"href":"https:\/\/www.tele-radio.com\/tr\/wp-json\/wp\/v2\/pages\/6970\/revisions"}],"predecessor-version":[{"id":288658,"href":"https:\/\/www.tele-radio.com\/tr\/wp-json\/wp\/v2\/pages\/6970\/revisions\/288658"}],"wp:attachment":[{"href":"https:\/\/www.tele-radio.com\/tr\/wp-json\/wp\/v2\/media?parent=6970"}],"curies":[{"name":"wp","href":"https:\/\/api.w.org\/{rel}","templated":true}]}}