{"id":6617,"date":"2018-05-24T12:02:02","date_gmt":"2018-05-24T12:02:02","guid":{"rendered":"https:\/\/www.tele-radio.com\/retired-products\/"},"modified":"2018-12-18T12:02:49","modified_gmt":"2018-12-18T12:02:49","slug":"retired-products","status":"publish","type":"page","link":"https:\/\/www.tele-radio.com\/tr\/retired-products\/","title":{"rendered":"\u00dcretimden kald\u0131r\u0131lan sistemler"},"content":{"rendered":"<h1>\u00dcretimden kald\u0131r\u0131lan sistemler ve \u00fcr\u00fcnler<\/h1>\n<h2><img loading=\"lazy\" decoding=\"async\" class=\"alignright size-medium wp-image-6265\" src=\"https:\/\/www.tele-radio.com\/app\/uploads\/\/T70-Jaguar-tele-radio-1-400x400.jpg\" alt=\"\" width=\"400\" height=\"400\" srcset=\"https:\/\/www.tele-radio.com\/app\/uploads\/T70-Jaguar-tele-radio-1-400x400.jpg 400w, https:\/\/www.tele-radio.com\/app\/uploads\/T70-Jaguar-tele-radio-1-150x150.jpg 150w, https:\/\/www.tele-radio.com\/app\/uploads\/T70-Jaguar-tele-radio-1-250x250.jpg 250w, https:\/\/www.tele-radio.com\/app\/uploads\/T70-Jaguar-tele-radio-1-500x500.jpg 500w, https:\/\/www.tele-radio.com\/app\/uploads\/T70-Jaguar-tele-radio-1.jpg 626w\" sizes=\"auto, (max-width: 400px) 100vw, 400px\" \/>T70 Jaguar<\/h2>\n<p>T70 Jaguar sistemi, elektrikli ve hidrolik vin\u00e7 pazar\u0131ndaki gereksinimi kar\u015f\u0131lamak ad\u0131na ilk olarak 2007 y\u0131l\u0131nda tan\u0131t\u0131ld\u0131. Benzeri 860 Lion&#8217;a k\u0131yasla daha rekabet\u00e7i olarak fiyatland\u0131r\u0131ld\u0131 ve yine benzeri T60\u2019a k\u0131yasla daha fazla fonksiyon, dar bant radyo ve geni\u015f menzil mesafesi gibi birtak\u0131m avantajlar sundu. T70 Jaguar sistemine g\u00f6re daha geli\u015fmi\u015f \u00f6zellikler sunan yeni Panther sisteminin lansman\u0131 ile birlikte T70 Jaguar sistemlerinin sat\u0131\u015f\u0131 sonland\u0131r\u0131ld\u0131.<\/p>\n<p><a href=\"https:\/\/www.tele-radio.com\/panther\/\">Panther sistemi hakk\u0131nda daha fazla bilgi edinebilirsiniz.<\/a><\/p>\n<hr \/>\n<p><img loading=\"lazy\" decoding=\"async\" class=\"alignright wp-image-6266\" src=\"https:\/\/www.tele-radio.com\/app\/uploads\/tiger-retired-system-tele-radio-1.jpg\" alt=\"\" width=\"420\" height=\"231\" srcset=\"https:\/\/www.tele-radio.com\/app\/uploads\/tiger-retired-system-tele-radio-1.jpg 626w, https:\/\/www.tele-radio.com\/app\/uploads\/tiger-retired-system-tele-radio-1-400x220.jpg 400w, https:\/\/www.tele-radio.com\/app\/uploads\/tiger-retired-system-tele-radio-1-500x276.jpg 500w\" sizes=\"auto, (max-width: 420px) 100vw, 420px\" \/><\/p>\n<h2>Tiger Gen. 1<\/h2>\n<p>1. nesil Tiger sistemi kullan\u0131c\u0131lar\u0131n y\u00fcksek g\u00fcvenlikli uzaktan kumanda taleplerini kar\u015f\u0131lamak i\u00e7in geli\u015ftirildi ve 2010 y\u0131l\u0131nda kullan\u0131lmaya ba\u015fland\u0131. Bu s\u00fcre zarf\u0131nda, makineler ve kontrol sistemleri i\u00e7in, AB makine emniyeti direktifi yeni ve daha geli\u015fmi\u015f gereksinimler ortaya koydu.<\/p>\n<p>Tiger sisteminin kendisinden \u00f6nceki 860 Lion sistemine benzer el tipi, ekranl\u0131 ve farkl\u0131 konfig\u00fcrasyonlarda joystick vericileri vard\u0131. Vericiler \u00fczerindeki ekranlar ile y\u00fck a\u011f\u0131rl\u0131k bilgileri, pil durumu, frekans veya di\u011fer bilgilendirme mesajlar\u0131 g\u00f6sterebiliyordu.<\/p>\n<p>\u00c7ok y\u00fcksek g\u00fcvenlik standartlar\u0131n\u0131n sa\u011fland\u0131\u011f\u0131n\u0131 belirten SIL3\/PLe onayl\u0131 Tiger sistemleri, s\u00fcrekli olarak geli\u015ftirilerek ilk halinden olduk\u00e7a farkl\u0131 2. nesil Tiger modeline d\u00f6n\u00fc\u015ft\u00fc. Baz\u0131 el tipi verici modelleri 1.nesil ile benzerlik g\u00f6stermekle birlikte, 2. nesil Tiger sistemlerinin geli\u015fmi\u015f \u00f6zellikleri ile donat\u0131lm\u0131\u015ft\u0131r.<\/p>\n<p><a href=\"https:\/\/www.tele-radio.com\/tiger\/\">Tiger 2.nesil hakk\u0131nda daha fazla bilgi edinebilirsiniz.<\/a><\/p>\n<hr \/>\n<h2><img loading=\"lazy\" decoding=\"async\" class=\"alignright size-medium wp-image-6267\" src=\"https:\/\/www.tele-radio.com\/app\/uploads\/\/860-lion-retired-system-tele-radio-1-400x252.jpg\" alt=\"\" width=\"400\" height=\"252\" srcset=\"https:\/\/www.tele-radio.com\/app\/uploads\/860-lion-retired-system-tele-radio-1-400x252.jpg 400w, https:\/\/www.tele-radio.com\/app\/uploads\/860-lion-retired-system-tele-radio-1-500x315.jpg 500w, https:\/\/www.tele-radio.com\/app\/uploads\/860-lion-retired-system-tele-radio-1.jpg 626w\" sizes=\"auto, (max-width: 400px) 100vw, 400px\" \/>860 Lion<\/h2>\n<p>860 Lion serisi, 2003 y\u0131l\u0131nda, bu zamanda ge\u00e7erli g\u00fcvenlik standartlar\u0131n\u0131 kar\u015f\u0131lamak ve kontrol sistemlerinde yenilik\u00e7i baz\u0131 geli\u015fmeleri kullan\u0131c\u0131lar\u0131na sunmak \u00fczere piyasaya s\u00fcr\u00fcld\u00fc. Ba\u015flang\u0131\u00e7ta sistem 10 butonlu ve 12 butonlu el tipi verici ve 10 ila 24 adet aras\u0131nda de\u011fi\u015fen fonksiyon r\u00f6lesi olan al\u0131c\u0131lar ile kullan\u0131ld\u0131. Daha sonra Joystick vericiler de bu \u00fcr\u00fcn grubuna eklenerek d\u00fcnya \u00e7ap\u0131ndaki kullan\u0131c\u0131lar\u0131 i\u00e7in g\u00fcvenli ve tam bir \u00e7\u00f6z\u00fcm olma g\u00f6revini yerine getirdi.<\/p>\n<p>Kullan\u0131ld\u0131\u011f\u0131 s\u00fcre boyunca y\u00fcksek g\u00fcvenlik standartlar\u0131n\u0131 sa\u011flayan 860 Lion sisteminin Kategori 3 ve PLd seviyelerinde onaylanm\u0131\u015f bir durdurma fonksiyonu ve durdurma fonksiyonuna \u00f6zel r\u00f6leleri d\u00f6nemin g\u00fcvenlik gereksinimlerini kar\u015f\u0131lamak \u00fczere geli\u015ftirilmi\u015fti.<\/p>\n<p>860 Lion ile standart olarak bir\u00e7ok se\u00e7enek ve fonksiyon kullan\u0131c\u0131lara haz\u0131r olarak sunuldu. \u00d6rne\u011fin, ,\u201dikiz fonksiyon\u201d ad\u0131 verilen, ba\u011f\u0131ms\u0131z veya senkron olarak 2 al\u0131c\u0131 kontrol edilebiliyordu. Sistem 433-434 MHz aras\u0131nda 69 farkl\u0131 frekansta veri iletme kapasitesine sahipti. 2010-2013 d\u00f6neminde, programlanabilir ve daha geli\u015fmi\u015f fonksiyonlar\u0131 ve SIL3\/PLe onayl\u0131 g\u00fcvenlik \u00f6zellikleri ile 2. nesil Tiger (G2) modeli 860 Lion modelinin yerini almaya ba\u015flad\u0131 ve nihayet 860 Lion \u00fcretiminin sonuna geldi.<\/p>\n<p><a href=\"https:\/\/www.tele-radio.com\/tiger\/\">Tiger G2 sistemi hakk\u0131nda daha fazla bilgi edinebilirsiniz.<\/a><\/p>\n<hr \/>\n<h2><img loading=\"lazy\" decoding=\"async\" class=\"alignright size-medium wp-image-6268\" src=\"https:\/\/www.tele-radio.com\/app\/uploads\/\/T80-leopard-retired-system-Tele-Radio-1-400x294.jpg\" alt=\"\" width=\"400\" height=\"294\" srcset=\"https:\/\/www.tele-radio.com\/app\/uploads\/T80-leopard-retired-system-Tele-Radio-1-400x294.jpg 400w, https:\/\/www.tele-radio.com\/app\/uploads\/T80-leopard-retired-system-Tele-Radio-1-500x367.jpg 500w, https:\/\/www.tele-radio.com\/app\/uploads\/T80-leopard-retired-system-Tele-Radio-1.jpg 626w\" sizes=\"auto, (max-width: 400px) 100vw, 400px\" \/>T80 Leopard<\/h2>\n<p>T80 Leopard sistemi 2006 y\u0131l\u0131nda piyasaya sunuldu ve kald\u0131rma sanayine y\u00f6nelik d\u00fczenlenmi\u015f iki t\u00fcr al\u0131c\u0131 ve bir verici ile sa\u011flam bir sistemdi. Sistem onaylanm\u0131\u015f bir durdurma fonksiyonunu \u00f6zelli\u011fine sahip olup, kategori 3 ve PLd g\u00fcvenlik standartlar\u0131n\u0131 yerine getirdi.<\/p>\n<p>&#8220;MQ&#8221;-al\u0131c\u0131 \u00f6zellikle dar montaj alanlar\u0131 i\u00e7in uygun olan ince tasar\u0131ml\u0131 g\u00f6vde \u00f6zelli\u011fine sahipti.<br \/>\nSistemin 2012 y\u0131l\u0131n\u0131n sonlar\u0131nda \u00fcretimi durduruldu ve benzer uygulamalar i\u00e7in Tiger sistem esas olarak bunun yerini ald\u0131<\/p>\n<p><a href=\"https:\/\/www.tele-radio.com\/tiger\/\">Tiger G2 sistemi hakk\u0131nda daha fazla bilgi edinebilirsiniz.<\/a><\/p>\n<hr \/>\n<h2><img loading=\"lazy\" decoding=\"async\" class=\"alignright size-full wp-image-6263\" src=\"https:\/\/www.tele-radio.com\/app\/uploads\/460-system-retired-tele-radio.jpg\" alt=\"460 system retired Tele Radio\" width=\"339\" height=\"339\" srcset=\"https:\/\/www.tele-radio.com\/app\/uploads\/460-system-retired-tele-radio.jpg 339w, https:\/\/www.tele-radio.com\/app\/uploads\/460-system-retired-tele-radio-150x150.jpg 150w, https:\/\/www.tele-radio.com\/app\/uploads\/460-system-retired-tele-radio-250x250.jpg 250w\" sizes=\"auto, (max-width: 339px) 100vw, 339px\" \/>460 sistemi<\/h2>\n<p>460 sistemi 1990&#8217;l\u0131 y\u0131llar\u0131n ba\u015f\u0131nda piyasaya s\u00fcr\u00fcld\u00fc ve en k\u00fc\u00e7\u00fck 1 d\u00fc\u011fmeli vericiden b\u00fcy\u00fck ve daha sa\u011flam 8 d\u00fc\u011fmeli vericilere kadar bir\u00e7ok al\u0131c\u0131 ve vericiden olu\u015fmaktayd\u0131. Sistemde 1 r\u00f6leliden 8 r\u00f6leli daha b\u00fcy\u00fck al\u0131c\u0131lara kadar \u00e7e\u015fitli al\u0131c\u0131lar bulunmaktayd\u0131. 460 \u00fcr\u00fcnleri 433 MHz frekans\u0131nda \u00e7al\u0131\u015f\u0131yordu.<\/p>\n<p>2006 y\u0131l\u0131nda \u00fcretimden kald\u0131r\u0131lan analog 460 sistemi daha g\u00fcncel \u00f6zellikler ve daha fazla fonksiyon sunan dijital Panther sistemi ile de\u011fi\u015ftirildi.<\/p>\n<p>Yeni Panther sistemi 460 sistemi ile b\u00fcy\u00fck \u00f6l\u00e7\u00fcde uyumlu olup \u00e7o\u011fu durumda bu sistemin do\u011fal yede\u011fi olarak g\u00f6r\u00fclmelidir. 460 sisteminden Panther segmentine nas\u0131l ge\u00e7meniz gerekti\u011fi konusunda ayr\u0131nt\u0131l\u0131 bilgi edinmek ve sorular\u0131n\u0131z i\u00e7in l\u00fctfen size en yak\u0131n bayi ile ileti\u015fime ge\u00e7iniz.<\/p>\n<p><a href=\"https:\/\/www.tele-radio.com\/tr\/products\/panther\/\">Panther \u00fcr\u00fcnleri hakk\u0131nda daha fazla bilgi edinebilirsiniz.<\/a><\/p>\n","protected":false},"excerpt":{"rendered":"<p>\u00dcretimden kald\u0131r\u0131lan sistemler ve \u00fcr\u00fcnler T70 Jaguar T70 Jaguar sistemi, elektrikli ve hidrolik vin\u00e7 pazar\u0131ndaki gereksinimi kar\u015f\u0131lamak ad\u0131na ilk olarak 2007 y\u0131l\u0131nda tan\u0131t\u0131ld\u0131. Benzeri 860 Lion&#8217;a k\u0131yasla daha rekabet\u00e7i olarak fiyatland\u0131r\u0131ld\u0131 ve yine benzeri T60\u2019a k\u0131yasla daha fazla fonksiyon, dar bant radyo ve geni\u015f menzil mesafesi gibi birtak\u0131m avantajlar sundu. T70 Jaguar sistemine g\u00f6re daha [&hellip;]<\/p>\n","protected":false},"author":29,"featured_media":6257,"parent":0,"menu_order":0,"comment_status":"closed","ping_status":"closed","template":"","meta":{"_acf_changed":false,"footnotes":""},"class_list":["post-6617","page","type-page","status-publish","has-post-thumbnail","hentry"],"acf":[],"_links":{"self":[{"href":"https:\/\/www.tele-radio.com\/tr\/wp-json\/wp\/v2\/pages\/6617","targetHints":{"allow":["GET"]}}],"collection":[{"href":"https:\/\/www.tele-radio.com\/tr\/wp-json\/wp\/v2\/pages"}],"about":[{"href":"https:\/\/www.tele-radio.com\/tr\/wp-json\/wp\/v2\/types\/page"}],"author":[{"embeddable":true,"href":"https:\/\/www.tele-radio.com\/tr\/wp-json\/wp\/v2\/users\/29"}],"replies":[{"embeddable":true,"href":"https:\/\/www.tele-radio.com\/tr\/wp-json\/wp\/v2\/comments?post=6617"}],"version-history":[{"count":7,"href":"https:\/\/www.tele-radio.com\/tr\/wp-json\/wp\/v2\/pages\/6617\/revisions"}],"predecessor-version":[{"id":15686,"href":"https:\/\/www.tele-radio.com\/tr\/wp-json\/wp\/v2\/pages\/6617\/revisions\/15686"}],"wp:featuredmedia":[{"embeddable":true,"href":"https:\/\/www.tele-radio.com\/tr\/wp-json\/wp\/v2\/media\/6257"}],"wp:attachment":[{"href":"https:\/\/www.tele-radio.com\/tr\/wp-json\/wp\/v2\/media?parent=6617"}],"curies":[{"name":"wp","href":"https:\/\/api.w.org\/{rel}","templated":true}]}}