{"id":6554,"date":"2018-05-13T20:05:40","date_gmt":"2018-05-13T20:05:40","guid":{"rendered":"https:\/\/www.tele-radio.com\/munck-cranes-a-s\/"},"modified":"2018-12-21T12:10:52","modified_gmt":"2018-12-21T12:10:52","slug":"munck-cranes-a-s","status":"publish","type":"page","link":"https:\/\/www.tele-radio.com\/tr\/munck-cranes-a-s\/","title":{"rendered":"Munck Cranes A\/S"},"content":{"rendered":"<h1>Munck Cranes A\/S<\/h1>\n<p>Munck Cranes, Bergen-Norve\u00e7&#8217;te bulunan bir vin\u00e7 \u00fcreticisidir. Sverre Munck taraf\u0131ndan kurulan \u015firket ticari hayat\u0131na merdiven, asans\u00f6r ve halatl\u0131 vin\u00e7 satarak ba\u015flad\u0131. Munck Cranes, Norve\u00e7 sanayisinde ihracat yapan \u00f6nc\u00fc bir firmad\u0131r. \u015eirket ilk ihracat\u0131n\u0131 1948 y\u0131l\u0131nda \u0130sve\u00e7&#8217;e yapm\u0131\u015ft\u0131r, daha sonra ayn\u0131 y\u0131l i\u00e7erisinde \u0130ngiltere&#8217;ye de ihracat ger\u00e7ekle\u015ftirildi. Daha sonra bir\u00e7ok yurtd\u0131\u015f\u0131 pazar\u0131na h\u0131zl\u0131ca yay\u0131ld\u0131lar.<\/p>\n<h2>D\u00fcnya \u00e7ap\u0131nda bir tedarik\u00e7i<\/h2>\n<p>1950ler ve 1960larda, Amerika Birle\u015fik Devletleri, Kanada, B\u00fcy\u00fck Britanya, \u0130sve\u00e7, Brezilya ve Bel\u00e7ika&#8217;da \u015fubeler a\u00e7\u0131ld\u0131.\u00a0 Ayr\u0131ca, D\u00fcnya&#8217;n\u0131n farkl\u0131 yerlerinde distrib\u00fct\u00f6rlerden olu\u015fan bir a\u011f kuruldu. Yerel olarak y\u00f6netilmelerine ra\u011fmen, Munck bu \u015firketlerle bug\u00fcn hala birlikte \u00e7al\u0131\u015fmaktad\u0131r ve Munck Cranes, \u00fcr\u00fcnlerini d\u00fcnya \u00e7ap\u0131nda satmaya devam etmektedir.\u00a0 Sadece Norve\u00e7&#8217;teki bir fabrikas\u0131nda y\u0131lda 750 adet vin\u00e7 \u00fcretilmektedir, distrib\u00fct\u00f6rleri de bu say\u0131ya ekledi\u011finiz zaman Munck Cranes y\u0131lda 1000 adet vin\u00e7 \u00fcretmektedir.<\/p>\n<h2>Kumandayla kontrol edilen ilk vin\u00e7<\/h2>\n<p>Munck, vin\u00e7lerinde standart olarak\u00a0uzaktan kumanday\u0131 sunan ilk vin\u00e7 \u00fcreticisidir. Uzaktan kumanday\u0131 yayg\u0131nla\u015ft\u0131rmak ad\u0131na, vin\u00e7lerini standart uzaktan kumanda pazara s\u00fcrd\u00fcler ve yerine kablolu kontrol istendi\u011finde, bunu ayr\u0131ca sat\u0131n alma zorunlulu\u011fu getirdiler; kablolu kontrol\u00fc kald\u0131rmak end\u00fcstride daha \u00f6nce duyulmam\u0131\u015f bir durumdu ve rakipler taraf\u0131ndan \u00e7ok fazla ele\u015ftirildi. D\u00fc\u015f\u00fcnd\u00fc\u011f\u00fcm\u00fczde, Munck&#8217;un bu cesur ad\u0131m\u0131yla vin\u00e7 kontrollerinin teknik geli\u015fiminde \u00f6nc\u00fc bir firma oldu\u011fu su g\u00f6t\u00fcrmez bir ger\u00e7ektir.<\/p>\n<blockquote><p><em>\u201cTele-Radio ile \u00e7al\u0131\u015f\u0131yoruz \u00e7\u00fcnk\u00fc m\u00fckemmel bir hizmet ve destek veriyorlar, bunlar bizim ve i\u015fimiz i\u00e7in \u00e7ok \u00f6nemli.\u201d<\/em><\/p><\/blockquote>\n<p>Rune Wab\u00f8, Genel M\u00fcd\u00fcr, Munck Cranes<\/p>\n","protected":false},"excerpt":{"rendered":"<p>Munck Cranes A\/S Munck Cranes, Bergen-Norve\u00e7&#8217;te bulunan bir vin\u00e7 \u00fcreticisidir. Sverre Munck taraf\u0131ndan kurulan \u015firket ticari hayat\u0131na merdiven, asans\u00f6r ve halatl\u0131 vin\u00e7 satarak ba\u015flad\u0131. Munck Cranes, Norve\u00e7 sanayisinde ihracat yapan \u00f6nc\u00fc bir firmad\u0131r. \u015eirket ilk ihracat\u0131n\u0131 1948 y\u0131l\u0131nda \u0130sve\u00e7&#8217;e yapm\u0131\u015ft\u0131r, daha sonra ayn\u0131 y\u0131l i\u00e7erisinde \u0130ngiltere&#8217;ye de ihracat ger\u00e7ekle\u015ftirildi. Daha sonra bir\u00e7ok yurtd\u0131\u015f\u0131 pazar\u0131na h\u0131zl\u0131ca [&hellip;]<\/p>\n","protected":false},"author":29,"featured_media":9727,"parent":0,"menu_order":0,"comment_status":"closed","ping_status":"closed","template":"","meta":{"_acf_changed":false,"footnotes":""},"class_list":["post-6554","page","type-page","status-publish","has-post-thumbnail","hentry"],"acf":[],"_links":{"self":[{"href":"https:\/\/www.tele-radio.com\/tr\/wp-json\/wp\/v2\/pages\/6554","targetHints":{"allow":["GET"]}}],"collection":[{"href":"https:\/\/www.tele-radio.com\/tr\/wp-json\/wp\/v2\/pages"}],"about":[{"href":"https:\/\/www.tele-radio.com\/tr\/wp-json\/wp\/v2\/types\/page"}],"author":[{"embeddable":true,"href":"https:\/\/www.tele-radio.com\/tr\/wp-json\/wp\/v2\/users\/29"}],"replies":[{"embeddable":true,"href":"https:\/\/www.tele-radio.com\/tr\/wp-json\/wp\/v2\/comments?post=6554"}],"version-history":[{"count":16,"href":"https:\/\/www.tele-radio.com\/tr\/wp-json\/wp\/v2\/pages\/6554\/revisions"}],"predecessor-version":[{"id":16594,"href":"https:\/\/www.tele-radio.com\/tr\/wp-json\/wp\/v2\/pages\/6554\/revisions\/16594"}],"wp:featuredmedia":[{"embeddable":true,"href":"https:\/\/www.tele-radio.com\/tr\/wp-json\/wp\/v2\/media\/9727"}],"wp:attachment":[{"href":"https:\/\/www.tele-radio.com\/tr\/wp-json\/wp\/v2\/media?parent=6554"}],"curies":[{"name":"wp","href":"https:\/\/api.w.org\/{rel}","templated":true}]}}