{"id":6530,"date":"2018-05-14T06:12:23","date_gmt":"2018-05-14T06:12:23","guid":{"rendered":"https:\/\/www.tele-radio.com\/thames-reinforcements-ltd\/"},"modified":"2018-12-21T13:52:06","modified_gmt":"2018-12-21T13:52:06","slug":"thames-reinforcements-ltd","status":"publish","type":"page","link":"https:\/\/www.tele-radio.com\/tr\/thames-reinforcements-ltd\/","title":{"rendered":"Thames Reinforcements Ltd"},"content":{"rendered":"<h1>Rekabeti de\u011fi\u015ftirdi<\/h1>\n<p>Sheerness, Kent&#8217;de bulunan Thames Reinforcements Ltd fabrikas\u0131 nerv\u00fcrl\u00fc in\u015faat demirini i\u015flemek amac\u0131yla kuruldu. Fabrikada haftal\u0131k olarak 1500 tonluk CARES-Onayl\u0131 \u015fekil verilmi\u015f nerv\u00fcrl\u00fc in\u015faat demiri i\u015fleyebilmektedir. Thames vin\u00e7lerinde uzaktan kumanda kontrol\u00fcne bir Tele Radio&#8217;nun bir rakibi ile ba\u015flad\u0131 ancak uzaktan kumanda konusunda \u00e7ok talepkar olan \u00e7elik \u00fcretiminin zorlu ko\u015fullar\u0131n\u0131 zor yoldan \u00f6\u011frendiler. Kumandalar\u0131n 1 ay kadar dayand\u0131\u011f\u0131n\u0131 fark ettikten sonra farkl\u0131 bir marka aramaya ba\u015flad\u0131lar. Tele Radio&#8217;ya bir \u015fans vermeye karar verdiler ve vin\u00e7lerinde Tiger sistemine ge\u00e7tiler. 24 saatlik vardiya nedeniyle Tiger T9-1 verici tercih edip her vin\u00e7 i\u00e7in 2 verici kulland\u0131lar.\u00a0 1 y\u0131l sonunda 24 saat kullan\u0131mdan sonra sadece 2 verici de\u011fi\u015ftirildi.Vin\u00e7ler Nottingham&#8217;da a\u00e7\u0131lan yeni tesise ta\u015f\u0131nd\u0131ktan sonra bile hala kusursuzca \u00e7al\u0131\u015fmaya devam ediyor. Kent tesisine yeni Demag marka vin\u00e7ler kuruldu ve Demag&#8217;\u0131n sundu\u011fu radio \u00e7\u00f6z\u00fcm\u00fc kullan\u0131ld\u0131. Sadece birka\u00e7 ay sonra,\u00a0 ilk kumanda bozuldu, bak\u0131m m\u00fcd\u00fcr\u00fc olan Tomasz Fraczek, Tele Radio&#8217;ya ula\u015farak Demag taraf\u0131ndan tedarik edilen kumandalar\u0131 Tele Radio sistemleriyle de\u011fi\u015ftirdi.<\/p>\n<blockquote><p>&#8220;Tele Radio kumandalar\u0131 mekanik zorlanmalar\u0131 bozulmadan kald\u0131rabiliyor ve batarya \u00f6mr\u00fc ger\u00e7ekten etkileyici.&#8221;<\/p><\/blockquote>\n<p>Bu defa Tele Radio, Thames&#8217;e hizmetin kesilmemesi i\u00e7in de\u011fi\u015ftirilebilir ve yeniden \u015farj edilebilir bataryalara sahip Panther sistemi kurdu.\u00a0 Vericiler 100 saatin \u00e7ok \u00fcst\u00fcnde bir \u00e7al\u0131\u015fmay\u0131 sa\u011flayabiliyor, bu ba\u015fka kimsenin yakla\u015famad\u0131\u011f\u0131 bir s\u00fcre. Bu sistemler ise 3 ayd\u0131r herhangi bir sorun olmadan \u00e7al\u0131\u015fmaktad\u0131r.<\/p>\n<p><a href=\"https:\/\/www.tele-radio.com\/munck-cranes-a-s\/\">Munck Cranes hakk\u0131nda<\/a> okuyarak neden Tele Radio&#8217;yu tercih ettiklerini \u00f6\u011frenebilirsiniz.<\/p>\n","protected":false},"excerpt":{"rendered":"<p>Rekabeti de\u011fi\u015ftirdi Sheerness, Kent&#8217;de bulunan Thames Reinforcements Ltd fabrikas\u0131 nerv\u00fcrl\u00fc in\u015faat demirini i\u015flemek amac\u0131yla kuruldu. Fabrikada haftal\u0131k olarak 1500 tonluk CARES-Onayl\u0131 \u015fekil verilmi\u015f nerv\u00fcrl\u00fc in\u015faat demiri i\u015fleyebilmektedir. Thames vin\u00e7lerinde uzaktan kumanda kontrol\u00fcne bir Tele Radio&#8217;nun bir rakibi ile ba\u015flad\u0131 ancak uzaktan kumanda konusunda \u00e7ok talepkar olan \u00e7elik \u00fcretiminin zorlu ko\u015fullar\u0131n\u0131 zor yoldan \u00f6\u011frendiler. Kumandalar\u0131n 1 [&hellip;]<\/p>\n","protected":false},"author":29,"featured_media":9763,"parent":0,"menu_order":0,"comment_status":"closed","ping_status":"closed","template":"","meta":{"_acf_changed":false,"footnotes":""},"class_list":["post-6530","page","type-page","status-publish","has-post-thumbnail","hentry"],"acf":[],"_links":{"self":[{"href":"https:\/\/www.tele-radio.com\/tr\/wp-json\/wp\/v2\/pages\/6530","targetHints":{"allow":["GET"]}}],"collection":[{"href":"https:\/\/www.tele-radio.com\/tr\/wp-json\/wp\/v2\/pages"}],"about":[{"href":"https:\/\/www.tele-radio.com\/tr\/wp-json\/wp\/v2\/types\/page"}],"author":[{"embeddable":true,"href":"https:\/\/www.tele-radio.com\/tr\/wp-json\/wp\/v2\/users\/29"}],"replies":[{"embeddable":true,"href":"https:\/\/www.tele-radio.com\/tr\/wp-json\/wp\/v2\/comments?post=6530"}],"version-history":[{"count":9,"href":"https:\/\/www.tele-radio.com\/tr\/wp-json\/wp\/v2\/pages\/6530\/revisions"}],"predecessor-version":[{"id":16602,"href":"https:\/\/www.tele-radio.com\/tr\/wp-json\/wp\/v2\/pages\/6530\/revisions\/16602"}],"wp:featuredmedia":[{"embeddable":true,"href":"https:\/\/www.tele-radio.com\/tr\/wp-json\/wp\/v2\/media\/9763"}],"wp:attachment":[{"href":"https:\/\/www.tele-radio.com\/tr\/wp-json\/wp\/v2\/media?parent=6530"}],"curies":[{"name":"wp","href":"https:\/\/api.w.org\/{rel}","templated":true}]}}