{"id":6506,"date":"2018-05-14T06:20:21","date_gmt":"2018-05-14T06:20:21","guid":{"rendered":"https:\/\/www.tele-radio.com\/easy-silage\/"},"modified":"2018-12-21T14:12:40","modified_gmt":"2018-12-21T14:12:40","slug":"easy-silage","status":"publish","type":"page","link":"https:\/\/www.tele-radio.com\/tr\/easy-silage\/","title":{"rendered":"Easy Silage BV"},"content":{"rendered":"<h1>Silaj kaplama sistemi<\/h1>\n<p>Merkezi Friesland\/Dearsum&#8217;da bulunan Easy Silage BV silaj kaplamada alan\u0131nda uzmand\u0131r. Dearsum ayn\u0131 zamanda Hollanda&#8217;n\u0131n mand\u0131ra alan\u0131 olarak bilinir.<\/p>\n<h2>Uygun olarak tasarland\u0131<\/h2>\n<p>Easy Silage kaplama sistemleri 100 metre uzunlu\u011fundaki 25 metre geni\u015fli\u011findeki silolara uygundur. Operasyon Tele Radio Panther sistemi taraf\u0131ndan kontrol edildi. B\u00fct\u00fcn tarlalar\u0131n kendine has bir \u00e7al\u0131\u015fma \u015fekli oldu\u011fu i\u00e7in kaplama sistemleri \u00f6zelle\u015ftirildi. Temel olarak uygulaman\u0131n 3 adet par\u00e7as\u0131 vard\u0131r; ray sistemi, vin\u00e7 sistemi, portal sistemi.<\/p>\n<h2>Esnek sistem<\/h2>\n<p>Ray ve vin\u00e7 sistemleri her siloya uyar. D\u00f6nen mekanizmaya sahip makine kanal boyunca \u00e7al\u0131\u015f\u0131r. Al\u0131c\u0131 \u00fcnitesi, \u00f6zel bir braket ile silo duvar\u0131na tak\u0131l\u0131r. Dizayn edilmi\u015f \u00f6zel kontakt noktas\u0131 sayesinde vin\u00e7 sistemi birden fazla silo i\u00e7in kullan\u0131labilir. Operat\u00f6r trakt\u00f6r veya teleskopik y\u00fckleyici kullanarak kaplama makinesini bir silodan di\u011ferine hareket ettirebilir.<\/p>\n<h2>Sabit kontrol panelini de\u011fi\u015ftirmek<\/h2>\n<p>M\u00fc\u015fterimiz sabit kontrol panelinden uzaktan kumandaya ge\u00e7ti \u00e7\u00fcnk\u00fc operator operasyonu y\u00f6netirken daha iyi bir a\u00e7\u0131 yakalayabiliyor. Tele Radio BV&#8217;nin Easy Silage BV&#8217;ye her sene en az 40 sistem teslim etmesi bekleniyor.<\/p>\n","protected":false},"excerpt":{"rendered":"<p>Silaj kaplama sistemi Merkezi Friesland\/Dearsum&#8217;da bulunan Easy Silage BV silaj kaplamada alan\u0131nda uzmand\u0131r. Dearsum ayn\u0131 zamanda Hollanda&#8217;n\u0131n mand\u0131ra alan\u0131 olarak bilinir. Uygun olarak tasarland\u0131 Easy Silage kaplama sistemleri 100 metre uzunlu\u011fundaki 25 metre geni\u015fli\u011findeki silolara uygundur. Operasyon Tele Radio Panther sistemi taraf\u0131ndan kontrol edildi. B\u00fct\u00fcn tarlalar\u0131n kendine has bir \u00e7al\u0131\u015fma \u015fekli oldu\u011fu i\u00e7in kaplama sistemleri [&hellip;]<\/p>\n","protected":false},"author":29,"featured_media":9799,"parent":0,"menu_order":0,"comment_status":"closed","ping_status":"closed","template":"","meta":{"_acf_changed":false,"footnotes":""},"class_list":["post-6506","page","type-page","status-publish","has-post-thumbnail","hentry"],"acf":[],"_links":{"self":[{"href":"https:\/\/www.tele-radio.com\/tr\/wp-json\/wp\/v2\/pages\/6506","targetHints":{"allow":["GET"]}}],"collection":[{"href":"https:\/\/www.tele-radio.com\/tr\/wp-json\/wp\/v2\/pages"}],"about":[{"href":"https:\/\/www.tele-radio.com\/tr\/wp-json\/wp\/v2\/types\/page"}],"author":[{"embeddable":true,"href":"https:\/\/www.tele-radio.com\/tr\/wp-json\/wp\/v2\/users\/29"}],"replies":[{"embeddable":true,"href":"https:\/\/www.tele-radio.com\/tr\/wp-json\/wp\/v2\/comments?post=6506"}],"version-history":[{"count":8,"href":"https:\/\/www.tele-radio.com\/tr\/wp-json\/wp\/v2\/pages\/6506\/revisions"}],"predecessor-version":[{"id":16603,"href":"https:\/\/www.tele-radio.com\/tr\/wp-json\/wp\/v2\/pages\/6506\/revisions\/16603"}],"wp:featuredmedia":[{"embeddable":true,"href":"https:\/\/www.tele-radio.com\/tr\/wp-json\/wp\/v2\/media\/9799"}],"wp:attachment":[{"href":"https:\/\/www.tele-radio.com\/tr\/wp-json\/wp\/v2\/media?parent=6506"}],"curies":[{"name":"wp","href":"https:\/\/api.w.org\/{rel}","templated":true}]}}