{"id":6501,"date":"2018-05-14T09:08:21","date_gmt":"2018-05-14T09:08:21","guid":{"rendered":"https:\/\/www.tele-radio.com\/euro-prima-doo\/"},"modified":"2021-01-08T05:50:21","modified_gmt":"2021-01-08T05:50:21","slug":"euro-prima-doo","status":"publish","type":"page","link":"https:\/\/www.tele-radio.com\/tr\/euro-prima-doo\/","title":{"rendered":"Euro Prima doo"},"content":{"rendered":"<h1>Bitki yeti\u015ftirmede uzman<\/h1>\n<p>Hasat makinalar\u0131 tedarik\u00e7isi olan S\u0131rp Euro Prima \u015firketi; biberiye, nane, limon otu, maydanoz ve benzeri gibi t\u0131bbi bitkiler \u00fczerinde uzmanla\u015fm\u0131\u015ft\u0131r. Merkezi Novi Sad&#8217;da olan \u015firketin d\u00fcnya \u00e7ap\u0131nda 50 \u00fclkede m\u00fc\u015fterisi vard\u0131r.<\/p>\n<h2>Tele Radio ile daha kullan\u0131\u015fl\u0131<\/h2>\n<p>Yukar\u0131da g\u00f6sterilen Harvester-Mower NB 2005 V papatya, nane ve di\u011fer bitkileri hasat eder. Trakt\u00f6re as\u0131lm\u0131\u015f olan makina, bitkilerin \u00fcst\u00fcnden ge\u00e7erken bitkileri saplar\u0131ndan ay\u0131r\u0131r. Euro Prima&#8217;n\u0131n m\u00fc\u015fterileri problem ya\u015fad\u0131\u011f\u0131 i\u00e7in kablolu kumandalar\u0131ndan vazge\u00e7tiler. Operat\u00f6rler s\u0131cak tarlalar\u0131 hasat ederlerken klimal\u0131 trakt\u00f6rlerinden hi\u00e7 ayr\u0131lmadan Tele Radio kumanda sistemlerini kullanarak bi\u00e7erd\u00f6veri kolayca kontrol ediyorlar.<\/p>\n<p>Bu \u00f6zel sistem i\u00e7in Panther sistemlerinden PN-T19-2 vericiyi ve PN-R8-3 al\u0131c\u0131y\u0131 kulland\u0131lar. Bu sistemde r\u00f6leler aras\u0131na bulunan kar\u015f\u0131l\u0131kl\u0131 kilitleme ile bir fonksiyon \u00e7al\u0131\u015ft\u0131r\u0131ld\u0131\u011f\u0131nda di\u011fer fonksiyon durdurulabiliyor. Bu \u00e7\u00f6z\u00fcm m\u00fc\u015fterileri mutlu etti ve Euro Prima doo sipari\u015f etti\u011fi \u00fcr\u00fcnlerde bu \u00e7\u00f6z\u00fcm ile beraber g\u00f6nderildi\u011fi i\u00e7in ek bir sistem kurmaya ihtiya\u00e7 duymadan montaj yapabiliyorlar.<\/p>\n","protected":false},"excerpt":{"rendered":"<p>Bitki yeti\u015ftirmede uzman Hasat makinalar\u0131 tedarik\u00e7isi olan S\u0131rp Euro Prima \u015firketi; biberiye, nane, limon otu, maydanoz ve benzeri gibi t\u0131bbi bitkiler \u00fczerinde uzmanla\u015fm\u0131\u015ft\u0131r. Merkezi Novi Sad&#8217;da olan \u015firketin d\u00fcnya \u00e7ap\u0131nda 50 \u00fclkede m\u00fc\u015fterisi vard\u0131r. Tele Radio ile daha kullan\u0131\u015fl\u0131 Yukar\u0131da g\u00f6sterilen Harvester-Mower NB 2005 V papatya, nane ve di\u011fer bitkileri hasat eder. Trakt\u00f6re as\u0131lm\u0131\u015f olan [&hellip;]<\/p>\n","protected":false},"author":29,"featured_media":9835,"parent":0,"menu_order":0,"comment_status":"closed","ping_status":"closed","template":"","meta":{"_acf_changed":false,"footnotes":""},"class_list":["post-6501","page","type-page","status-publish","has-post-thumbnail","hentry"],"acf":[],"_links":{"self":[{"href":"https:\/\/www.tele-radio.com\/tr\/wp-json\/wp\/v2\/pages\/6501","targetHints":{"allow":["GET"]}}],"collection":[{"href":"https:\/\/www.tele-radio.com\/tr\/wp-json\/wp\/v2\/pages"}],"about":[{"href":"https:\/\/www.tele-radio.com\/tr\/wp-json\/wp\/v2\/types\/page"}],"author":[{"embeddable":true,"href":"https:\/\/www.tele-radio.com\/tr\/wp-json\/wp\/v2\/users\/29"}],"replies":[{"embeddable":true,"href":"https:\/\/www.tele-radio.com\/tr\/wp-json\/wp\/v2\/comments?post=6501"}],"version-history":[{"count":9,"href":"https:\/\/www.tele-radio.com\/tr\/wp-json\/wp\/v2\/pages\/6501\/revisions"}],"predecessor-version":[{"id":57361,"href":"https:\/\/www.tele-radio.com\/tr\/wp-json\/wp\/v2\/pages\/6501\/revisions\/57361"}],"wp:featuredmedia":[{"embeddable":true,"href":"https:\/\/www.tele-radio.com\/tr\/wp-json\/wp\/v2\/media\/9835"}],"wp:attachment":[{"href":"https:\/\/www.tele-radio.com\/tr\/wp-json\/wp\/v2\/media?parent=6501"}],"curies":[{"name":"wp","href":"https:\/\/api.w.org\/{rel}","templated":true}]}}