{"id":6394,"date":"2018-05-10T13:37:16","date_gmt":"2018-05-10T13:37:16","guid":{"rendered":"https:\/\/www.tele-radio.com\/ethical-standards\/"},"modified":"2019-01-14T07:13:42","modified_gmt":"2019-01-14T07:13:42","slug":"ethical-standards","status":"publish","type":"page","link":"https:\/\/www.tele-radio.com\/tr\/ethical-standards\/","title":{"rendered":"Etik Standartlar"},"content":{"rendered":"<h1>Etik Standartlar<\/h1>\n<h2>Tele Radio sosyal ve \u00e7evresel standartlara uyar<\/h2>\n<p>Tele Radio, \u00e7evreyi korumaya inanmaktad\u0131r ve bunu yaparken, kendisiyle birlikte tedarik\u00e7i ortaklar\u0131n\u0131 da te\u015fvik ederek at\u0131k malzemeleri azalt\u0131r, yeniden kullan\u0131r ve geri d\u00f6n\u00fc\u015ft\u00fcr\u00fcr. Tele Radio, paketlemeyi geri d\u00f6n\u00fc\u015f\u00fcm ile azalt\u0131r ve toksik olmayan materyaller ile ilgili tedarik\u00e7i partnerlerini te\u015fvik eder. \u015eirketlerin \u00e7evreye verdikleri zarar\u0131 en aza indirgenmesi gerekir ve gelecekteki emisyon riskini daha da azaltmak i\u00e7in bir plan her zaman i\u00e7in olmal\u0131d\u0131r.<\/p>\n<h2>G\u00fcvenilir i\u015f ortam\u0131<\/h2>\n<p>Tele Radio, \u00e7al\u0131\u015fanlar\u0131na\u00a0 g\u00fcvenli, temiz, sa\u011fl\u0131kl\u0131 ve \u00fcreten bir \u00e7al\u0131\u015fma ortam\u0131 sunar ve bunu s\u00fcrd\u00fcr\u00fcr, ayn\u0131s\u0131n\u0131 tedarik\u00e7i partnerlerinden de talep eder. Tedarik\u00e7i partnerler \u00e7al\u0131\u015fanlar\u0131na g\u00fcvenli ve sa\u011fl\u0131kl\u0131 \u00e7al\u0131\u015fma ortam\u0131 sunmal\u0131d\u0131r. Tele Radio \u00fcr\u00fcnleriyle \u00e7al\u0131\u015fan fabrikalar uygun t\u0131bbi tesisler, yang\u0131n \u00e7\u0131k\u0131\u015flar\u0131, g\u00fcvenlik ekipman\u0131, rahat \u00e7al\u0131\u015fma istasyonlar\u0131 ve temiz dinlenme odalar\u0131 sunmal\u0131d\u0131rlar. Tele Radio, sa\u011fl\u0131ks\u0131z tehlikeli i\u015f ortam\u0131na sahip veya psikolojik ve fiziksel zorlamalar kullanan herhangi bir tedarik\u00e7i partnerlerle \u00e7al\u0131\u015fmay\u0131 tercih etmez.<\/p>\n<h2>Ayr\u0131mc\u0131l\u0131\u011fa kar\u015f\u0131<\/h2>\n<p>Tele Radio, \u00fclkelerindeki k\u00fclt\u00fcrel farkl\u0131l\u0131klar\u0131, standartlar\u0131 bilir; bununla birlikte inan\u0131yoruz ki \u00e7al\u0131\u015fma \u015fartlar\u0131 ve ko\u015fullar\u0131 ki\u015finin karakterine veya inan\u00e7lar\u0131na de\u011fil bireysel olarak i\u015fi yapma kabiliyetine endekslidir. Tele Radio, kendisinden ve tedarik\u00e7i partnerlerinden temel insan haklar\u0131n\u0131 savunmalar\u0131n\u0131\u00a0 ve \u00e7al\u0131\u015fanlar\u0131na kar\u015f\u0131 \u0131rk, renk, milliyet, cinsiyet, din, engel ve politik g\u00f6r\u00fc\u015f konular\u0131nda ayr\u0131mc\u0131l\u0131k yapmamalar\u0131n\u0131 bekler.<\/p>\n<h2>\u00c7ocuk i\u015f\u00e7i \u00e7al\u0131\u015ft\u0131ranlar\u0131n kar\u015f\u0131s\u0131nday\u0131z!<\/h2>\n<p>Tele Radio, \u00fcr\u00fcnlerin dizayn\u0131nda veya \u00fcretiminde \u00e7ocuk i\u015f\u00e7i \u00e7al\u0131\u015ft\u0131rmaz, \u00e7ocuk i\u015f\u00e7i \u00e7al\u0131\u015ft\u0131ran herhangi bir tedarik\u00e7i partner ile anla\u015fma, ta\u015feronluk, veya \u00fcretim i\u00e7in i\u015f birli\u011finde bulunmaz.<\/p>\n<h2>T\u00fcz\u00fck<\/h2>\n<p><a href=\"https:\/\/api.tele-radio.com\/api\/files\/1990\">T\u00fcz\u00fc\u011f\u00fcm\u00fcz\u00fc buradan okuyabilirsiniz.<\/a><\/p>\n<h2>WWF<\/h2>\n<p>Kaplanlar\u0131n say\u0131s\u0131 1900lerde 100 000&#8217;in \u00fcst\u00fcndeydi, 1970lerde bu rakam 4000e d\u00fc\u015ft\u00fc. Bug\u00fcn, kaplanlar\u0131n nesli t\u00fckeniyor ve geriye 5 alt-cins (Bengal, Indo-Chinese, Siberian, Sumatran) 3900 tane kaplan kald\u0131\u011f\u0131 tahmin ediliyor. Geriye kalan kaplanlar\u0131n k\u00fc\u00e7\u00fck, izole gruplar halinde geni\u015f alanlara yay\u0131ld\u0131\u011f\u0131 biliniyor. Bu alanlardan birindeki kaplan n\u00fcfusunun en fazla 215 oldu\u011fu d\u00fc\u015f\u00fcn\u00fcl\u00fcyor.<br \/>\nTele Radio, World Wide Fund for Nature&#8217;\u0131 (WWF) destekliyor ve kaplanlar\u0131n korunmas\u0131 i\u00e7in \u00e7aba g\u00f6steriyor. WWF&#8217;in gayreti sayesinde son y\u0131llarda kaplan n\u00fcfusu artmaya ba\u015flam\u0131\u015ft\u0131r.\u00a0Kaplan (Tiger) sistemlerimizden birinin ismi oldu\u011fu i\u00e7in pazarlama faaliyetlerimizde s\u0131k\u00e7a yer al\u0131yor; biz de WWF&#8217;nin \u00e7abalar\u0131na destek olarak kendi pay\u0131m\u0131za d\u00fc\u015feni yapmaya \u00e7al\u0131\u015f\u0131yoruz.<\/p>\n<p><img loading=\"lazy\" decoding=\"async\" class=\"aligncenter size-full wp-image-6302\" src=\"https:\/\/www.tele-radio.com\/app\/uploads\/tiger_wwf.jpg\" alt=\"Tele Radio supports WWF\" width=\"1200\" height=\"555\" \/><\/p>\n","protected":false},"excerpt":{"rendered":"<p>Etik Standartlar Tele Radio sosyal ve \u00e7evresel standartlara uyar Tele Radio, \u00e7evreyi korumaya inanmaktad\u0131r ve bunu yaparken, kendisiyle birlikte tedarik\u00e7i ortaklar\u0131n\u0131 da te\u015fvik ederek at\u0131k malzemeleri azalt\u0131r, yeniden kullan\u0131r ve geri d\u00f6n\u00fc\u015ft\u00fcr\u00fcr. Tele Radio, paketlemeyi geri d\u00f6n\u00fc\u015f\u00fcm ile azalt\u0131r ve toksik olmayan materyaller ile ilgili tedarik\u00e7i partnerlerini te\u015fvik eder. \u015eirketlerin \u00e7evreye verdikleri zarar\u0131 en aza [&hellip;]<\/p>\n","protected":false},"author":29,"featured_media":9709,"parent":0,"menu_order":0,"comment_status":"closed","ping_status":"closed","template":"","meta":{"_acf_changed":false,"footnotes":""},"class_list":["post-6394","page","type-page","status-publish","has-post-thumbnail","hentry"],"acf":[],"_links":{"self":[{"href":"https:\/\/www.tele-radio.com\/tr\/wp-json\/wp\/v2\/pages\/6394","targetHints":{"allow":["GET"]}}],"collection":[{"href":"https:\/\/www.tele-radio.com\/tr\/wp-json\/wp\/v2\/pages"}],"about":[{"href":"https:\/\/www.tele-radio.com\/tr\/wp-json\/wp\/v2\/types\/page"}],"author":[{"embeddable":true,"href":"https:\/\/www.tele-radio.com\/tr\/wp-json\/wp\/v2\/users\/29"}],"replies":[{"embeddable":true,"href":"https:\/\/www.tele-radio.com\/tr\/wp-json\/wp\/v2\/comments?post=6394"}],"version-history":[{"count":10,"href":"https:\/\/www.tele-radio.com\/tr\/wp-json\/wp\/v2\/pages\/6394\/revisions"}],"predecessor-version":[{"id":16866,"href":"https:\/\/www.tele-radio.com\/tr\/wp-json\/wp\/v2\/pages\/6394\/revisions\/16866"}],"wp:featuredmedia":[{"embeddable":true,"href":"https:\/\/www.tele-radio.com\/tr\/wp-json\/wp\/v2\/media\/9709"}],"wp:attachment":[{"href":"https:\/\/www.tele-radio.com\/tr\/wp-json\/wp\/v2\/media?parent=6394"}],"curies":[{"name":"wp","href":"https:\/\/api.w.org\/{rel}","templated":true}]}}