{"id":6356,"date":"2018-05-10T13:36:49","date_gmt":"2018-05-10T13:36:49","guid":{"rendered":"https:\/\/www.tele-radio.com\/specialized-production\/"},"modified":"2020-06-09T09:29:01","modified_gmt":"2020-06-09T09:29:01","slug":"custom-products","status":"publish","type":"page","link":"https:\/\/www.tele-radio.com\/tr\/custom-products\/","title":{"rendered":"\u00dcr\u00fcn \u00f6zelle\u015ftirme"},"content":{"rendered":"<h1>\u00d6zel \u00fcretim<\/h1>\n<p>Tele Radio&#8217;da inan\u0131yoruz ki m\u00fc\u015fteriyi memnun etmek i\u00e7in s\u0131k s\u0131k \u00fcr\u00fcnleri m\u00fc\u015fteriye \u00f6zel hale getirmek gerekir. Sadece spesifik \u00e7\u00f6z\u00fcmler \u00fcreten bir teknik destek ekibimiz var. M\u00fc\u015fterimizin kendi uygulamas\u0131n\u0131 benzersiz bir \u015fekilde \u00e7al\u0131\u015ft\u0131rmak i\u00e7in \u00f6zelle\u015ftirilmi\u015f bir yaz\u0131l\u0131m \u00e7\u00f6z\u00fcm\u00fcne ihtiyac\u0131 olabilir.\u00a0 Baz\u0131 durumlarda \u00fcr\u00fcnlerimizin fiziksel g\u00f6r\u00fcn\u00fc\u015f\u00fcnde de \u00f6zelle\u015ftirmeye ihtiyac\u0131 olabilir, hatta bazen ikisi de olabilir. S\u0131k s\u0131k m\u00fc\u015fterilerimizin marka imaj\u0131na g\u00f6re \u00f6zelle\u015ftirilmi\u015f folyo dizayn ediyoruz. M\u00fc\u015fterimizin ihtiya\u00e7lar\u0131 ne olursa olsun, \u00e7ok \u00e7al\u0131\u015farak uygun maliyetli \u00e7\u00f6z\u00fcmler \u00fcretiyor ve m\u00fc\u015fterimizin sorununu \u00e7\u00f6z\u00fcyoruz.<\/p>\n<p><img loading=\"lazy\" decoding=\"async\" class=\"aligncenter size-full wp-image-6294\" src=\"https:\/\/www.tele-radio.com\/app\/uploads\/customer-foil.jpg\" alt=\"Customer using Tele Radio remote with custom foil\" width=\"1200\" height=\"495\" srcset=\"https:\/\/www.tele-radio.com\/app\/uploads\/customer-foil.jpg 1200w, https:\/\/www.tele-radio.com\/app\/uploads\/customer-foil-400x165.jpg 400w, https:\/\/www.tele-radio.com\/app\/uploads\/customer-foil-768x317.jpg 768w, https:\/\/www.tele-radio.com\/app\/uploads\/customer-foil-750x309.jpg 750w, https:\/\/www.tele-radio.com\/app\/uploads\/customer-foil-500x206.jpg 500w, https:\/\/www.tele-radio.com\/app\/uploads\/customer-foil-800x330.jpg 800w\" sizes=\"auto, (max-width: 1200px) 100vw, 1200px\" \/><\/p>\n<h2>Yaz\u0131l\u0131m m\u0131 donan\u0131m m\u0131?<\/h2>\n<p>Projenin zorlu\u011fu de\u011fi\u015fiklik g\u00f6sterir. En kolay ve h\u0131zl\u0131 projeler genellikle yaz\u0131l\u0131m ile ilgilidir. M\u00fc\u015fterinin ihtiyac\u0131na g\u00f6re yaz\u0131l\u0131m\u0131n haz\u0131rlanmas\u0131 bir-iki g\u00fcn s\u00fcrer. \u00d6zel projelerin %90&#8217;\u0131nda sadece yaz\u0131l\u0131m de\u011fi\u015ftirilir.<br \/>\nKompleks projeler i\u00e7in de \u00e7\u00f6z\u00fcmler sunuyoruz. Bu projelerde genellikle hem yaz\u0131l\u0131msal hem de donan\u0131msal de\u011fi\u015fikler olur ve m\u00fc\u015fteriye \u00f6zel bir \u00e7\u00f6z\u00fcm sunulur. Projeler her seferinde ayn\u0131 \u015fekilde ele al\u0131n\u0131r ancak belirli a\u015famalarda m\u00fc\u015fterilerden onay al\u0131narak, her \u015feyin m\u00fc\u015fterinin ihtiya\u00e7lar\u0131na uygun olarak do\u011fru \u00e7al\u0131\u015ft\u0131\u011f\u0131na emin olunur. Biz her y\u0131l y\u00fczlerce \u00f6zel proje yap\u0131yoruz.<\/p>\n<p><img loading=\"lazy\" decoding=\"async\" class=\"aligncenter size-full wp-image-6293\" src=\"https:\/\/www.tele-radio.com\/app\/uploads\/custom_remotes_from_Tele_Radio.jpg\" alt=\"Custom remote control being milled | Tele Radio\" width=\"1200\" height=\"499\" srcset=\"https:\/\/www.tele-radio.com\/app\/uploads\/custom_remotes_from_Tele_Radio.jpg 1200w, https:\/\/www.tele-radio.com\/app\/uploads\/custom_remotes_from_Tele_Radio-400x166.jpg 400w, https:\/\/www.tele-radio.com\/app\/uploads\/custom_remotes_from_Tele_Radio-768x319.jpg 768w, https:\/\/www.tele-radio.com\/app\/uploads\/custom_remotes_from_Tele_Radio-750x312.jpg 750w, https:\/\/www.tele-radio.com\/app\/uploads\/custom_remotes_from_Tele_Radio-500x208.jpg 500w, https:\/\/www.tele-radio.com\/app\/uploads\/custom_remotes_from_Tele_Radio-800x333.jpg 800w\" sizes=\"auto, (max-width: 1200px) 100vw, 1200px\" \/><\/p>\n<h2>\u00d6zelsiniz!<\/h2>\n<p>M\u00fc\u015fterilerimizin uygulamalar\u0131n\u0131n e\u015fsiz oldu\u011funu d\u00fc\u015f\u00fcn\u00fcyoruz ve herkesin ihtiya\u00e7lar\u0131n\u0131 kar\u015f\u0131layan standart bir \u00fcr\u00fcn oldu\u011funa inanm\u0131yoruz. M\u00fc\u015fterilerimizle yak\u0131n temas halinde bulunup i\u015f ili\u015fkilerimizi daha da geli\u015ftirmek istiyoruz. \u00c7\u00fcnk\u00fc bunun hem m\u00fc\u015fterimize hem de bize fayda sa\u011flayan bir yakla\u015f\u0131m oldu\u011funa inan\u0131yoruz. Ayr\u0131ca, bizi m\u00fc\u015fterimize yak\u0131nla\u015ft\u0131r\u0131r ve onlar\u0131 daha iyi anlamam\u0131z\u0131 sa\u011flar; b\u00f6ylece bizler de daha iyi \u00fcr\u00fcnler geli\u015ftirebiliriz; bu durum herkes i\u00e7in kazan\u00e7l\u0131 olur.<\/p>\n","protected":false},"excerpt":{"rendered":"<p>\u00d6zel \u00fcretim Tele Radio&#8217;da inan\u0131yoruz ki m\u00fc\u015fteriyi memnun etmek i\u00e7in s\u0131k s\u0131k \u00fcr\u00fcnleri m\u00fc\u015fteriye \u00f6zel hale getirmek gerekir. Sadece spesifik \u00e7\u00f6z\u00fcmler \u00fcreten bir teknik destek ekibimiz var. M\u00fc\u015fterimizin kendi uygulamas\u0131n\u0131 benzersiz bir \u015fekilde \u00e7al\u0131\u015ft\u0131rmak i\u00e7in \u00f6zelle\u015ftirilmi\u015f bir yaz\u0131l\u0131m \u00e7\u00f6z\u00fcm\u00fcne ihtiyac\u0131 olabilir.\u00a0 Baz\u0131 durumlarda \u00fcr\u00fcnlerimizin fiziksel g\u00f6r\u00fcn\u00fc\u015f\u00fcnde de \u00f6zelle\u015ftirmeye ihtiyac\u0131 olabilir, hatta bazen ikisi de olabilir. [&hellip;]<\/p>\n","protected":false},"author":29,"featured_media":11797,"parent":0,"menu_order":0,"comment_status":"closed","ping_status":"closed","template":"","meta":{"_acf_changed":false,"footnotes":""},"class_list":["post-6356","page","type-page","status-publish","has-post-thumbnail","hentry"],"acf":[],"_links":{"self":[{"href":"https:\/\/www.tele-radio.com\/tr\/wp-json\/wp\/v2\/pages\/6356","targetHints":{"allow":["GET"]}}],"collection":[{"href":"https:\/\/www.tele-radio.com\/tr\/wp-json\/wp\/v2\/pages"}],"about":[{"href":"https:\/\/www.tele-radio.com\/tr\/wp-json\/wp\/v2\/types\/page"}],"author":[{"embeddable":true,"href":"https:\/\/www.tele-radio.com\/tr\/wp-json\/wp\/v2\/users\/29"}],"replies":[{"embeddable":true,"href":"https:\/\/www.tele-radio.com\/tr\/wp-json\/wp\/v2\/comments?post=6356"}],"version-history":[{"count":8,"href":"https:\/\/www.tele-radio.com\/tr\/wp-json\/wp\/v2\/pages\/6356\/revisions"}],"predecessor-version":[{"id":16607,"href":"https:\/\/www.tele-radio.com\/tr\/wp-json\/wp\/v2\/pages\/6356\/revisions\/16607"}],"wp:featuredmedia":[{"embeddable":true,"href":"https:\/\/www.tele-radio.com\/tr\/wp-json\/wp\/v2\/media\/11797"}],"wp:attachment":[{"href":"https:\/\/www.tele-radio.com\/tr\/wp-json\/wp\/v2\/media?parent=6356"}],"curies":[{"name":"wp","href":"https:\/\/api.w.org\/{rel}","templated":true}]}}