{"id":6337,"date":"2018-05-10T13:36:29","date_gmt":"2018-05-10T13:36:29","guid":{"rendered":"https:\/\/www.tele-radio.com\/why-remote-control\/"},"modified":"2021-07-27T12:28:42","modified_gmt":"2021-07-27T12:28:42","slug":"why-remote-control","status":"publish","type":"page","link":"https:\/\/www.tele-radio.com\/tr\/why-remote-control\/","title":{"rendered":"G\u00fcvenli uzaktan kumandalar"},"content":{"rendered":"<h1>Neden uzaktan kumanda?<\/h1>\n<h2>Kullan\u0131\u015fl\u0131 oldu\u011fu kadar g\u00fcvenli<\/h2>\n<p>Kablosuz uzaktan kumanda makineleri kontrol eden g\u00fcvenli ve kullan\u0131\u015fl\u0131 bir sistemdir.\u00a0 En belirgin faydalar\u0131ndan biri makineyi kullanmak i\u00e7in d\u00f6n\u00fcp dola\u015fman\u0131za gerek olmamas\u0131d\u0131r. Kontrol paneli veya kablolu kontrollerin getirdi\u011fi do\u011fal s\u0131n\u0131rlamalar\u0131n aksine operat\u00f6r kendisinin ve operasyonun g\u00fcvenli\u011fi i\u00e7in nerede durmas\u0131 gerekiyorsa orada durabilir. Kablosuz kumanda, kablolu kumanda gibi operat\u00f6r\u00fcn \u00f6n\u00fcn\u00fc kesmez. Kablo i\u015f i\u00e7in g\u00fcvenlik riski, tak\u0131l\u0131p d\u00fc\u015fme tehlikesi yarat\u0131r, \u00fcstelik tehlikelere ve a\u015f\u0131nmaya kar\u015f\u0131 korumas\u0131zd\u0131r. <span style=\"display: inline !important; float: none; background-color: transparent; color: #333333; font-family: Oswald,Helvetica Neue,Arial Nova,Helvetica,sans-serif; font-size: 18px; font-style: normal; font-variant: normal; font-weight: 300; letter-spacing: normal; orphans: 2; text-align: left; text-decoration: none; text-indent: 0px; text-transform: none; -webkit-text-stroke-width: 0px; white-space: normal; word-spacing: 0px;\">\u0130\u015f g\u00fcn\u00fcn\u00fcn <\/span>ortas\u0131nda kablolu kumanda onar\u0131m\u0131 maliyetlidir ve de zaman kayb\u0131d\u0131r, bunun mesai saatleri d\u0131\u015f\u0131nda olmas\u0131ndan bahsetmiyoruz bile. Bu durumlarda i\u015fletmenin \u00fcretim maliyeti de d\u00fc\u015f\u00fcn\u00fcl\u00fcrse, onar\u0131m maliyetinden \u00e7ok daha fazla olabilir.<\/p>\n<p><img loading=\"lazy\" decoding=\"async\" class=\"size-full wp-image-11761 aligncenter\" src=\"https:\/\/www.tele-radio.com\/app\/uploads\/eot_lifting.jpg\" alt=\"crane operator using Tele Radio remote\" width=\"1200\" height=\"515\" srcset=\"https:\/\/www.tele-radio.com\/app\/uploads\/eot_lifting.jpg 1200w, https:\/\/www.tele-radio.com\/app\/uploads\/eot_lifting-400x172.jpg 400w, https:\/\/www.tele-radio.com\/app\/uploads\/eot_lifting-768x330.jpg 768w, https:\/\/www.tele-radio.com\/app\/uploads\/eot_lifting-750x322.jpg 750w, https:\/\/www.tele-radio.com\/app\/uploads\/eot_lifting-500x215.jpg 500w, https:\/\/www.tele-radio.com\/app\/uploads\/eot_lifting-800x343.jpg 800w\" sizes=\"auto, (max-width: 1200px) 100vw, 1200px\" \/><\/p>\n<h2>\u0130\u00e7 rahatl\u0131\u011f\u0131yla operasyonel \u00f6zg\u00fcrl\u00fck<\/h2>\n<p>Acil stop d\u00fc\u011fmesinin eri\u015filebilir olmas\u0131n\u0131n verdi\u011fi g\u00fcvenle kablosuz uzaktan kumanda ile mobil, hidrolik, end\u00fcstriyel makineler veya vin\u00e7 kullan\u0131rken hareket \u00f6zg\u00fcrl\u00fc\u011f\u00fcn\u00fcz vard\u0131r. Uzaktan kumanda i\u015f yerindeki riskleri azaltmada b\u00fcy\u00fck \u00f6l\u00e7\u00fcde katk\u0131 sa\u011flar. Bu katk\u0131 Tele Radio \u00fcr\u00fcnleriyle daha da artacakt\u0131r. Sistemlerimizi en y\u00fcksek standartlarda \u00fcreterek, her \u015feyin en zor ko\u015fullarda \u00e7al\u0131\u015fmas\u0131ndan emin oluyoruz. En y\u00fcksek g\u00fcvenli\u011fe gereksinimi olan sistemlerimiz SIL3, PLd veya PLe g\u00fcvenlik kategorilerine sahiptir. Makinenizin \u00e7al\u0131\u015fmas\u0131nda bir sorun olu\u015fsa bile birlikte \u00e7al\u0131\u015fan 2 adet g\u00fcvenlik r\u00f6lesi makinay\u0131 durdurman\u0131z\u0131 sa\u011flar.<\/p>\n<p><img loading=\"lazy\" decoding=\"async\" class=\"size-full wp-image-11743 aligncenter\" src=\"https:\/\/www.tele-radio.com\/app\/uploads\/tow.jpg\" alt=\"Towing a car with radop remote control from Tele Radio\" width=\"1200\" height=\"612\" srcset=\"https:\/\/www.tele-radio.com\/app\/uploads\/tow.jpg 1200w, https:\/\/www.tele-radio.com\/app\/uploads\/tow-400x204.jpg 400w, https:\/\/www.tele-radio.com\/app\/uploads\/tow-768x392.jpg 768w, https:\/\/www.tele-radio.com\/app\/uploads\/tow-750x383.jpg 750w, https:\/\/www.tele-radio.com\/app\/uploads\/tow-500x255.jpg 500w, https:\/\/www.tele-radio.com\/app\/uploads\/tow-800x408.jpg 800w\" sizes=\"auto, (max-width: 1200px) 100vw, 1200px\" \/><\/p>\n<h2>Uzaktan kumanda kablolu kumandadan nas\u0131l daha g\u00fcvenli<\/h2>\n<p>Yanl\u0131\u015f kullan\u0131mda b\u00fct\u00fcn makineler ve operasyonlar g\u00fcvensizdir. Ancak do\u011fru kullan\u0131m ile uzaktan kumandalar\u0131n geleneksel kablolu kumandalara g\u00f6re bir\u00e7ok art\u0131s\u0131 vard\u0131r. Daha \u00f6nce bahsedilmi\u015f avantajlar\u0131na ek olarak, sistemlerimizde ayarlanabilir menzil aral\u0131\u011f\u0131 gibi \u00e7e\u015fitli g\u00fcvenlik \u00f6zelliklerine sahiptir. Vericinin operasyonuna g\u00f6re spesifik i\u015f alan\u0131 kurulabilir. \u00d6rnek olarak, tehlikeli olan bir yer olan makinenin yak\u0131n\u0131na de\u011fil, ancak kullan\u0131c\u0131n\u0131n g\u00f6remeyece\u011fi kadar uzakta da de\u011fil. Kablolu \u00e7\u00f6z\u00fcm ile bu fonksiyon imkans\u0131z olmasa da \u00e7ok zordur.<br \/>\nMakinenin ba\u015fka bir verici taraf\u0131ndan kontrol edilmesini veya sinyalinin kesilmesini \u00f6nlemek i\u00e7in; vericilerimiz de kendi yaz\u0131l\u0131m\u0131m\u0131z ile g\u00f6nderilen e\u015fsiz bir \u015fifreleme kullan\u0131r. Ba\u015flang\u0131\u00e7 prosed\u00fcr\u00fc kendi kendini bir pin koduyla veya uzakl\u0131k alg\u0131lamas\u0131yla g\u00fcvence alt\u0131na alabilir.<\/p>\n<p><img class=\"size-full wp-image-6290 aligncenter\" alt=\"Joab truck with remote control from Tele Radio\" width=\"1200\" height=\"494\" \/><\/p>\n<h2>Ba\u011f\u0131ms\u0131z testler ve sertifikasyon<\/h2>\n<p>Genellikle, makine ve par\u00e7a tedarik\u00e7ileri, zorunlu g\u00fcvenlik beyanlar\u0131 ve deklarasyonlar\u0131 i\u00e7in denetimleri kendileri ger\u00e7ekle\u015ftirirler. Son kullan\u0131c\u0131lar \u00fcreticinin bu testleri ve analizleri ne \u00f6l\u00e7\u00fcde ger\u00e7ekle\u015ftirdi\u011fi bilemezler.<br \/>\nTele Radio, vericilerin ve al\u0131c\u0131lar\u0131n kritik yerlerde kullan\u0131ld\u0131\u011f\u0131n\u0131n fark\u0131ndad\u0131r. En y\u00fcksek g\u00fcvenlik seviyesini garantilemek i\u00e7in \u00fcr\u00fcnler ba\u011f\u0131ms\u0131z olarak tan\u0131nm\u0131\u015f denetleme kurulu\u015flar\u0131 taraf\u0131ndan denetlenir. Sertifikalar\u0131m\u0131z istedi\u011finiz her zaman size g\u00f6sterilir. Bir kullan\u0131c\u0131 olarak Tele Radio \u00fcr\u00fcnlerinin g\u00fcvenli\u011finin %100 oldu\u011fundan emin olabilirsiniz!<\/p>\n","protected":false},"excerpt":{"rendered":"<p>Neden uzaktan kumanda? Kullan\u0131\u015fl\u0131 oldu\u011fu kadar g\u00fcvenli Kablosuz uzaktan kumanda makineleri kontrol eden g\u00fcvenli ve kullan\u0131\u015fl\u0131 bir sistemdir.\u00a0 En belirgin faydalar\u0131ndan biri makineyi kullanmak i\u00e7in d\u00f6n\u00fcp dola\u015fman\u0131za gerek olmamas\u0131d\u0131r. Kontrol paneli veya kablolu kontrollerin getirdi\u011fi do\u011fal s\u0131n\u0131rlamalar\u0131n aksine operat\u00f6r kendisinin ve operasyonun g\u00fcvenli\u011fi i\u00e7in nerede durmas\u0131 gerekiyorsa orada durabilir. Kablosuz kumanda, kablolu kumanda gibi operat\u00f6r\u00fcn [&hellip;]<\/p>\n","protected":false},"author":29,"featured_media":120766,"parent":0,"menu_order":0,"comment_status":"closed","ping_status":"closed","template":"","meta":{"_acf_changed":false,"footnotes":""},"class_list":["post-6337","page","type-page","status-publish","has-post-thumbnail","hentry"],"acf":[],"_links":{"self":[{"href":"https:\/\/www.tele-radio.com\/tr\/wp-json\/wp\/v2\/pages\/6337","targetHints":{"allow":["GET"]}}],"collection":[{"href":"https:\/\/www.tele-radio.com\/tr\/wp-json\/wp\/v2\/pages"}],"about":[{"href":"https:\/\/www.tele-radio.com\/tr\/wp-json\/wp\/v2\/types\/page"}],"author":[{"embeddable":true,"href":"https:\/\/www.tele-radio.com\/tr\/wp-json\/wp\/v2\/users\/29"}],"replies":[{"embeddable":true,"href":"https:\/\/www.tele-radio.com\/tr\/wp-json\/wp\/v2\/comments?post=6337"}],"version-history":[{"count":18,"href":"https:\/\/www.tele-radio.com\/tr\/wp-json\/wp\/v2\/pages\/6337\/revisions"}],"predecessor-version":[{"id":75439,"href":"https:\/\/www.tele-radio.com\/tr\/wp-json\/wp\/v2\/pages\/6337\/revisions\/75439"}],"wp:featuredmedia":[{"embeddable":true,"href":"https:\/\/www.tele-radio.com\/tr\/wp-json\/wp\/v2\/media\/120766"}],"wp:attachment":[{"href":"https:\/\/www.tele-radio.com\/tr\/wp-json\/wp\/v2\/media?parent=6337"}],"curies":[{"name":"wp","href":"https:\/\/api.w.org\/{rel}","templated":true}]}}