{"id":5716,"date":"2018-05-04T14:47:03","date_gmt":"2018-05-04T14:47:03","guid":{"rendered":"https:\/\/www.tele-radio.com\/about-us\/"},"modified":"2026-03-24T07:51:35","modified_gmt":"2026-03-24T07:51:35","slug":"hakkimizda","status":"publish","type":"page","link":"https:\/\/www.tele-radio.com\/tr\/hakkimizda\/","title":{"rendered":"Hakk\u0131m\u0131zda"},"content":{"rendered":"<h1>70 y\u0131ldan fazlad\u0131r radyo kontrol sistemleri \u00fcretiyoruz<\/h1>\n<h6>Tele Radio, end\u00fcstriyel kullan\u0131m i\u00e7in g\u00fcvenli radyo kontrol sistemleri geli\u015ftirir, \u00fcretir ve pazarlar. \u015eirketimiz, 1955 y\u0131l\u0131nda \u0130sve\u00e7&#8217;te kuruldu, kuruldu\u011fu g\u00fcnden bug\u00fcne kadar geli\u015ferek b\u00fcy\u00fck bir gruba &#8211; Tele Radio Grup &#8211; d\u00f6n\u00fc\u015ft\u00fc. Merkez ofisi \u0130sve\u00e7&#8217;te G\u00f6teborg\/Askim&#8217;de olan Tele Radio, Avrupa, Amerika Birle\u015fik Devletleri, Avustralya ve Asya&#8217;da \u015fubelere sahiptir. \u015eubelerine ek olarak d\u00fcnya \u00e7ap\u0131nda partnerleri ve distrib\u00fct\u00f6rleri vard\u0131r.<\/h6>\n<h2>AR-GE&#8217;yi biz yap\u0131yoruz<\/h2>\n<p>70 y\u0131ldan fazla olan deneyimimiz ve bu deneyimle kazand\u0131\u011f\u0131m\u0131z bilgi birikimimiz ile b\u00fct\u00fcn AR-GE faaliyetlerini kendimiz yap\u0131yoruz. G\u00fcvenilirli\u011fin ve g\u00fcvenli\u011fin kilit fakt\u00f6r oldu\u011fu yerlerde g\u00f6revimiz sahada kablosuz ekipman teknolojisi ile kontrol\u00fc ve makine ileti\u015fimini sa\u011flayacak \u00e7\u00f6z\u00fcmler \u00fcretmektir. Hedeflerimize ula\u015f\u0131rken b\u00fct\u00fcn \u00e7al\u0131\u015fanlar\u0131m\u0131z\u0131 s\u00fcrecin her alan\u0131na dahil ederek yapt\u0131klar\u0131 i\u015fin sorumlulu\u011funu \u00fcstlenmelerini sa\u011fl\u0131yoruz. En \u00f6nemli hedefimiz ise ihtiyac\u0131n\u0131z oldu\u011funda kusursuz hizmet sunarak i\u015finize de\u011fer katacak \u00e7\u00f6z\u00fcmler sa\u011flamak.<\/p>\n<blockquote><p><em>\u201cTele Radio ile \u00e7al\u0131\u015f\u0131yoruz \u00e7\u00fcnk\u00fc m\u00fckemmel hizmet ve destek veriyorlar, bunlar bizim ve i\u015fimiz i\u00e7in \u00e7ok \u00f6nemli.\u201d<\/em><\/p>\n<p><em>-Rune Wab\u00f8, Genel M\u00fcd\u00fcr, Munck Cranes.<\/em><\/p><\/blockquote>\n<p>Tele Radio olarak geni\u015f \u00fcr\u00fcn gam\u0131m\u0131z sayesinde\u00a0k\u00fc\u00e7\u00fck vericilerden b\u00fcy\u00fck joysticklere kadar \u00e7ok \u00e7e\u015fitli \u00fcr\u00fcn se\u00e7eneklerine sahibiz ve e\u011fer \u00fcr\u00fcnlerimiz sizin i\u00e7in uygun de\u011filse, herkesin yapt\u0131\u011f\u0131 gibi sizin \u00fcr\u00fcnlerimize adapte olman\u0131z\u0131 beklemek yerine, \u00fcr\u00fcnlerimizi sizin uygulamalar\u0131n\u0131z i\u00e7in \u00f6zelle\u015ftiriyoruz. \u0130\u015f geli\u015ftirmenize katk\u0131 sa\u011flamak istiyoruz; ayr\u0131ca sat\u0131\u015f\u0131n \u00f6tesinde uzun s\u00fcreli ili\u015fkilere inan\u0131yoruz.\u00a0 \u00dcr\u00fcnlerimizin i\u015f g\u00fcc\u00fcn\u00fcze de\u011fer kataca\u011f\u0131na inan\u0131yoruz.<\/p>\n<h2>G\u00fcvenli uzaktan kumanda<\/h2>\n<p>Bir \u0130sve\u00e7 \u015firketi olarak g\u00fcvenlik bizim temel prensibimizdir. \u00dcr\u00fcnlerimizin g\u00fcvenli olmas\u0131 i\u00e7in \u00e7ok efor sarf ediyoruz. Kayda de\u011fer d\u00fczeyde efor sarf ederek \u00fcr\u00fcnlerimizin en y\u00fcksek g\u00fcvenlik standartlar\u0131na sahip oldu\u011funa emin oluyoruz ve ba\u011f\u0131ms\u0131z kurulu\u015flardan ald\u0131\u011f\u0131m\u0131z sertifikalar ile bunu kan\u0131tl\u0131yoruz.<\/p>\n<p>\u015eimdiye kadar mutlaka tahmin etmi\u015fsinizdir,\u00a0 \u00fcr\u00fcnlerimiz sadece g\u00fcvenli de\u011fil ayn\u0131 zamanda sa\u011flam ve darbeye dayan\u0131kl\u0131. Biliyoruz ki kumandalar\u0131m\u0131z i\u015f ortam\u0131nda yere f\u0131rlat\u0131l\u0131yor, d\u00fc\u015f\u00fcyor, \u0131slan\u0131yor. Bunlar bizim i\u00e7in sorun de\u011fil, kumandalar\u0131m\u0131z bunlar\u0131 d\u00fc\u015f\u00fcnerek tasarland\u0131, bu ko\u015fullarda da kullan\u0131lmak \u00fczere varlar.<\/p>\n<blockquote><p>\u201cTele Radio kumandalar\u0131 mekanik zorlanmalar\u0131 bozulmadan kald\u0131rabiliyor ve batarya \u00f6m\u00fcrleri ger\u00e7ekten etkileyici.\u201d<\/p>\n<p>-Tomasz Fraczek, Bak\u0131m M\u00fcd\u00fcr\u00fc, Thames Reinforcements Ltd.<\/p><\/blockquote>\n<h2>\u00c7evreyi \u00f6nemsiyoruz<\/h2>\n<p>Tele Radio olarak \u00e7evre konusunda hassas davran\u0131yoruz. D\u00fcnyadaki kaynaklar\u0131n s\u0131n\u0131rl\u0131 oldu\u011funu biliyor, bunu g\u00f6z \u00f6n\u00fcnde bulundurarak \u00e7al\u0131\u015f\u0131yoruz. \u0130klim de\u011fi\u015fikli\u011finin yok say\u0131lamayaca\u011f\u0131n\u0131n fark\u0131nday\u0131z ve bu konuda \u00fcst\u00fcm\u00fcze d\u00fc\u015feni yap\u0131yoruz. Bunun kan\u0131t\u0131 olarak da end\u00fcstriyel kirlili\u011fi \u00f6nlemeyi ve \u015firketin tam sorumluluk alarak y\u0131ldan y\u0131la geli\u015fmesini sa\u011flayan ISO 14001 standartlar\u0131 y\u00f6netim sistemini uyguluyoruz.<br \/>\nVerimli ta\u015f\u0131mac\u0131l\u0131kla karbon emisyonunu azaltmak bizim i\u00e7in \u00e7ok \u00f6nemli.\u00a0 Zararl\u0131 kimyasallar\u0131 ve elementleri \u00fcr\u00fcnlerimizde s\u0131n\u0131rland\u0131rarak m\u00fc\u015fterilerimizi ve \u00e7evreyi koruyoruz.<br \/>\nHer sene WWF&#8217;ye ba\u011f\u0131\u015f yaparak nesli t\u00fckenmekte olan kaplanlar\u0131 koruyoruz. Sistemlerimizden birinin ismi olan Kaplan&#8217;\u0131 (Tiger) belirgin olarak pazarlama faaliyetlerinde kullan\u0131yoruz ve onlar\u0131n korunmas\u0131na yard\u0131mc\u0131 olarak kendi pay\u0131m\u0131za d\u00fc\u015feni yerine getiriyoruz.<\/p>\n","protected":false},"excerpt":{"rendered":"<p>70 y\u0131ldan fazlad\u0131r radyo kontrol sistemleri \u00fcretiyoruz Tele Radio, end\u00fcstriyel kullan\u0131m i\u00e7in g\u00fcvenli radyo kontrol sistemleri geli\u015ftirir, \u00fcretir ve pazarlar. \u015eirketimiz, 1955 y\u0131l\u0131nda \u0130sve\u00e7&#8217;te kuruldu, kuruldu\u011fu g\u00fcnden bug\u00fcne kadar geli\u015ferek b\u00fcy\u00fck bir gruba &#8211; Tele Radio Grup &#8211; d\u00f6n\u00fc\u015ft\u00fc. Merkez ofisi \u0130sve\u00e7&#8217;te G\u00f6teborg\/Askim&#8217;de olan Tele Radio, Avrupa, Amerika Birle\u015fik Devletleri, Avustralya ve Asya&#8217;da \u015fubelere sahiptir. [&hellip;]<\/p>\n","protected":false},"author":1,"featured_media":27252,"parent":0,"menu_order":0,"comment_status":"closed","ping_status":"closed","template":"","meta":{"_acf_changed":false,"footnotes":""},"class_list":["post-5716","page","type-page","status-publish","has-post-thumbnail","hentry"],"acf":[],"_links":{"self":[{"href":"https:\/\/www.tele-radio.com\/tr\/wp-json\/wp\/v2\/pages\/5716","targetHints":{"allow":["GET"]}}],"collection":[{"href":"https:\/\/www.tele-radio.com\/tr\/wp-json\/wp\/v2\/pages"}],"about":[{"href":"https:\/\/www.tele-radio.com\/tr\/wp-json\/wp\/v2\/types\/page"}],"author":[{"embeddable":true,"href":"https:\/\/www.tele-radio.com\/tr\/wp-json\/wp\/v2\/users\/1"}],"replies":[{"embeddable":true,"href":"https:\/\/www.tele-radio.com\/tr\/wp-json\/wp\/v2\/comments?post=5716"}],"version-history":[{"count":25,"href":"https:\/\/www.tele-radio.com\/tr\/wp-json\/wp\/v2\/pages\/5716\/revisions"}],"predecessor-version":[{"id":286646,"href":"https:\/\/www.tele-radio.com\/tr\/wp-json\/wp\/v2\/pages\/5716\/revisions\/286646"}],"wp:featuredmedia":[{"embeddable":true,"href":"https:\/\/www.tele-radio.com\/tr\/wp-json\/wp\/v2\/media\/27252"}],"wp:attachment":[{"href":"https:\/\/www.tele-radio.com\/tr\/wp-json\/wp\/v2\/media?parent=5716"}],"curies":[{"name":"wp","href":"https:\/\/api.w.org\/{rel}","templated":true}]}}