{"id":5602,"date":"2018-05-09T09:41:58","date_gmt":"2018-05-09T09:41:58","guid":{"rendered":"https:\/\/www.tele-radio.com\/downloads\/"},"modified":"2018-12-07T06:22:24","modified_gmt":"2018-12-07T06:22:24","slug":"downloads","status":"publish","type":"page","link":"https:\/\/www.tele-radio.com\/tr\/support\/downloads\/","title":{"rendered":"\u0130ndirilebilir i\u00e7erikler"},"content":{"rendered":"<h6>\u0130ndirilebilir Tele Radio k\u00fct\u00fcphanesinden kurulum talimatlar\u0131n\u0131, sertifikalar\u0131, onaylanm\u0131\u015f kurulu\u015f belgelerini ve daha fazlas\u0131n\u0131 bulabilirsiniz. Baz\u0131 dosyalar\u0131m\u0131z \u015fifrelenmi\u015ftir, \u015fifreyi \u00f6\u011frenmek i\u00e7in <a href=\"https:\/\/www.tele-radio.com\/contact-us\/\">lokal tedarik\u00e7iniz<\/a> ile ileti\u015fime ge\u00e7iniz.<\/h6>\n<h6><\/h6>\n<h2>Eski sistemler<\/h2>\n<p>Eski sistemlerimizle ilgili bilgileri a\u015fa\u011f\u0131da bulabilirsiniz,<\/p>\n<p>&nbsp;<\/p>\n","protected":false},"excerpt":{"rendered":"<p>\u0130ndirilebilir Tele Radio k\u00fct\u00fcphanesinden kurulum talimatlar\u0131n\u0131, sertifikalar\u0131, onaylanm\u0131\u015f kurulu\u015f belgelerini ve daha fazlas\u0131n\u0131 bulabilirsiniz. Baz\u0131 dosyalar\u0131m\u0131z \u015fifrelenmi\u015ftir, \u015fifreyi \u00f6\u011frenmek i\u00e7in lokal tedarik\u00e7iniz ile ileti\u015fime ge\u00e7iniz. Eski sistemler Eski sistemlerimizle ilgili bilgileri a\u015fa\u011f\u0131da bulabilirsiniz, &nbsp;<\/p>\n","protected":false},"author":1,"featured_media":6075,"parent":7010,"menu_order":0,"comment_status":"closed","ping_status":"closed","template":"page-templates\/downloads.php","meta":{"_acf_changed":false,"footnotes":""},"class_list":["post-5602","page","type-page","status-publish","has-post-thumbnail","hentry"],"acf":[],"_links":{"self":[{"href":"https:\/\/www.tele-radio.com\/tr\/wp-json\/wp\/v2\/pages\/5602","targetHints":{"allow":["GET"]}}],"collection":[{"href":"https:\/\/www.tele-radio.com\/tr\/wp-json\/wp\/v2\/pages"}],"about":[{"href":"https:\/\/www.tele-radio.com\/tr\/wp-json\/wp\/v2\/types\/page"}],"author":[{"embeddable":true,"href":"https:\/\/www.tele-radio.com\/tr\/wp-json\/wp\/v2\/users\/1"}],"replies":[{"embeddable":true,"href":"https:\/\/www.tele-radio.com\/tr\/wp-json\/wp\/v2\/comments?post=5602"}],"version-history":[{"count":6,"href":"https:\/\/www.tele-radio.com\/tr\/wp-json\/wp\/v2\/pages\/5602\/revisions"}],"predecessor-version":[{"id":286648,"href":"https:\/\/www.tele-radio.com\/tr\/wp-json\/wp\/v2\/pages\/5602\/revisions\/286648"}],"up":[{"embeddable":true,"href":"https:\/\/www.tele-radio.com\/tr\/wp-json\/wp\/v2\/pages\/7010"}],"wp:featuredmedia":[{"embeddable":true,"href":"https:\/\/www.tele-radio.com\/tr\/wp-json\/wp\/v2\/media\/6075"}],"wp:attachment":[{"href":"https:\/\/www.tele-radio.com\/tr\/wp-json\/wp\/v2\/media?parent=5602"}],"curies":[{"name":"wp","href":"https:\/\/api.w.org\/{rel}","templated":true}]}}