{"id":34513,"date":"2020-03-13T13:34:17","date_gmt":"2020-03-13T13:34:17","guid":{"rendered":"https:\/\/www.tele-radio.com\/industrial-remote-control-increases-safety-on-skipyard\/"},"modified":"2020-04-13T13:45:40","modified_gmt":"2020-04-13T13:45:40","slug":"industrial-remote-control-increases-safety-on-skipyard","status":"publish","type":"page","link":"https:\/\/www.tele-radio.com\/tr\/industrial-remote-control-increases-safety-on-skipyard\/","title":{"rendered":"End\u00fcstriyel uzaktan kumanda, tersane g\u00fcvenli\u011fini art\u0131r\u0131r"},"content":{"rendered":"<p><em>Yektamak Makina&#8217;n\u0131n geli\u015ftirdi\u011fi Seyiton, tersanelerde \u00e7elik levhalar ta\u015f\u0131mak i\u00e7in \u00fcretilen bir sistemidir. Bu sistem 40 tona kadar ta\u015f\u0131ma kapasitesine sahiptir ve Tele Radio TIGER uzaktan kumanda sistemi ile kontrol edilir.\u00a0Tele Radio bu projede \u00f6zel tasar\u0131m ve \u00f6zel programlama ile s\u00fcrece destek oldu. <\/em><\/p>\n<p><span style=\"vertical-align: inherit;\">Seyiton, <\/span><a href=\"https:\/\/www.tele-radio.com\/tr\/products\/tiger-g2\/\"><u><span style=\"vertical-align: inherit;\">Tele Radio Tiger<\/span><\/u><\/a>\u00a0uzaktan kumanda<span style=\"vertical-align: inherit;\">\u00a0sistemi ile CANopen ileti\u015fim yoluyla haberle\u015fir. Bu sorunsuz entegrasyon \u00fcretici Yektamak i\u00e7in b\u00fcy\u00fck kolayl\u0131k sa\u011flad\u0131. \u00dc\u00e7 ta\u015f\u0131ma sisteminin her biri kendisine ait Tiger uzaktan kumanda ile kontrol edilir. Ayr\u0131ca bu \u00fc\u00e7 uzaktan kumanda sistemlerinden bir verici ana verici olarak se\u00e7ildi. Ana verici \u00fc\u00e7 ta\u015f\u0131ma sistemini ayr\u0131 ayr\u0131 yada birlikte kontrol edebilir. Kullan\u0131c\u0131 ana vericideki ekrandan hangi makinenin kontrol edildi\u011fini g\u00f6rebilir. Seyiton ta\u015f\u0131ma sistemi, kablosuz uzaktan kumanda sayesinde daha fazla g\u00fcvenlik sa\u011flar, daha az insan g\u00fcc\u00fc gerektirir.\u00a0<\/span><\/p>\n<p><u><strong><span style=\"vertical-align: inherit;\">Yektamak Makina<\/span><\/strong><br \/>\n<\/u><span style=\"vertical-align: inherit;\"> 2013 y\u0131l\u0131nda kurulan YEKTAMAK Makine ve M\u00fchendislik, ba\u015fta otomotiv sanayi olmak \u00fczere \u00e7e\u015fitli sekt\u00f6rler i\u00e7in \u00f6zelle\u015ftirilmi\u015f makineler tasarlay\u0131p geli\u015ftirmektedir. YEKTAMAK standart ve \u00f6zel ihtiya\u00e7lar i\u00e7in m\u00fc\u015fteri gereksinimlerini, tasar\u0131m\u0131, bilgisayar sim\u00fclasyonlar\u0131n\u0131, \u00fcretimden kalite kontrol ve teste kadar t\u00fcm s\u00fcreci en y\u00fcksek kalitelerde kar\u015f\u0131lar.<\/span><\/p>\n<p><u><strong><span style=\"vertical-align: inherit;\">Tele Radyo sistemleri <\/span><\/strong><br \/>\n<\/u><a href=\"https:\/\/www.tele-radio.com\/tr\/products\/tiger-g2\/\"><u><span style=\"vertical-align: inherit;\">TIGER<\/span><\/u><\/a><span style=\"vertical-align: inherit;\"> , zorlu ortamlardaki standart ve karma\u015f\u0131k uygulamalara uyarlanabilen SIL3 ve PLe sertifikal\u0131, g\u00fcvenli bir radyo kontrol sistemidir. Tiger sisteminin de dahil oldu\u011fu en geni\u015f end\u00fcstriyel uzaktan kumanda yelpazesine sahibiz. \u00d6zel gereksinimleriniz i\u00e7in kablosuz bir \u00e7\u00f6z\u00fcm ar\u0131yorsan\u0131z, sorular\u0131n\u0131z varsa ve \/ veya iyi bir tavsiye isterseniz l\u00fctfen bizimle<a href=\"https:\/\/www.tele-radio.com\/tr\/contact-us\/\"> ileti\u015fime<\/a> ge\u00e7in.<\/span><\/p>\n<div style=\"width: 1920px;\" class=\"wp-video\"><!--[if lt IE 9]><script>document.createElement('video');<\/script><![endif]-->\n<video class=\"wp-video-shortcode\" id=\"video-34513-1\" width=\"1920\" height=\"1080\" preload=\"metadata\" controls=\"controls\"><source type=\"video\/mp4\" src=\"https:\/\/www.tele-radio.com\/app\/uploads\/TRTUR_SEYITON_PROJECT_FINAL1.mp4?_=1\" \/><a href=\"https:\/\/www.tele-radio.com\/app\/uploads\/TRTUR_SEYITON_PROJECT_FINAL1.mp4\">https:\/\/www.tele-radio.com\/app\/uploads\/TRTUR_SEYITON_PROJECT_FINAL1.mp4<\/a><\/video><\/div>\n<p><img loading=\"lazy\" decoding=\"async\" class=\"alignnone wp-image-33609 size-medium\" title=\"www.tele-radio.com\/tr\/contact-us\/\" src=\"https:\/\/www.tele-radio.com\/app\/uploads\/\/Contact_Us_Button-400x142.png\" alt=\"\" width=\"400\" height=\"142\" srcset=\"https:\/\/www.tele-radio.com\/app\/uploads\/Contact_Us_Button-400x142.png 400w, https:\/\/www.tele-radio.com\/app\/uploads\/Contact_Us_Button.png 435w\" sizes=\"auto, (max-width: 400px) 100vw, 400px\" \/><\/p>\n<p>&nbsp;<\/p>\n","protected":false},"excerpt":{"rendered":"<p>Yektamak Makina&#8217;n\u0131n geli\u015ftirdi\u011fi Seyiton, tersanelerde \u00e7elik levhalar ta\u015f\u0131mak i\u00e7in \u00fcretilen bir sistemidir. Bu sistem 40 tona kadar ta\u015f\u0131ma kapasitesine sahiptir ve Tele Radio TIGER uzaktan kumanda sistemi ile kontrol edilir.\u00a0Tele Radio bu projede \u00f6zel tasar\u0131m ve \u00f6zel programlama ile s\u00fcrece destek oldu. Seyiton, Tele Radio Tiger\u00a0uzaktan kumanda\u00a0sistemi ile CANopen ileti\u015fim yoluyla haberle\u015fir. Bu sorunsuz entegrasyon [&hellip;]<\/p>\n","protected":false},"author":29,"featured_media":34481,"parent":0,"menu_order":0,"comment_status":"closed","ping_status":"closed","template":"","meta":{"_acf_changed":false,"footnotes":""},"class_list":["post-34513","page","type-page","status-publish","has-post-thumbnail","hentry"],"acf":[],"_links":{"self":[{"href":"https:\/\/www.tele-radio.com\/tr\/wp-json\/wp\/v2\/pages\/34513","targetHints":{"allow":["GET"]}}],"collection":[{"href":"https:\/\/www.tele-radio.com\/tr\/wp-json\/wp\/v2\/pages"}],"about":[{"href":"https:\/\/www.tele-radio.com\/tr\/wp-json\/wp\/v2\/types\/page"}],"author":[{"embeddable":true,"href":"https:\/\/www.tele-radio.com\/tr\/wp-json\/wp\/v2\/users\/29"}],"replies":[{"embeddable":true,"href":"https:\/\/www.tele-radio.com\/tr\/wp-json\/wp\/v2\/comments?post=34513"}],"version-history":[{"count":9,"href":"https:\/\/www.tele-radio.com\/tr\/wp-json\/wp\/v2\/pages\/34513\/revisions"}],"predecessor-version":[{"id":36652,"href":"https:\/\/www.tele-radio.com\/tr\/wp-json\/wp\/v2\/pages\/34513\/revisions\/36652"}],"wp:featuredmedia":[{"embeddable":true,"href":"https:\/\/www.tele-radio.com\/tr\/wp-json\/wp\/v2\/media\/34481"}],"wp:attachment":[{"href":"https:\/\/www.tele-radio.com\/tr\/wp-json\/wp\/v2\/media?parent=34513"}],"curies":[{"name":"wp","href":"https:\/\/api.w.org\/{rel}","templated":true}]}}