{"id":33277,"date":"2020-02-07T12:29:38","date_gmt":"2020-02-07T12:29:38","guid":{"rendered":"https:\/\/www.tele-radio.com\/customer-case-volvo\/"},"modified":"2020-06-09T09:31:09","modified_gmt":"2020-06-09T09:31:09","slug":"customer-case-volvo","status":"publish","type":"page","link":"https:\/\/www.tele-radio.com\/tr\/customer-case-volvo\/","title":{"rendered":"Reus Fleming Volvo Kamyonlar\u0131 i\u00e7in Uzaktan Kumanda"},"content":{"rendered":"<h1 style=\"text-align: left;\">Volvo Kamyonlar\u0131 &#8211; Reus Fleming<\/h1>\n<p><em>Reus Fleming, S.A.\u00a0 \u0130spanya&#8217;n\u0131n Katalonya b\u00f6lgesi Tarrgona,Lleida, Huesca ve Teruel illerinde yetkili resmi Volvo bayiisidir.\u00a0 M\u00fc\u015fteri\u00a0 ili\u015fkileri \u015firketin misyonudur, bu sebeple m\u00fc\u015fterilerin talepleriyle ba\u011flant\u0131l\u0131 olarak teknolojik yenilenmelerde standartlar\u0131n \u00f6tesine ge\u00e7er. Ama\u00e7lar\u0131, karma\u015f\u0131k durumlarda bile \u00fcst\u00fcn hizmet ve destek sa\u011flamakt\u0131r.<\/em><br \/>\n<img loading=\"lazy\" decoding=\"async\" class=\"wp-image-32135 alignright\" style=\"box-shadow: 0 4px 8px 0 rgba(0, 0, 0, 0.2), 0 6px 20px 0 rgba(0, 0, 0, 0.19); margin-left: 70px;\" src=\"https:\/\/www.tele-radio.com\/app\/uploads\/colaboracion-remoto-control-volvo-tele-radio.jpg\" alt=\"\" width=\"236\" height=\"279\" srcset=\"https:\/\/www.tele-radio.com\/app\/uploads\/colaboracion-remoto-control-volvo-tele-radio.jpg 507w, https:\/\/www.tele-radio.com\/app\/uploads\/colaboracion-remoto-control-volvo-tele-radio-338x400.jpg 338w, https:\/\/www.tele-radio.com\/app\/uploads\/colaboracion-remoto-control-volvo-tele-radio-423x500.jpg 423w\" sizes=\"auto, (max-width: 236px) 100vw, 236px\" \/><\/p>\n<h2 style=\"text-align: left;\">\u0130ber Yar\u0131madas\u0131 bir kilometre ta\u015f\u0131<\/h2>\n<p>Tele Radio ile yak\u0131n i\u015fbirli\u011fi sayesinde\u00a0<strong>Volvo Reus Fleming,<\/strong>\u00a0\u0130spanya ve Portekiz&#8217;de ilk kez <strong>Tele Radio Uzaktan Kumanda <\/strong>ile\u00a0kablosuz arabirim olu\u015fturmay\u0131 sa\u011flayan <em>EXSTER<\/em> variant\u0131yla birlikte yenilik\u00e7i <em>Volvo Dinamik Direksiyonu <\/em>ba\u015far\u0131l\u0131 bir \u015fekilde birle\u015ftirilerek m\u00fckemmel bir i\u015f \u00e7\u0131kar\u0131ld\u0131.<\/p>\n<p>\u00c7\u00f6z\u00fcm, esas ama\u00e7 g\u00fcvenlik olacak \u015fekilde uygulanm\u0131\u015ft\u0131r. Merkezi G\u00f6teborg&#8217;da (\u0130sve\u00e7) bulunan Volvo and Tele Radio&#8217;nun hedeflerinde daima g\u00fcvenli ve ergonomik \u00fcr\u00fcnler geli\u015ftirmeye y\u00f6nelik \u00e7al\u0131\u015fmalar yer almaktad\u0131r.<\/p>\n<p><img loading=\"lazy\" decoding=\"async\" class=\"alignleft wp-image-32229\" style=\"box-shadow: 0 4px 8px 0 rgba(0, 0, 0, 0.2), 0 6px 20px 0 rgba(0, 0, 0, 0.19); margin-right: 70px;\" src=\"https:\/\/www.tele-radio.com\/app\/uploads\/remote-for-volvo-truck-tele-radio-sm-2.jpg\" alt=\"\" width=\"496\" height=\"315\" srcset=\"https:\/\/www.tele-radio.com\/app\/uploads\/remote-for-volvo-truck-tele-radio-sm-2.jpg 500w, https:\/\/www.tele-radio.com\/app\/uploads\/remote-for-volvo-truck-tele-radio-sm-2-400x254.jpg 400w\" sizes=\"auto, (max-width: 496px) 100vw, 496px\" \/><\/p>\n<h2 style=\"text-align: left;\">Uygulama<\/h2>\n<p>Kullan\u0131c\u0131 Cubas Segre&#8217;nin v\u00fccut geli\u015ftirme i\u015flevlerine sahip Volvo FH 500 8&#215;2 model kamyonu, hayvanc\u0131l\u0131kta g\u00fcnl\u00fck besleme \/ bo\u015faltma i\u015fini ve farkl\u0131 \u00e7iftliklere ta\u015f\u0131nma i\u015flerini geli\u015ftirmek i\u00e7in se\u00e7ildi.<\/p>\n<p>Bu \u00e7\u00f6z\u00fcm ile kamyonun d\u0131\u015far\u0131dan kontrol edilebilmesi kullan\u0131c\u0131da g\u00f6rsel a\u00e7\u0131kl\u0131\u011f\u0131 artt\u0131rd\u0131\u011f\u0131 i\u00e7in <strong>g\u00fcvenlikte b\u00fcy\u00fck bir art\u0131\u00a0<\/strong>sa\u011fl\u0131yor.\u00a0Ayr\u0131ca, i\u015f y\u00fck\u00fcne ba\u011fl\u0131 olarak kamyondan g\u00fcnde birka\u00e7 kez (bazen defalarca) inip \u00e7\u0131kma ihtiyac\u0131n\u0131 ortadan kald\u0131r\u0131rken daha <strong>ergonomik<\/strong> hissettiriyor.\u00a0 G\u00fcnl\u00fck \u00e7al\u0131\u015fmada; verimlilik,\u00a0 \u00fcretkenlikte iyile\u015fme ve \u00f6nemli bir yorgunluk azalmas\u0131 ile sa\u011flan\u0131yor.<\/p>\n<p>Daha fazla bilgi i\u00e7in l\u00fctfen\u00a0<a href=\"https:\/\/www.tele-radio.com\/tr\/bize-ulasin\/\">bize ula\u015f\u0131n<\/a>.<\/p>\n<p>&nbsp;<\/p>\n<h2 style=\"text-align: center;\">Video ve foto\u011fraflar<\/h2>\n<p>&nbsp;<\/p>\n<div style=\"width: 1280px;\" class=\"wp-video\"><!--[if lt IE 9]><script>document.createElement('video');<\/script><![endif]-->\n<video class=\"wp-video-shortcode\" id=\"video-33277-1\" width=\"1280\" height=\"720\" preload=\"metadata\" controls=\"controls\"><source type=\"video\/mp4\" src=\"https:\/\/www.tele-radio.com\/app\/uploads\/CUBAS-SEGRE-ESTABILIZADO-Y-LOGO-1.mp4?_=1\" \/><a href=\"https:\/\/www.tele-radio.com\/app\/uploads\/CUBAS-SEGRE-ESTABILIZADO-Y-LOGO-1.mp4\">https:\/\/www.tele-radio.com\/app\/uploads\/CUBAS-SEGRE-ESTABILIZADO-Y-LOGO-1.mp4<\/a><\/video><\/div>\n<p><a href=\"https:\/\/www.tele-radio.com\/tr\/volvo-trucks-remote-control-segre-1-2\/\" rel=\"attachment wp-att-32862\"><img loading=\"lazy\" decoding=\"async\" class=\"alignleft wp-image-32862 size-large\" src=\"https:\/\/www.tele-radio.com\/app\/uploads\/volvo-trucks-remote-control-segre-1.jpg\" alt=\"\" width=\"1200\" height=\"675\" srcset=\"https:\/\/www.tele-radio.com\/app\/uploads\/volvo-trucks-remote-control-segre-1.jpg 1200w, https:\/\/www.tele-radio.com\/app\/uploads\/volvo-trucks-remote-control-segre-1-400x225.jpg 400w, https:\/\/www.tele-radio.com\/app\/uploads\/volvo-trucks-remote-control-segre-1-768x432.jpg 768w, https:\/\/www.tele-radio.com\/app\/uploads\/volvo-trucks-remote-control-segre-1-750x422.jpg 750w, https:\/\/www.tele-radio.com\/app\/uploads\/volvo-trucks-remote-control-segre-1-500x281.jpg 500w, https:\/\/www.tele-radio.com\/app\/uploads\/volvo-trucks-remote-control-segre-1-800x450.jpg 800w\" sizes=\"auto, (max-width: 1200px) 100vw, 1200px\" \/><\/a><\/p>\n<p><a href=\"https:\/\/www.tele-radio.com\/tr\/volvo-trucks-remote-control-segre-2-2\/\" rel=\"attachment wp-att-32882\"><img loading=\"lazy\" decoding=\"async\" class=\"alignleft wp-image-32882 size-full\" src=\"https:\/\/www.tele-radio.com\/app\/uploads\/volvo-trucks-remote-control-segre-2.jpg\" alt=\"\" width=\"1200\" height=\"728\" srcset=\"https:\/\/www.tele-radio.com\/app\/uploads\/volvo-trucks-remote-control-segre-2.jpg 1200w, https:\/\/www.tele-radio.com\/app\/uploads\/volvo-trucks-remote-control-segre-2-400x243.jpg 400w, https:\/\/www.tele-radio.com\/app\/uploads\/volvo-trucks-remote-control-segre-2-768x466.jpg 768w, https:\/\/www.tele-radio.com\/app\/uploads\/volvo-trucks-remote-control-segre-2-750x455.jpg 750w, https:\/\/www.tele-radio.com\/app\/uploads\/volvo-trucks-remote-control-segre-2-500x303.jpg 500w, https:\/\/www.tele-radio.com\/app\/uploads\/volvo-trucks-remote-control-segre-2-800x485.jpg 800w\" sizes=\"auto, (max-width: 1200px) 100vw, 1200px\" \/><\/a><\/p>\n","protected":false},"excerpt":{"rendered":"<p>Volvo Kamyonlar\u0131 &#8211; Reus Fleming Reus Fleming, S.A.\u00a0 \u0130spanya&#8217;n\u0131n Katalonya b\u00f6lgesi Tarrgona,Lleida, Huesca ve Teruel illerinde yetkili resmi Volvo bayiisidir.\u00a0 M\u00fc\u015fteri\u00a0 ili\u015fkileri \u015firketin misyonudur, bu sebeple m\u00fc\u015fterilerin talepleriyle ba\u011flant\u0131l\u0131 olarak teknolojik yenilenmelerde standartlar\u0131n \u00f6tesine ge\u00e7er. Ama\u00e7lar\u0131, karma\u015f\u0131k durumlarda bile \u00fcst\u00fcn hizmet ve destek sa\u011flamakt\u0131r. \u0130ber Yar\u0131madas\u0131 bir kilometre ta\u015f\u0131 Tele Radio ile yak\u0131n i\u015fbirli\u011fi sayesinde\u00a0Volvo [&hellip;]<\/p>\n","protected":false},"author":54,"featured_media":32846,"parent":0,"menu_order":0,"comment_status":"closed","ping_status":"closed","template":"","meta":{"_acf_changed":false,"footnotes":""},"class_list":["post-33277","page","type-page","status-publish","has-post-thumbnail","hentry"],"acf":[],"_links":{"self":[{"href":"https:\/\/www.tele-radio.com\/tr\/wp-json\/wp\/v2\/pages\/33277","targetHints":{"allow":["GET"]}}],"collection":[{"href":"https:\/\/www.tele-radio.com\/tr\/wp-json\/wp\/v2\/pages"}],"about":[{"href":"https:\/\/www.tele-radio.com\/tr\/wp-json\/wp\/v2\/types\/page"}],"author":[{"embeddable":true,"href":"https:\/\/www.tele-radio.com\/tr\/wp-json\/wp\/v2\/users\/54"}],"replies":[{"embeddable":true,"href":"https:\/\/www.tele-radio.com\/tr\/wp-json\/wp\/v2\/comments?post=33277"}],"version-history":[{"count":9,"href":"https:\/\/www.tele-radio.com\/tr\/wp-json\/wp\/v2\/pages\/33277\/revisions"}],"predecessor-version":[{"id":34431,"href":"https:\/\/www.tele-radio.com\/tr\/wp-json\/wp\/v2\/pages\/33277\/revisions\/34431"}],"wp:featuredmedia":[{"embeddable":true,"href":"https:\/\/www.tele-radio.com\/tr\/wp-json\/wp\/v2\/media\/32846"}],"wp:attachment":[{"href":"https:\/\/www.tele-radio.com\/tr\/wp-json\/wp\/v2\/media?parent=33277"}],"curies":[{"name":"wp","href":"https:\/\/api.w.org\/{rel}","templated":true}]}}