{"id":292822,"date":"2026-05-11T08:45:57","date_gmt":"2026-05-11T08:45:57","guid":{"rendered":"https:\/\/www.tele-radio.com\/?page_id=292822"},"modified":"2026-05-11T09:10:41","modified_gmt":"2026-05-11T09:10:41","slug":"ozel-folyolar","status":"publish","type":"page","link":"https:\/\/www.tele-radio.com\/tr\/ozel-folyolar\/","title":{"rendered":"\u00d6zel Folyolar"},"content":{"rendered":"\n<h1 class=\"wp-block-heading\">\u00d6zel Folyo Tasar\u0131mlar\u0131<\/h1>\n\n\n<h2><em>Kendi logonuz, renkleriniz, sembolleriniz veya metinleriniz. Ek koruma, g\u00fcvenlik ve fark edilebilirlik i\u00e7in!<\/em><\/h2>\n<p><img loading=\"lazy\" decoding=\"async\" class=\"alignnone wp-image-40459 \" src=\"https:\/\/www.tele-radio.com\/app\/uploads\/custom-foils-button-1.png\" alt=\"\" width=\"354\" height=\"76\" \/><\/p>\n<p style=\"padding-left: 390px;\">T\u00fcm verici ve al\u0131c\u0131lar\u0131m\u0131z \u00f6zel folyo tasar\u0131mlar\u0131 ile sunulabilmektedir. Bu folyolar, vericiyi korumaya yard\u0131mc\u0131 olur, g\u00fcvenli kullan\u0131m sa\u011flar ve fark edilebilirli\u011fe katk\u0131da bulunur. Folyolar <strong>y\u00fcksek kaliteli end\u00fcstriyel (3M) malzemeden<\/strong> \u00fcretilmektedir. Yo\u011fun kullan\u0131ma dayan\u0131kl\u0131d\u0131r ve renk solmas\u0131na ile s\u0131v\u0131lara kar\u015f\u0131 diren\u00e7lidir. Folyolar, \u00fcr\u00fcnlerimize ek koruyucu bir katman sa\u011flar. \u00d6zel folyolar ayr\u0131ca bir <strong>g\u00fcvenlik i\u015flevine<\/strong> de sahiptir. Kendi uygulaman\u0131za \u00f6zel net semboller kullan\u0131larak hatalar\u0131n \u00f6n\u00fcne ge\u00e7ilebilir. Ve elbette, renkler, logo vb. ile vericiye kendi kurumsal kimli\u011finizi kazand\u0131rabilirsiniz.<\/p>\n<p><img loading=\"lazy\" decoding=\"async\" class=\"alignnone wp-image-40501 \" src=\"https:\/\/www.tele-radio.com\/app\/uploads\/custom-foils-button-2-1.png\" alt=\"\" width=\"345\" height=\"74\" \/><\/p>\n<p style=\"padding-left: 390px;\">\u00d6zel folyolar adet baz\u0131nda \u00fcretilebilmektedir. <strong>Kendi renklerinizi, logolar\u0131n\u0131z\u0131, sembollerinizi, yaz\u0131 tiplerinizi, g\u00f6rsellerinizi vb.<\/strong> \u00f6zg\u00fcrce se\u00e7ebilirsiniz. Haz\u0131r dijital tasar\u0131m\u0131n\u0131z\u0131 bize iletebilir veya kendi fikirlerinize g\u00f6re tasar\u0131m haz\u0131rlamam\u0131z\u0131 isteyebilirsiniz.<\/p>\n<p><img loading=\"lazy\" decoding=\"async\" class=\"wp-image-40429 alignleft\" src=\"https:\/\/www.tele-radio.com\/app\/uploads\/contact-button-e1595575389212.png\" alt=\"\" width=\"354\" height=\"75\" \/><\/p>\n<p>Her verici ve al\u0131c\u0131 i\u00e7in aksesuar olarak \u00f6zel folyo sa\u011flayabiliyoruz. \u00d6zel folyo sipari\u015fi vermek isterseniz yerel hesap y\u00f6neticiniz ile <a href=\"https:\/\/www.tele-radio.com\/contact-us\/\">ileti\u015fime ge\u00e7ebilirsiniz<\/a>. Size gerekli t\u00fcm fiyatlar\u0131, talimatlar\u0131, \u015fablonlar\u0131 veya dijital tasar\u0131m materyallerini sa\u011flayabilirler. Sizin taleplerinize g\u00f6re bir tasar\u0131m haz\u0131rlan\u0131r ve onay\u0131n\u0131z i\u00e7in size g\u00f6nderilir.<\/p>\n<p><img loading=\"lazy\" decoding=\"async\" class=\"aligncenter wp-image-144020\" src=\"https:\/\/www.tele-radio.com\/app\/uploads\/\/24694-TELE-RADIO-leaflet-custom-foils-A4_2-400x78.jpg\" alt=\"\" width=\"985\" height=\"192\" srcset=\"https:\/\/www.tele-radio.com\/app\/uploads\/24694-TELE-RADIO-leaflet-custom-foils-A4_2-400x78.jpg 400w, https:\/\/www.tele-radio.com\/app\/uploads\/24694-TELE-RADIO-leaflet-custom-foils-A4_2-1200x234.jpg 1200w, https:\/\/www.tele-radio.com\/app\/uploads\/24694-TELE-RADIO-leaflet-custom-foils-A4_2-768x149.jpg 768w, https:\/\/www.tele-radio.com\/app\/uploads\/24694-TELE-RADIO-leaflet-custom-foils-A4_2-1536x299.jpg 1536w, https:\/\/www.tele-radio.com\/app\/uploads\/24694-TELE-RADIO-leaflet-custom-foils-A4_2-2048x399.jpg 2048w, https:\/\/www.tele-radio.com\/app\/uploads\/24694-TELE-RADIO-leaflet-custom-foils-A4_2-750x146.jpg 750w, https:\/\/www.tele-radio.com\/app\/uploads\/24694-TELE-RADIO-leaflet-custom-foils-A4_2-500x97.jpg 500w, https:\/\/www.tele-radio.com\/app\/uploads\/24694-TELE-RADIO-leaflet-custom-foils-A4_2-1600x311.jpg 1600w, https:\/\/www.tele-radio.com\/app\/uploads\/24694-TELE-RADIO-leaflet-custom-foils-A4_2-800x156.jpg 800w\" sizes=\"auto, (max-width: 985px) 100vw, 985px\" \/><\/p>\n<table style=\"height: 181px;\" width=\"996\">\n<tbody>\n<tr style=\"height: 27px;\">\n<td style=\"background-color: #fabb00; width: 302px; height: 27px;\" width=\"302\"><strong>PLEKS\u0130 FOLYOLAR<\/strong><\/td>\n<td style=\"background-color: #fabb00; width: 302px; height: 27px;\" width=\"302\"><strong>PU FOLYOLAR<\/strong><\/td>\n<\/tr>\n<tr style=\"height: 167px;\">\n<td style=\"height: 167px;\" width=\"302\">Butonlar\u0131n etraf\u0131n\u0131 \u00e7evreleyen pleksi cam plaka \u00fczerine uygulanm\u0131\u015f folyodur. <strong>\u00dc\u00e7 farkl\u0131 kal\u0131nl\u0131kta<\/strong> sunulmaktad\u0131r. En kal\u0131n versiyonda butonlar g\u00f6vdenin daha derininde kal\u0131r ve yanl\u0131\u015fl\u0131kla bas\u0131lmas\u0131 \u00f6nlenir. <span style=\"font-family: inherit; font-size: inherit;\">Pleksi folyolar <a href=\"https:\/\/www.tele-radio.com\/products\/panther\/\">mini ve midi vericilerde<\/a> ayr\u0131ca daha b\u00fcy\u00fck joystick vericilerde kullan\u0131lmaktad\u0131r. Folyolar y\u00fcksek kaliteli malzemeden \u00fcretilmi\u015ftir ve <strong>renk solmas\u0131na, \u00e7izilmelere, s\u0131v\u0131lara vb. kar\u015f\u0131 dayan\u0131kl\u0131d\u0131r.<\/strong><\/span><\/td>\n<td style=\"height: 167px;\" width=\"302\">Esnek, <strong>y\u00fcksek kaliteli kau\u00e7uk (PU)<\/strong> malzemeden \u00fcretilen folyolard\u0131r ve <strong>renk solmas\u0131na ile s\u0131v\u0131lara kar\u015f\u0131 dayan\u0131kl\u0131d\u0131r.<\/strong> Folyo butonlar\u0131 tamamen kaplar. Genellikle <a href=\"https:\/\/www.tele-radio.com\/tr\/products\/teq-bel-tipi-verici\/\">daha b\u00fcy\u00fck el tipi vericilerde<\/a> kullan\u0131l\u0131r ancak <a href=\"https:\/\/www.tele-radio.com\/products\/tiger-g2\/\">daha k\u00fc\u00e7\u00fck vericilerde<\/a> de, butonlar\u0131n <strong>tamamen kapat\u0131larak daha fazla koruma sa\u011flanmas\u0131<\/strong> istenirse, pleksi folyoya alternatif olarak kullan\u0131labilir.<\/td>\n<\/tr>\n<\/tbody>\n<\/table>\n\n\n<div class=\"wp-block-columns is-layout-flex wp-container-core-columns-is-layout-9d6595d7 wp-block-columns-is-layout-flex\">\n<div class=\"wp-block-column is-layout-flow wp-block-column-is-layout-flow\">\n<figure class=\"wp-block-video\"><video autoplay loop muted src=\"https:\/\/www.tele-radio.com\/app\/uploads\/Custom_Foils_3.mp4\"><\/video><\/figure>\n<\/div>\n\n\n\n<div class=\"wp-block-column is-layout-flow wp-block-column-is-layout-flow\">\n<figure class=\"wp-block-video\"><video autoplay loop muted src=\"https:\/\/www.tele-radio.com\/app\/uploads\/Custom_Foils_2.mp4\"><\/video><\/figure>\n<\/div>\n<\/div>\n","protected":false},"excerpt":{"rendered":"<p>\u00d6zel Folyo Tasar\u0131mlar\u0131 Kendi logonuz, renkleriniz, sembolleriniz veya metinleriniz. Ek koruma, g\u00fcvenlik ve fark edilebilirlik i\u00e7in! T\u00fcm verici ve al\u0131c\u0131lar\u0131m\u0131z \u00f6zel folyo tasar\u0131mlar\u0131 ile sunulabilmektedir. Bu folyolar, vericiyi korumaya yard\u0131mc\u0131 olur, g\u00fcvenli kullan\u0131m sa\u011flar ve fark edilebilirli\u011fe katk\u0131da bulunur. Folyolar y\u00fcksek kaliteli end\u00fcstriyel (3M) malzemeden \u00fcretilmektedir. Yo\u011fun kullan\u0131ma dayan\u0131kl\u0131d\u0131r ve renk solmas\u0131na ile s\u0131v\u0131lara kar\u015f\u0131 [&hellip;]<\/p>\n","protected":false},"author":107,"featured_media":29194,"parent":0,"menu_order":0,"comment_status":"closed","ping_status":"closed","template":"","meta":{"_acf_changed":false,"footnotes":""},"class_list":["post-292822","page","type-page","status-publish","has-post-thumbnail","hentry"],"acf":[],"_links":{"self":[{"href":"https:\/\/www.tele-radio.com\/tr\/wp-json\/wp\/v2\/pages\/292822","targetHints":{"allow":["GET"]}}],"collection":[{"href":"https:\/\/www.tele-radio.com\/tr\/wp-json\/wp\/v2\/pages"}],"about":[{"href":"https:\/\/www.tele-radio.com\/tr\/wp-json\/wp\/v2\/types\/page"}],"author":[{"embeddable":true,"href":"https:\/\/www.tele-radio.com\/tr\/wp-json\/wp\/v2\/users\/107"}],"replies":[{"embeddable":true,"href":"https:\/\/www.tele-radio.com\/tr\/wp-json\/wp\/v2\/comments?post=292822"}],"version-history":[{"count":3,"href":"https:\/\/www.tele-radio.com\/tr\/wp-json\/wp\/v2\/pages\/292822\/revisions"}],"predecessor-version":[{"id":292834,"href":"https:\/\/www.tele-radio.com\/tr\/wp-json\/wp\/v2\/pages\/292822\/revisions\/292834"}],"wp:featuredmedia":[{"embeddable":true,"href":"https:\/\/www.tele-radio.com\/tr\/wp-json\/wp\/v2\/media\/29194"}],"wp:attachment":[{"href":"https:\/\/www.tele-radio.com\/tr\/wp-json\/wp\/v2\/media?parent=292822"}],"curies":[{"name":"wp","href":"https:\/\/api.w.org\/{rel}","templated":true}]}}