{"id":287806,"date":"2026-03-26T13:40:37","date_gmt":"2026-03-26T13:40:37","guid":{"rendered":"https:\/\/www.tele-radio.com\/?page_id=287806"},"modified":"2026-03-27T09:12:40","modified_gmt":"2026-03-27T09:12:40","slug":"suprateq","status":"publish","type":"page","link":"https:\/\/www.tele-radio.com\/tr\/suprateq\/","title":{"rendered":"SUPRATEQ"},"content":{"rendered":"\n<div style=\"height:15px\" aria-hidden=\"true\" class=\"wp-block-spacer\"><\/div>\n\n\n<div class=\"wp-block-image is-style-rounded\">\n<figure class=\"alignright size-large is-resized\"><img loading=\"lazy\" decoding=\"async\" width=\"1200\" height=\"1200\" src=\"https:\/\/www.tele-radio.com\/app\/uploads\/\/SupraTEQ_Collage_v2-1200x1200.png\" alt=\"\" class=\"wp-image-106741\" style=\"width:422px;height:422px\" srcset=\"https:\/\/www.tele-radio.com\/app\/uploads\/SupraTEQ_Collage_v2.png 1200w, https:\/\/www.tele-radio.com\/app\/uploads\/SupraTEQ_Collage_v2-400x400.png 400w, https:\/\/www.tele-radio.com\/app\/uploads\/SupraTEQ_Collage_v2-150x150.png 150w, https:\/\/www.tele-radio.com\/app\/uploads\/SupraTEQ_Collage_v2-768x768.png 768w, https:\/\/www.tele-radio.com\/app\/uploads\/SupraTEQ_Collage_v2-250x250.png 250w, https:\/\/www.tele-radio.com\/app\/uploads\/SupraTEQ_Collage_v2-750x750.png 750w, https:\/\/www.tele-radio.com\/app\/uploads\/SupraTEQ_Collage_v2-500x500.png 500w, https:\/\/www.tele-radio.com\/app\/uploads\/SupraTEQ_Collage_v2-800x800.png 800w\" sizes=\"auto, (max-width: 1200px) 100vw, 1200px\" \/><\/figure><\/div>\n\n\n<h1 class=\"wp-block-heading has-text-align-left has-huge-font-size\">SUPRATEQ<\/h1>\n\n\n\n<h2 class=\"wp-block-heading\"><strong>En \u00fcst d\u00fczey, tam boyutlu bel tipi vericimiz<\/strong><\/h2>\n\n\n\n<p>TEQ bel tipi verici \u00fcr\u00fcn grubumuz i\u00e7erisindeki en geli\u015fmi\u015f \u00e7ok y\u00f6nl\u00fc \u00e7\u00f6z\u00fcm\u00fcm\u00fczd\u00fcr. Yakla\u015f\u0131k 33 santimetre boyutunda olup do\u011fal formda tutma kollar\u0131 ve kavisli, ergonomik olarak tasarlanm\u0131\u015f bir muhafazaya sahiptir. Boyutu sayesinde \u00f6n panelde \u00e7ok say\u0131da kontrol eleman\u0131 i\u00e7in geni\u015f alan sunar ve en kapsaml\u0131 g\u00f6revleri yerine getirebilir. SupraTEQ, karma\u015f\u0131k hidrolik, mobil ve end\u00fcstriyel makinelerin kontrol\u00fc i\u00e7in ideal \u00e7\u00f6z\u00fcm\u00fcn\u00fczd\u00fcr. SupraTEQ, standart olarak sunulan ba\u011f\u0131ms\u0131z sertifikal\u0131 PLe\/CAT3, SIL3 g\u00fcvenlik seviyesine sahip stop fonksiyonu sayesinde sa\u011flam ve g\u00fcvenlidir. &nbsp;&nbsp;&nbsp;<\/p>\n\n\n\n<div style=\"height:35px\" aria-hidden=\"true\" class=\"wp-block-spacer\"><\/div>\n\n\n\n<h2 class=\"wp-block-heading has-text-align-center has-large-font-size\">BENZERS\u0130Z TEKNOLOJ\u0130<\/h2>\n\n\n\n<p>Yenili\u011fe inan\u0131yoruz. Tele Radio, en son teknolojiyi kullanarak ekipmanlar\u0131n\u0131z\u0131 daha iyi \u00e7al\u0131\u015ft\u0131rman\u0131z\u0131 ve kontrol etmenizi sa\u011flayan \u00e7e\u015fitli uygulamalar geli\u015ftirmi\u015ftir. Tele Radio <strong>SupraTEQ<\/strong>, di\u011ferlerinin yan\u0131 s\u0131ra a\u015fa\u011f\u0131daki \u00f6zel \u00f6zellikler ve olanaklara sahiptir.<\/p>\n\n\n<div class=\"wp-block-image is-style-rounded\">\n<figure class=\"alignleft is-resized\"><img loading=\"lazy\" decoding=\"async\" width=\"162\" height=\"162\" src=\"https:\/\/www.tele-radio.com\/app\/uploads\/Webpaginaopbouw_Puma-1.png\" alt=\"\" class=\"wp-image-38105\" style=\"width:110px;height:110px\" srcset=\"https:\/\/www.tele-radio.com\/app\/uploads\/Webpaginaopbouw_Puma-1.png 162w, https:\/\/www.tele-radio.com\/app\/uploads\/Webpaginaopbouw_Puma-1-150x150.png 150w\" sizes=\"auto, (max-width: 162px) 100vw, 162px\" \/><\/figure><\/div>\n\n\n<h3 class=\"wp-block-heading\">Aktif anten<\/h3>\n\n\n\n<p>Aktif anten ayn\u0131 zamanda ba\u011f\u0131ms\u0131z bir repeater olarak da kullan\u0131labilir. Bu sayede verici ile al\u0131c\u0131 aras\u0131ndaki menzil \u00f6nemli \u00f6l\u00e7\u00fcde art\u0131r\u0131l\u0131r. Sinyal kayb\u0131 ya\u015famadan, madencilik, da\u011fl\u0131k alanlar veya b\u00fcy\u00fck binalar gibi zorlu ko\u015fullarda sistemin kullan\u0131lmas\u0131n\u0131 m\u00fcmk\u00fcn k\u0131lar.<\/p>\n\n\n\n<p><\/p>\n\n\n\n<div style=\"height:20px\" aria-hidden=\"true\" class=\"wp-block-spacer\"><\/div>\n\n\n<div class=\"wp-block-image is-style-rounded\">\n<figure class=\"alignleft is-resized\"><img loading=\"lazy\" decoding=\"async\" width=\"162\" height=\"162\" src=\"https:\/\/www.tele-radio.com\/app\/uploads\/RFID-ICON.png\" alt=\"\" class=\"wp-image-38126\" style=\"width:110px;height:110px\" srcset=\"https:\/\/www.tele-radio.com\/app\/uploads\/RFID-ICON.png 162w, https:\/\/www.tele-radio.com\/app\/uploads\/RFID-ICON-150x150.png 150w\" sizes=\"auto, (max-width: 162px) 100vw, 162px\" \/><\/figure><\/div>\n\n\n<h3 class=\"wp-block-heading\">RFID kontrol<\/h3>\n\n\n\n<p>RFID, sistemin, \u00fcr\u00fcn\u00fcn veya kullan\u0131c\u0131n\u0131n benzersiz kodunu tan\u0131mlamak i\u00e7in kullan\u0131lan kablosuz bir teknolojidir. Kullan\u0131c\u0131 ayarlar\u0131 RFID i\u00e7eren bir ak\u0131ll\u0131 karta kaydedilebilir ve kullan\u0131m s\u0131ras\u0131nda sistem taraf\u0131ndan tan\u0131n\u0131r. Farkl\u0131 kullan\u0131c\u0131 seviyeleri olu\u015fturulabilir.<\/p>\n\n\n\n<div style=\"height:21px\" aria-hidden=\"true\" class=\"wp-block-spacer\"><\/div>\n\n\n<div class=\"wp-block-image is-style-rounded\">\n<figure class=\"alignleft is-resized\"><img loading=\"lazy\" decoding=\"async\" width=\"162\" height=\"162\" src=\"https:\/\/www.tele-radio.com\/app\/uploads\/BUS-Systemen.png\" alt=\"\" class=\"wp-image-38147\" style=\"width:110px;height:110px\" srcset=\"https:\/\/www.tele-radio.com\/app\/uploads\/BUS-Systemen.png 162w, https:\/\/www.tele-radio.com\/app\/uploads\/BUS-Systemen-150x150.png 150w\" sizes=\"auto, (max-width: 162px) 100vw, 162px\" \/><\/figure><\/div>\n\n\n<h3 class=\"wp-block-heading\">BUS sistemleri<\/h3>\n\n\n\n<p>Mevcut end\u00fcstri standartlar\u0131n\u0131 kar\u015f\u0131lamak amac\u0131yla, Tele Radio <meta charset=\"utf-8\">SupraTEQ uzaktan kumandalar\u0131 geni\u015f bir BUS sistemi yelpazesi ile uyumludur. Makinenizin yaz\u0131l\u0131m\u0131 ile sorunsuz bir entegrasyon sa\u011flan\u0131r. Tele Radio <meta charset=\"utf-8\">SupraTEQ uzaktan kumandalar\u0131 CANOPEN, MODBUS ve SAE J1939 protokollerini destekler.<\/p>\n\n\n\n<div style=\"height:111px\" aria-hidden=\"true\" class=\"wp-block-spacer\"><\/div>\n\n\n\n<div class=\"wp-block-cover is-light\" style=\"min-height:472px;aspect-ratio:unset;\"><span aria-hidden=\"true\" class=\"wp-block-cover__background has-luminous-vivid-amber-background-color has-background-dim-100 has-background-dim\"><\/span><div class=\"wp-block-cover__inner-container is-layout-flow wp-block-cover-is-layout-flow\">\n<p class=\"has-black-color has-text-color has-medium-font-size\">Uygulaman\u0131za ba\u011fl\u0131 olarak <strong>SupraTEQ TW77<\/strong> Basic Line modellerinden birini se\u00e7ebilir veya Custom Line \u00e7\u00f6z\u00fcm\u00fcn\u00fc tercih edebilirsiniz. Bu, bu verici muhafazas\u0131 ve ilgili al\u0131c\u0131lar kapsam\u0131nda donan\u0131m ve yaz\u0131l\u0131m\u0131n\u0131z\u0131 yap\u0131land\u0131rmada size tam \u00f6zg\u00fcrl\u00fck sunar. Hatta sisteminizi daha b\u00fcy\u00fck 4.3 in\u00e7 ekrana (<strong>SupraTEQ TW78 Custom Line<\/strong>) y\u00fckseltebilirsiniz. Tele Radio Sat\u0131\u015f Departman\u0131m\u0131z, i\u015finiz i\u00e7in en uygun \u00e7\u00f6z\u00fcm konusunda size dan\u0131\u015fmanl\u0131k sa\u011flayabilir.<\/p>\n\n\n\n<p class=\"has-black-color has-text-color has-medium-font-size\"><strong>SUPRATEQ TEMEL \u00d6ZELL\u0130KLER<\/strong><\/p>\n\n\n\n<div class=\"wp-block-columns is-layout-flex wp-container-core-columns-is-layout-9d6595d7 wp-block-columns-is-layout-flex\">\n<div class=\"wp-block-column is-layout-flow wp-block-column-is-layout-flow\">\n<p class=\"has-black-color has-text-color\">\u2713 Boyut 330 x 147 x 179 mm<br>\u2713 A\u011f\u0131rl\u0131k, 2.000 gram<br>\u2713 Frekans 2,4 GHz, 16 kanal<br>\u2713 2\u201d renkli ekran<br>\u2713 IP65 koruma<br>\u2713 PLe\/CAT3, SIL3 g\u00fcvenlik seviyesinde stop fonksiyonu<br><meta charset=\"utf-8\"><meta charset=\"utf-8\">\u2713 Uyar\u0131 ve alarm geri bildirimi i\u00e7in titre\u015fim<\/p>\n<\/div>\n\n\n\n<div class=\"wp-block-column is-layout-flow wp-block-column-is-layout-flow\">\n<p class=\"has-black-color has-text-color\">\u2713 Geri bildirim i\u00e7in duplex ileti\u015fim<br>\u2713 Yanda darbe tipi &amp; d\u00f6nd\u00fcrerek b\u0131rakmal\u0131 stop anahtar\u0131<br>\u2713 Kablolu kontrol i\u00e7in M12 konnekt\u00f6r<br>\u2713 Ayd\u0131nlatmal\u0131 \u00f6n panel<br>\u2713 Panel ayd\u0131nlatmas\u0131 i\u00e7in tutma kolunda LED\u2019ler<br><meta charset=\"utf-8\">\u2713 \u015earj edilebilir &amp; de\u011fi\u015ftirilebilir bataryalar<br><meta charset=\"utf-8\">\u2713 Yap\u0131land\u0131rmaya ba\u011fl\u0131 olarak tek batarya ile 10 saate kadar kullan\u0131m<\/p>\n<\/div>\n<\/div>\n<\/div><\/div>\n\n\n\n<div style=\"height:32px\" aria-hidden=\"true\" class=\"wp-block-spacer\"><\/div>\n\n\n\n<h2 class=\"wp-block-heading has-text-align-center has-luminous-vivid-amber-color has-black-background-color has-text-color has-background has-large-font-size\">TELE RADIO SUPRATEQ BASIC LINE \u0130LE TANI\u015eIN<\/h2>\n\n\n\n<div style=\"height:15px\" aria-hidden=\"true\" class=\"wp-block-spacer\"><\/div>\n\n\n\n<p class=\"has-text-align-center has-medium-font-size\">Bir\u00e7ok operasyon i\u00e7in uygundur ve cazip bir fiyatla sunulmaktad\u0131r. Standart kontrol elemanlar\u0131, 2\u201d ekran ve siyah \u00f6n panel ile donat\u0131lm\u0131\u015ft\u0131r. Verici \u00fczerinde detayl\u0131, grafiksel geri bildirim bilgilerini kullanmak istiyorsan\u0131z, 4,3\u201d renkli ekrana sahip SupraTEQ TW78 Custom Line \u00e7\u00f6z\u00fcm\u00fcn\u00fc \u00f6neririz. &nbsp;&nbsp;&nbsp;&nbsp;&nbsp;&nbsp;&nbsp;<\/p>\n\n\n\n<div style=\"height:29px\" aria-hidden=\"true\" class=\"wp-block-spacer\"><\/div>\n\n\n\n<h2 class=\"wp-block-heading has-text-align-center\">SUPRATEQ BASIC LINE VER\u0130C\u0130M\u0130Z<\/h2>\n\n\n\n<div class=\"wp-block-columns is-layout-flex wp-container-core-columns-is-layout-9d6595d7 wp-block-columns-is-layout-flex\">\n<div class=\"wp-block-column is-layout-flow wp-block-column-is-layout-flow\"><div class=\"wp-block-image is-style-default\">\n<figure class=\"aligncenter size-large\"><a href=\"https:\/\/www.tele-radio.com\/products\/teq-waist-transmitters\/suprateq-tw77\/\"><img loading=\"lazy\" decoding=\"async\" width=\"657\" height=\"1200\" src=\"https:\/\/www.tele-radio.com\/app\/uploads\/\/Suprateq_TW78_Product_Description_v2-657x1200.png\" alt=\"\" class=\"wp-image-109623\" srcset=\"https:\/\/www.tele-radio.com\/app\/uploads\/Suprateq_TW78_Product_Description_v2-657x1200.png 657w, https:\/\/www.tele-radio.com\/app\/uploads\/Suprateq_TW78_Product_Description_v2-219x400.png 219w, https:\/\/www.tele-radio.com\/app\/uploads\/Suprateq_TW78_Product_Description_v2-768x1402.png 768w, https:\/\/www.tele-radio.com\/app\/uploads\/Suprateq_TW78_Product_Description_v2-841x1536.png 841w, https:\/\/www.tele-radio.com\/app\/uploads\/Suprateq_TW78_Product_Description_v2-1122x2048.png 1122w, https:\/\/www.tele-radio.com\/app\/uploads\/Suprateq_TW78_Product_Description_v2-411x750.png 411w, https:\/\/www.tele-radio.com\/app\/uploads\/Suprateq_TW78_Product_Description_v2-274x500.png 274w, https:\/\/www.tele-radio.com\/app\/uploads\/Suprateq_TW78_Product_Description_v2-876x1600.png 876w, https:\/\/www.tele-radio.com\/app\/uploads\/Suprateq_TW78_Product_Description_v2-438x800.png 438w, https:\/\/www.tele-radio.com\/app\/uploads\/Suprateq_TW78_Product_Description_v2.png 1188w\" sizes=\"auto, (max-width: 657px) 100vw, 657px\" \/><\/a><\/figure><\/div><\/div>\n<\/div>\n\n\n\n<div style=\"height:43px\" aria-hidden=\"true\" class=\"wp-block-spacer\"><\/div>\n\n\n\n<h2 class=\"wp-block-heading has-text-align-center\">UYUMLU BASIC LINE ALICILARIMIZ<\/h2>\n\n\n\n<div class=\"wp-block-columns is-layout-flex wp-container-core-columns-is-layout-9d6595d7 wp-block-columns-is-layout-flex\">\n<div class=\"wp-block-column is-layout-flow wp-block-column-is-layout-flow\"><div class=\"wp-block-image\">\n<figure class=\"aligncenter size-large\"><a href=\"https:\/\/www.tele-radio.com\/products\/teq-waist-transmitters\/receiver-r20-1\/\"><img loading=\"lazy\" decoding=\"async\" width=\"657\" height=\"1200\" src=\"https:\/\/www.tele-radio.com\/app\/uploads\/\/Receivers_R20-RS0X_Product_Description-657x1200.png\" alt=\"\" class=\"wp-image-152765\" srcset=\"https:\/\/www.tele-radio.com\/app\/uploads\/Receivers_R20-RS0X_Product_Description-657x1200.png 657w, https:\/\/www.tele-radio.com\/app\/uploads\/Receivers_R20-RS0X_Product_Description-219x400.png 219w, https:\/\/www.tele-radio.com\/app\/uploads\/Receivers_R20-RS0X_Product_Description-768x1402.png 768w, https:\/\/www.tele-radio.com\/app\/uploads\/Receivers_R20-RS0X_Product_Description-841x1536.png 841w, https:\/\/www.tele-radio.com\/app\/uploads\/Receivers_R20-RS0X_Product_Description-1122x2048.png 1122w, https:\/\/www.tele-radio.com\/app\/uploads\/Receivers_R20-RS0X_Product_Description-411x750.png 411w, https:\/\/www.tele-radio.com\/app\/uploads\/Receivers_R20-RS0X_Product_Description-274x500.png 274w, https:\/\/www.tele-radio.com\/app\/uploads\/Receivers_R20-RS0X_Product_Description-876x1600.png 876w, https:\/\/www.tele-radio.com\/app\/uploads\/Receivers_R20-RS0X_Product_Description-438x800.png 438w, https:\/\/www.tele-radio.com\/app\/uploads\/Receivers_R20-RS0X_Product_Description.png 1650w\" sizes=\"auto, (max-width: 657px) 100vw, 657px\" \/><\/a><\/figure><\/div><\/div>\n\n\n\n<div class=\"wp-block-column is-layout-flow wp-block-column-is-layout-flow\"><div class=\"wp-block-image\">\n<figure class=\"aligncenter size-large\"><a href=\"https:\/\/www.tele-radio.com\/products\/teq-waist-transmitters\/receiver-r21-1\/\"><img loading=\"lazy\" decoding=\"async\" width=\"658\" height=\"1200\" src=\"https:\/\/www.tele-radio.com\/app\/uploads\/\/Receivers_R21-RS0X_Product_Description-658x1200.png\" alt=\"\" class=\"wp-image-152740\" srcset=\"https:\/\/www.tele-radio.com\/app\/uploads\/Receivers_R21-RS0X_Product_Description-658x1200.png 658w, https:\/\/www.tele-radio.com\/app\/uploads\/Receivers_R21-RS0X_Product_Description-219x400.png 219w, https:\/\/www.tele-radio.com\/app\/uploads\/Receivers_R21-RS0X_Product_Description-768x1402.png 768w, https:\/\/www.tele-radio.com\/app\/uploads\/Receivers_R21-RS0X_Product_Description-842x1536.png 842w, https:\/\/www.tele-radio.com\/app\/uploads\/Receivers_R21-RS0X_Product_Description-1122x2048.png 1122w, https:\/\/www.tele-radio.com\/app\/uploads\/Receivers_R21-RS0X_Product_Description-411x750.png 411w, https:\/\/www.tele-radio.com\/app\/uploads\/Receivers_R21-RS0X_Product_Description-274x500.png 274w, https:\/\/www.tele-radio.com\/app\/uploads\/Receivers_R21-RS0X_Product_Description-877x1600.png 877w, https:\/\/www.tele-radio.com\/app\/uploads\/Receivers_R21-RS0X_Product_Description-438x800.png 438w, https:\/\/www.tele-radio.com\/app\/uploads\/Receivers_R21-RS0X_Product_Description.png 1651w\" sizes=\"auto, (max-width: 658px) 100vw, 658px\" \/><\/a><\/figure><\/div><\/div>\n<\/div>\n\n\n\n<div style=\"height:87px\" aria-hidden=\"true\" class=\"wp-block-spacer\"><\/div>\n\n\n\n<h2 class=\"wp-block-heading has-text-align-center has-luminous-vivid-amber-color has-black-background-color has-text-color has-background\">\u00dcR\u00dcNLER\u0130M\u0130Z\u0130N KATMA DE\u011eER\u0130<\/h2>\n\n\n\n<div style=\"height:50px\" aria-hidden=\"true\" class=\"wp-block-spacer\"><\/div>\n\n\n<div class=\"wp-block-image\">\n<figure class=\"alignleft size-full is-resized\"><img loading=\"lazy\" decoding=\"async\" width=\"417\" height=\"417\" src=\"https:\/\/www.tele-radio.com\/app\/uploads\/Contact-1.png\" alt=\"\" class=\"wp-image-106305\" style=\"width:111px;height:111px\" srcset=\"https:\/\/www.tele-radio.com\/app\/uploads\/Contact-1.png 417w, https:\/\/www.tele-radio.com\/app\/uploads\/Contact-1-400x400.png 400w, https:\/\/www.tele-radio.com\/app\/uploads\/Contact-1-150x150.png 150w, https:\/\/www.tele-radio.com\/app\/uploads\/Contact-1-250x250.png 250w\" sizes=\"auto, (max-width: 417px) 100vw, 417px\" \/><\/figure><\/div>\n\n\n<p><strong>Sat\u0131\u015f Departman\u0131m\u0131z\u0131n g\u00fc\u00e7l\u00fc dan\u0131\u015fmanl\u0131\u011f\u0131<\/strong><\/p>\n\n\n\n<p>Uygulaman\u0131z i\u00e7in en uygun sistem hakk\u0131nda dan\u0131\u015fmanl\u0131k almak \u00fczere bizimle <a href=\"https:\/\/www.tele-radio.com\/contact-us\/\">ileti\u015fime ge\u00e7in<\/a>.&nbsp;<\/p>\n\n\n\n<p><\/p>\n\n\n\n<p><\/p>\n\n\n\n<div style=\"height:15px\" aria-hidden=\"true\" class=\"wp-block-spacer\"><\/div>\n\n\n<div class=\"wp-block-image\">\n<figure class=\"alignleft is-resized\"><img loading=\"lazy\" decoding=\"async\" width=\"162\" height=\"162\" src=\"https:\/\/www.tele-radio.com\/app\/uploads\/Signaal2.png\" alt=\"\" class=\"wp-image-40681\" style=\"width:111px;height:111px\" srcset=\"https:\/\/www.tele-radio.com\/app\/uploads\/Signaal2.png 162w, https:\/\/www.tele-radio.com\/app\/uploads\/Signaal2-150x150.png 150w\" sizes=\"auto, (max-width: 162px) 100vw, 162px\" \/><\/figure><\/div>\n\n\n<h3 class=\"wp-block-heading\"><strong>Kendi teknik servisimiz<\/strong><\/h3>\n\n\n\n<p>Tele Radio, destek, yerinde kurulum ve onar\u0131m hizmetleri i\u00e7in kendi Teknik Servis Departman\u0131na sahiptir.<\/p>\n\n\n\n<p><\/p>\n\n\n\n<p><\/p>\n\n\n\n<div style=\"height:15px\" aria-hidden=\"true\" class=\"wp-block-spacer\"><\/div>\n\n\n<div class=\"wp-block-image\">\n<figure class=\"alignleft is-resized\"><img loading=\"lazy\" decoding=\"async\" width=\"162\" height=\"162\" src=\"https:\/\/www.tele-radio.com\/app\/uploads\/Icon_safety.png\" alt=\"\" class=\"wp-image-42940\" style=\"width:111px;height:111px\" srcset=\"https:\/\/www.tele-radio.com\/app\/uploads\/Icon_safety.png 162w, https:\/\/www.tele-radio.com\/app\/uploads\/Icon_safety-150x150.png 150w\" sizes=\"auto, (max-width: 162px) 100vw, 162px\" \/><\/figure><\/div>\n\n\n<h3 class=\"wp-block-heading\"><strong>\u00c7e\u015fitli ba\u011f\u0131ms\u0131z g\u00fcvenlik sertifikalar\u0131<\/strong><\/h3>\n\n\n\n<p>G\u00fcvenlik sertifikas\u0131na sahip t\u00fcm Tele Radio \u00fcr\u00fcnleri i\u00e7in, ba\u011f\u0131ms\u0131z test kurulu\u015fu taraf\u0131ndan sa\u011flanan onay raporlar\u0131n\u0131 temin edebiliriz. Daha fazla bilgi i\u00e7in&nbsp;<a href=\"https:\/\/www.tele-radio.com\/iso-certifications\/\">BURAYA<\/a>.<\/p>\n\n\n\n<div style=\"height:60px\" aria-hidden=\"true\" class=\"wp-block-spacer\"><\/div>\n\n\n\n<figure class=\"wp-block-image size-full is-style-default\"><a href=\"https:\/\/www.tele-radio.com\/tr\/custom-line-cozumleri\/\"><img loading=\"lazy\" decoding=\"async\" width=\"1036\" height=\"373\" src=\"https:\/\/www.tele-radio.com\/app\/uploads\/Banner_Custom_Line-3.png\" alt=\"\" class=\"wp-image-140591\" srcset=\"https:\/\/www.tele-radio.com\/app\/uploads\/Banner_Custom_Line-3.png 1036w, https:\/\/www.tele-radio.com\/app\/uploads\/Banner_Custom_Line-3-400x144.png 400w, https:\/\/www.tele-radio.com\/app\/uploads\/Banner_Custom_Line-3-768x277.png 768w, https:\/\/www.tele-radio.com\/app\/uploads\/Banner_Custom_Line-3-750x270.png 750w, https:\/\/www.tele-radio.com\/app\/uploads\/Banner_Custom_Line-3-500x180.png 500w, https:\/\/www.tele-radio.com\/app\/uploads\/Banner_Custom_Line-3-800x288.png 800w\" sizes=\"auto, (max-width: 1036px) 100vw, 1036px\" \/><\/a><\/figure>\n","protected":false},"excerpt":{"rendered":"<p>SUPRATEQ En \u00fcst d\u00fczey, tam boyutlu bel tipi vericimiz TEQ bel tipi verici \u00fcr\u00fcn grubumuz i\u00e7erisindeki en geli\u015fmi\u015f \u00e7ok y\u00f6nl\u00fc \u00e7\u00f6z\u00fcm\u00fcm\u00fczd\u00fcr. Yakla\u015f\u0131k 33 santimetre boyutunda olup do\u011fal formda tutma kollar\u0131 ve kavisli, ergonomik olarak tasarlanm\u0131\u015f bir muhafazaya sahiptir. Boyutu sayesinde \u00f6n panelde \u00e7ok say\u0131da kontrol eleman\u0131 i\u00e7in geni\u015f alan sunar ve en kapsaml\u0131 g\u00f6revleri yerine [&hellip;]<\/p>\n","protected":false},"author":52,"featured_media":0,"parent":0,"menu_order":0,"comment_status":"closed","ping_status":"closed","template":"","meta":{"_acf_changed":false,"footnotes":""},"class_list":["post-287806","page","type-page","status-publish","hentry"],"acf":[],"_links":{"self":[{"href":"https:\/\/www.tele-radio.com\/tr\/wp-json\/wp\/v2\/pages\/287806","targetHints":{"allow":["GET"]}}],"collection":[{"href":"https:\/\/www.tele-radio.com\/tr\/wp-json\/wp\/v2\/pages"}],"about":[{"href":"https:\/\/www.tele-radio.com\/tr\/wp-json\/wp\/v2\/types\/page"}],"author":[{"embeddable":true,"href":"https:\/\/www.tele-radio.com\/tr\/wp-json\/wp\/v2\/users\/52"}],"replies":[{"embeddable":true,"href":"https:\/\/www.tele-radio.com\/tr\/wp-json\/wp\/v2\/comments?post=287806"}],"version-history":[{"count":4,"href":"https:\/\/www.tele-radio.com\/tr\/wp-json\/wp\/v2\/pages\/287806\/revisions"}],"predecessor-version":[{"id":288669,"href":"https:\/\/www.tele-radio.com\/tr\/wp-json\/wp\/v2\/pages\/287806\/revisions\/288669"}],"wp:attachment":[{"href":"https:\/\/www.tele-radio.com\/tr\/wp-json\/wp\/v2\/media?parent=287806"}],"curies":[{"name":"wp","href":"https:\/\/api.w.org\/{rel}","templated":true}]}}