{"id":287711,"date":"2026-03-26T13:39:27","date_gmt":"2026-03-26T13:39:27","guid":{"rendered":"https:\/\/www.tele-radio.com\/?page_id=287711"},"modified":"2026-03-27T09:07:49","modified_gmt":"2026-03-27T09:07:49","slug":"custom-line-cozumleri","status":"publish","type":"page","link":"https:\/\/www.tele-radio.com\/tr\/custom-line-cozumleri\/","title":{"rendered":"CUSTOM LINE \u00c7\u00d6Z\u00dcMLER\u0130"},"content":{"rendered":"\n<h1 class=\"wp-block-heading\">CUSTOM LINE \u00c7\u00d6Z\u00dcMLER\u0130<\/h1>\n\n\n\n<div style=\"height:24px\" aria-hidden=\"true\" class=\"wp-block-spacer\"><\/div>\n\n\n\n<div class=\"wp-block-cover\" style=\"min-height:698px;aspect-ratio:unset;\"><img loading=\"lazy\" decoding=\"async\" width=\"2560\" height=\"1707\" class=\"wp-block-cover__image-background wp-image-106791\" alt=\"\" src=\"https:\/\/www.tele-radio.com\/app\/uploads\/TW78_4-scaled.jpg\" data-object-fit=\"cover\" srcset=\"https:\/\/www.tele-radio.com\/app\/uploads\/TW78_4-scaled.jpg 2560w, https:\/\/www.tele-radio.com\/app\/uploads\/TW78_4-400x267.jpg 400w, https:\/\/www.tele-radio.com\/app\/uploads\/TW78_4-1200x800.jpg 1200w, https:\/\/www.tele-radio.com\/app\/uploads\/TW78_4-768x512.jpg 768w, https:\/\/www.tele-radio.com\/app\/uploads\/TW78_4-1536x1024.jpg 1536w\" sizes=\"auto, (max-width: 2560px) 100vw, 2560px\" \/><span aria-hidden=\"true\" class=\"wp-block-cover__background has-black-background-color has-background-dim-10 has-background-dim\"><\/span><div class=\"wp-block-cover__inner-container is-layout-flow wp-block-cover-is-layout-flow\">\n<h2 class=\"wp-block-heading has-text-align-center has-large-font-size\">En k\u00fc\u00e7\u00fck detay\u0131na kadar \u00f6zelle\u015ftirme<\/h2>\n<\/div><\/div>\n\n\n\n<div style=\"height:37px\" aria-hidden=\"true\" class=\"wp-block-spacer\"><\/div>\n\n\n\n<h2 class=\"wp-block-heading\"><meta charset=\"utf-8\">VERSATEQ ve SUPRATEQ model serilerimiz i\u00e7in<\/h2>\n\n\n\n<p>Hem VersaTEQ hem de SupraTEQ\u2019nun mod\u00fcler yap\u0131s\u0131 sayesinde bu \u00fcr\u00fcnlerin esnekli\u011fi son derece y\u00fcksektir. \u0130lk olarak muhafaza se\u00e7imi ile ba\u015flars\u0131n\u0131z; b\u00fcy\u00fck SupraTEQ veya orta segment VersaTEQ. Ard\u0131ndan, vericilerin i\u00e7 yap\u0131s\u0131nda geni\u015f bir teknik se\u00e7enek yelpazesinden se\u00e7im yapabilirsiniz. T\u00fcm vericiler, tam olarak ihtiya\u00e7lar\u0131n\u0131za g\u00f6re yap\u0131land\u0131r\u0131labilir. Elbette bu teknik se\u00e7eneklerin yan\u0131 s\u0131ra, hayal edilebilecek t\u00fcm standart kontrol elemanlar\u0131; en son buton, joystick veya paddle\u2019a kadar m\u00fcmk\u00fcnd\u00fcr. \u00d6n panel, tam renkli bask\u0131 veya kaz\u0131ma olarak \u00f6zelle\u015ftirilebilir; se\u00e7im tamamen size aittir.<\/p>\n\n\n\n<p>Kompakt al\u0131c\u0131lar da ihtiya\u00e7lar\u0131n\u0131za y\u00fcksek derecede uyarlanabilir: birden fazla programlanabilir I\/O, \u00e7oklu fieldbus protokolleri, t\u00fcm giri\u015f\/\u00e7\u0131k\u0131\u015flar programlanabilir, harici anten ve \u00f6zel kablolama m\u00fcmk\u00fcnd\u00fcr.<\/p>\n\n\n\n<p>Custom Line bel tipi sisteminiz ihtiya\u00e7lar\u0131n\u0131za kusursuz \u015fekilde uyum sa\u011flar. VersaTEQ ve SupraTEQ sistemleri i\u00e7in sundu\u011fumuz ki\u015fiselle\u015ftirmenin g\u00fcc\u00fc budur.<\/p>\n\n\n\n<div style=\"height:33px\" aria-hidden=\"true\" class=\"wp-block-spacer\"><\/div>\n\n\n\n<h2 class=\"wp-block-heading has-text-align-center has-luminous-vivid-amber-color has-black-background-color has-text-color has-background has-large-font-size\">\u00d6ZEL TASARIM BEL T\u0130P\u0130 S\u0130STEMLER\u0130M\u0130Z\u0130N ESNEKL\u0130\u011e\u0130N\u0130 KE\u015eFED\u0130N<\/h2>\n\n\n\n<div style=\"height:39px\" aria-hidden=\"true\" class=\"wp-block-spacer\"><\/div>\n\n\n\n<h2 class=\"wp-block-heading has-text-align-center\">MUHAFAZANIZI SE\u00c7\u0130N<\/h2>\n\n\n\n<div style=\"height:46px\" aria-hidden=\"true\" class=\"wp-block-spacer\"><\/div>\n\n\n\n<figure class=\"wp-block-table is-style-stripes\"><table class=\"has-black-color has-luminous-vivid-amber-background-color has-text-color has-background\"><thead><tr><th class=\"has-text-align-center\" data-align=\"center\"><meta charset=\"utf-8\"><strong>VersaTEQ TW57<\/strong><\/th><th class=\"has-text-align-center\" data-align=\"center\"><meta charset=\"utf-8\"><strong>SupraTEQ TW77<\/strong><\/th><th class=\"has-text-align-center\" data-align=\"center\"><meta charset=\"utf-8\"><strong>SupraTEQ TW78<\/strong><\/th><\/tr><\/thead><tbody><tr><td class=\"has-text-align-center\" data-align=\"center\">24 cm<\/td><td class=\"has-text-align-center\" data-align=\"center\">33 cm<\/td><td class=\"has-text-align-center\" data-align=\"center\">33 cm<\/td><\/tr><tr><td class=\"has-text-align-center\" data-align=\"center\">320 x 240 px ekran<\/td><td class=\"has-text-align-center\" data-align=\"center\">320 x 240 px ekran<\/td><td class=\"has-text-align-center\" data-align=\"center\">480 x 272 px ekran<\/td><\/tr><\/tbody><\/table><\/figure>\n\n\n\n<div style=\"height:68px\" aria-hidden=\"true\" class=\"wp-block-spacer\"><\/div>\n\n\n\n<h2 class=\"wp-block-heading has-text-align-center\">S\u0130PAR\u0130\u015eE G\u00d6RE SE\u00c7ENEKLER\u0130N\u0130Z<\/h2>\n\n\n\n<div style=\"height:67px\" aria-hidden=\"true\" class=\"wp-block-spacer\"><\/div>\n\n\n<div class=\"wp-block-image\">\n<figure class=\"aligncenter size-large is-resized\"><img loading=\"lazy\" decoding=\"async\" width=\"1200\" height=\"632\" src=\"https:\/\/www.tele-radio.com\/app\/uploads\/\/PUMA_CUSTOM_OPTIONS-1200x632.png\" alt=\"UPPT\u00c4CK FLEXIBLITETEN MED V\u00c5RA PUMA CUSTOM LINE-S\u00c4NDARE\" class=\"wp-image-42772\" style=\"width:680px;height:358px\" srcset=\"https:\/\/www.tele-radio.com\/app\/uploads\/PUMA_CUSTOM_OPTIONS-1200x632.png 1200w, https:\/\/www.tele-radio.com\/app\/uploads\/PUMA_CUSTOM_OPTIONS-400x211.png 400w, https:\/\/www.tele-radio.com\/app\/uploads\/PUMA_CUSTOM_OPTIONS-768x405.png 768w, https:\/\/www.tele-radio.com\/app\/uploads\/PUMA_CUSTOM_OPTIONS-750x395.png 750w, https:\/\/www.tele-radio.com\/app\/uploads\/PUMA_CUSTOM_OPTIONS-500x264.png 500w, https:\/\/www.tele-radio.com\/app\/uploads\/PUMA_CUSTOM_OPTIONS-1600x843.png 1600w, https:\/\/www.tele-radio.com\/app\/uploads\/PUMA_CUSTOM_OPTIONS-800x422.png 800w, https:\/\/www.tele-radio.com\/app\/uploads\/PUMA_CUSTOM_OPTIONS.png 2000w\" sizes=\"auto, (max-width: 1200px) 100vw, 1200px\" \/><\/figure><\/div>\n\n\n<div style=\"height:28px\" aria-hidden=\"true\" class=\"wp-block-spacer\"><\/div>\n\n\n<div class=\"wp-block-image\">\n<figure class=\"aligncenter size-large is-resized\"><img decoding=\"async\" src=\"https:\/\/www.tele-radio.com\/app\/uploads\/\/icons_banner_UK-1200x266.jpg\" alt=\"\" style=\"width:537px;height:119px\"\/><\/figure><\/div>\n\n\n<div style=\"height:100px\" aria-hidden=\"true\" class=\"wp-block-spacer\"><\/div>\n\n\n\n<figure class=\"wp-block-table\"><table><tbody><tr><td><img decoding=\"async\" src=\"https:\/\/www.tele-radio.com\/app\/uploads\/PM_PM_HY-T24_0002.jpg\" alt=\"\" style=\"width: 500px;\"><\/td><td><span style=\"text-decoration: underline;\"><strong>Esnek<\/strong><br><\/span><br>Custom Line, yaz\u0131l\u0131m ayarlamalar\u0131 alan\u0131nda benzeri g\u00f6r\u00fclmemi\u015f olanaklar sunar. Sat\u0131\u015f departman\u0131m\u0131zla birlikte, kontrol edilen makine, vin\u00e7, ara\u00e7 veya geminin imkanlar\u0131na ve sizin ihtiya\u00e7lar\u0131n\u0131za g\u00f6re sistemin istenen fonksiyonlar\u0131n\u0131 belirleyebilirsiniz.<br>\u00d6rne\u011fin, uygulaman\u0131zdan gelen geri bildirim sinyallerini ekranda g\u00f6r\u00fcnt\u00fcleme se\u00e7ene\u011fi vard\u0131r. Vericiden makinenize kontrol ayarlar\u0131 i\u00e7in bir\u00e7ok se\u00e7enek mevcuttur ve LCD ekran isteklerinize g\u00f6re tasarlanabilir. Ayr\u0131ca kurumsal kimli\u011finiz sisteme entegre edilebilir, sinyaller grafik olarak g\u00f6sterilebilir, animasyonlar m\u00fcmk\u00fcnd\u00fcr ve \u00e7ok daha fazlas\u0131.<\/td><\/tr><\/tbody><\/table><\/figure>\n\n\n\n<figure class=\"wp-block-table\"><table><tbody><tr><td><img decoding=\"async\" src=\"https:\/\/www.tele-radio.com\/app\/uploads\/PM_PM_HY-T24_0006.jpg\" alt=\"\" style=\"width: 603px;\"><\/td><td><strong><span style=\"text-decoration: underline;\">Donan\u0131m ayarlamalar\u0131<br><\/span><\/strong><br>Verici i\u00e7in standart veya b\u00fcy\u00fck boy muhafaza se\u00e7iminin yan\u0131 s\u0131ra, donan\u0131m\u0131n b\u00fcy\u00fck bir k\u0131sm\u0131 kendi ihtiya\u00e7 ve tercihleriniz do\u011frultusunda uyarlanabilir. Tele Radio bel tipi vericileri bir\u00e7ok \u00f6zel \u00f6zellik i\u00e7in haz\u0131rd\u0131r.<br>\u00d6rne\u011fin, vericinin tutma kollar\u0131 karanl\u0131kta \u00f6n paneli ve kontrol elemanlar\u0131n\u0131 ayd\u0131nlatan LED ayd\u0131nlatma ile donat\u0131labilir. Dokunsal geri bildirim i\u00e7in titre\u015fim motoru eklenebilir. Vericiye fiziksel bir kilit uygulamas\u0131 da m\u00fcmk\u00fcnd\u00fcr. Elbette al\u0131c\u0131 da ihtiya\u00e7lar\u0131n\u0131za g\u00f6re uyarlanabilir. Dahili veya harici anten, aktif anten, ek r\u00f6leler, BUS mod\u00fclleri veya \u00f6zel kablolama ile donat\u0131labilir.<\/td><\/tr><\/tbody><\/table><\/figure>\n\n\n\n<figure class=\"wp-block-table\"><table><tbody><tr><td><img decoding=\"async\" src=\"https:\/\/www.tele-radio.com\/app\/uploads\/PM_PM_HY-T24_0004-1.jpg\" alt=\"\" style=\"width: 500px;\"><\/td><td><strong><span style=\"text-decoration: underline;\">Kontrol elemanlar\u0131<br><\/span><\/strong><br>Kontrol elemanlar\u0131, makinenizi, cihaz\u0131n\u0131z\u0131, arac\u0131n\u0131z\u0131 veya geminizi ne kadar kolay kullanabilece\u011finizi do\u011frudan belirler. Bu nedenle bile\u015fenlerin dikkatle se\u00e7ilmesi ve ayarlanmas\u0131 \u00f6nemlidir. Geni\u015f bir kontrol eleman\u0131 yelpazesi sunuyoruz.<br>Vericinizi, \u00fcst\u00fcnde buton bulunan veya bulunmayan farkl\u0131 joystick t\u00fcrleriyle donatabilirsiniz; paddle\u2019lar, \u00e7ok konumlu (basmal\u0131) anahtarlar, toggle switch\u2019ler, potansiyometreler vb. mevcuttur. Baz\u0131 kontrol elemanlar\u0131, \u00f6n panelde buton yan\u0131nda yer alan dahili LED veya LED g\u00f6stergeler ile donat\u0131labilir. Ayr\u0131ca butonlar, daha sezgisel kullan\u0131m i\u00e7in \u00f6zel renklerle tasarlanabilir.<\/td><\/tr><\/tbody><\/table><\/figure>\n\n\n\n<figure class=\"wp-block-table\"><table><tbody><tr><td><img decoding=\"async\" src=\"https:\/\/www.tele-radio.com\/app\/uploads\/PH_PM_HY-T24_0016.jpg\" alt=\"\" style=\"width: 449px;\"><\/td><td><strong><span style=\"text-decoration: underline;\">\u00d6n panel<br><\/span><\/strong><br>Vericinin \u00f6n paneli, Custom Line\u2019\u0131n en ay\u0131rt edici par\u00e7alar\u0131ndan biridir. \u00d6n paneli iste\u011finize g\u00f6re tasarlay\u0131p \u00fcreterek, verici kullan\u0131m kolayl\u0131\u011f\u0131 ve g\u00f6rsellik a\u00e7\u0131s\u0131ndan b\u00fcy\u00fck avantaj sa\u011flar. Kendi kurumsal kimli\u011finizi \u00f6n panele yans\u0131tabilirsiniz. Do\u011fru ikon ve i\u015faretlemeler ile daha verimli ve g\u00fcvenli kullan\u0131m sa\u011flars\u0131n\u0131z.<br>\u00d6n panel bask\u0131 veya kaz\u0131ma olarak \u00fcretilebilir. \u0130kon, logo, font vb. konularda tamamen \u00f6zg\u00fcrl\u00fck vard\u0131r. \u00d6n panel, vericinin geri kalan\u0131 gibi kir, s\u0131v\u0131, ya\u011f vb. etkilere kar\u015f\u0131 y\u00fcksek dayan\u0131kl\u0131l\u0131\u011fa sahiptir. Sat\u0131\u015f departman\u0131m\u0131z size en uygun sistem konusunda memnuniyetle yard\u0131mc\u0131 olacakt\u0131r.<\/td><\/tr><\/tbody><\/table><\/figure>\n\n\n\n<figure class=\"wp-block-table\"><table><tbody><tr><td><img decoding=\"async\" src=\"https:\/\/www.tele-radio.com\/app\/uploads\/Certificaten.jpg\" alt=\"\" style=\"width: 348px;\"><\/td><td><strong><span style=\"text-decoration: underline;\">Sertifikasyon<\/span><\/strong><br><br>Tele Radio sistemleri genellikle y\u00fcksek riskli alanlarda kullan\u0131lmaktad\u0131r. Bu durumlarda sistem g\u00fcvenli\u011fine her zaman g\u00fcvenebilmeniz gerekir. Acil bir durumda, g\u00fcvenlik stop fonksiyonu tasarland\u0131\u011f\u0131 gibi \u00e7al\u0131\u015fmal\u0131; uygulaman\u0131z\u0131 durdurmal\u0131d\u0131r!<br>Vericinin g\u00fcvenlik stop fonksiyonunun g\u00fcvenilirli\u011fi, \u00e7e\u015fitli resmi olarak tan\u0131mlanm\u0131\u015f g\u00fcvenlik seviyeleri ile g\u00f6sterilir&nbsp;<strong>(SIL3, PLd, PLe, vb.)<\/strong>. Bu g\u00fcvenlik seviyeleri i\u00e7in Tele Radio\u2019nun elde etti\u011fi ba\u011f\u0131ms\u0131z sertifikasyon \u00f6nemli bir fark yarat\u0131r.<br>Custom Line, istenilen g\u00fcvenlik seviyesi ile donat\u0131labilir. Bu sayede sistem her ko\u015fulda g\u00fcvenle kullan\u0131labilir.<\/td><\/tr><\/tbody><\/table><\/figure>\n\n\n\n<div style=\"height:71px\" aria-hidden=\"true\" class=\"wp-block-spacer\"><\/div>\n\n\n\n<h2 class=\"wp-block-heading has-text-align-center has-luminous-vivid-amber-color has-black-background-color has-text-color has-background\">\u00dcR\u00dcNLER\u0130M\u0130Z\u0130N KATMA DE\u011eER\u0130<\/h2>\n\n\n\n<div style=\"height:50px\" aria-hidden=\"true\" class=\"wp-block-spacer\"><\/div>\n\n\n<div class=\"wp-block-image is-style-rounded\">\n<figure class=\"alignleft size-full is-resized\"><img loading=\"lazy\" decoding=\"async\" width=\"417\" height=\"417\" src=\"https:\/\/www.tele-radio.com\/app\/uploads\/Contact-1.png\" alt=\"\" class=\"wp-image-106305\" style=\"width:111px;height:111px\" srcset=\"https:\/\/www.tele-radio.com\/app\/uploads\/Contact-1.png 417w, https:\/\/www.tele-radio.com\/app\/uploads\/Contact-1-400x400.png 400w, https:\/\/www.tele-radio.com\/app\/uploads\/Contact-1-150x150.png 150w, https:\/\/www.tele-radio.com\/app\/uploads\/Contact-1-250x250.png 250w\" sizes=\"auto, (max-width: 417px) 100vw, 417px\" \/><\/figure><\/div>\n\n\n<p><strong>Sat\u0131\u015f Departman\u0131m\u0131z\u0131n g\u00fc\u00e7l\u00fc dan\u0131\u015fmanl\u0131\u011f\u0131<\/strong><\/p>\n\n\n\n<p>Uygulaman\u0131z i\u00e7in en uygun sistem hakk\u0131nda dan\u0131\u015fmanl\u0131k almak \u00fczere bizimle <a href=\"https:\/\/www.tele-radio.com\/contact-us\/\">ileti\u015fime ge\u00e7in<\/a>.&nbsp;<\/p>\n\n\n\n<p><\/p>\n\n\n\n<p><\/p>\n\n\n\n<div style=\"height:15px\" aria-hidden=\"true\" class=\"wp-block-spacer\"><\/div>\n\n\n<div class=\"wp-block-image is-style-rounded\">\n<figure class=\"alignleft is-resized\"><img loading=\"lazy\" decoding=\"async\" width=\"162\" height=\"162\" src=\"https:\/\/www.tele-radio.com\/app\/uploads\/Signaal2.png\" alt=\"\" class=\"wp-image-40681\" style=\"width:111px;height:111px\" srcset=\"https:\/\/www.tele-radio.com\/app\/uploads\/Signaal2.png 162w, https:\/\/www.tele-radio.com\/app\/uploads\/Signaal2-150x150.png 150w\" sizes=\"auto, (max-width: 162px) 100vw, 162px\" \/><\/figure><\/div>\n\n\n<h3 class=\"wp-block-heading\"><strong>Kendi teknik servisimiz<\/strong><\/h3>\n\n\n\n<p>Tele Radio, destek, yerinde kurulum ve onar\u0131m hizmetleri i\u00e7in kendi Teknik Servis Departman\u0131na sahiptir.<\/p>\n\n\n\n<p><\/p>\n\n\n\n<p><\/p>\n\n\n\n<div style=\"height:15px\" aria-hidden=\"true\" class=\"wp-block-spacer\"><\/div>\n\n\n<div class=\"wp-block-image is-style-rounded\">\n<figure class=\"alignleft is-resized\"><img loading=\"lazy\" decoding=\"async\" width=\"162\" height=\"162\" src=\"https:\/\/www.tele-radio.com\/app\/uploads\/Icon_safety.png\" alt=\"\" class=\"wp-image-42940\" style=\"width:111px;height:111px\" srcset=\"https:\/\/www.tele-radio.com\/app\/uploads\/Icon_safety.png 162w, https:\/\/www.tele-radio.com\/app\/uploads\/Icon_safety-150x150.png 150w\" sizes=\"auto, (max-width: 162px) 100vw, 162px\" \/><\/figure><\/div>\n\n\n<h3 class=\"wp-block-heading\"><strong>\u00c7e\u015fitli ba\u011f\u0131ms\u0131z g\u00fcvenlik sertifikalar\u0131<\/strong><\/h3>\n\n\n\n<p>G\u00fcvenlik sertifikas\u0131na sahip t\u00fcm Tele Radio \u00fcr\u00fcnleri i\u00e7in, ba\u011f\u0131ms\u0131z test kurulu\u015fu taraf\u0131ndan sa\u011flanan onay raporlar\u0131n\u0131 temin edebiliriz. Daha fazla bilgi i\u00e7in&nbsp;<a href=\"https:\/\/www.tele-radio.com\/iso-certifications\/\">BURAYA<\/a>.<\/p>\n\n\n\n<p><\/p>\n\n\n\n<p><\/p>\n\n\n\n<p><\/p>\n\n\n\n<div style=\"height:55px\" aria-hidden=\"true\" class=\"wp-block-spacer\"><\/div>\n\n\n\n<div class=\"wp-block-columns is-layout-flex wp-container-core-columns-is-layout-9d6595d7 wp-block-columns-is-layout-flex\">\n<div class=\"wp-block-column is-layout-flow wp-block-column-is-layout-flow\"><div class=\"wp-block-image is-style-default\">\n<figure class=\"aligncenter size-large\"><a href=\"https:\/\/www.tele-radio.com\/suprateq\/\"><img loading=\"lazy\" decoding=\"async\" width=\"1200\" height=\"1032\" src=\"https:\/\/www.tele-radio.com\/app\/uploads\/\/SUPRATEQ_Banner_website-2-1200x1032.jpg\" alt=\"\" class=\"wp-image-106817\" srcset=\"https:\/\/www.tele-radio.com\/app\/uploads\/SUPRATEQ_Banner_website-2-1200x1032.jpg 1200w, https:\/\/www.tele-radio.com\/app\/uploads\/SUPRATEQ_Banner_website-2-400x344.jpg 400w, https:\/\/www.tele-radio.com\/app\/uploads\/SUPRATEQ_Banner_website-2-768x661.jpg 768w, https:\/\/www.tele-radio.com\/app\/uploads\/SUPRATEQ_Banner_website-2-750x645.jpg 750w, https:\/\/www.tele-radio.com\/app\/uploads\/SUPRATEQ_Banner_website-2-500x430.jpg 500w, https:\/\/www.tele-radio.com\/app\/uploads\/SUPRATEQ_Banner_website-2-800x688.jpg 800w, https:\/\/www.tele-radio.com\/app\/uploads\/SUPRATEQ_Banner_website-2.jpg 1425w\" sizes=\"auto, (max-width: 1200px) 100vw, 1200px\" \/><\/a><\/figure><\/div><\/div>\n\n\n\n<div class=\"wp-block-column is-layout-flow wp-block-column-is-layout-flow\"><div class=\"wp-block-image is-style-default\">\n<figure class=\"aligncenter size-large\"><a href=\"https:\/\/www.tele-radio.com\/versateq\/\"><img loading=\"lazy\" decoding=\"async\" width=\"1200\" height=\"1032\" src=\"https:\/\/www.tele-radio.com\/app\/uploads\/\/VERSATEQ_Banner_website-3-1200x1032.jpg\" alt=\"\" class=\"wp-image-106840\" srcset=\"https:\/\/www.tele-radio.com\/app\/uploads\/VERSATEQ_Banner_website-3-1200x1032.jpg 1200w, https:\/\/www.tele-radio.com\/app\/uploads\/VERSATEQ_Banner_website-3-400x344.jpg 400w, https:\/\/www.tele-radio.com\/app\/uploads\/VERSATEQ_Banner_website-3-768x660.jpg 768w, https:\/\/www.tele-radio.com\/app\/uploads\/VERSATEQ_Banner_website-3-750x645.jpg 750w, https:\/\/www.tele-radio.com\/app\/uploads\/VERSATEQ_Banner_website-3-500x430.jpg 500w, https:\/\/www.tele-radio.com\/app\/uploads\/VERSATEQ_Banner_website-3-800x688.jpg 800w, https:\/\/www.tele-radio.com\/app\/uploads\/VERSATEQ_Banner_website-3.jpg 1426w\" sizes=\"auto, (max-width: 1200px) 100vw, 1200px\" \/><\/a><\/figure><\/div><\/div>\n<\/div>\n","protected":false},"excerpt":{"rendered":"<p>CUSTOM LINE \u00c7\u00d6Z\u00dcMLER\u0130 VERSATEQ ve SUPRATEQ model serilerimiz i\u00e7in Hem VersaTEQ hem de SupraTEQ\u2019nun mod\u00fcler yap\u0131s\u0131 sayesinde bu \u00fcr\u00fcnlerin esnekli\u011fi son derece y\u00fcksektir. \u0130lk olarak muhafaza se\u00e7imi ile ba\u015flars\u0131n\u0131z; b\u00fcy\u00fck SupraTEQ veya orta segment VersaTEQ. Ard\u0131ndan, vericilerin i\u00e7 yap\u0131s\u0131nda geni\u015f bir teknik se\u00e7enek yelpazesinden se\u00e7im yapabilirsiniz. T\u00fcm vericiler, tam olarak ihtiya\u00e7lar\u0131n\u0131za g\u00f6re yap\u0131land\u0131r\u0131labilir. Elbette bu [&hellip;]<\/p>\n","protected":false},"author":52,"featured_media":0,"parent":0,"menu_order":0,"comment_status":"closed","ping_status":"closed","template":"","meta":{"_acf_changed":false,"footnotes":""},"class_list":["post-287711","page","type-page","status-publish","hentry"],"acf":[],"_links":{"self":[{"href":"https:\/\/www.tele-radio.com\/tr\/wp-json\/wp\/v2\/pages\/287711","targetHints":{"allow":["GET"]}}],"collection":[{"href":"https:\/\/www.tele-radio.com\/tr\/wp-json\/wp\/v2\/pages"}],"about":[{"href":"https:\/\/www.tele-radio.com\/tr\/wp-json\/wp\/v2\/types\/page"}],"author":[{"embeddable":true,"href":"https:\/\/www.tele-radio.com\/tr\/wp-json\/wp\/v2\/users\/52"}],"replies":[{"embeddable":true,"href":"https:\/\/www.tele-radio.com\/tr\/wp-json\/wp\/v2\/comments?post=287711"}],"version-history":[{"count":4,"href":"https:\/\/www.tele-radio.com\/tr\/wp-json\/wp\/v2\/pages\/287711\/revisions"}],"predecessor-version":[{"id":288667,"href":"https:\/\/www.tele-radio.com\/tr\/wp-json\/wp\/v2\/pages\/287711\/revisions\/288667"}],"wp:attachment":[{"href":"https:\/\/www.tele-radio.com\/tr\/wp-json\/wp\/v2\/media?parent=287711"}],"curies":[{"name":"wp","href":"https:\/\/api.w.org\/{rel}","templated":true}]}}