{"id":286852,"date":"2026-03-26T13:35:26","date_gmt":"2026-03-26T13:35:26","guid":{"rendered":"https:\/\/www.tele-radio.com\/?page_id=286852"},"modified":"2026-03-27T06:10:21","modified_gmt":"2026-03-27T06:10:21","slug":"teq-bel-tipi-vericiler","status":"publish","type":"page","link":"https:\/\/www.tele-radio.com\/tr\/teq-bel-tipi-vericiler\/","title":{"rendered":"TEQ BEL T\u0130P\u0130 VER\u0130C\u0130LER"},"content":{"rendered":"\n<h1 class=\"wp-block-heading\">TEQ BEL T\u0130P\u0130 VER\u0130C\u0130LER<\/h1>\n\n\n<div class=\"wp-block-image is-style-rounded\">\n<figure class=\"alignright size-large is-resized\"><img loading=\"lazy\" decoding=\"async\" width=\"1200\" height=\"1200\" src=\"https:\/\/www.tele-radio.com\/app\/uploads\/\/Waist_Band_Transmitter_Collage_v2-2-1200x1200.png\" alt=\"\" class=\"wp-image-105482\" style=\"width:425px;height:425px\" srcset=\"https:\/\/www.tele-radio.com\/app\/uploads\/Waist_Band_Transmitter_Collage_v2-2.png 1200w, https:\/\/www.tele-radio.com\/app\/uploads\/Waist_Band_Transmitter_Collage_v2-2-400x400.png 400w, https:\/\/www.tele-radio.com\/app\/uploads\/Waist_Band_Transmitter_Collage_v2-2-150x150.png 150w, https:\/\/www.tele-radio.com\/app\/uploads\/Waist_Band_Transmitter_Collage_v2-2-768x768.png 768w, https:\/\/www.tele-radio.com\/app\/uploads\/Waist_Band_Transmitter_Collage_v2-2-250x250.png 250w, https:\/\/www.tele-radio.com\/app\/uploads\/Waist_Band_Transmitter_Collage_v2-2-750x750.png 750w, https:\/\/www.tele-radio.com\/app\/uploads\/Waist_Band_Transmitter_Collage_v2-2-500x500.png 500w, https:\/\/www.tele-radio.com\/app\/uploads\/Waist_Band_Transmitter_Collage_v2-2-800x800.png 800w\" sizes=\"auto, (max-width: 1200px) 100vw, 1200px\" \/><\/figure><\/div>\n\n\n<h2 class=\"wp-block-heading\">En geni\u015f uygulama yelpazesi i\u00e7in<\/h2>\n\n\n\n<p>Kablosuz end\u00fcstriyel kumanda sistemleri alan\u0131nda 70 y\u0131l\u0131 a\u015fk\u0131n deneyime sahip olan Tele Radio, geni\u015f bir verici \u00fcr\u00fcn yelpazesi sunmaktad\u0131r. Bu vericiler, son kullan\u0131c\u0131n\u0131n ihtiya\u00e7lar\u0131na ve uygulaman\u0131n \u00f6zel gereksinimlerine tam uyum sa\u011flayacak \u015fekilde sorunsuz olarak \u00f6zelle\u015ftirilmektedir.<\/p>\n\n\n\n<p>Tele Radio <strong>TEQ bel tipi vericiler<\/strong>, en karma\u015f\u0131k kontrol \u00e7\u00f6z\u00fcmleri i\u00e7in tasarlanm\u0131\u015ft\u0131r. Bu vericiler boyun ask\u0131s\u0131, omuz ask\u0131s\u0131 veya bel kemeri kullan\u0131larak ta\u015f\u0131n\u0131r. El tipi vericilerimizden farkl\u0131 olarak, <strong>end\u00fcstriyel bel tipi vericilerimiz<\/strong> iki elle kullan\u0131m imk\u00e2n\u0131 sunar. Geni\u015f ve sa\u011flam tutma kollar\u0131, ergonomik ve rahat bir \u00e7al\u0131\u015fma pozisyonu sa\u011flar.<\/p>\n\n\n\n<p><strong>TEQ bel tipi vericilerimizi<\/strong> \u00fc\u00e7 farkl\u0131 boyutta sunmaktay\u0131z. Standart versiyon olarak temin edilebildi\u011fi gibi; butonlar, anahtarlar, joystick\u2019ler ve geri bildirim bilgileri gibi bile\u015fenlerle uygulaman\u0131za \u00f6zel olarak da \u00fcretilebilmektedir. Tercih sizin: kompakt ve kullan\u0131m\u0131 pratik bir verici se\u00e7ebilir ya da ek kontrol bile\u015fenleri i\u00e7in geni\u015f alan sunan daha b\u00fcy\u00fck modelleri tercih edebilirsiniz. Ayr\u0131ca, kontrol edilen makine veya ara\u00e7tan geri bildirim almak i\u00e7in 4,3 in\u00e7e kadar ekran se\u00e7ene\u011fi de bulunmaktad\u0131r.<\/p>\n\n\n\n<p>Tele Radio <strong><strong>TEQ bel tipi vericiler<\/strong><\/strong> ile uygulama olanaklar\u0131 neredeyse s\u0131n\u0131rs\u0131zd\u0131r.<\/p>\n\n\n\n<div style=\"height:37px\" aria-hidden=\"true\" class=\"wp-block-spacer\"><\/div>\n\n\n\n<div class=\"wp-block-columns is-layout-flex wp-container-core-columns-is-layout-9d6595d7 wp-block-columns-is-layout-flex\">\n<div class=\"wp-block-column is-layout-flow wp-block-column-is-layout-flow\">\n<h2 class=\"wp-block-heading has-text-align-center has-luminous-vivid-amber-color has-black-background-color has-text-color has-background\" style=\"font-size:30px\"><\/h2>\n\n\n\n<div style=\"height:52px\" aria-hidden=\"true\" class=\"wp-block-spacer\"><\/div>\n\n\n\n<div class=\"wp-block-columns is-layout-flex wp-container-core-columns-is-layout-9d6595d7 wp-block-columns-is-layout-flex\">\n<div class=\"wp-block-column is-layout-flow wp-block-column-is-layout-flow\">\n<figure class=\"wp-block-image size-large is-style-default\"><a href=\"https:\/\/www.tele-radio.com\/primateq-2\/\"><img loading=\"lazy\" decoding=\"async\" width=\"697\" height=\"1200\" src=\"https:\/\/www.tele-radio.com\/app\/uploads\/\/PRIMATEQ_Banner_website-2-697x1200.png\" alt=\"\" class=\"wp-image-144968\" srcset=\"https:\/\/www.tele-radio.com\/app\/uploads\/PRIMATEQ_Banner_website-2-697x1200.png 697w, https:\/\/www.tele-radio.com\/app\/uploads\/PRIMATEQ_Banner_website-2-232x400.png 232w, https:\/\/www.tele-radio.com\/app\/uploads\/PRIMATEQ_Banner_website-2-768x1322.png 768w, https:\/\/www.tele-radio.com\/app\/uploads\/PRIMATEQ_Banner_website-2-892x1536.png 892w, https:\/\/www.tele-radio.com\/app\/uploads\/PRIMATEQ_Banner_website-2-1190x2048.png 1190w, https:\/\/www.tele-radio.com\/app\/uploads\/PRIMATEQ_Banner_website-2-436x750.png 436w, https:\/\/www.tele-radio.com\/app\/uploads\/PRIMATEQ_Banner_website-2-290x500.png 290w, https:\/\/www.tele-radio.com\/app\/uploads\/PRIMATEQ_Banner_website-2-929x1600.png 929w, https:\/\/www.tele-radio.com\/app\/uploads\/PRIMATEQ_Banner_website-2-465x800.png 465w, https:\/\/www.tele-radio.com\/app\/uploads\/PRIMATEQ_Banner_website-2.png 1426w\" sizes=\"auto, (max-width: 697px) 100vw, 697px\" \/><\/a><\/figure>\n<\/div>\n\n\n\n<div class=\"wp-block-column is-layout-flow wp-block-column-is-layout-flow\">\n<figure class=\"wp-block-image size-large is-style-default\"><a href=\"https:\/\/www.tele-radio.com\/versateq\/\"><img loading=\"lazy\" decoding=\"async\" width=\"697\" height=\"1200\" src=\"https:\/\/www.tele-radio.com\/app\/uploads\/\/VERSATEQ_Banner_website-697x1200.png\" alt=\"\" class=\"wp-image-105347\" srcset=\"https:\/\/www.tele-radio.com\/app\/uploads\/VERSATEQ_Banner_website-697x1200.png 697w, https:\/\/www.tele-radio.com\/app\/uploads\/VERSATEQ_Banner_website-232x400.png 232w, https:\/\/www.tele-radio.com\/app\/uploads\/VERSATEQ_Banner_website-768x1322.png 768w, https:\/\/www.tele-radio.com\/app\/uploads\/VERSATEQ_Banner_website-892x1536.png 892w, https:\/\/www.tele-radio.com\/app\/uploads\/VERSATEQ_Banner_website-1190x2048.png 1190w, https:\/\/www.tele-radio.com\/app\/uploads\/VERSATEQ_Banner_website-436x750.png 436w, https:\/\/www.tele-radio.com\/app\/uploads\/VERSATEQ_Banner_website-290x500.png 290w, https:\/\/www.tele-radio.com\/app\/uploads\/VERSATEQ_Banner_website-929x1600.png 929w, https:\/\/www.tele-radio.com\/app\/uploads\/VERSATEQ_Banner_website-465x800.png 465w, https:\/\/www.tele-radio.com\/app\/uploads\/VERSATEQ_Banner_website.png 1426w\" sizes=\"auto, (max-width: 697px) 100vw, 697px\" \/><\/a><\/figure>\n<\/div>\n\n\n\n<div class=\"wp-block-column is-layout-flow wp-block-column-is-layout-flow\">\n<figure class=\"wp-block-image size-large is-style-default\"><a href=\"https:\/\/www.tele-radio.com\/suprateq\/\"><img loading=\"lazy\" decoding=\"async\" width=\"697\" height=\"1200\" src=\"https:\/\/www.tele-radio.com\/app\/uploads\/\/SUPRATEQ_Banner_website-2-697x1200.png\" alt=\"\" class=\"wp-image-106911\" srcset=\"https:\/\/www.tele-radio.com\/app\/uploads\/SUPRATEQ_Banner_website-2-697x1200.png 697w, https:\/\/www.tele-radio.com\/app\/uploads\/SUPRATEQ_Banner_website-2-232x400.png 232w, https:\/\/www.tele-radio.com\/app\/uploads\/SUPRATEQ_Banner_website-2-768x1323.png 768w, https:\/\/www.tele-radio.com\/app\/uploads\/SUPRATEQ_Banner_website-2-892x1536.png 892w, https:\/\/www.tele-radio.com\/app\/uploads\/SUPRATEQ_Banner_website-2-1189x2048.png 1189w, https:\/\/www.tele-radio.com\/app\/uploads\/SUPRATEQ_Banner_website-2-435x750.png 435w, https:\/\/www.tele-radio.com\/app\/uploads\/SUPRATEQ_Banner_website-2-290x500.png 290w, https:\/\/www.tele-radio.com\/app\/uploads\/SUPRATEQ_Banner_website-2-929x1600.png 929w, https:\/\/www.tele-radio.com\/app\/uploads\/SUPRATEQ_Banner_website-2-464x800.png 464w, https:\/\/www.tele-radio.com\/app\/uploads\/SUPRATEQ_Banner_website-2.png 1425w\" sizes=\"auto, (max-width: 697px) 100vw, 697px\" \/><\/a><\/figure>\n<\/div>\n<\/div>\n\n\n\n<div style=\"height:59px\" aria-hidden=\"true\" class=\"wp-block-spacer\"><\/div>\n\n\n\n<div class=\"wp-block-columns is-layout-flex wp-container-core-columns-is-layout-9d6595d7 wp-block-columns-is-layout-flex\">\n<div class=\"wp-block-column is-layout-flow wp-block-column-is-layout-flow\" style=\"flex-basis:25%\"><\/div>\n\n\n\n<div class=\"wp-block-column is-layout-flow wp-block-column-is-layout-flow\" style=\"flex-basis:50%\">\n<figure class=\"wp-block-embed is-type-video is-provider-youtube wp-block-embed-youtube wp-embed-aspect-16-9 wp-has-aspect-ratio\"><div class=\"wp-block-embed__wrapper\">\n<iframe loading=\"lazy\" title=\"TEQ Waist Transmitters | Safe, Smart &amp; Strong Industrial Control\" width=\"500\" height=\"281\" src=\"https:\/\/www.youtube.com\/embed\/IfN8CZxeD8Y?feature=oembed\" frameborder=\"0\" allow=\"accelerometer; autoplay; clipboard-write; encrypted-media; gyroscope; picture-in-picture; web-share\" referrerpolicy=\"strict-origin-when-cross-origin\" allowfullscreen><\/iframe>\n<\/div><\/figure>\n<\/div>\n\n\n\n<div class=\"wp-block-column is-layout-flow wp-block-column-is-layout-flow\" style=\"flex-basis:25%\"><\/div>\n<\/div>\n\n\n\n<div style=\"height:67px\" aria-hidden=\"true\" class=\"wp-block-spacer\"><\/div>\n\n\n\n<div class=\"wp-block-columns is-layout-flex wp-container-core-columns-is-layout-9d6595d7 wp-block-columns-is-layout-flex\">\n<div class=\"wp-block-column is-layout-flow wp-block-column-is-layout-flow\">\n<h2 class=\"wp-block-heading has-text-align-center has-luminous-vivid-amber-color has-black-background-color has-text-color has-background\" style=\"font-size:30px\">STANDARTI SE\u00c7\u0130N YA DA \u00d6ZEL \u00dcRET\u0130ME GE\u00c7\u0130N<\/h2>\n<\/div>\n<\/div>\n\n\n\n<div style=\"height:16px\" aria-hidden=\"true\" class=\"wp-block-spacer\"><\/div>\n\n\n\n<p>Standart (az ya da \u00e7ok) bir uygulama i\u00e7in vericiye mi ihtiyac\u0131n\u0131z var? Bu durumda <strong>PrimaTEQ, VersaTEQ veya SupraTEQ Basic Line<\/strong> versiyonunu tercih etmenizi \u00f6neririz. Bu vericiler sabit bir kontrol setine sahiptir, y\u00fcksek d\u00fczeyde uyarlanabilir, ba\u011f\u0131ms\u0131z olarak sertifikaland\u0131r\u0131lm\u0131\u015f bir stop butonuna sahiptir ve en iyi fiyat\/performans oran\u0131n\u0131 sunar.<\/p>\n\n\n\n<p><meta charset=\"utf-8\">Mevcut end\u00fcstri standartlar\u0131n\u0131 kar\u015f\u0131lamak amac\u0131yla, Tele Radio bel tipi vericiler geni\u015f bir BUS sistemi yelpazesi ile uyumludur.<\/p>\n\n\n\n<p>Uygulaman\u0131za \u00f6zel gereksinimleriniz varsa, uzmanlar\u0131m\u0131zla birlikte <strong>Custom Line(\u00d6zel Seri)<\/strong> versiyonunuzu olu\u015fturman\u0131z\u0131 \u00f6neririz. <\/p>\n\n\n\n<p>Ba\u015fl\u0131ca farklar\u0131 a\u015fa\u011f\u0131da g\u00f6rebilirsiniz:<\/p>\n\n\n\n<div class=\"wp-block-columns is-layout-flex wp-container-core-columns-is-layout-9d6595d7 wp-block-columns-is-layout-flex\">\n<div class=\"wp-block-column is-layout-flow wp-block-column-is-layout-flow\">\n<h2 class=\"wp-block-heading has-text-align-center has-medium-font-size\"><\/h2>\n\n\n\n<h2 class=\"wp-block-heading has-text-align-center has-luminous-vivid-amber-color has-text-color has-medium-font-size\"><strong>BASIC LINE(Temel Seri)<\/strong><\/h2>\n<\/div>\n\n\n\n<div class=\"wp-block-column is-layout-flow wp-block-column-is-layout-flow\">\n<h2 class=\"wp-block-heading has-text-align-center has-medium-font-size\"><\/h2>\n\n\n\n<h2 class=\"wp-block-heading has-text-align-center has-luminous-vivid-amber-color has-text-color has-medium-font-size\"><strong>CUSTOM LINE(\u00d6zel Seri)<\/strong><\/h2>\n<\/div>\n<\/div>\n\n\n\n<div class=\"wp-block-columns is-layout-flex wp-container-core-columns-is-layout-9d6595d7 wp-block-columns-is-layout-flex\">\n<div class=\"wp-block-column is-layout-flow wp-block-column-is-layout-flow\">\n<figure class=\"wp-block-table is-style-stripes\"><table class=\"has-fixed-layout\"><thead><tr><th class=\"has-text-align-center\" data-align=\"center\"><meta charset=\"utf-8\">VER\u0130C\u0130<\/th><th class=\"has-text-align-center\" data-align=\"center\"><meta charset=\"utf-8\">ALICI<\/th><\/tr><\/thead><tbody><tr><td class=\"has-text-align-center\" data-align=\"center\">\u00c7o\u011fu uygulama i\u00e7in uygundur<\/td><td class=\"has-text-align-center\" data-align=\"center\"><meta charset=\"utf-8\">\u00d6nceden programlanm\u0131\u015f I\/O\u2019lar<\/td><\/tr><tr><td class=\"has-text-align-center\" data-align=\"center\">Standart kontrol elemanlar\u0131<\/td><td class=\"has-text-align-center\" data-align=\"center\">M12 konnekt\u00f6r, kablolu kontrol i\u00e7in haz\u0131r<\/td><\/tr><tr><td class=\"has-text-align-center\" data-align=\"center\">Temel siyah \u00f6n panel<\/td><td class=\"has-text-align-center\" data-align=\"center\">RPSMA konnekt\u00f6r, harici anten i\u00e7in haz\u0131r<\/td><\/tr><tr><td class=\"has-text-align-center\" data-align=\"center\">En iyi fiyat<\/td><td class=\"has-text-align-center\" data-align=\"center\">2 farkl\u0131 al\u0131c\u0131 tipi se\u00e7ene\u011fi<\/td><\/tr><\/tbody><\/table><\/figure>\n<\/div>\n\n\n\n<div class=\"wp-block-column is-layout-flow wp-block-column-is-layout-flow\">\n<figure class=\"wp-block-table is-style-stripes\"><table class=\"has-fixed-layout\"><thead><tr><th class=\"has-text-align-center\" data-align=\"center\"><meta charset=\"utf-8\">VER\u0130C\u0130<\/th><th class=\"has-text-align-center\" data-align=\"center\"><meta charset=\"utf-8\">ALICI<\/th><\/tr><\/thead><tbody><tr><td class=\"has-text-align-center\" data-align=\"center\">Uygulamaya \u00f6zel<\/td><td class=\"has-text-align-center\" data-align=\"center\">Birden fazla programlanabilir I\/O<\/td><\/tr><tr><td class=\"has-text-align-center\" data-align=\"center\">T\u00fcm kontrol elemanlar\u0131 desteklenir<\/td><td class=\"has-text-align-center\" data-align=\"center\">Birden fazla fieldbus protokol\u00fc desteklenir<\/td><\/tr><tr><td class=\"has-text-align-center\" data-align=\"center\">\u00d6zelle\u015ftirilmi\u015f \u00f6n panel<br><br><\/td><td class=\"has-text-align-center\" data-align=\"center\">All outputs &amp; inputs possible<br><\/td><\/tr><tr><td class=\"has-text-align-center\" data-align=\"center\">Fiyat talep \u00fczerine belirlenir<\/td><td class=\"has-text-align-center\" data-align=\"center\">\u00d6zelle\u015ftirilmi\u015f kablolama \u00e7\u00f6z\u00fcm\u00fc<\/td><\/tr><\/tbody><\/table><\/figure>\n<\/div>\n<\/div>\n<\/div>\n<\/div>\n\n\n\n<div style=\"height:20px\" aria-hidden=\"true\" class=\"wp-block-spacer\"><\/div>\n\n\n\n<h2 class=\"wp-block-heading has-text-align-center has-luminous-vivid-amber-color has-black-background-color has-text-color has-background\" style=\"font-size:30px\">AKSESUARLARINIZI SE\u00c7\u0130N<\/h2>\n\n\n\n<div style=\"height:21px\" aria-hidden=\"true\" class=\"wp-block-spacer\"><\/div>\n\n\n\n<p class=\"has-text-align-center has-medium-font-size\">Sisteminiz i\u00e7in repeater\/aktif anten, batarya sistemi, harici anten vb. dahil olmak \u00fczere geni\u015f bir aksesuar yelpazesi sunmaktay\u0131z. <\/p>\n\n\n\n<div style=\"height:13px\" aria-hidden=\"true\" class=\"wp-block-spacer\"><\/div>\n\n\n\n<div class=\"wp-block-columns is-layout-flex wp-container-core-columns-is-layout-9d6595d7 wp-block-columns-is-layout-flex\">\n<div class=\"wp-block-column is-layout-flow wp-block-column-is-layout-flow\">\n<div class=\"wp-block-media-text alignwide is-stacked-on-mobile is-vertically-aligned-center\" style=\"grid-template-columns:41% auto\"><figure class=\"wp-block-media-text__media\"><a href=\"https:\/\/www.tele-radio.com\/products\/accessories\/d5-21\/\"><img decoding=\"async\" src=\"https:\/\/www.tele-radio.com\/app\/uploads\/New_logo_Repeater_Active_Antenna_vrijstaand-kopi\u00ebren-1200x1200.jpg\" alt=\"\" class=\"wp-image-106551 size-full\"\/><\/a><\/figure><div class=\"wp-block-media-text__content\">\n<p class=\"has-normal-font-size\"><strong>AKT\u0130F ANTEN<\/strong> (PRIMATEQ ile uyumlu de\u011fildir)<br><br>Repeater(tekrarlay\u0131c\u0131)\/aktif anten, \u00e7al\u0131\u015fma menzilinizi arazide 2 kilometreye kadar art\u0131rman\u0131n etkili bir yoludur (maksimum 16 repeater(tekrarlay\u0131c\u0131) ile).<\/p>\n\n\n\n<ul class=\"wp-block-list\">\n<li>Ayn\u0131 muhafaza i\u00e7inde aktif anten<\/li>\n\n\n\n<li>2 kilometre \/ 1.25 mil menzil<\/li>\n\n\n\n<li>Anten \u00e7e\u015fitlili\u011fi deste\u011fi<\/li>\n<\/ul>\n<\/div><\/div>\n\n\n\n<p><\/p>\n<\/div>\n\n\n\n<div class=\"wp-block-column is-layout-flow wp-block-column-is-layout-flow\">\n<div class=\"wp-block-media-text alignwide is-stacked-on-mobile is-vertically-aligned-center\"><figure class=\"wp-block-media-text__media\"><a href=\"https:\/\/www.tele-radio.com\/products\/accessories\/m769755-2\/\"><img loading=\"lazy\" decoding=\"async\" width=\"1200\" height=\"830\" src=\"https:\/\/www.tele-radio.com\/app\/uploads\/\/PM_M769755_2-1-1200x830.png\" alt=\"\" class=\"wp-image-106528 size-full\" srcset=\"https:\/\/www.tele-radio.com\/app\/uploads\/PM_M769755_2-1-1200x830.png 1200w, https:\/\/www.tele-radio.com\/app\/uploads\/PM_M769755_2-1-400x277.png 400w, https:\/\/www.tele-radio.com\/app\/uploads\/PM_M769755_2-1-768x531.png 768w, https:\/\/www.tele-radio.com\/app\/uploads\/PM_M769755_2-1-1536x1062.png 1536w, https:\/\/www.tele-radio.com\/app\/uploads\/PM_M769755_2-1-750x519.png 750w, https:\/\/www.tele-radio.com\/app\/uploads\/PM_M769755_2-1-500x346.png 500w, https:\/\/www.tele-radio.com\/app\/uploads\/PM_M769755_2-1-1600x1107.png 1600w, https:\/\/www.tele-radio.com\/app\/uploads\/PM_M769755_2-1-800x553.png 800w, https:\/\/www.tele-radio.com\/app\/uploads\/PM_M769755_2-1.png 1800w\" sizes=\"auto, (max-width: 1200px) 100vw, 1200px\" \/><\/a><\/figure><div class=\"wp-block-media-text__content\">\n<p class=\"has-normal-font-size\"><strong>BATARYA S\u0130STEM\u0130<\/strong><\/p>\n\n\n\n<p class=\"has-normal-font-size\">Tele Radio TEQ i\u00e7in y\u00fcksek kapasiteli Li-ion bataryalar, RFID* etiketleri ile donat\u0131lm\u0131\u015ft\u0131r ve kesintisiz kontrol i\u00e7in hot-swap (\u00e7al\u0131\u015fma s\u0131ras\u0131nda de\u011fi\u015ftirilebilir) \u00f6zelli\u011fine sahiptir.<\/p>\n\n\n\n<ul class=\"wp-block-list has-normal-font-size\">\n<li>Hot-swappable(\u00c7al\u0131\u015fma s\u0131ras\u0131nda de\u011fi\u015ftirilebilir)<\/li>\n\n\n\n<li>RFID(Radyo Frekans\u0131 ile Tan\u0131mlama)<\/li>\n\n\n\n<li>Duvar\/masa tipi \u015farj cihaz\u0131 mevcuttur<\/li>\n<\/ul>\n\n\n\n<p>*Standart de\u011fildir \/ yaln\u0131zca CUSTOM LINE i\u00e7in <\/p>\n<\/div><\/div>\n<\/div>\n<\/div>\n\n\n\n<div class=\"wp-block-columns is-layout-flex wp-container-core-columns-is-layout-9d6595d7 wp-block-columns-is-layout-flex\">\n<div class=\"wp-block-column is-layout-flow wp-block-column-is-layout-flow\">\n<div class=\"wp-block-media-text alignwide is-stacked-on-mobile\"><figure class=\"wp-block-media-text__media\"><img loading=\"lazy\" decoding=\"async\" width=\"1200\" height=\"1200\" src=\"https:\/\/www.tele-radio.com\/app\/uploads\/\/Belly_Belt-1200x1200.png\" alt=\"\" class=\"wp-image-106576 size-full\" srcset=\"https:\/\/www.tele-radio.com\/app\/uploads\/Belly_Belt-1200x1200.png 1200w, https:\/\/www.tele-radio.com\/app\/uploads\/Belly_Belt-400x400.png 400w, https:\/\/www.tele-radio.com\/app\/uploads\/Belly_Belt-150x150.png 150w, https:\/\/www.tele-radio.com\/app\/uploads\/Belly_Belt-768x768.png 768w, https:\/\/www.tele-radio.com\/app\/uploads\/Belly_Belt-1536x1536.png 1536w, https:\/\/www.tele-radio.com\/app\/uploads\/Belly_Belt-2048x2048.png 2048w, https:\/\/www.tele-radio.com\/app\/uploads\/Belly_Belt-250x250.png 250w, https:\/\/www.tele-radio.com\/app\/uploads\/Belly_Belt-750x750.png 750w, https:\/\/www.tele-radio.com\/app\/uploads\/Belly_Belt-500x500.png 500w, https:\/\/www.tele-radio.com\/app\/uploads\/Belly_Belt-1600x1600.png 1600w, https:\/\/www.tele-radio.com\/app\/uploads\/Belly_Belt-800x800.png 800w\" sizes=\"auto, (max-width: 1200px) 100vw, 1200px\" \/><\/figure><div class=\"wp-block-media-text__content\">\n<p><strong>BEL KEMER\u0130<\/strong><\/p>\n\n\n\n<p class=\"has-normal-font-size\">Maksimum konfor i\u00e7in bel kemeri. Uzunlu\u011fu ayarlanabilir. T\u00fcm <strong>TEQ bel tipi vericiler<\/strong> ile uyumludur. Vericinizi kullan\u0131rken ekstra konfor sa\u011flar.<\/p>\n<\/div><\/div>\n<\/div>\n<\/div>\n\n\n\n<div style=\"height:60px\" aria-hidden=\"true\" class=\"wp-block-spacer\"><\/div>\n\n\n\n<h2 class=\"wp-block-heading\"><br><\/h2>\n","protected":false},"excerpt":{"rendered":"<p>TEQ BEL T\u0130P\u0130 VER\u0130C\u0130LER En geni\u015f uygulama yelpazesi i\u00e7in Kablosuz end\u00fcstriyel kumanda sistemleri alan\u0131nda 70 y\u0131l\u0131 a\u015fk\u0131n deneyime sahip olan Tele Radio, geni\u015f bir verici \u00fcr\u00fcn yelpazesi sunmaktad\u0131r. Bu vericiler, son kullan\u0131c\u0131n\u0131n ihtiya\u00e7lar\u0131na ve uygulaman\u0131n \u00f6zel gereksinimlerine tam uyum sa\u011flayacak \u015fekilde sorunsuz olarak \u00f6zelle\u015ftirilmektedir. Tele Radio TEQ bel tipi vericiler, en karma\u015f\u0131k kontrol \u00e7\u00f6z\u00fcmleri i\u00e7in [&hellip;]<\/p>\n","protected":false},"author":52,"featured_media":107023,"parent":0,"menu_order":0,"comment_status":"closed","ping_status":"closed","template":"","meta":{"_acf_changed":false,"footnotes":""},"class_list":["post-286852","page","type-page","status-publish","has-post-thumbnail","hentry"],"acf":[],"_links":{"self":[{"href":"https:\/\/www.tele-radio.com\/tr\/wp-json\/wp\/v2\/pages\/286852","targetHints":{"allow":["GET"]}}],"collection":[{"href":"https:\/\/www.tele-radio.com\/tr\/wp-json\/wp\/v2\/pages"}],"about":[{"href":"https:\/\/www.tele-radio.com\/tr\/wp-json\/wp\/v2\/types\/page"}],"author":[{"embeddable":true,"href":"https:\/\/www.tele-radio.com\/tr\/wp-json\/wp\/v2\/users\/52"}],"replies":[{"embeddable":true,"href":"https:\/\/www.tele-radio.com\/tr\/wp-json\/wp\/v2\/comments?post=286852"}],"version-history":[{"count":3,"href":"https:\/\/www.tele-radio.com\/tr\/wp-json\/wp\/v2\/pages\/286852\/revisions"}],"predecessor-version":[{"id":288656,"href":"https:\/\/www.tele-radio.com\/tr\/wp-json\/wp\/v2\/pages\/286852\/revisions\/288656"}],"wp:featuredmedia":[{"embeddable":true,"href":"https:\/\/www.tele-radio.com\/tr\/wp-json\/wp\/v2\/media\/107023"}],"wp:attachment":[{"href":"https:\/\/www.tele-radio.com\/tr\/wp-json\/wp\/v2\/media?parent=286852"}],"curies":[{"name":"wp","href":"https:\/\/api.w.org\/{rel}","templated":true}]}}