{"id":284490,"date":"2026-03-17T10:44:30","date_gmt":"2026-03-17T10:44:30","guid":{"rendered":"https:\/\/www.tele-radio.com\/?page_id=284490"},"modified":"2026-03-23T05:48:14","modified_gmt":"2026-03-23T05:48:14","slug":"mobil-hidrolik","status":"publish","type":"page","link":"https:\/\/www.tele-radio.com\/tr\/mobil-hidrolik\/","title":{"rendered":"MOB\u0130L &#038; H\u0130DROL\u0130K"},"content":{"rendered":"\n<div style=\"height:31px\" aria-hidden=\"true\" class=\"wp-block-spacer\"><\/div>\n\n\n\n<h1 class=\"wp-block-heading has-text-align-center\"><strong><strong>MOB\u0130L &amp; H\u0130DROL\u0130K<\/strong><\/strong><\/h1>\n\n\n\n<div style=\"height:26px\" aria-hidden=\"true\" class=\"wp-block-spacer\"><\/div>\n\n\n\n<div class=\"wp-block-columns is-layout-flex wp-container-core-columns-is-layout-9d6595d7 wp-block-columns-is-layout-flex\">\n<div class=\"wp-block-column is-layout-flow wp-block-column-is-layout-flow\">\n<h1 class=\"wp-block-heading\">\u00c7al\u0131\u015fma Alan\u0131 Olarak Yol<\/h1>\n\n\n\n<p>Mobil ara\u00e7lar pazar\u0131 olduk\u00e7a geni\u015ftir ve bir\u00e7ok farkl\u0131 \u00f6zel kontrol ile benzersiz i\u015flevleri kapsar. Yayg\u0131n uygulamalar aras\u0131nda kurtarma ekipmanlar\u0131, kurtarma ara\u00e7lar\u0131, arka lift sistemleri (tail lift), vakumlu kamyonlar (vac truck) ve kamyon \u00fcst\u00fc vin\u00e7ler yer al\u0131r. Ayr\u0131ca ATV\u2019ler, ormanc\u0131l\u0131k ta\u015f\u0131ma ara\u00e7lar\u0131 ve mobil ayd\u0131nlatma kuleleri gibi daha k\u00fc\u00e7\u00fck ara\u00e7lar da vin\u00e7 sistemleri, \u0131rgat (windlass) kontrolleri ve daha fazlas\u0131n\u0131 kullan\u0131r; bunlar\u0131n t\u00fcm\u00fc uzaktan kumandadan fayda sa\u011flayabilir. Tele Radio, bu zorlu ortamlarda \u00e7al\u0131\u015fan makineler i\u00e7in onlarca y\u0131ld\u0131r uzaktan kumanda sistemleri sa\u011flamaktad\u0131r.<\/p>\n<\/div>\n\n\n\n<div class=\"wp-block-column is-layout-flow wp-block-column-is-layout-flow\" style=\"flex-basis:100px\"><\/div>\n\n\n\n<div class=\"wp-block-column is-layout-flow wp-block-column-is-layout-flow\">\n<div style=\"height:31px\" aria-hidden=\"true\" class=\"wp-block-spacer\"><\/div>\n\n\n\n<div class=\"wp-block-cover\" style=\"min-height:368px;aspect-ratio:unset;\"><img loading=\"lazy\" decoding=\"async\" width=\"2400\" height=\"1597\" class=\"wp-block-cover__image-background wp-image-119332\" alt=\"\" src=\"https:\/\/www.tele-radio.com\/app\/uploads\/FM_MI_PU_0004.jpg\" style=\"object-position:59% 54%\" data-object-fit=\"cover\" data-object-position=\"59% 54%\" srcset=\"https:\/\/www.tele-radio.com\/app\/uploads\/FM_MI_PU_0004.jpg 2400w, https:\/\/www.tele-radio.com\/app\/uploads\/FM_MI_PU_0004-400x266.jpg 400w, https:\/\/www.tele-radio.com\/app\/uploads\/FM_MI_PU_0004-1200x799.jpg 1200w, https:\/\/www.tele-radio.com\/app\/uploads\/FM_MI_PU_0004-768x511.jpg 768w, https:\/\/www.tele-radio.com\/app\/uploads\/FM_MI_PU_0004-1536x1022.jpg 1536w, https:\/\/www.tele-radio.com\/app\/uploads\/FM_MI_PU_0004-2048x1363.jpg 2048w, https:\/\/www.tele-radio.com\/app\/uploads\/FM_MI_PU_0004-750x499.jpg 750w, https:\/\/www.tele-radio.com\/app\/uploads\/FM_MI_PU_0004-500x333.jpg 500w, https:\/\/www.tele-radio.com\/app\/uploads\/FM_MI_PU_0004-1600x1065.jpg 1600w, https:\/\/www.tele-radio.com\/app\/uploads\/FM_MI_PU_0004-800x532.jpg 800w\" sizes=\"auto, (max-width: 2400px) 100vw, 2400px\" \/><span aria-hidden=\"true\" class=\"wp-block-cover__background has-black-background-color has-background-dim-20 has-background-dim\"><\/span><div class=\"wp-block-cover__inner-container is-layout-flow wp-block-cover-is-layout-flow\">\n<p class=\"has-text-align-center has-large-font-size\"><\/p>\n<\/div><\/div>\n<\/div>\n<\/div>\n\n\n\n<p>Tele Radio Exster, s\u00fcr\u00fcc\u00fcn\u00fcn kabin d\u0131\u015f\u0131nda bulundu\u011fu durumlarda a\u011f\u0131r hizmet ara\u00e7lar\u0131 \u00fczerinde tam kontrol sahibi olmas\u0131n\u0131 sa\u011flar. Bu sayede kullan\u0131c\u0131 daha fazla esneklik kazan\u0131r ve duruma daha iyi h\u00e2kim olur; bu da ara\u00e7 \u00e7evresindeki g\u00fcvenli\u011fi art\u0131r\u0131r. G\u00fcvenli\u011fin yan\u0131 s\u0131ra, uzaktan kumanda i\u015f verimlili\u011fi de sa\u011flar; uzaktan kumanda kullanan tek bir ki\u015fi, iki ki\u015finin yapaca\u011f\u0131 i\u015fi ger\u00e7ekle\u015ftirebilir. Bu \u00e7\u00f6z\u00fcm, kullan\u0131c\u0131n\u0131n arac\u0131 d\u0131\u015far\u0131dan kontrol edebilmesi sayesinde g\u00f6r\u00fc\u015f alan\u0131n\u0131 art\u0131rarak g\u00fcvenlikte \u00f6nemli bir iyile\u015fme sa\u011flar. Ayr\u0131ca, i\u015f y\u00fck\u00fcne ba\u011fl\u0131 olarak g\u00fcn i\u00e7inde bir\u00e7ok kez araca inip \u00e7\u0131kma ihtiyac\u0131n\u0131 ortadan kald\u0131rd\u0131\u011f\u0131 i\u00e7in daha ergonomik bir kullan\u0131m sunar. Bu verimlilik, g\u00fcnl\u00fck \u00e7al\u0131\u015fmada \u00fcretkenli\u011fi art\u0131r\u0131r ve yorgunlu\u011fu \u00f6nemli \u00f6l\u00e7\u00fcde azalt\u0131r.<\/p>\n\n\n\n<p>Hangi \u00f6zelliklerin \u00f6nemli oldu\u011funu biliyoruz ve bile\u015fenlerimizi dayan\u0131kl\u0131l\u0131k, operat\u00f6r konforu ve g\u00fcvenli\u011fi g\u00f6z \u00f6n\u00fcnde bulundurarak \u00fcretiyoruz.<\/p>\n\n\n\n<div style=\"height:32px\" aria-hidden=\"true\" class=\"wp-block-spacer\"><\/div>\n\n\n\n<h2 class=\"wp-block-heading\">Valfler ve ya\u011f bas\u0131nc\u0131n\u0131n \u00f6nemli oldu\u011fu durumlar<\/h2>\n\n\n\n<p>Hidrolik sistemlerle \u00e7al\u0131\u015fan makineler ve ekipmanlar her yerdedir. Y\u00fcksek kuvvetin hassasiyet, h\u0131zl\u0131 tepki ve operat\u00f6r kolayl\u0131\u011f\u0131 ile uygulanmas\u0131 gerekti\u011finde, genellikle ilk tercih hidrolik g\u00fc\u00e7 olur. Ormanc\u0131l\u0131ktan madencili\u011fe, in\u015faattan tar\u0131ma kadar her alanda makineler d\u00fcnyay\u0131 hareket ettirir \u2013 hidrolik g\u00fc\u00e7 ise makineleri hareket ettirir. \u0130\u015fte bu ortamda Tele&nbsp;Radio kablosuz kontrol \u00e7\u00f6z\u00fcmleri, makinenizin t\u00fcm g\u00fcc\u00fcnden yararlanman\u0131z i\u00e7in gerekli g\u00fc\u00e7 ve g\u00fcvenilirli\u011fi sa\u011flar. Oransal kontrol, entegre mant\u0131k ve makinenin her fonksiyonundan al\u0131nan geri bildirim sayesinde, g\u00fcn\u00fcm\u00fcz\u00fcn g\u00fc\u00e7l\u00fc makinelerindeki hidrolik devreleri kolay, g\u00fcvenli ve konforlu bir \u015fekilde kontrol edebilirsiniz.&nbsp; Madencilik ekskavat\u00f6rleri veya kimyasal havuz tarama makineleri gibi tehlikeli ortamlarda \u00e7al\u0131\u015fan makinelerde, tehlikeli \u00e7al\u0131\u015fma alanlar\u0131ndan uzak kalmak i\u00e7in Tele&nbsp;Radio kablosuz kontrol \u00e7\u00f6z\u00fcmlerini kullanabilirsiniz. Entegre kontrol panelinin konumu, \u00fcretiminizi veya s\u00fcrecinizi izleme kabiliyetinizi k\u0131s\u0131tl\u0131yor mu? Kablosuz \u00e7\u00f6z\u00fcmlerimiz sayesinde tam ihtiya\u00e7 duydu\u011funuz noktada, i\u015fin i\u00e7inde yer alabilir; b\u00f6ylece uzmanl\u0131\u011f\u0131n\u0131z gerekti\u011finde daha h\u0131zl\u0131 ve etkili \u015fekilde m\u00fcdahale edebilirsiniz. Basit a\u00e7\/kapa kontrol\u00fcnden, t\u00fcm geli\u015fmi\u015f \u00f6zelliklere sahip en \u00f6zelle\u015ftirilmi\u015f kontrol platformlar\u0131na kadar Tele&nbsp;Radio, en iyi yapt\u0131\u011f\u0131n\u0131z i\u015fe odaklanman\u0131za yard\u0131mc\u0131 olmaya haz\u0131rd\u0131r.<\/p>\n\n\n\n<div style=\"height:54px\" aria-hidden=\"true\" class=\"wp-block-spacer\"><\/div>\n\n\n\n\n\n<div style=\"height:100px\" aria-hidden=\"true\" class=\"wp-block-spacer\"><\/div>\n\n\n\n<h2 class=\"wp-block-heading has-text-align-center\">UYGULAMALAR<\/h2>\n\n\n\n<p class=\"has-text-align-center\"><em>Olas\u0131 kullan\u0131m alanlar\u0131 hakk\u0131nda bir fikir vermek amac\u0131yla, a\u015fa\u011f\u0131da baz\u0131 uygulama \u00f6rnekleri ve bu uygulamalarda kullan\u0131lan tipik \u00fcr\u00fcnler yer almaktad\u0131r:<\/em><\/p>\n\n\n\n<div class=\"wp-block-columns is-layout-flex wp-container-core-columns-is-layout-9d6595d7 wp-block-columns-is-layout-flex\">\n<div class=\"wp-block-column is-layout-flow wp-block-column-is-layout-flow\">\n<div class=\"wp-block-cover is-light\"><span aria-hidden=\"true\" class=\"wp-block-cover__background has-white-background-color has-background-dim-100 has-background-dim\"><\/span><div class=\"wp-block-cover__inner-container is-layout-flow wp-block-cover-is-layout-flow\"><div class=\"wp-block-image is-style-default\">\n<figure class=\"aligncenter size-full\"><img loading=\"lazy\" decoding=\"async\" width=\"64\" height=\"64\" src=\"https:\/\/www.tele-radio.com\/app\/uploads\/trailer.png\" alt=\"\" class=\"wp-image-119260\"\/><\/figure><\/div>\n\n\n<p class=\"has-text-align-center has-black-color has-text-color\"><strong>TA\u015eIMA R\u00d6MORKLARI (TRANSPORT TRAILERS)<\/strong><\/p>\n\n\n\n<p class=\"has-text-align-center has-black-color has-text-color\">Ta\u015f\u0131ma r\u00f6morklar\u0131 y\u00fck ta\u015f\u0131mak i\u00e7in kullan\u0131l\u0131r ve bu t\u00fcr uygulamalarda uzaktan kumanda kullan\u0131m\u0131 i\u015fleri kolayla\u015ft\u0131rabilir. \u00d6rne\u011fin, yerle\u015fik kontrol panelini kullanmak yerine k\u00fc\u00e7\u00fck bir uzaktan kumanda ile arka kapak liftlerini (tail-gate lift) kontrol edebilirsiniz. Ayr\u0131ca uzaktan kumanda ile kullan\u0131labilen \u00e7e\u015fitli a\u00e7\u0131l\u0131r\/kapan\u0131r branda sistemleri (rollover tarpaulin) de bulunmaktad\u0131r.<\/p>\n<\/div><\/div>\n<\/div>\n\n\n\n<div class=\"wp-block-column is-vertically-aligned-top is-layout-flow wp-block-column-is-layout-flow\">\n<div class=\"wp-block-cover is-light\"><span aria-hidden=\"true\" class=\"wp-block-cover__background has-white-background-color has-background-dim-100 has-background-dim\"><\/span><div class=\"wp-block-cover__inner-container is-layout-flow wp-block-cover-is-layout-flow\"><div class=\"wp-block-image is-style-default\">\n<figure class=\"aligncenter size-full\"><img loading=\"lazy\" decoding=\"async\" width=\"64\" height=\"64\" src=\"https:\/\/www.tele-radio.com\/app\/uploads\/equipment.png\" alt=\"\" class=\"wp-image-119284\"\/><\/figure><\/div>\n\n\n<p class=\"has-text-align-center has-black-color has-text-color\"><strong>HASAT MAK\u0130NELER\u0130 (HARVESTING MACHINES)<\/strong><\/p>\n\n\n\n<p class=\"has-text-align-center has-black-color has-text-color\">Yonca, sar\u0131msak, havu\u00e7, pancar vb. \u00fcr\u00fcnler i\u00e7in kullan\u0131lan \u00e7ok \u00e7e\u015fitli hasat makineleri kolay ve verimli bir \u015fekilde kontrol edilebilir. \u00c7ekilir ata\u015fmanlar veya uygulamaya \u00f6zel makinelerde, bu ekipmanlara Tele Radio kablosuz uzaktan kumanda \u00e7\u00f6z\u00fcm\u00fc kuruldu\u011funda h\u0131z kontrol\u00fc yapabilir, fonksiyonlar\u0131 a\u00e7\u0131p kapatabilir, hasat ayarlar\u0131n\u0131 d\u00fczenleyebilir ve daha fazlas\u0131n\u0131 ger\u00e7ekle\u015ftirebilirsiniz.<\/p>\n<\/div><\/div>\n<\/div>\n\n\n\n<div class=\"wp-block-column is-vertically-aligned-top is-layout-flow wp-block-column-is-layout-flow\">\n<div style=\"height:65px\" aria-hidden=\"true\" class=\"wp-block-spacer\"><\/div>\n\n\n<div class=\"wp-block-image is-style-default\">\n<figure class=\"aligncenter size-full\"><img loading=\"lazy\" decoding=\"async\" width=\"64\" height=\"64\" src=\"https:\/\/www.tele-radio.com\/app\/uploads\/cruise.png\" alt=\"\" class=\"wp-image-119233\"\/><\/figure><\/div>\n\n\n<p class=\"has-text-align-center\"><strong>MADENC\u0130L\u0130K EKSKAVAT\u00d6RLER\u0130 (MINING EXCAVATORS)<\/strong><\/p>\n\n\n\n<p class=\"has-text-align-center\">Operat\u00f6r i\u00e7in a\u00e7\u0131k ve mevcut bir tehlike olu\u015fturan, tehlikeli ve dengesiz zeminlerde \u00e7al\u0131\u015f\u0131rken; Tele Radio sistemleri daha g\u00fcvenli bir ortam olu\u015fturmak i\u00e7in \u00e7\u00f6z\u00fcm\u00fcn\u00fcz olabilir.<\/p>\n<\/div>\n<\/div>\n\n\n\n<div style=\"height:50px\" aria-hidden=\"true\" class=\"wp-block-spacer\"><\/div>\n\n\n\n<div class=\"wp-block-group alignwide\" style=\"margin-top:0;margin-bottom:0\">\n  <div aria-hidden=\"true\" class=\"wp-block-spacer\" style=\"height:50px\"><\/div>\n\n  <h3 class=\"wp-block-heading has-text-align-center\">\n    G\u00fcvenlik ve i\u015flevsellik i\u00e7in tercihlerinizi belirleyin\n  <\/h3>\n\n  <p>\n    \u0130htiya\u00e7lar\u0131n\u0131za en uygun vericiyi se\u00e7mek i\u00e7in Tele&nbsp;Radio ekibine dan\u0131\u015fman\u0131z \u00f6nerilir. Farkl\u0131 \u00f6zelliklere sahip \u00e7e\u015fitli verici \u00e7\u00f6z\u00fcmleri sunuyoruz. Do\u011fru se\u00e7imi yaparken a\u015fa\u011f\u0131daki \u00fc\u00e7 unsur belirleyici olacakt\u0131r:\n  <\/p>\n\n  <div class=\"wp-block-media-text alignwide is-stacked-on-mobile is-vertically-aligned-center\" style=\"grid-template-columns: 15% auto;\">\n    <figure class=\"wp-block-media-text__media\">\n      <img\n        loading=\"lazy\"\n        decoding=\"async\"\n        width=\"404\"\n        height=\"404\"\n        src=\"https:\/\/www.tele-radio.com\/app\/uploads\/Safety_level_2.png\"\n        alt=\"G\u00fcvenlik Seviyesi\"\n        class=\"wp-image-68190 size-full\"\n      \/>\n    <\/figure>\n\n    <div class=\"wp-block-media-text__content\">\n      <p><strong>G\u00fcvenlik Seviyesi<\/strong><\/p>\n      <p>\n        Vericilerimiz g\u00fcvenlidir ve bir\u00e7ok model ba\u011f\u0131ms\u0131z g\u00fcvenlik sertifikas\u0131na sahiptir. Bu, acil durdurma (stop) butonunun \u00e7al\u0131\u015fmas\u0131n\u0131n ba\u011f\u0131ms\u0131z ve yetkili kurulu\u015flar taraf\u0131ndan test edilip do\u011fruland\u0131\u011f\u0131 anlam\u0131na gelir. Makine kullan\u0131m\u0131 s\u0131ras\u0131nda yaralanma riskini en aza indirmek istiyorsan\u0131z, ba\u011f\u0131ms\u0131z g\u00fcvenlik sertifikas\u0131na sahip bir sistem tercih etmenizi \u00f6neririz. G\u00fcvenlik riski bulunmayan uygulamalarda ise sertifikas\u0131z bir verici de tercih edilebilir.\n      <\/p>\n    <\/div>\n  <\/div>\n\n  <div class=\"wp-block-media-text alignwide is-stacked-on-mobile is-vertically-aligned-center\" style=\"grid-template-columns: 15% auto;\">\n    <figure class=\"wp-block-media-text__media\">\n      <img\n        loading=\"lazy\"\n        decoding=\"async\"\n        width=\"404\"\n        height=\"404\"\n        src=\"https:\/\/www.tele-radio.com\/app\/uploads\/Control_element_2.png\"\n        alt=\"Butonlar veya Joystickler\"\n        class=\"wp-image-68176 size-full\"\n      \/>\n    <\/figure>\n\n    <div class=\"wp-block-media-text__content\">\n      <p><strong>Butonlar veya Joystickler<\/strong><\/p>\n      <p>\n        Buton kullan\u0131m\u0131, vericinin kullan\u0131m\u0131n\u0131 daha kolay hale getirirken hassasiyetten \u00f6d\u00fcn vermez. \u00d6rne\u011fin oransal (proportional) butonlara sahip bir verici, joystick vericilerle benzer hassasiyet sunabilir. Butona daha fazla bas\u0131ld\u0131k\u00e7a aktivasyon seviyesi artar. Joystick vericiler ise daha b\u00fcy\u00fck yap\u0131da olup, \u00f6zel butonlar ve anahtarlar gibi daha fazla \u00f6zelle\u015ftirme se\u00e7ene\u011fi sunar.\n      <\/p>\n    <\/div>\n  <\/div>\n\n  <div class=\"wp-block-media-text alignwide is-stacked-on-mobile is-vertically-aligned-center\" style=\"grid-template-columns: 15% auto;\">\n    <figure class=\"wp-block-media-text__media\">\n      <img\n        loading=\"lazy\"\n        decoding=\"async\"\n        width=\"404\"\n        height=\"404\"\n        src=\"https:\/\/www.tele-radio.com\/app\/uploads\/Feedback_2.png\"\n        alt=\"Geri Bildirim\"\n        class=\"wp-image-68223 size-full\"\n      \/>\n    <\/figure>\n\n    <div class=\"wp-block-media-text__content\">\n      <p><strong>Geri Bildirim<\/strong><\/p>\n      <p>\n        Baz\u0131 vericiler, al\u0131c\u0131dan bilgi geri bildirimi alabilir. Sisteme ba\u011fl\u0131 olarak bu bilgiler, verici \u00fczerindeki LED\u2019ler arac\u0131l\u0131\u011f\u0131yla veya bir ekran \u00fczerinden g\u00f6r\u00fcnt\u00fclenebilir. \u00d6rne\u011fin bir vinci kontrol ederken, kald\u0131r\u0131lacak y\u00fck a\u011f\u0131rl\u0131\u011f\u0131 veya alarm bilgilerini ekran \u00fczerinden takip edebilirsiniz. Bu \u00f6zellik, kamyon vin\u00e7leri gibi daha basit uygulamalarda daha az kritik \u00f6neme sahiptir.\n      <\/p>\n    <\/div>\n  <\/div>\n\n  <div aria-hidden=\"true\" class=\"wp-block-spacer\" style=\"height:50px\"><\/div>\n<\/div>\n\n\n\n<div style=\"height:50px\" aria-hidden=\"true\" class=\"wp-block-spacer\"><\/div>\n\n\n<div class=\"wp-block-image is-style-default\">\n<figure class=\"aligncenter size-large is-resized\"><img decoding=\"async\" src=\"https:\/\/www.tele-radio.com\/app\/uploads\/\/Assortiment_2019_zonder_spiegeling_en_schaduw-1200x614.jpg\" alt=\"\" style=\"width:771px;height:394px\"\/><\/figure><\/div>\n\n\n<p class=\"has-text-align-center\"><p style=\"color:#000; font-weight:700; font-size:20px;\">\n<span style=\"background:linear-gradient(transparent 70%, #fabb00 70%);\">\nBir Uzmana Dan\u0131\u015f\u0131n\n<\/span>\n<\/p><\/p>\n\n\n\n<div class=\"wp-block-contact-form-7-contact-form-selector\">\n<div class=\"wpcf7 no-js\" id=\"wpcf7-f283160-o1\" lang=\"tr-TR\" dir=\"ltr\" data-wpcf7-id=\"283160\">\n<div class=\"screen-reader-response\"><p role=\"status\" aria-live=\"polite\" aria-atomic=\"true\"><\/p> <ul><\/ul><\/div>\n<form action=\"\/tr\/wp-json\/wp\/v2\/pages\/284490#wpcf7-f283160-o1\" method=\"post\" class=\"wpcf7-form init\" aria-label=\"Contact form\" novalidate=\"novalidate\" data-status=\"init\">\n<fieldset class=\"hidden-fields-container\"><input type=\"hidden\" name=\"_wpcf7\" value=\"283160\" \/><input type=\"hidden\" name=\"_wpcf7_version\" value=\"6.1\" \/><input type=\"hidden\" name=\"_wpcf7_locale\" value=\"tr_TR\" \/><input type=\"hidden\" name=\"_wpcf7_unit_tag\" value=\"wpcf7-f283160-o1\" \/><input type=\"hidden\" name=\"_wpcf7_container_post\" value=\"0\" \/><input type=\"hidden\" name=\"_wpcf7_posted_data_hash\" value=\"\" \/><input type=\"hidden\" name=\"_wpcf7_recaptcha_response\" value=\"\" \/>\n<\/fieldset>\n<p><label> Ad Soyad*<br \/>\n<span class=\"wpcf7-form-control-wrap\" data-name=\"your-name\"><input size=\"40\" maxlength=\"400\" class=\"wpcf7-form-control wpcf7-text wpcf7-validates-as-required\" aria-required=\"true\" aria-invalid=\"false\" placeholder=\"Ad\u0131n\u0131z ve Soyad\u0131n\u0131z\" value=\"\" type=\"text\" name=\"your-name\" \/><\/span><br \/>\n<\/label>\n<\/p>\n<p><label> E-posta*<br \/>\n<span class=\"wpcf7-form-control-wrap\" data-name=\"your-email\"><input size=\"40\" maxlength=\"400\" class=\"wpcf7-form-control wpcf7-email wpcf7-validates-as-required wpcf7-text wpcf7-validates-as-email\" aria-required=\"true\" aria-invalid=\"false\" placeholder=\"E-posta adresiniz\" value=\"\" type=\"email\" name=\"your-email\" \/><\/span><br \/>\n<\/label>\n<\/p>\n<p><label> Telefon<br \/>\n<span class=\"wpcf7-form-control-wrap\" data-name=\"telephone\"><input size=\"40\" maxlength=\"400\" class=\"wpcf7-form-control wpcf7-tel wpcf7-text wpcf7-validates-as-tel\" aria-invalid=\"false\" placeholder=\"Telefon numaran\u0131z (opsiyonel)\" value=\"\" type=\"tel\" name=\"telephone\" \/><\/span><br \/>\n<\/label>\n<\/p>\n<p><label> Sorunuz*<br \/>\n<span class=\"wpcf7-form-control-wrap\" data-name=\"your-message\"><textarea cols=\"40\" rows=\"10\" maxlength=\"2000\" class=\"wpcf7-form-control wpcf7-textarea wpcf7-validates-as-required\" aria-required=\"true\" aria-invalid=\"false\" placeholder=\"Mesaj\u0131n\u0131z\u0131 yaz\u0131n\" name=\"your-message\"><\/textarea><\/span><br \/>\n<\/label>\n<\/p>\n<p><input class=\"wpcf7-form-control wpcf7-submit has-spinner\" type=\"submit\" value=\"G\u00f6nder\" \/>\n<\/p><div class=\"wpcf7-response-output\" aria-hidden=\"true\"><\/div>\n<\/form>\n<\/div>\n\r\n\t\t\t\t<script>\r\n\t\t\t\tif ( typeof huOptions !== 'undefined' ) {\r\n\t\t\t\t\tvar huFormData = {\"source\":\"contactform7\",\"id\":283160,\"title\":\"TRFORM-UYGULAMALAR\",\"fields\":{\"subject\":{\"first_name\":\"your-name\",\"email\":\"your-email\"},\"preferences\":{\"terms\":\"your-consent\"}}};\r\n\t\t\t\t\tvar huFormNode = document.querySelector( '[id^=\"wpcf7-f283160-\"] form' );\r\n\r\n\t\t\t\t\thuFormData['node'] = huFormNode;\r\n\t\t\t\t\thuOptions['forms'].push( huFormData );\r\n\t\t\t\t}\r\n\t\t\t\t<\/script><\/div>\n\n\n\n<p><\/p>\n","protected":false},"excerpt":{"rendered":"<p>MOB\u0130L &amp; H\u0130DROL\u0130K \u00c7al\u0131\u015fma Alan\u0131 Olarak Yol Mobil ara\u00e7lar pazar\u0131 olduk\u00e7a geni\u015ftir ve bir\u00e7ok farkl\u0131 \u00f6zel kontrol ile benzersiz i\u015flevleri kapsar. Yayg\u0131n uygulamalar aras\u0131nda kurtarma ekipmanlar\u0131, kurtarma ara\u00e7lar\u0131, arka lift sistemleri (tail lift), vakumlu kamyonlar (vac truck) ve kamyon \u00fcst\u00fc vin\u00e7ler yer al\u0131r. Ayr\u0131ca ATV\u2019ler, ormanc\u0131l\u0131k ta\u015f\u0131ma ara\u00e7lar\u0131 ve mobil ayd\u0131nlatma kuleleri gibi daha k\u00fc\u00e7\u00fck [&hellip;]<\/p>\n","protected":false},"author":52,"featured_media":120055,"parent":0,"menu_order":0,"comment_status":"closed","ping_status":"closed","template":"","meta":{"_acf_changed":false,"footnotes":""},"class_list":["post-284490","page","type-page","status-publish","has-post-thumbnail","hentry"],"acf":[],"_links":{"self":[{"href":"https:\/\/www.tele-radio.com\/tr\/wp-json\/wp\/v2\/pages\/284490","targetHints":{"allow":["GET"]}}],"collection":[{"href":"https:\/\/www.tele-radio.com\/tr\/wp-json\/wp\/v2\/pages"}],"about":[{"href":"https:\/\/www.tele-radio.com\/tr\/wp-json\/wp\/v2\/types\/page"}],"author":[{"embeddable":true,"href":"https:\/\/www.tele-radio.com\/tr\/wp-json\/wp\/v2\/users\/52"}],"replies":[{"embeddable":true,"href":"https:\/\/www.tele-radio.com\/tr\/wp-json\/wp\/v2\/comments?post=284490"}],"version-history":[{"count":6,"href":"https:\/\/www.tele-radio.com\/tr\/wp-json\/wp\/v2\/pages\/284490\/revisions"}],"predecessor-version":[{"id":285191,"href":"https:\/\/www.tele-radio.com\/tr\/wp-json\/wp\/v2\/pages\/284490\/revisions\/285191"}],"wp:featuredmedia":[{"embeddable":true,"href":"https:\/\/www.tele-radio.com\/tr\/wp-json\/wp\/v2\/media\/120055"}],"wp:attachment":[{"href":"https:\/\/www.tele-radio.com\/tr\/wp-json\/wp\/v2\/media?parent=284490"}],"curies":[{"name":"wp","href":"https:\/\/api.w.org\/{rel}","templated":true}]}}