{"id":284489,"date":"2026-03-17T10:44:20","date_gmt":"2026-03-17T10:44:20","guid":{"rendered":"https:\/\/www.tele-radio.com\/?page_id=284489"},"modified":"2026-03-23T06:03:54","modified_gmt":"2026-03-23T06:03:54","slug":"endustriyel-makineler","status":"publish","type":"page","link":"https:\/\/www.tele-radio.com\/tr\/endustriyel-makineler\/","title":{"rendered":"END\u00dcSTR\u0130 VE MAK\u0130NELER"},"content":{"rendered":"\n<div style=\"height:31px\" aria-hidden=\"true\" class=\"wp-block-spacer\"><\/div>\n\n\n\n<h1 class=\"wp-block-heading has-text-align-center\"><strong><strong>END\u00dcSTR\u0130 &amp; MAK\u0130NELER<\/strong><\/strong><\/h1>\n\n\n\n<div style=\"height:26px\" aria-hidden=\"true\" class=\"wp-block-spacer\"><\/div>\n\n\n\n<div class=\"wp-block-columns is-layout-flex wp-container-core-columns-is-layout-9d6595d7 wp-block-columns-is-layout-flex\">\n<div class=\"wp-block-column is-layout-flow wp-block-column-is-layout-flow\">\n<h1 class=\"wp-block-heading\">\u00c7e\u015fitli Bir Pazar<\/h1>\n\n\n\n<p>End\u00fcstriyel sekt\u00f6r, \u00e7ok farkl\u0131 operasyon alanlar\u0131n\u0131 kapsar. Kaya k\u0131r\u0131c\u0131lar\u0131ndan \u00e7elik \u00fcretimine, depolardaki konvey\u00f6r bant sistemlerine kadar geni\u015f bir uygulama yelpazesi bulunmaktad\u0131r. Bu alanlarda faaliyet g\u00f6steren m\u00fc\u015fterilerimizle uzun y\u0131llara dayanan i\u015f birliklerimiz, end\u00fcstriyel sekt\u00f6r i\u00e7in kritik \u00f6neme sahip olan uzman \u00e7\u00f6z\u00fcmler ve destek sunma konusundaki kararl\u0131l\u0131\u011f\u0131m\u0131z\u0131n bir g\u00f6stergesidir.G\u00fc\u00e7l\u00fc ve g\u00fcvenli \u00fcr\u00fcnler geli\u015ftirmeye b\u00fcy\u00fck \u00f6nem verdi\u011fimiz i\u00e7in end\u00fcstriyel sekt\u00f6r\u00fcn y\u00fcksek g\u00fcvenlik gereksinimlerini kar\u015f\u0131layabiliyoruz. Bu uygulamalar\u0131n \u00e7o\u011funda sistemlerin m\u00fc\u015fteri beklentilerini kar\u015f\u0131layabilmesi i\u00e7in %100 \u00e7al\u0131\u015f\u0131r durumda olmas\u0131 gerekir. Biz de \u00fcr\u00fcnlerimizi bu anlay\u0131\u015fla tasarlad\u0131k. \u00dcr\u00fcnlerimiz sa\u011flam ve dayan\u0131kl\u0131d\u0131r; zorlu ko\u015fullara kar\u015f\u0131 diren\u00e7 g\u00f6sterecek \u015fekilde \u00fcretilmi\u015ftir. Herhangi bir par\u00e7an\u0131n de\u011fi\u015ftirilmesi gerekti\u011finde ise tasar\u0131m\u0131m\u0131z sayesinde bu i\u015flem sizin i\u00e7in olduk\u00e7a kolayd\u0131r.<\/p>\n<\/div>\n\n\n\n<div class=\"wp-block-column is-layout-flow wp-block-column-is-layout-flow\" style=\"flex-basis:100px\"><\/div>\n\n\n\n<div class=\"wp-block-column is-layout-flow wp-block-column-is-layout-flow\">\n<div class=\"wp-block-cover\" style=\"min-height:549px;aspect-ratio:unset;\"><img loading=\"lazy\" decoding=\"async\" width=\"1597\" height=\"2400\" class=\"wp-block-cover__image-background wp-image-98938\" alt=\"\" src=\"https:\/\/www.tele-radio.com\/app\/uploads\/FM_LC_PN_0026.jpg\" data-object-fit=\"cover\" srcset=\"https:\/\/www.tele-radio.com\/app\/uploads\/FM_LC_PN_0026.jpg 1597w, https:\/\/www.tele-radio.com\/app\/uploads\/FM_LC_PN_0026-266x400.jpg 266w, https:\/\/www.tele-radio.com\/app\/uploads\/FM_LC_PN_0026-799x1200.jpg 799w, https:\/\/www.tele-radio.com\/app\/uploads\/FM_LC_PN_0026-768x1154.jpg 768w, https:\/\/www.tele-radio.com\/app\/uploads\/FM_LC_PN_0026-1022x1536.jpg 1022w, https:\/\/www.tele-radio.com\/app\/uploads\/FM_LC_PN_0026-1363x2048.jpg 1363w, https:\/\/www.tele-radio.com\/app\/uploads\/FM_LC_PN_0026-499x750.jpg 499w, https:\/\/www.tele-radio.com\/app\/uploads\/FM_LC_PN_0026-333x500.jpg 333w, https:\/\/www.tele-radio.com\/app\/uploads\/FM_LC_PN_0026-1065x1600.jpg 1065w, https:\/\/www.tele-radio.com\/app\/uploads\/FM_LC_PN_0026-532x800.jpg 532w\" sizes=\"auto, (max-width: 1597px) 100vw, 1597px\" \/><span aria-hidden=\"true\" class=\"wp-block-cover__background has-background-dim-20 has-background-dim\"><\/span><div class=\"wp-block-cover__inner-container is-layout-flow wp-block-cover-is-layout-flow\">\n<p class=\"has-text-align-center has-large-font-size\"><\/p>\n<\/div><\/div>\n<\/div>\n<\/div>\n\n\n\n<div style=\"height:100px\" aria-hidden=\"true\" class=\"wp-block-spacer\"><\/div>\n\n\n\n<h2 class=\"wp-block-heading has-text-align-center\">UYGULAMALAR<\/h2>\n\n\n\n<p class=\"has-text-align-center\"><em>Olas\u0131 kullan\u0131m alanlar\u0131 hakk\u0131nda bir fikir vermek amac\u0131yla, a\u015fa\u011f\u0131da baz\u0131 uygulama \u00f6rnekleri ve bu uygulamalarda kullan\u0131lan tipik \u00fcr\u00fcnler yer almaktad\u0131r:<\/em><\/p>\n\n\n\n<div class=\"wp-block-columns is-layout-flex wp-container-core-columns-is-layout-9d6595d7 wp-block-columns-is-layout-flex\">\n<div class=\"wp-block-column is-layout-flow wp-block-column-is-layout-flow\">\n<div class=\"wp-block-cover is-light\"><span aria-hidden=\"true\" class=\"wp-block-cover__background has-white-background-color has-background-dim-100 has-background-dim\"><\/span><div class=\"wp-block-cover__inner-container is-layout-flow wp-block-cover-is-layout-flow\"><div class=\"wp-block-image is-style-default\">\n<figure class=\"aligncenter size-full is-resized\"><img loading=\"lazy\" decoding=\"async\" width=\"128\" height=\"128\" src=\"https:\/\/www.tele-radio.com\/app\/uploads\/silo-1.png\" alt=\"\" class=\"wp-image-117864\" style=\"width:71px;height:71px\"\/><\/figure><\/div>\n\n\n<p class=\"has-text-align-center has-black-color has-text-color\"><strong>S\u0130LAJ \u00d6RTME S\u0130STEMLER\u0130 (SILAGE COVERING)<\/strong><\/p>\n\n\n\n<p class=\"has-text-align-center has-black-color has-text-color\">Klemp (y\u0131\u011f\u0131n) silolar\u0131nda bazen silonun t\u00fcm uzunlu\u011fu boyunca hareket eden \u00f6rtme sistemleri bulunur. Bu sistemler genellikle bir ray, vin\u00e7 ve portal mekanizmas\u0131ndan olu\u015fur. Silaj \u00f6rtme uygulamas\u0131nda ara\u00e7tan inip kontrol panelini kullanmak yerine, bu sistemler trakt\u00f6r i\u00e7inden kablosuz uzaktan kumanda ile kolayca kontrol edilebilir.<\/p>\n<\/div><\/div>\n<\/div>\n\n\n\n<div class=\"wp-block-column is-vertically-aligned-top is-layout-flow wp-block-column-is-layout-flow\">\n<div class=\"wp-block-cover is-light\"><span aria-hidden=\"true\" class=\"wp-block-cover__background has-white-background-color has-background-dim-100 has-background-dim\"><\/span><div class=\"wp-block-cover__inner-container is-layout-flow wp-block-cover-is-layout-flow\"><div class=\"wp-block-image is-style-default\">\n<figure class=\"aligncenter size-full is-resized\"><img loading=\"lazy\" decoding=\"async\" width=\"128\" height=\"128\" src=\"https:\/\/www.tele-radio.com\/app\/uploads\/conveyor.png\" alt=\"\" class=\"wp-image-117887\" style=\"width:71px;height:71px\"\/><\/figure><\/div>\n\n\n<p class=\"has-text-align-center has-black-color has-text-color\"><strong>BALYA TA\u015eIMA S\u0130STEMLER\u0130 (BALE BEDS)<\/strong><\/p>\n\n\n\n<p class=\"has-text-align-center has-black-color has-text-color\">\u00dcr\u00fcnleri veya in\u015faat malzemelerini ta\u015f\u0131mak i\u00e7in kullan\u0131lan ta\u015f\u0131ma bantlar\u0131; depolarda, madenlerde veya bir araca ba\u011fl\u0131 olarak kullan\u0131labilir. Bu bantlar, daha iyi bir g\u00f6r\u00fc\u015f sa\u011flamak ve g\u00fcvenli bir mesafeden kontrol edebilmek i\u00e7in kablosuz olarak uzaktan kontrol edilebilir.<\/p>\n<\/div><\/div>\n<\/div>\n\n\n\n<div class=\"wp-block-column is-vertically-aligned-top is-layout-flow wp-block-column-is-layout-flow\">\n<div style=\"height:65px\" aria-hidden=\"true\" class=\"wp-block-spacer\"><\/div>\n\n\n<div class=\"wp-block-image is-style-default\">\n<figure class=\"aligncenter size-full is-resized\"><img loading=\"lazy\" decoding=\"async\" width=\"128\" height=\"128\" src=\"https:\/\/www.tele-radio.com\/app\/uploads\/rocks-1.png\" alt=\"\" class=\"wp-image-117910\" style=\"width:71px;height:71px\"\/><\/figure><\/div>\n\n\n<p class=\"has-text-align-center\"><strong>KAYA KIRICILAR (ROCK CRUSHERS)<\/strong><\/p>\n\n\n\n<p class=\"has-text-align-center\">Kaya k\u0131r\u0131c\u0131lar ve eleme makineleri, b\u00fcy\u00fck kayalar\u0131 daha k\u00fc\u00e7\u00fck boyutlu malzemelere d\u00f6n\u00fc\u015ft\u00fcren b\u00fcy\u00fck \u00f6l\u00e7ekli makinelerdir. Temel fonksiyonlar\u0131n yan\u0131 s\u0131ra makinenin hareketinin de operat\u00f6r taraf\u0131ndan uzaktan kumanda ile kontrol edilmesi ideal bir \u00e7\u00f6z\u00fcmd\u00fcr.<\/p>\n<\/div>\n<\/div>\n\n\n\n<div style=\"height:50px\" aria-hidden=\"true\" class=\"wp-block-spacer\"><\/div>\n\n\n\n<div class=\"wp-block-group alignwide\" style=\"margin-top:0;margin-bottom:0\">\n  <div aria-hidden=\"true\" class=\"wp-block-spacer\" style=\"height:50px\"><\/div>\n\n  <h3 class=\"wp-block-heading has-text-align-center\">\n    G\u00fcvenlik ve i\u015flevsellik i\u00e7in tercihlerinizi belirleyin\n  <\/h3>\n\n  <p>\n    \u0130htiya\u00e7lar\u0131n\u0131za en uygun vericiyi se\u00e7mek i\u00e7in Tele&nbsp;Radio ekibine dan\u0131\u015fman\u0131z \u00f6nerilir. Farkl\u0131 \u00f6zelliklere sahip \u00e7e\u015fitli verici \u00e7\u00f6z\u00fcmleri sunuyoruz. Do\u011fru se\u00e7imi yaparken a\u015fa\u011f\u0131daki \u00fc\u00e7 unsur belirleyici olacakt\u0131r:\n  <\/p>\n\n  <div class=\"wp-block-media-text alignwide is-stacked-on-mobile is-vertically-aligned-center\" style=\"grid-template-columns: 15% auto;\">\n    <figure class=\"wp-block-media-text__media\">\n      <img\n        loading=\"lazy\"\n        decoding=\"async\"\n        width=\"404\"\n        height=\"404\"\n        src=\"https:\/\/www.tele-radio.com\/app\/uploads\/Safety_level_2.png\"\n        alt=\"G\u00fcvenlik Seviyesi\"\n        class=\"wp-image-68190 size-full\"\n      \/>\n    <\/figure>\n\n    <div class=\"wp-block-media-text__content\">\n      <p><strong>G\u00fcvenlik Seviyesi<\/strong><\/p>\n      <p>\n        Vericilerimiz g\u00fcvenlidir ve bir\u00e7ok model ba\u011f\u0131ms\u0131z g\u00fcvenlik sertifikas\u0131na sahiptir. Bu, acil durdurma (stop) butonunun \u00e7al\u0131\u015fmas\u0131n\u0131n ba\u011f\u0131ms\u0131z ve yetkili kurulu\u015flar taraf\u0131ndan test edilip do\u011fruland\u0131\u011f\u0131 anlam\u0131na gelir. Makine kullan\u0131m\u0131 s\u0131ras\u0131nda yaralanma riskini en aza indirmek istiyorsan\u0131z, ba\u011f\u0131ms\u0131z g\u00fcvenlik sertifikas\u0131na sahip bir sistem tercih etmenizi \u00f6neririz. G\u00fcvenlik riski bulunmayan uygulamalarda ise sertifikas\u0131z bir verici de tercih edilebilir.\n      <\/p>\n    <\/div>\n  <\/div>\n\n  <div class=\"wp-block-media-text alignwide is-stacked-on-mobile is-vertically-aligned-center\" style=\"grid-template-columns: 15% auto;\">\n    <figure class=\"wp-block-media-text__media\">\n      <img\n        loading=\"lazy\"\n        decoding=\"async\"\n        width=\"404\"\n        height=\"404\"\n        src=\"https:\/\/www.tele-radio.com\/app\/uploads\/Control_element_2.png\"\n        alt=\"Butonlar veya Joystickler\"\n        class=\"wp-image-68176 size-full\"\n      \/>\n    <\/figure>\n\n    <div class=\"wp-block-media-text__content\">\n      <p><strong>Butonlar veya Joystickler<\/strong><\/p>\n      <p>\n        Buton kullan\u0131m\u0131, vericinin kullan\u0131m\u0131n\u0131 daha kolay hale getirirken hassasiyetten \u00f6d\u00fcn vermez. \u00d6rne\u011fin oransal (proportional) butonlara sahip bir verici, joystick vericilerle benzer hassasiyet sunabilir. Butona daha fazla bas\u0131ld\u0131k\u00e7a aktivasyon seviyesi artar. Joystick vericiler ise daha b\u00fcy\u00fck yap\u0131da olup, \u00f6zel butonlar ve anahtarlar gibi daha fazla \u00f6zelle\u015ftirme se\u00e7ene\u011fi sunar.\n      <\/p>\n    <\/div>\n  <\/div>\n\n  <div class=\"wp-block-media-text alignwide is-stacked-on-mobile is-vertically-aligned-center\" style=\"grid-template-columns: 15% auto;\">\n    <figure class=\"wp-block-media-text__media\">\n      <img\n        loading=\"lazy\"\n        decoding=\"async\"\n        width=\"404\"\n        height=\"404\"\n        src=\"https:\/\/www.tele-radio.com\/app\/uploads\/Feedback_2.png\"\n        alt=\"Geri Bildirim\"\n        class=\"wp-image-68223 size-full\"\n      \/>\n    <\/figure>\n\n    <div class=\"wp-block-media-text__content\">\n      <p><strong>Geri Bildirim<\/strong><\/p>\n      <p>\n        Baz\u0131 vericiler, al\u0131c\u0131dan bilgi geri bildirimi alabilir. Sisteme ba\u011fl\u0131 olarak bu bilgiler, verici \u00fczerindeki LED\u2019ler arac\u0131l\u0131\u011f\u0131yla veya bir ekran \u00fczerinden g\u00f6r\u00fcnt\u00fclenebilir. \u00d6rne\u011fin bir vinci kontrol ederken, kald\u0131r\u0131lacak y\u00fck a\u011f\u0131rl\u0131\u011f\u0131 veya alarm bilgilerini ekran \u00fczerinden takip edebilirsiniz. Bu \u00f6zellik, kamyon vin\u00e7leri gibi daha basit uygulamalarda daha az kritik \u00f6neme sahiptir.\n      <\/p>\n    <\/div>\n  <\/div>\n\n  <div aria-hidden=\"true\" class=\"wp-block-spacer\" style=\"height:50px\"><\/div>\n<\/div>\n\n\n\n<div style=\"height:50px\" aria-hidden=\"true\" class=\"wp-block-spacer\"><\/div>\n\n\n<div class=\"wp-block-image is-style-default\">\n<figure class=\"aligncenter size-large is-resized\"><img decoding=\"async\" src=\"https:\/\/www.tele-radio.com\/app\/uploads\/\/Assortiment_2019_zonder_spiegeling_en_schaduw-1200x614.jpg\" alt=\"\" style=\"width:771px;height:394px\"\/><\/figure><\/div>\n\n\n\n\n<p class=\"has-text-align-center\"><p style=\"color:#000; font-weight:700; font-size:20px;\">\n<span style=\"background:linear-gradient(transparent 70%, #fabb00 70%);\">\nBir Uzmana Dan\u0131\u015f\u0131n\n<\/span>\n<\/p><\/p>\n\n\n\n<div class=\"wp-block-contact-form-7-contact-form-selector\">\n<div class=\"wpcf7 no-js\" id=\"wpcf7-f283160-o1\" lang=\"tr-TR\" dir=\"ltr\" data-wpcf7-id=\"283160\">\n<div class=\"screen-reader-response\"><p role=\"status\" aria-live=\"polite\" aria-atomic=\"true\"><\/p> <ul><\/ul><\/div>\n<form action=\"\/tr\/wp-json\/wp\/v2\/pages\/284489#wpcf7-f283160-o1\" method=\"post\" class=\"wpcf7-form init\" aria-label=\"Contact form\" novalidate=\"novalidate\" data-status=\"init\">\n<fieldset class=\"hidden-fields-container\"><input type=\"hidden\" name=\"_wpcf7\" value=\"283160\" \/><input type=\"hidden\" name=\"_wpcf7_version\" value=\"6.1\" \/><input type=\"hidden\" name=\"_wpcf7_locale\" value=\"tr_TR\" \/><input type=\"hidden\" name=\"_wpcf7_unit_tag\" value=\"wpcf7-f283160-o1\" \/><input type=\"hidden\" name=\"_wpcf7_container_post\" value=\"0\" \/><input type=\"hidden\" name=\"_wpcf7_posted_data_hash\" value=\"\" \/><input type=\"hidden\" name=\"_wpcf7_recaptcha_response\" value=\"\" \/>\n<\/fieldset>\n<p><label> Ad Soyad*<br \/>\n<span class=\"wpcf7-form-control-wrap\" data-name=\"your-name\"><input size=\"40\" maxlength=\"400\" class=\"wpcf7-form-control wpcf7-text wpcf7-validates-as-required\" aria-required=\"true\" aria-invalid=\"false\" placeholder=\"Ad\u0131n\u0131z ve Soyad\u0131n\u0131z\" value=\"\" type=\"text\" name=\"your-name\" \/><\/span><br \/>\n<\/label>\n<\/p>\n<p><label> E-posta*<br \/>\n<span class=\"wpcf7-form-control-wrap\" data-name=\"your-email\"><input size=\"40\" maxlength=\"400\" class=\"wpcf7-form-control wpcf7-email wpcf7-validates-as-required wpcf7-text wpcf7-validates-as-email\" aria-required=\"true\" aria-invalid=\"false\" placeholder=\"E-posta adresiniz\" value=\"\" type=\"email\" name=\"your-email\" \/><\/span><br \/>\n<\/label>\n<\/p>\n<p><label> Telefon<br \/>\n<span class=\"wpcf7-form-control-wrap\" data-name=\"telephone\"><input size=\"40\" maxlength=\"400\" class=\"wpcf7-form-control wpcf7-tel wpcf7-text wpcf7-validates-as-tel\" aria-invalid=\"false\" placeholder=\"Telefon numaran\u0131z (opsiyonel)\" value=\"\" type=\"tel\" name=\"telephone\" \/><\/span><br \/>\n<\/label>\n<\/p>\n<p><label> Sorunuz*<br \/>\n<span class=\"wpcf7-form-control-wrap\" data-name=\"your-message\"><textarea cols=\"40\" rows=\"10\" maxlength=\"2000\" class=\"wpcf7-form-control wpcf7-textarea wpcf7-validates-as-required\" aria-required=\"true\" aria-invalid=\"false\" placeholder=\"Mesaj\u0131n\u0131z\u0131 yaz\u0131n\" name=\"your-message\"><\/textarea><\/span><br \/>\n<\/label>\n<\/p>\n<p><input class=\"wpcf7-form-control wpcf7-submit has-spinner\" type=\"submit\" value=\"G\u00f6nder\" \/>\n<\/p><div class=\"wpcf7-response-output\" aria-hidden=\"true\"><\/div>\n<\/form>\n<\/div>\n\r\n\t\t\t\t<script>\r\n\t\t\t\tif ( typeof huOptions !== 'undefined' ) {\r\n\t\t\t\t\tvar huFormData = {\"source\":\"contactform7\",\"id\":283160,\"title\":\"TRFORM-UYGULAMALAR\",\"fields\":{\"subject\":{\"first_name\":\"your-name\",\"email\":\"your-email\"},\"preferences\":{\"terms\":\"your-consent\"}}};\r\n\t\t\t\t\tvar huFormNode = document.querySelector( '[id^=\"wpcf7-f283160-\"] form' );\r\n\r\n\t\t\t\t\thuFormData['node'] = huFormNode;\r\n\t\t\t\t\thuOptions['forms'].push( huFormData );\r\n\t\t\t\t}\r\n\t\t\t\t<\/script><\/div>\n\n\n\n<p><\/p>\n","protected":false},"excerpt":{"rendered":"<p>END\u00dcSTR\u0130 &amp; MAK\u0130NELER \u00c7e\u015fitli Bir Pazar End\u00fcstriyel sekt\u00f6r, \u00e7ok farkl\u0131 operasyon alanlar\u0131n\u0131 kapsar. Kaya k\u0131r\u0131c\u0131lar\u0131ndan \u00e7elik \u00fcretimine, depolardaki konvey\u00f6r bant sistemlerine kadar geni\u015f bir uygulama yelpazesi bulunmaktad\u0131r. Bu alanlarda faaliyet g\u00f6steren m\u00fc\u015fterilerimizle uzun y\u0131llara dayanan i\u015f birliklerimiz, end\u00fcstriyel sekt\u00f6r i\u00e7in kritik \u00f6neme sahip olan uzman \u00e7\u00f6z\u00fcmler ve destek sunma konusundaki kararl\u0131l\u0131\u011f\u0131m\u0131z\u0131n bir g\u00f6stergesidir.G\u00fc\u00e7l\u00fc ve g\u00fcvenli [&hellip;]<\/p>\n","protected":false},"author":52,"featured_media":0,"parent":0,"menu_order":0,"comment_status":"closed","ping_status":"closed","template":"","meta":{"_acf_changed":false,"footnotes":""},"class_list":["post-284489","page","type-page","status-publish","hentry"],"acf":[],"_links":{"self":[{"href":"https:\/\/www.tele-radio.com\/tr\/wp-json\/wp\/v2\/pages\/284489","targetHints":{"allow":["GET"]}}],"collection":[{"href":"https:\/\/www.tele-radio.com\/tr\/wp-json\/wp\/v2\/pages"}],"about":[{"href":"https:\/\/www.tele-radio.com\/tr\/wp-json\/wp\/v2\/types\/page"}],"author":[{"embeddable":true,"href":"https:\/\/www.tele-radio.com\/tr\/wp-json\/wp\/v2\/users\/52"}],"replies":[{"embeddable":true,"href":"https:\/\/www.tele-radio.com\/tr\/wp-json\/wp\/v2\/comments?post=284489"}],"version-history":[{"count":13,"href":"https:\/\/www.tele-radio.com\/tr\/wp-json\/wp\/v2\/pages\/284489\/revisions"}],"predecessor-version":[{"id":285198,"href":"https:\/\/www.tele-radio.com\/tr\/wp-json\/wp\/v2\/pages\/284489\/revisions\/285198"}],"wp:attachment":[{"href":"https:\/\/www.tele-radio.com\/tr\/wp-json\/wp\/v2\/media?parent=284489"}],"curies":[{"name":"wp","href":"https:\/\/api.w.org\/{rel}","templated":true}]}}