{"id":284447,"date":"2026-03-17T10:40:41","date_gmt":"2026-03-17T10:40:41","guid":{"rendered":"https:\/\/www.tele-radio.com\/?page_id=284447"},"modified":"2026-03-23T05:31:49","modified_gmt":"2026-03-23T05:31:49","slug":"madencilik-yikim-ve-geri-donusum","status":"publish","type":"page","link":"https:\/\/www.tele-radio.com\/tr\/madencilik-yikim-ve-geri-donusum\/","title":{"rendered":"MADENC\u0130L\u0130K, YIKIM VE GER\u0130 D\u00d6N\u00dc\u015e\u00dcM"},"content":{"rendered":"\n<div style=\"height:31px\" aria-hidden=\"true\" class=\"wp-block-spacer\"><\/div>\n\n\n\n<h1 class=\"wp-block-heading has-text-align-center\"><strong>MADENC\u0130L\u0130K, YIKIM VE GER\u0130 D\u00d6N\u00dc\u015e\u00dcM<\/strong><\/h1>\n\n\n\n<div style=\"height:26px\" aria-hidden=\"true\" class=\"wp-block-spacer\"><\/div>\n\n\n\n<div class=\"wp-block-columns is-layout-flex wp-container-core-columns-is-layout-9d6595d7 wp-block-columns-is-layout-flex\">\n<div class=\"wp-block-column is-layout-flow wp-block-column-is-layout-flow\">\n<p>Ko\u015fullar ne olursa olsun, verici ile makineniz aras\u0131nda her zaman stabil bir sinyale g\u00fcvenebilirsiniz.<\/p>\n\n\n\n<p>Madencilik, y\u0131k\u0131m ve geri d\u00f6n\u00fc\u015f\u00fcm d\u00fcnyas\u0131 olduk\u00e7a zorlu olabilir. Sert malzemelerin i\u015flenmesi g\u00fc\u00e7l\u00fc makineler ve \u00fcst\u00fcn ekipmanlar gerektirir. \u00c7al\u0131\u015fanlar\u0131n\u0131z\u0131n g\u00fcvenli\u011fini sa\u011flamak hayati \u00f6nem ta\u015f\u0131r.<\/p>\n\n\n\n<p>\u00c7al\u0131\u015fanlar\u0131n\u0131z\u0131n <strong>g\u00fcvenli\u011fi<\/strong> i\u00e7in, personeliniz kulland\u0131klar\u0131 ekipmanlar\u0131n tozlu ve nemli ko\u015fullarda da \u00e7al\u0131\u015fmaya devam edece\u011fine g\u00fcvenebilmelidir. Bu nedenle Tele&nbsp;Radio m\u00fckemmel bir i\u015f orta\u011f\u0131d\u0131r. Vericilerimiz sayesinde her makine g\u00fcvenli bir mesafeden kontrol edilebilir. Makineler dayan\u0131kl\u0131d\u0131r ve&nbsp;<strong>toza ve suya dayan\u0131kl\u0131d\u0131r<\/strong>. \u00dcr\u00fcnlerimize entegre edilen esneklik sayesinde kurulum kolayd\u0131r. D\u00fcnya genelindeki ofis a\u011f\u0131m\u0131z\u0131n; dan\u0131\u015fmanl\u0131k, \u00f6zel \u00e7\u00f6z\u00fcmler, kurulum, aksesuarlar veya onar\u0131m konular\u0131nda size destek olmaya haz\u0131r oldu\u011funu bilmek g\u00fcven verir. \u00c7\u00fcnk\u00fc i\u015flerinizin durmamas\u0131 gerekir!<\/p>\n\n\n\n<p>Vericilerimizin g\u00fcvenlik sertifikalar\u0131 her zaman ba\u011f\u0131ms\u0131z olarak do\u011frulanm\u0131\u015ft\u0131r. Bu sayede \u00e7al\u0131\u015fanlar\u0131n\u0131z\u0131n g\u00fcvenli\u011finin her zaman garanti alt\u0131nda oldu\u011funu temin ederiz.<\/p>\n<\/div>\n\n\n\n<div class=\"wp-block-column is-layout-flow wp-block-column-is-layout-flow\" style=\"flex-basis:100px\"><\/div>\n\n\n\n<div class=\"wp-block-column is-layout-flow wp-block-column-is-layout-flow\">\n<div style=\"height:31px\" aria-hidden=\"true\" class=\"wp-block-spacer\"><\/div>\n\n\n\n<div class=\"wp-block-cover is-light\" style=\"min-height:381px;aspect-ratio:unset;\"><img loading=\"lazy\" decoding=\"async\" width=\"2400\" height=\"1597\" class=\"wp-block-cover__image-background wp-image-119410\" alt=\"\" src=\"https:\/\/www.tele-radio.com\/app\/uploads\/FM_MI_PU_0254.jpg\" style=\"object-position:34% 55%\" data-object-fit=\"cover\" data-object-position=\"34% 55%\" srcset=\"https:\/\/www.tele-radio.com\/app\/uploads\/FM_MI_PU_0254.jpg 2400w, https:\/\/www.tele-radio.com\/app\/uploads\/FM_MI_PU_0254-400x266.jpg 400w, https:\/\/www.tele-radio.com\/app\/uploads\/FM_MI_PU_0254-1200x799.jpg 1200w, https:\/\/www.tele-radio.com\/app\/uploads\/FM_MI_PU_0254-768x511.jpg 768w, https:\/\/www.tele-radio.com\/app\/uploads\/FM_MI_PU_0254-1536x1022.jpg 1536w, https:\/\/www.tele-radio.com\/app\/uploads\/FM_MI_PU_0254-2048x1363.jpg 2048w, https:\/\/www.tele-radio.com\/app\/uploads\/FM_MI_PU_0254-750x499.jpg 750w, https:\/\/www.tele-radio.com\/app\/uploads\/FM_MI_PU_0254-500x333.jpg 500w, https:\/\/www.tele-radio.com\/app\/uploads\/FM_MI_PU_0254-1600x1065.jpg 1600w, https:\/\/www.tele-radio.com\/app\/uploads\/FM_MI_PU_0254-800x532.jpg 800w\" sizes=\"auto, (max-width: 2400px) 100vw, 2400px\" \/><span aria-hidden=\"true\" class=\"wp-block-cover__background has-black-background-color has-background-dim-20 has-background-dim\"><\/span><div class=\"wp-block-cover__inner-container is-layout-flow wp-block-cover-is-layout-flow\">\n<p class=\"has-text-align-center has-large-font-size\"><\/p>\n<\/div><\/div>\n<\/div>\n<\/div>\n\n\n\n<div style=\"height:32px\" aria-hidden=\"true\" class=\"wp-block-spacer\"><\/div>\n\n\n\n\n\n<div style=\"height:100px\" aria-hidden=\"true\" class=\"wp-block-spacer\"><\/div>\n\n\n\n<h2 class=\"wp-block-heading has-text-align-center\">UYGULAMALAR<\/h2>\n\n\n\n<p class=\"has-text-align-center\"><em>Olas\u0131 kullan\u0131m alanlar\u0131 hakk\u0131nda bir fikir vermek amac\u0131yla, a\u015fa\u011f\u0131da baz\u0131 uygulama \u00f6rnekleri ve bu uygulamalarda kullan\u0131lan tipik \u00fcr\u00fcnler yer almaktad\u0131r:<\/em><\/p>\n\n\n\n<div class=\"wp-block-columns is-layout-flex wp-container-core-columns-is-layout-9d6595d7 wp-block-columns-is-layout-flex\">\n<div class=\"wp-block-column is-layout-flow wp-block-column-is-layout-flow\">\n<div class=\"wp-block-cover is-light\"><span aria-hidden=\"true\" class=\"wp-block-cover__background has-white-background-color has-background-dim-100 has-background-dim\"><\/span><div class=\"wp-block-cover__inner-container is-layout-flow wp-block-cover-is-layout-flow\"><div class=\"wp-block-image is-style-default\">\n<figure class=\"aligncenter size-full\"><img loading=\"lazy\" decoding=\"async\" width=\"64\" height=\"64\" src=\"https:\/\/www.tele-radio.com\/app\/uploads\/bulldozer.png\" alt=\"\" class=\"wp-image-119460\"\/><\/figure><\/div>\n\n\n<p class=\"has-text-align-center has-black-color has-text-color\"><strong>KOMPAKT\u00d6RLER (COMPACTORS)<\/strong><\/p>\n\n\n\n<p class=\"has-text-align-center has-black-color has-text-color\">Kompakt\u00f6r, at\u0131k malzemeler veya biyok\u00fctle gibi materyallerin hacmini k\u00fc\u00e7\u00fcltmek, ta\u015f\u0131may\u0131 ve geri d\u00f6n\u00fc\u015f\u00fcm\u00fc kolayla\u015ft\u0131rmak amac\u0131yla s\u0131k\u0131\u015ft\u0131rma i\u015flemi yapan bir makine veya mekanizmad\u0131r ve operat\u00f6r g\u00fcvenli\u011fi i\u00e7in uzaktan kumanda ile \u00e7al\u0131\u015ft\u0131r\u0131labilir.<\/p>\n<\/div><\/div>\n<\/div>\n\n\n\n<div class=\"wp-block-column is-vertically-aligned-top is-layout-flow wp-block-column-is-layout-flow\">\n<div class=\"wp-block-cover is-light\"><span aria-hidden=\"true\" class=\"wp-block-cover__background has-white-background-color has-background-dim-100 has-background-dim\"><\/span><div class=\"wp-block-cover__inner-container is-layout-flow wp-block-cover-is-layout-flow\"><div class=\"wp-block-image is-style-default\">\n<figure class=\"aligncenter size-full\"><img loading=\"lazy\" decoding=\"async\" width=\"64\" height=\"64\" src=\"https:\/\/www.tele-radio.com\/app\/uploads\/mining.png\" alt=\"\" class=\"wp-image-119436\"\/><\/figure><\/div>\n\n\n<p class=\"has-text-align-center has-black-color has-text-color\"><strong>MADENC\u0130L\u0130K KONVEY\u00d6RLER\u0130 (MINING CONVEYORS)<\/strong><\/p>\n\n\n\n<p class=\"has-text-align-center has-black-color has-text-color\">Pek \u00e7ok konvey\u00f6r t\u00fcr\u00fc bulunmaktad\u0131r; boru konvey\u00f6rleri (pipe conveyors), tesis i\u00e7i konvey\u00f6rler (in-plant conveyors), uzun mesafe konvey\u00f6rleri (overland conveyors), yer alt\u0131 konvey\u00f6rleri (underground conveyors), yer de\u011fi\u015ftirilebilir (shiftable), uzat\u0131labilir (extendable) ve ta\u015f\u0131nabilir (relocatable) konvey\u00f6rler. Bu sistemler, bir madencilik operasyonunun adeta damarlar\u0131d\u0131r ve malzemenin sistem i\u00e7inde ta\u015f\u0131nmas\u0131 a\u00e7\u0131s\u0131ndan kritik \u00f6neme sahiptir. Konvey\u00f6rler \u00e7al\u0131\u015fmay\u0131 durdurursa, t\u00fcm maden operasyonu da durur. Bu t\u00fcr \u00e7al\u0131\u015fma ko\u015fullar\u0131 i\u00e7in g\u00fcvenilir bir radyo uzaktan kumanda sistemi kritik \u00f6neme sahiptir.<\/p>\n<\/div><\/div>\n<\/div>\n\n\n\n<div class=\"wp-block-column is-vertically-aligned-top is-layout-flow wp-block-column-is-layout-flow\">\n<div style=\"height:65px\" aria-hidden=\"true\" class=\"wp-block-spacer\"><\/div>\n\n\n<div class=\"wp-block-image is-style-default\">\n<figure class=\"aligncenter size-full is-resized\"><img loading=\"lazy\" decoding=\"async\" width=\"128\" height=\"128\" src=\"https:\/\/www.tele-radio.com\/app\/uploads\/rocks-1.png\" alt=\"\" class=\"wp-image-117910\" style=\"width:64px;height:64px\"\/><\/figure><\/div>\n\n\n<p class=\"has-text-align-center\"><strong>KAYA KIRICILAR (ROCK CRUSHERS)<\/strong><\/p>\n\n\n\n<p class=\"has-text-align-center\">Kaya k\u0131r\u0131c\u0131lar ve eleme makineleri, b\u00fcy\u00fck kayalar\u0131 daha k\u00fc\u00e7\u00fck boyutlu \u00fcr\u00fcnlere d\u00f6n\u00fc\u015ft\u00fcren b\u00fcy\u00fck makinelerdir. Temel fonksiyonlar\u0131n yan\u0131 s\u0131ra makinenin hareketi de operat\u00f6r taraf\u0131ndan uzaktan kumanda ile kontrol edilmesi i\u00e7in idealdir.<\/p>\n<\/div>\n<\/div>\n\n\n\n<div style=\"height:50px\" aria-hidden=\"true\" class=\"wp-block-spacer\"><\/div>\n\n\n\n<div class=\"wp-block-group alignwide\" style=\"margin-top:0;margin-bottom:0\">\n  <div aria-hidden=\"true\" class=\"wp-block-spacer\" style=\"height:50px\"><\/div>\n\n  <h3 class=\"wp-block-heading has-text-align-center\">\n    G\u00fcvenlik ve i\u015flevsellik i\u00e7in tercihlerinizi belirleyin\n  <\/h3>\n\n  <p>\n    \u0130htiya\u00e7lar\u0131n\u0131za en uygun vericiyi se\u00e7mek i\u00e7in Tele&nbsp;Radio ekibine dan\u0131\u015fman\u0131z \u00f6nerilir. Farkl\u0131 \u00f6zelliklere sahip \u00e7e\u015fitli verici \u00e7\u00f6z\u00fcmleri sunuyoruz. Do\u011fru se\u00e7imi yaparken a\u015fa\u011f\u0131daki \u00fc\u00e7 unsur belirleyici olacakt\u0131r:\n  <\/p>\n\n  <div class=\"wp-block-media-text alignwide is-stacked-on-mobile is-vertically-aligned-center\" style=\"grid-template-columns: 15% auto;\">\n    <figure class=\"wp-block-media-text__media\">\n      <img\n        loading=\"lazy\"\n        decoding=\"async\"\n        width=\"404\"\n        height=\"404\"\n        src=\"https:\/\/www.tele-radio.com\/app\/uploads\/Safety_level_2.png\"\n        alt=\"G\u00fcvenlik Seviyesi\"\n        class=\"wp-image-68190 size-full\"\n      \/>\n    <\/figure>\n\n    <div class=\"wp-block-media-text__content\">\n      <p><strong>G\u00fcvenlik Seviyesi<\/strong><\/p>\n      <p>\n        Vericilerimiz g\u00fcvenlidir ve bir\u00e7ok model ba\u011f\u0131ms\u0131z g\u00fcvenlik sertifikas\u0131na sahiptir. Bu, acil durdurma (stop) butonunun \u00e7al\u0131\u015fmas\u0131n\u0131n ba\u011f\u0131ms\u0131z ve yetkili kurulu\u015flar taraf\u0131ndan test edilip do\u011fruland\u0131\u011f\u0131 anlam\u0131na gelir. Makine kullan\u0131m\u0131 s\u0131ras\u0131nda yaralanma riskini en aza indirmek istiyorsan\u0131z, ba\u011f\u0131ms\u0131z g\u00fcvenlik sertifikas\u0131na sahip bir sistem tercih etmenizi \u00f6neririz. G\u00fcvenlik riski bulunmayan uygulamalarda ise sertifikas\u0131z bir verici de tercih edilebilir.\n      <\/p>\n    <\/div>\n  <\/div>\n\n  <div class=\"wp-block-media-text alignwide is-stacked-on-mobile is-vertically-aligned-center\" style=\"grid-template-columns: 15% auto;\">\n    <figure class=\"wp-block-media-text__media\">\n      <img\n        loading=\"lazy\"\n        decoding=\"async\"\n        width=\"404\"\n        height=\"404\"\n        src=\"https:\/\/www.tele-radio.com\/app\/uploads\/Control_element_2.png\"\n        alt=\"Butonlar veya Joystickler\"\n        class=\"wp-image-68176 size-full\"\n      \/>\n    <\/figure>\n\n    <div class=\"wp-block-media-text__content\">\n      <p><strong>Butonlar veya Joystickler<\/strong><\/p>\n      <p>\n        Buton kullan\u0131m\u0131, vericinin kullan\u0131m\u0131n\u0131 daha kolay hale getirirken hassasiyetten \u00f6d\u00fcn vermez. \u00d6rne\u011fin oransal (proportional) butonlara sahip bir verici, joystick vericilerle benzer hassasiyet sunabilir. Butona daha fazla bas\u0131ld\u0131k\u00e7a aktivasyon seviyesi artar. Joystick vericiler ise daha b\u00fcy\u00fck yap\u0131da olup, \u00f6zel butonlar ve anahtarlar gibi daha fazla \u00f6zelle\u015ftirme se\u00e7ene\u011fi sunar.\n      <\/p>\n    <\/div>\n  <\/div>\n\n  <div class=\"wp-block-media-text alignwide is-stacked-on-mobile is-vertically-aligned-center\" style=\"grid-template-columns: 15% auto;\">\n    <figure class=\"wp-block-media-text__media\">\n      <img\n        loading=\"lazy\"\n        decoding=\"async\"\n        width=\"404\"\n        height=\"404\"\n        src=\"https:\/\/www.tele-radio.com\/app\/uploads\/Feedback_2.png\"\n        alt=\"Geri Bildirim\"\n        class=\"wp-image-68223 size-full\"\n      \/>\n    <\/figure>\n\n    <div class=\"wp-block-media-text__content\">\n      <p><strong>Geri Bildirim<\/strong><\/p>\n      <p>\n        Baz\u0131 vericiler, al\u0131c\u0131dan bilgi geri bildirimi alabilir. Sisteme ba\u011fl\u0131 olarak bu bilgiler, verici \u00fczerindeki LED\u2019ler arac\u0131l\u0131\u011f\u0131yla veya bir ekran \u00fczerinden g\u00f6r\u00fcnt\u00fclenebilir. \u00d6rne\u011fin bir vinci kontrol ederken, kald\u0131r\u0131lacak y\u00fck a\u011f\u0131rl\u0131\u011f\u0131 veya alarm bilgilerini ekran \u00fczerinden takip edebilirsiniz. Bu \u00f6zellik, kamyon vin\u00e7leri gibi daha basit uygulamalarda daha az kritik \u00f6neme sahiptir.\n      <\/p>\n    <\/div>\n  <\/div>\n\n  <div aria-hidden=\"true\" class=\"wp-block-spacer\" style=\"height:50px\"><\/div>\n<\/div>\n\n\n\n<div style=\"height:50px\" aria-hidden=\"true\" class=\"wp-block-spacer\"><\/div>\n\n\n<div class=\"wp-block-image is-style-default\">\n<figure class=\"aligncenter size-large is-resized\"><img decoding=\"async\" src=\"https:\/\/www.tele-radio.com\/app\/uploads\/\/Assortiment_2019_zonder_spiegeling_en_schaduw-1200x614.jpg\" alt=\"\" style=\"width:771px;height:394px\"\/><\/figure><\/div>\n\n\n<p class=\"has-text-align-center\"><p style=\"color:#000; font-weight:700; font-size:20px;\">\n<span style=\"background:linear-gradient(transparent 70%, #fabb00 70%);\">\nBir Uzmana Dan\u0131\u015f\u0131n\n<\/span>\n<\/p><\/p>\n\n\n\n<div class=\"wp-block-contact-form-7-contact-form-selector\">\n<div class=\"wpcf7 no-js\" id=\"wpcf7-f283160-o1\" lang=\"tr-TR\" dir=\"ltr\" data-wpcf7-id=\"283160\">\n<div class=\"screen-reader-response\"><p role=\"status\" aria-live=\"polite\" aria-atomic=\"true\"><\/p> <ul><\/ul><\/div>\n<form action=\"\/tr\/wp-json\/wp\/v2\/pages\/284447#wpcf7-f283160-o1\" method=\"post\" class=\"wpcf7-form init\" aria-label=\"Contact form\" novalidate=\"novalidate\" data-status=\"init\">\n<fieldset class=\"hidden-fields-container\"><input type=\"hidden\" name=\"_wpcf7\" value=\"283160\" \/><input type=\"hidden\" name=\"_wpcf7_version\" value=\"6.1\" \/><input type=\"hidden\" name=\"_wpcf7_locale\" value=\"tr_TR\" \/><input type=\"hidden\" name=\"_wpcf7_unit_tag\" value=\"wpcf7-f283160-o1\" \/><input type=\"hidden\" name=\"_wpcf7_container_post\" value=\"0\" \/><input type=\"hidden\" name=\"_wpcf7_posted_data_hash\" value=\"\" \/><input type=\"hidden\" name=\"_wpcf7_recaptcha_response\" value=\"\" \/>\n<\/fieldset>\n<p><label> Ad Soyad*<br \/>\n<span class=\"wpcf7-form-control-wrap\" data-name=\"your-name\"><input size=\"40\" maxlength=\"400\" class=\"wpcf7-form-control wpcf7-text wpcf7-validates-as-required\" aria-required=\"true\" aria-invalid=\"false\" placeholder=\"Ad\u0131n\u0131z ve Soyad\u0131n\u0131z\" value=\"\" type=\"text\" name=\"your-name\" \/><\/span><br \/>\n<\/label>\n<\/p>\n<p><label> E-posta*<br \/>\n<span class=\"wpcf7-form-control-wrap\" data-name=\"your-email\"><input size=\"40\" maxlength=\"400\" class=\"wpcf7-form-control wpcf7-email wpcf7-validates-as-required wpcf7-text wpcf7-validates-as-email\" aria-required=\"true\" aria-invalid=\"false\" placeholder=\"E-posta adresiniz\" value=\"\" type=\"email\" name=\"your-email\" \/><\/span><br \/>\n<\/label>\n<\/p>\n<p><label> Telefon<br \/>\n<span class=\"wpcf7-form-control-wrap\" data-name=\"telephone\"><input size=\"40\" maxlength=\"400\" class=\"wpcf7-form-control wpcf7-tel wpcf7-text wpcf7-validates-as-tel\" aria-invalid=\"false\" placeholder=\"Telefon numaran\u0131z (opsiyonel)\" value=\"\" type=\"tel\" name=\"telephone\" \/><\/span><br \/>\n<\/label>\n<\/p>\n<p><label> Sorunuz*<br \/>\n<span class=\"wpcf7-form-control-wrap\" data-name=\"your-message\"><textarea cols=\"40\" rows=\"10\" maxlength=\"2000\" class=\"wpcf7-form-control wpcf7-textarea wpcf7-validates-as-required\" aria-required=\"true\" aria-invalid=\"false\" placeholder=\"Mesaj\u0131n\u0131z\u0131 yaz\u0131n\" name=\"your-message\"><\/textarea><\/span><br \/>\n<\/label>\n<\/p>\n<p><input class=\"wpcf7-form-control wpcf7-submit has-spinner\" type=\"submit\" value=\"G\u00f6nder\" \/>\n<\/p><div class=\"wpcf7-response-output\" aria-hidden=\"true\"><\/div>\n<\/form>\n<\/div>\n\r\n\t\t\t\t<script>\r\n\t\t\t\tif ( typeof huOptions !== 'undefined' ) {\r\n\t\t\t\t\tvar huFormData = {\"source\":\"contactform7\",\"id\":283160,\"title\":\"TRFORM-UYGULAMALAR\",\"fields\":{\"subject\":{\"first_name\":\"your-name\",\"email\":\"your-email\"},\"preferences\":{\"terms\":\"your-consent\"}}};\r\n\t\t\t\t\tvar huFormNode = document.querySelector( '[id^=\"wpcf7-f283160-\"] form' );\r\n\r\n\t\t\t\t\thuFormData['node'] = huFormNode;\r\n\t\t\t\t\thuOptions['forms'].push( huFormData );\r\n\t\t\t\t}\r\n\t\t\t\t<\/script><\/div>\n\n\n\n<p><\/p>\n","protected":false},"excerpt":{"rendered":"<p>MADENC\u0130L\u0130K, YIKIM VE GER\u0130 D\u00d6N\u00dc\u015e\u00dcM Ko\u015fullar ne olursa olsun, verici ile makineniz aras\u0131nda her zaman stabil bir sinyale g\u00fcvenebilirsiniz. Madencilik, y\u0131k\u0131m ve geri d\u00f6n\u00fc\u015f\u00fcm d\u00fcnyas\u0131 olduk\u00e7a zorlu olabilir. Sert malzemelerin i\u015flenmesi g\u00fc\u00e7l\u00fc makineler ve \u00fcst\u00fcn ekipmanlar gerektirir. \u00c7al\u0131\u015fanlar\u0131n\u0131z\u0131n g\u00fcvenli\u011fini sa\u011flamak hayati \u00f6nem ta\u015f\u0131r. \u00c7al\u0131\u015fanlar\u0131n\u0131z\u0131n g\u00fcvenli\u011fi i\u00e7in, personeliniz kulland\u0131klar\u0131 ekipmanlar\u0131n tozlu ve nemli ko\u015fullarda da \u00e7al\u0131\u015fmaya [&hellip;]<\/p>\n","protected":false},"author":52,"featured_media":0,"parent":0,"menu_order":0,"comment_status":"closed","ping_status":"closed","template":"","meta":{"_acf_changed":false,"footnotes":""},"class_list":["post-284447","page","type-page","status-publish","hentry"],"acf":[],"_links":{"self":[{"href":"https:\/\/www.tele-radio.com\/tr\/wp-json\/wp\/v2\/pages\/284447","targetHints":{"allow":["GET"]}}],"collection":[{"href":"https:\/\/www.tele-radio.com\/tr\/wp-json\/wp\/v2\/pages"}],"about":[{"href":"https:\/\/www.tele-radio.com\/tr\/wp-json\/wp\/v2\/types\/page"}],"author":[{"embeddable":true,"href":"https:\/\/www.tele-radio.com\/tr\/wp-json\/wp\/v2\/users\/52"}],"replies":[{"embeddable":true,"href":"https:\/\/www.tele-radio.com\/tr\/wp-json\/wp\/v2\/comments?post=284447"}],"version-history":[{"count":6,"href":"https:\/\/www.tele-radio.com\/tr\/wp-json\/wp\/v2\/pages\/284447\/revisions"}],"predecessor-version":[{"id":285181,"href":"https:\/\/www.tele-radio.com\/tr\/wp-json\/wp\/v2\/pages\/284447\/revisions\/285181"}],"wp:attachment":[{"href":"https:\/\/www.tele-radio.com\/tr\/wp-json\/wp\/v2\/media?parent=284447"}],"curies":[{"name":"wp","href":"https:\/\/api.w.org\/{rel}","templated":true}]}}