{"id":284446,"date":"2026-03-17T10:40:31","date_gmt":"2026-03-17T10:40:31","guid":{"rendered":"https:\/\/www.tele-radio.com\/?page_id=284446"},"modified":"2026-03-23T05:45:37","modified_gmt":"2026-03-23T05:45:37","slug":"denizcilik","status":"publish","type":"page","link":"https:\/\/www.tele-radio.com\/tr\/denizcilik\/","title":{"rendered":"DEN\u0130ZC\u0130L\u0130K"},"content":{"rendered":"\n<div style=\"height:31px\" aria-hidden=\"true\" class=\"wp-block-spacer\"><\/div>\n\n\n\n<h1 class=\"wp-block-heading has-text-align-center\"><strong><strong>DEN\u0130ZC\u0130L\u0130K<\/strong><\/strong><\/h1>\n\n\n\n<div style=\"height:26px\" aria-hidden=\"true\" class=\"wp-block-spacer\"><\/div>\n\n\n\n<div class=\"wp-block-columns is-layout-flex wp-container-core-columns-is-layout-9d6595d7 wp-block-columns-is-layout-flex\">\n<div class=\"wp-block-column is-layout-flow wp-block-column-is-layout-flow\">\n<h1 class=\"wp-block-heading\">Denizcilik sekt\u00f6r\u00fcne yard\u0131mc\u0131 oluyoruz<\/h1>\n\n\n\n<p>Tele Radio, denizcilik sekt\u00f6r\u00fcn\u00fcn t\u00fcm alanlar\u0131na \u00e7\u00f6z\u00fcmler sunar. \u0130ster k\u00fc\u00e7\u00fck bir \u00f6zel tekneye ister b\u00fcy\u00fck bir gemiye sahip olun, size uygun bir \u00e7\u00f6z\u00fcm\u00fcm\u00fcz vard\u0131r. Nehirlerde ve deltalar \u00fczerinde ya da a\u00e7\u0131k denizde, tekne ve gemilerle ilgili \u00e7ok say\u0131da farkl\u0131 uygulama bulunmaktad\u0131r ve bunlar\u0131n hepsini kapsamak zordur; ancak \u00e7\u00f6z\u00fcm sundu\u011fumuz baz\u0131 \u00f6rnek uygulamalar aras\u0131nda portal vin\u00e7ler, iskele ge\u00e7i\u015f sistemleri (gangway), ayd\u0131nlatma sistemleri, demirleme sistemleri (anchor), vin\u00e7ler (winch), trim pervaneleri ve daha fazlas\u0131 yer al\u0131r. Di\u011fer bir\u00e7ok alanda oldu\u011fu gibi, uzaktan kumanda \u00e7\u00f6z\u00fcm\u00fc sizi kontrol paneline ba\u011fl\u0131 kalmak yerine tam ihtiya\u00e7 duydu\u011funuz noktaya getirir. Baz\u0131 durumlarda operat\u00f6r kabininde kalmak, yap\u0131lan i\u015flemi en iyi a\u00e7\u0131dan g\u00f6rememenize neden olabilir; bu da kazalara yol a\u00e7abilir veya verimlili\u011fi olumsuz etkileyebilir.<\/p>\n<\/div>\n\n\n\n<div class=\"wp-block-column is-layout-flow wp-block-column-is-layout-flow\" style=\"flex-basis:100px\"><\/div>\n\n\n\n<div class=\"wp-block-column is-layout-flow wp-block-column-is-layout-flow\">\n<div style=\"height:31px\" aria-hidden=\"true\" class=\"wp-block-spacer\"><\/div>\n\n\n\n<div class=\"wp-block-cover is-light\" style=\"min-height:368px;aspect-ratio:unset;\"><img loading=\"lazy\" decoding=\"async\" width=\"2048\" height=\"1365\" class=\"wp-block-cover__image-background wp-image-116065\" alt=\"\" src=\"https:\/\/www.tele-radio.com\/app\/uploads\/FL_LC_PU_0002.jpg\" style=\"object-position:45% 59%\" data-object-fit=\"cover\" data-object-position=\"45% 59%\" srcset=\"https:\/\/www.tele-radio.com\/app\/uploads\/FL_LC_PU_0002.jpg 2048w, https:\/\/www.tele-radio.com\/app\/uploads\/FL_LC_PU_0002-400x267.jpg 400w, https:\/\/www.tele-radio.com\/app\/uploads\/FL_LC_PU_0002-1200x800.jpg 1200w, https:\/\/www.tele-radio.com\/app\/uploads\/FL_LC_PU_0002-768x512.jpg 768w, https:\/\/www.tele-radio.com\/app\/uploads\/FL_LC_PU_0002-1536x1024.jpg 1536w, https:\/\/www.tele-radio.com\/app\/uploads\/FL_LC_PU_0002-750x500.jpg 750w, https:\/\/www.tele-radio.com\/app\/uploads\/FL_LC_PU_0002-500x333.jpg 500w, https:\/\/www.tele-radio.com\/app\/uploads\/FL_LC_PU_0002-1600x1066.jpg 1600w, https:\/\/www.tele-radio.com\/app\/uploads\/FL_LC_PU_0002-800x533.jpg 800w\" sizes=\"auto, (max-width: 2048px) 100vw, 2048px\" \/><span aria-hidden=\"true\" class=\"wp-block-cover__background has-black-background-color has-background-dim-20 has-background-dim\"><\/span><div class=\"wp-block-cover__inner-container is-layout-flow wp-block-cover-is-layout-flow\">\n<p class=\"has-text-align-center has-large-font-size\"><\/p>\n<\/div><\/div>\n<\/div>\n<\/div>\n\n\n\n<div style=\"height:54px\" aria-hidden=\"true\" class=\"wp-block-spacer\"><\/div>\n\n\n\n\n\n<div style=\"height:100px\" aria-hidden=\"true\" class=\"wp-block-spacer\"><\/div>\n\n\n\n<h2 class=\"wp-block-heading has-text-align-center\">UYGULAMALAR<\/h2>\n\n\n\n<p class=\"has-text-align-center\"><em>Olas\u0131 kullan\u0131m alanlar\u0131 hakk\u0131nda bir fikir vermek amac\u0131yla, a\u015fa\u011f\u0131da baz\u0131 uygulama \u00f6rnekleri ve bu uygulamalarda kullan\u0131lan tipik \u00fcr\u00fcnler yer almaktad\u0131r:<\/em><\/p>\n\n\n\n<div class=\"wp-block-columns is-layout-flex wp-container-core-columns-is-layout-9d6595d7 wp-block-columns-is-layout-flex\">\n<div class=\"wp-block-column is-layout-flow wp-block-column-is-layout-flow\">\n<div class=\"wp-block-cover is-light\"><span aria-hidden=\"true\" class=\"wp-block-cover__background has-white-background-color has-background-dim-100 has-background-dim\"><\/span><div class=\"wp-block-cover__inner-container is-layout-flow wp-block-cover-is-layout-flow\"><div class=\"wp-block-image is-style-default\">\n<figure class=\"aligncenter size-full\"><img loading=\"lazy\" decoding=\"async\" width=\"64\" height=\"64\" src=\"https:\/\/www.tele-radio.com\/app\/uploads\/ladder.png\" alt=\"\" class=\"wp-image-119185\"\/><\/figure><\/div>\n\n\n<p class=\"has-text-align-center has-black-color has-text-color\"><strong>GANGWAY (GANGWAYS)<\/strong><\/p>\n\n\n\n<p class=\"has-text-align-center has-black-color has-text-color\">Tekne ve deniz ara\u00e7lar\u0131 i\u00e7in elektrikle kontrol edilen gangway sistemleri, uzaktan kumandadan b\u00fcy\u00fck \u00f6l\u00e7\u00fcde fayda sa\u011flayan yayg\u0131n bir uygulamad\u0131r. Gangway\u2019i, ihtiya\u00e7 duydu\u011funuz anda iskeleden kolayca kald\u0131rabilir veya indirebilirsiniz.<\/p>\n<\/div><\/div>\n<\/div>\n\n\n\n<div class=\"wp-block-column is-vertically-aligned-top is-layout-flow wp-block-column-is-layout-flow\">\n<div class=\"wp-block-cover is-light\"><span aria-hidden=\"true\" class=\"wp-block-cover__background has-white-background-color has-background-dim-100 has-background-dim\"><\/span><div class=\"wp-block-cover__inner-container is-layout-flow wp-block-cover-is-layout-flow\"><div class=\"wp-block-image is-style-default\">\n<figure class=\"aligncenter size-full\"><img loading=\"lazy\" decoding=\"async\" width=\"64\" height=\"64\" src=\"https:\/\/www.tele-radio.com\/app\/uploads\/lamp.png\" alt=\"\" class=\"wp-image-119209\"\/><\/figure><\/div>\n\n\n<p class=\"has-text-align-center has-black-color has-text-color\"><strong>AYDINLATMA (LIGHTS)<\/strong><\/p>\n\n\n\n<p class=\"has-text-align-center has-black-color has-text-color\">Bir gemide, gemi i\u00e7inde hareket ederken ayd\u0131nlatmalar\u0131 a\u00e7\u0131p kapatma i\u015flemi uzaktan kumanda ile kolayca ger\u00e7ekle\u015ftirilebilir. Daha b\u00fcy\u00fck gemilerde, personelin kendi kumandalar\u0131na sahip olmas\u0131, misafirlerin ihtiya\u00e7lar\u0131na daha kolay yan\u0131t vermelerini sa\u011flar.<\/p>\n<\/div><\/div>\n<\/div>\n\n\n\n<div class=\"wp-block-column is-vertically-aligned-top is-layout-flow wp-block-column-is-layout-flow\">\n<div style=\"height:65px\" aria-hidden=\"true\" class=\"wp-block-spacer\"><\/div>\n\n\n<div class=\"wp-block-image is-style-default\">\n<figure class=\"aligncenter size-full\"><img loading=\"lazy\" decoding=\"async\" width=\"64\" height=\"64\" src=\"https:\/\/www.tele-radio.com\/app\/uploads\/cruise.png\" alt=\"\" class=\"wp-image-119233\"\/><\/figure><\/div>\n\n\n<p class=\"has-text-align-center\"><strong>GEM\u0130 TARAMA S\u0130STEMLER\u0130 (VESSEL DREDGES)<\/strong><\/p>\n\n\n\n<p class=\"has-text-align-center\">Tehlikeli malzeme tarama ve temizleme i\u015flemlerinde kullan\u0131lan, hidrolik bile\u015fenlere sahip tarama sistemleri; valf kontrollerini y\u00f6netebilen \u00f6zel uzaktan kumanda sistemlerine ihtiya\u00e7 duyar. Bu alan Tele Radio taraf\u0131ndan iyi \u015fekilde kar\u015f\u0131lanmaktad\u0131r. Kontrol noktalar\u0131 aras\u0131nda kaz\u0131 ekipmanlar\u0131, dengeleyici pontonlar, burgu kesiciler (auger cutter) veya di\u011fer vin\u00e7 t\u00fcrleri yer alabilir.<\/p>\n<\/div>\n<\/div>\n\n\n\n<div style=\"height:50px\" aria-hidden=\"true\" class=\"wp-block-spacer\"><\/div>\n\n\n\n<div style=\"height:50px\" aria-hidden=\"true\" class=\"wp-block-spacer\"><\/div>\n\n\n\n<div class=\"wp-block-group alignwide\" style=\"margin-top:0;margin-bottom:0\">\n  <div aria-hidden=\"true\" class=\"wp-block-spacer\" style=\"height:50px\"><\/div>\n\n  <h3 class=\"wp-block-heading has-text-align-center\">\n    G\u00fcvenlik ve i\u015flevsellik i\u00e7in tercihlerinizi belirleyin\n  <\/h3>\n\n  <p>\n    \u0130htiya\u00e7lar\u0131n\u0131za en uygun vericiyi se\u00e7mek i\u00e7in Tele&nbsp;Radio ekibine dan\u0131\u015fman\u0131z \u00f6nerilir. Farkl\u0131 \u00f6zelliklere sahip \u00e7e\u015fitli verici \u00e7\u00f6z\u00fcmleri sunuyoruz. Do\u011fru se\u00e7imi yaparken a\u015fa\u011f\u0131daki \u00fc\u00e7 unsur belirleyici olacakt\u0131r:\n  <\/p>\n\n  <div class=\"wp-block-media-text alignwide is-stacked-on-mobile is-vertically-aligned-center\" style=\"grid-template-columns: 15% auto;\">\n    <figure class=\"wp-block-media-text__media\">\n      <img\n        loading=\"lazy\"\n        decoding=\"async\"\n        width=\"404\"\n        height=\"404\"\n        src=\"https:\/\/www.tele-radio.com\/app\/uploads\/Safety_level_2.png\"\n        alt=\"G\u00fcvenlik Seviyesi\"\n        class=\"wp-image-68190 size-full\"\n      \/>\n    <\/figure>\n\n    <div class=\"wp-block-media-text__content\">\n      <p><strong>G\u00fcvenlik Seviyesi<\/strong><\/p>\n      <p>\n        Vericilerimiz g\u00fcvenlidir ve bir\u00e7ok model ba\u011f\u0131ms\u0131z g\u00fcvenlik sertifikas\u0131na sahiptir. Bu, acil durdurma (stop) butonunun \u00e7al\u0131\u015fmas\u0131n\u0131n ba\u011f\u0131ms\u0131z ve yetkili kurulu\u015flar taraf\u0131ndan test edilip do\u011fruland\u0131\u011f\u0131 anlam\u0131na gelir. Makine kullan\u0131m\u0131 s\u0131ras\u0131nda yaralanma riskini en aza indirmek istiyorsan\u0131z, ba\u011f\u0131ms\u0131z g\u00fcvenlik sertifikas\u0131na sahip bir sistem tercih etmenizi \u00f6neririz. G\u00fcvenlik riski bulunmayan uygulamalarda ise sertifikas\u0131z bir verici de tercih edilebilir.\n      <\/p>\n    <\/div>\n  <\/div>\n\n  <div class=\"wp-block-media-text alignwide is-stacked-on-mobile is-vertically-aligned-center\" style=\"grid-template-columns: 15% auto;\">\n    <figure class=\"wp-block-media-text__media\">\n      <img\n        loading=\"lazy\"\n        decoding=\"async\"\n        width=\"404\"\n        height=\"404\"\n        src=\"https:\/\/www.tele-radio.com\/app\/uploads\/Control_element_2.png\"\n        alt=\"Butonlar veya Joystickler\"\n        class=\"wp-image-68176 size-full\"\n      \/>\n    <\/figure>\n\n    <div class=\"wp-block-media-text__content\">\n      <p><strong>Butonlar veya Joystickler<\/strong><\/p>\n      <p>\n        Buton kullan\u0131m\u0131, vericinin kullan\u0131m\u0131n\u0131 daha kolay hale getirirken hassasiyetten \u00f6d\u00fcn vermez. \u00d6rne\u011fin oransal (proportional) butonlara sahip bir verici, joystick vericilerle benzer hassasiyet sunabilir. Butona daha fazla bas\u0131ld\u0131k\u00e7a aktivasyon seviyesi artar. Joystick vericiler ise daha b\u00fcy\u00fck yap\u0131da olup, \u00f6zel butonlar ve anahtarlar gibi daha fazla \u00f6zelle\u015ftirme se\u00e7ene\u011fi sunar.\n      <\/p>\n    <\/div>\n  <\/div>\n\n  <div class=\"wp-block-media-text alignwide is-stacked-on-mobile is-vertically-aligned-center\" style=\"grid-template-columns: 15% auto;\">\n    <figure class=\"wp-block-media-text__media\">\n      <img\n        loading=\"lazy\"\n        decoding=\"async\"\n        width=\"404\"\n        height=\"404\"\n        src=\"https:\/\/www.tele-radio.com\/app\/uploads\/Feedback_2.png\"\n        alt=\"Geri Bildirim\"\n        class=\"wp-image-68223 size-full\"\n      \/>\n    <\/figure>\n\n    <div class=\"wp-block-media-text__content\">\n      <p><strong>Geri Bildirim<\/strong><\/p>\n      <p>\n        Baz\u0131 vericiler, al\u0131c\u0131dan bilgi geri bildirimi alabilir. Sisteme ba\u011fl\u0131 olarak bu bilgiler, verici \u00fczerindeki LED\u2019ler arac\u0131l\u0131\u011f\u0131yla veya bir ekran \u00fczerinden g\u00f6r\u00fcnt\u00fclenebilir. \u00d6rne\u011fin bir vinci kontrol ederken, kald\u0131r\u0131lacak y\u00fck a\u011f\u0131rl\u0131\u011f\u0131 veya alarm bilgilerini ekran \u00fczerinden takip edebilirsiniz. Bu \u00f6zellik, kamyon vin\u00e7leri gibi daha basit uygulamalarda daha az kritik \u00f6neme sahiptir.\n      <\/p>\n    <\/div>\n  <\/div>\n\n  <div aria-hidden=\"true\" class=\"wp-block-spacer\" style=\"height:50px\"><\/div>\n<\/div>\n\n\n<div class=\"wp-block-image is-style-default\">\n<figure class=\"aligncenter size-large is-resized\"><img decoding=\"async\" src=\"https:\/\/www.tele-radio.com\/app\/uploads\/\/Assortiment_2019_zonder_spiegeling_en_schaduw-1200x614.jpg\" alt=\"\" style=\"width:771px;height:394px\"\/><\/figure><\/div>\n\n\n<p class=\"has-text-align-center\"><p style=\"color:#000; font-weight:700; font-size:20px;\">\n<span style=\"background:linear-gradient(transparent 70%, #fabb00 70%);\">\nBir Uzmana Dan\u0131\u015f\u0131n\n<\/span>\n<\/p><\/p>\n\n\n\n<div class=\"wp-block-contact-form-7-contact-form-selector\">\n<div class=\"wpcf7 no-js\" id=\"wpcf7-f283160-o1\" lang=\"tr-TR\" dir=\"ltr\" data-wpcf7-id=\"283160\">\n<div class=\"screen-reader-response\"><p role=\"status\" aria-live=\"polite\" aria-atomic=\"true\"><\/p> <ul><\/ul><\/div>\n<form action=\"\/tr\/wp-json\/wp\/v2\/pages\/284446#wpcf7-f283160-o1\" method=\"post\" class=\"wpcf7-form init\" aria-label=\"Contact form\" novalidate=\"novalidate\" data-status=\"init\">\n<fieldset class=\"hidden-fields-container\"><input type=\"hidden\" name=\"_wpcf7\" value=\"283160\" \/><input type=\"hidden\" name=\"_wpcf7_version\" value=\"6.1\" \/><input type=\"hidden\" name=\"_wpcf7_locale\" value=\"tr_TR\" \/><input type=\"hidden\" name=\"_wpcf7_unit_tag\" value=\"wpcf7-f283160-o1\" \/><input type=\"hidden\" name=\"_wpcf7_container_post\" value=\"0\" \/><input type=\"hidden\" name=\"_wpcf7_posted_data_hash\" value=\"\" \/><input type=\"hidden\" name=\"_wpcf7_recaptcha_response\" value=\"\" \/>\n<\/fieldset>\n<p><label> Ad Soyad*<br \/>\n<span class=\"wpcf7-form-control-wrap\" data-name=\"your-name\"><input size=\"40\" maxlength=\"400\" class=\"wpcf7-form-control wpcf7-text wpcf7-validates-as-required\" aria-required=\"true\" aria-invalid=\"false\" placeholder=\"Ad\u0131n\u0131z ve Soyad\u0131n\u0131z\" value=\"\" type=\"text\" name=\"your-name\" \/><\/span><br \/>\n<\/label>\n<\/p>\n<p><label> E-posta*<br \/>\n<span class=\"wpcf7-form-control-wrap\" data-name=\"your-email\"><input size=\"40\" maxlength=\"400\" class=\"wpcf7-form-control wpcf7-email wpcf7-validates-as-required wpcf7-text wpcf7-validates-as-email\" aria-required=\"true\" aria-invalid=\"false\" placeholder=\"E-posta adresiniz\" value=\"\" type=\"email\" name=\"your-email\" \/><\/span><br \/>\n<\/label>\n<\/p>\n<p><label> Telefon<br \/>\n<span class=\"wpcf7-form-control-wrap\" data-name=\"telephone\"><input size=\"40\" maxlength=\"400\" class=\"wpcf7-form-control wpcf7-tel wpcf7-text wpcf7-validates-as-tel\" aria-invalid=\"false\" placeholder=\"Telefon numaran\u0131z (opsiyonel)\" value=\"\" type=\"tel\" name=\"telephone\" \/><\/span><br \/>\n<\/label>\n<\/p>\n<p><label> Sorunuz*<br \/>\n<span class=\"wpcf7-form-control-wrap\" data-name=\"your-message\"><textarea cols=\"40\" rows=\"10\" maxlength=\"2000\" class=\"wpcf7-form-control wpcf7-textarea wpcf7-validates-as-required\" aria-required=\"true\" aria-invalid=\"false\" placeholder=\"Mesaj\u0131n\u0131z\u0131 yaz\u0131n\" name=\"your-message\"><\/textarea><\/span><br \/>\n<\/label>\n<\/p>\n<p><input class=\"wpcf7-form-control wpcf7-submit has-spinner\" type=\"submit\" value=\"G\u00f6nder\" \/>\n<\/p><div class=\"wpcf7-response-output\" aria-hidden=\"true\"><\/div>\n<\/form>\n<\/div>\n\r\n\t\t\t\t<script>\r\n\t\t\t\tif ( typeof huOptions !== 'undefined' ) {\r\n\t\t\t\t\tvar huFormData = {\"source\":\"contactform7\",\"id\":283160,\"title\":\"TRFORM-UYGULAMALAR\",\"fields\":{\"subject\":{\"first_name\":\"your-name\",\"email\":\"your-email\"},\"preferences\":{\"terms\":\"your-consent\"}}};\r\n\t\t\t\t\tvar huFormNode = document.querySelector( '[id^=\"wpcf7-f283160-\"] form' );\r\n\r\n\t\t\t\t\thuFormData['node'] = huFormNode;\r\n\t\t\t\t\thuOptions['forms'].push( huFormData );\r\n\t\t\t\t}\r\n\t\t\t\t<\/script><\/div>\n","protected":false},"excerpt":{"rendered":"<p>DEN\u0130ZC\u0130L\u0130K Denizcilik sekt\u00f6r\u00fcne yard\u0131mc\u0131 oluyoruz Tele Radio, denizcilik sekt\u00f6r\u00fcn\u00fcn t\u00fcm alanlar\u0131na \u00e7\u00f6z\u00fcmler sunar. \u0130ster k\u00fc\u00e7\u00fck bir \u00f6zel tekneye ister b\u00fcy\u00fck bir gemiye sahip olun, size uygun bir \u00e7\u00f6z\u00fcm\u00fcm\u00fcz vard\u0131r. Nehirlerde ve deltalar \u00fczerinde ya da a\u00e7\u0131k denizde, tekne ve gemilerle ilgili \u00e7ok say\u0131da farkl\u0131 uygulama bulunmaktad\u0131r ve bunlar\u0131n hepsini kapsamak zordur; ancak \u00e7\u00f6z\u00fcm sundu\u011fumuz baz\u0131 [&hellip;]<\/p>\n","protected":false},"author":52,"featured_media":0,"parent":0,"menu_order":0,"comment_status":"closed","ping_status":"closed","template":"","meta":{"_acf_changed":false,"footnotes":""},"class_list":["post-284446","page","type-page","status-publish","hentry"],"acf":[],"_links":{"self":[{"href":"https:\/\/www.tele-radio.com\/tr\/wp-json\/wp\/v2\/pages\/284446","targetHints":{"allow":["GET"]}}],"collection":[{"href":"https:\/\/www.tele-radio.com\/tr\/wp-json\/wp\/v2\/pages"}],"about":[{"href":"https:\/\/www.tele-radio.com\/tr\/wp-json\/wp\/v2\/types\/page"}],"author":[{"embeddable":true,"href":"https:\/\/www.tele-radio.com\/tr\/wp-json\/wp\/v2\/users\/52"}],"replies":[{"embeddable":true,"href":"https:\/\/www.tele-radio.com\/tr\/wp-json\/wp\/v2\/comments?post=284446"}],"version-history":[{"count":9,"href":"https:\/\/www.tele-radio.com\/tr\/wp-json\/wp\/v2\/pages\/284446\/revisions"}],"predecessor-version":[{"id":285188,"href":"https:\/\/www.tele-radio.com\/tr\/wp-json\/wp\/v2\/pages\/284446\/revisions\/285188"}],"wp:attachment":[{"href":"https:\/\/www.tele-radio.com\/tr\/wp-json\/wp\/v2\/media?parent=284446"}],"curies":[{"name":"wp","href":"https:\/\/api.w.org\/{rel}","templated":true}]}}