{"id":284416,"date":"2026-03-17T10:36:16","date_gmt":"2026-03-17T10:36:16","guid":{"rendered":"https:\/\/www.tele-radio.com\/?page_id=284416"},"modified":"2026-03-23T06:02:10","modified_gmt":"2026-03-23T06:02:10","slug":"diger","status":"publish","type":"page","link":"https:\/\/www.tele-radio.com\/tr\/diger\/","title":{"rendered":"D\u0130\u011eER"},"content":{"rendered":"\n<div style=\"height:31px\" aria-hidden=\"true\" class=\"wp-block-spacer\"><\/div>\n\n\n\n<h1 class=\"wp-block-heading has-text-align-center\"><strong><strong>D\u0130\u011eER<\/strong><\/strong><\/h1>\n\n\n\n<div style=\"height:26px\" aria-hidden=\"true\" class=\"wp-block-spacer\"><\/div>\n\n\n\n<div class=\"wp-block-columns is-layout-flex wp-container-core-columns-is-layout-9d6595d7 wp-block-columns-is-layout-flex\">\n<div class=\"wp-block-column is-layout-flow wp-block-column-is-layout-flow\">\n<h2 class=\"wp-block-heading\"><strong>Kap\u0131lar, ge\u00e7itler ve bariyerler; eri\u015fimi kontrol etmek istedi\u011finizde<\/strong><\/h2>\n\n\n\n<p>(S\u00fcrg\u00fcl\u00fc veya kepenk tipi) kap\u0131lar\u0131n, ge\u00e7itlerin, \u00e7itlerin, bariyerlerin, bollardlar\u0131n ve a\u00e7\u0131l\u0131r\/kapan\u0131r rampalar\u0131n a\u00e7\u0131lmas\u0131n\u0131 veya hareket ettirilmesini uzaktan kontrol edebilmek; g\u00fcvenlik ve kullan\u0131m kolayl\u0131\u011f\u0131 a\u00e7\u0131s\u0131ndan \u00f6nemlidir. Y\u0131llara dayanan deneyimi sayesinde Tele Radio, size en g\u00fcvenilir ve verimli \u00e7\u00f6z\u00fcmleri sunabilir. Uzun y\u0131llar kullan\u0131m i\u00e7in \u00fcretilmi\u015f, ihtiya\u00e7lar\u0131n\u0131za g\u00f6re uyarlanm\u0131\u015f ve g\u00fcnl\u00fck kullan\u0131m\u0131 kolayla\u015ft\u0131ran geni\u015f aksesuar se\u00e7enekleri ile birlikte sunulur. \u0130ster yo\u011fun bir caddede bir bollard\u0131 kald\u0131r\u0131yor olun, ister bir da\u011f\u0131t\u0131m merkezindeki kepenk kap\u0131lar\u0131 ki\u015fisel bir verici ile kontrol ediyor olun.\n<\/p>\n<\/div>\n\n\n\n<div class=\"wp-block-column is-layout-flow wp-block-column-is-layout-flow\" style=\"flex-basis:100px\"><\/div>\n\n\n\n<div class=\"wp-block-column is-layout-flow wp-block-column-is-layout-flow\">\n<div style=\"height:31px\" aria-hidden=\"true\" class=\"wp-block-spacer\"><\/div>\n\n\n\n<div class=\"wp-block-cover is-light\" style=\"min-height:368px;aspect-ratio:unset;\"><img loading=\"lazy\" decoding=\"async\" width=\"2400\" height=\"1602\" class=\"wp-block-cover__image-background wp-image-119677\" alt=\"\" src=\"https:\/\/www.tele-radio.com\/app\/uploads\/FM_MI_PN_0039.jpg\" style=\"object-position:59% 54%\" data-object-fit=\"cover\" data-object-position=\"59% 54%\" srcset=\"https:\/\/www.tele-radio.com\/app\/uploads\/FM_MI_PN_0039.jpg 2400w, https:\/\/www.tele-radio.com\/app\/uploads\/FM_MI_PN_0039-400x267.jpg 400w, https:\/\/www.tele-radio.com\/app\/uploads\/FM_MI_PN_0039-1200x801.jpg 1200w, https:\/\/www.tele-radio.com\/app\/uploads\/FM_MI_PN_0039-768x513.jpg 768w, https:\/\/www.tele-radio.com\/app\/uploads\/FM_MI_PN_0039-1536x1025.jpg 1536w, https:\/\/www.tele-radio.com\/app\/uploads\/FM_MI_PN_0039-2048x1367.jpg 2048w, https:\/\/www.tele-radio.com\/app\/uploads\/FM_MI_PN_0039-750x501.jpg 750w, https:\/\/www.tele-radio.com\/app\/uploads\/FM_MI_PN_0039-500x334.jpg 500w, https:\/\/www.tele-radio.com\/app\/uploads\/FM_MI_PN_0039-1600x1068.jpg 1600w, https:\/\/www.tele-radio.com\/app\/uploads\/FM_MI_PN_0039-800x534.jpg 800w\" sizes=\"auto, (max-width: 2400px) 100vw, 2400px\" \/><span aria-hidden=\"true\" class=\"wp-block-cover__background has-black-background-color has-background-dim-20 has-background-dim\"><\/span><div class=\"wp-block-cover__inner-container is-layout-flow wp-block-cover-is-layout-flow\">\n<p class=\"has-text-align-center has-large-font-size\"><\/p>\n<\/div><\/div>\n<\/div>\n<\/div>\n\n\n\n<div style=\"height:32px\" aria-hidden=\"true\" class=\"wp-block-spacer\"><\/div>\n\n\n\n\n\n<div style=\"height:100px\" aria-hidden=\"true\" class=\"wp-block-spacer\"><\/div>\n\n\n\n<div class=\"wp-block-group alignwide\" style=\"margin-top:0;margin-bottom:0\">\n  <div aria-hidden=\"true\" class=\"wp-block-spacer\" style=\"height:50px\"><\/div>\n\n  <h3 class=\"wp-block-heading has-text-align-center\">\n    G\u00fcvenlik ve i\u015flevsellik i\u00e7in tercihlerinizi belirleyin\n  <\/h3>\n\n  <p>\n    \u0130htiya\u00e7lar\u0131n\u0131za en uygun vericiyi se\u00e7mek i\u00e7in Tele&nbsp;Radio ekibine dan\u0131\u015fman\u0131z \u00f6nerilir. Farkl\u0131 \u00f6zelliklere sahip \u00e7e\u015fitli verici \u00e7\u00f6z\u00fcmleri sunuyoruz. Do\u011fru se\u00e7imi yaparken a\u015fa\u011f\u0131daki \u00fc\u00e7 unsur belirleyici olacakt\u0131r:\n  <\/p>\n\n  <div class=\"wp-block-media-text alignwide is-stacked-on-mobile is-vertically-aligned-center\" style=\"grid-template-columns: 15% auto;\">\n    <figure class=\"wp-block-media-text__media\">\n      <img\n        loading=\"lazy\"\n        decoding=\"async\"\n        width=\"404\"\n        height=\"404\"\n        src=\"https:\/\/www.tele-radio.com\/app\/uploads\/Safety_level_2.png\"\n        alt=\"G\u00fcvenlik Seviyesi\"\n        class=\"wp-image-68190 size-full\"\n      \/>\n    <\/figure>\n\n    <div class=\"wp-block-media-text__content\">\n      <p><strong>G\u00fcvenlik Seviyesi<\/strong><\/p>\n      <p>\n        Vericilerimiz g\u00fcvenlidir ve bir\u00e7ok model ba\u011f\u0131ms\u0131z g\u00fcvenlik sertifikas\u0131na sahiptir. Bu, acil durdurma (stop) butonunun \u00e7al\u0131\u015fmas\u0131n\u0131n ba\u011f\u0131ms\u0131z ve yetkili kurulu\u015flar taraf\u0131ndan test edilip do\u011fruland\u0131\u011f\u0131 anlam\u0131na gelir. Makine kullan\u0131m\u0131 s\u0131ras\u0131nda yaralanma riskini en aza indirmek istiyorsan\u0131z, ba\u011f\u0131ms\u0131z g\u00fcvenlik sertifikas\u0131na sahip bir sistem tercih etmenizi \u00f6neririz. G\u00fcvenlik riski bulunmayan uygulamalarda ise sertifikas\u0131z bir verici de tercih edilebilir.\n      <\/p>\n    <\/div>\n  <\/div>\n\n  <div class=\"wp-block-media-text alignwide is-stacked-on-mobile is-vertically-aligned-center\" style=\"grid-template-columns: 15% auto;\">\n    <figure class=\"wp-block-media-text__media\">\n      <img\n        loading=\"lazy\"\n        decoding=\"async\"\n        width=\"404\"\n        height=\"404\"\n        src=\"https:\/\/www.tele-radio.com\/app\/uploads\/Control_element_2.png\"\n        alt=\"Butonlar veya Joystickler\"\n        class=\"wp-image-68176 size-full\"\n      \/>\n    <\/figure>\n\n    <div class=\"wp-block-media-text__content\">\n      <p><strong>Butonlar veya Joystickler<\/strong><\/p>\n      <p>\n        Buton kullan\u0131m\u0131, vericinin kullan\u0131m\u0131n\u0131 daha kolay hale getirirken hassasiyetten \u00f6d\u00fcn vermez. \u00d6rne\u011fin oransal (proportional) butonlara sahip bir verici, joystick vericilerle benzer hassasiyet sunabilir. Butona daha fazla bas\u0131ld\u0131k\u00e7a aktivasyon seviyesi artar. Joystick vericiler ise daha b\u00fcy\u00fck yap\u0131da olup, \u00f6zel butonlar ve anahtarlar gibi daha fazla \u00f6zelle\u015ftirme se\u00e7ene\u011fi sunar.\n      <\/p>\n    <\/div>\n  <\/div>\n\n  <div class=\"wp-block-media-text alignwide is-stacked-on-mobile is-vertically-aligned-center\" style=\"grid-template-columns: 15% auto;\">\n    <figure class=\"wp-block-media-text__media\">\n      <img\n        loading=\"lazy\"\n        decoding=\"async\"\n        width=\"404\"\n        height=\"404\"\n        src=\"https:\/\/www.tele-radio.com\/app\/uploads\/Feedback_2.png\"\n        alt=\"Geri Bildirim\"\n        class=\"wp-image-68223 size-full\"\n      \/>\n    <\/figure>\n\n    <div class=\"wp-block-media-text__content\">\n      <p><strong>Geri Bildirim<\/strong><\/p>\n      <p>\n        Baz\u0131 vericiler, al\u0131c\u0131dan bilgi geri bildirimi alabilir. Sisteme ba\u011fl\u0131 olarak bu bilgiler, verici \u00fczerindeki LED\u2019ler arac\u0131l\u0131\u011f\u0131yla veya bir ekran \u00fczerinden g\u00f6r\u00fcnt\u00fclenebilir. \u00d6rne\u011fin bir vinci kontrol ederken, kald\u0131r\u0131lacak y\u00fck a\u011f\u0131rl\u0131\u011f\u0131 veya alarm bilgilerini ekran \u00fczerinden takip edebilirsiniz. Bu \u00f6zellik, kamyon vin\u00e7leri gibi daha basit uygulamalarda daha az kritik \u00f6neme sahiptir.\n      <\/p>\n    <\/div>\n  <\/div>\n\n  <div aria-hidden=\"true\" class=\"wp-block-spacer\" style=\"height:50px\"><\/div>\n<\/div>\n\n\n\n<div style=\"height:50px\" aria-hidden=\"true\" class=\"wp-block-spacer\"><\/div>\n\n\n<div class=\"wp-block-image is-style-default\">\n<figure class=\"aligncenter size-large is-resized\"><img decoding=\"async\" src=\"https:\/\/www.tele-radio.com\/app\/uploads\/\/Assortiment_2019_zonder_spiegeling_en_schaduw-1200x614.jpg\" alt=\"\" style=\"width:771px;height:394px\"\/><\/figure><\/div>\n\n\n<p class=\"has-text-align-center\"><p style=\"color:#000; font-weight:700; font-size:20px;\">\n<span style=\"background:linear-gradient(transparent 70%, #fabb00 70%);\">\nBir Uzmana Dan\u0131\u015f\u0131n\n<\/span>\n<\/p><\/p>\n\n\n\n<div class=\"wp-block-contact-form-7-contact-form-selector\">\n<div class=\"wpcf7 no-js\" id=\"wpcf7-f283160-o1\" lang=\"tr-TR\" dir=\"ltr\" data-wpcf7-id=\"283160\">\n<div class=\"screen-reader-response\"><p role=\"status\" aria-live=\"polite\" aria-atomic=\"true\"><\/p> <ul><\/ul><\/div>\n<form action=\"\/tr\/wp-json\/wp\/v2\/pages\/284416#wpcf7-f283160-o1\" method=\"post\" class=\"wpcf7-form init\" aria-label=\"Contact form\" novalidate=\"novalidate\" data-status=\"init\">\n<fieldset class=\"hidden-fields-container\"><input type=\"hidden\" name=\"_wpcf7\" value=\"283160\" \/><input type=\"hidden\" name=\"_wpcf7_version\" value=\"6.1\" \/><input type=\"hidden\" name=\"_wpcf7_locale\" value=\"tr_TR\" \/><input type=\"hidden\" name=\"_wpcf7_unit_tag\" value=\"wpcf7-f283160-o1\" \/><input type=\"hidden\" name=\"_wpcf7_container_post\" value=\"0\" \/><input type=\"hidden\" name=\"_wpcf7_posted_data_hash\" value=\"\" \/><input type=\"hidden\" name=\"_wpcf7_recaptcha_response\" value=\"\" \/>\n<\/fieldset>\n<p><label> Ad Soyad*<br \/>\n<span class=\"wpcf7-form-control-wrap\" data-name=\"your-name\"><input size=\"40\" maxlength=\"400\" class=\"wpcf7-form-control wpcf7-text wpcf7-validates-as-required\" aria-required=\"true\" aria-invalid=\"false\" placeholder=\"Ad\u0131n\u0131z ve Soyad\u0131n\u0131z\" value=\"\" type=\"text\" name=\"your-name\" \/><\/span><br \/>\n<\/label>\n<\/p>\n<p><label> E-posta*<br \/>\n<span class=\"wpcf7-form-control-wrap\" data-name=\"your-email\"><input size=\"40\" maxlength=\"400\" class=\"wpcf7-form-control wpcf7-email wpcf7-validates-as-required wpcf7-text wpcf7-validates-as-email\" aria-required=\"true\" aria-invalid=\"false\" placeholder=\"E-posta adresiniz\" value=\"\" type=\"email\" name=\"your-email\" \/><\/span><br \/>\n<\/label>\n<\/p>\n<p><label> Telefon<br \/>\n<span class=\"wpcf7-form-control-wrap\" data-name=\"telephone\"><input size=\"40\" maxlength=\"400\" class=\"wpcf7-form-control wpcf7-tel wpcf7-text wpcf7-validates-as-tel\" aria-invalid=\"false\" placeholder=\"Telefon numaran\u0131z (opsiyonel)\" value=\"\" type=\"tel\" name=\"telephone\" \/><\/span><br \/>\n<\/label>\n<\/p>\n<p><label> Sorunuz*<br \/>\n<span class=\"wpcf7-form-control-wrap\" data-name=\"your-message\"><textarea cols=\"40\" rows=\"10\" maxlength=\"2000\" class=\"wpcf7-form-control wpcf7-textarea wpcf7-validates-as-required\" aria-required=\"true\" aria-invalid=\"false\" placeholder=\"Mesaj\u0131n\u0131z\u0131 yaz\u0131n\" name=\"your-message\"><\/textarea><\/span><br \/>\n<\/label>\n<\/p>\n<p><input class=\"wpcf7-form-control wpcf7-submit has-spinner\" type=\"submit\" value=\"G\u00f6nder\" \/>\n<\/p><div class=\"wpcf7-response-output\" aria-hidden=\"true\"><\/div>\n<\/form>\n<\/div>\n\r\n\t\t\t\t<script>\r\n\t\t\t\tif ( typeof huOptions !== 'undefined' ) {\r\n\t\t\t\t\tvar huFormData = {\"source\":\"contactform7\",\"id\":283160,\"title\":\"TRFORM-UYGULAMALAR\",\"fields\":{\"subject\":{\"first_name\":\"your-name\",\"email\":\"your-email\"},\"preferences\":{\"terms\":\"your-consent\"}}};\r\n\t\t\t\t\tvar huFormNode = document.querySelector( '[id^=\"wpcf7-f283160-\"] form' );\r\n\r\n\t\t\t\t\thuFormData['node'] = huFormNode;\r\n\t\t\t\t\thuOptions['forms'].push( huFormData );\r\n\t\t\t\t}\r\n\t\t\t\t<\/script><\/div>\n\n\n\n<p><\/p>\n","protected":false},"excerpt":{"rendered":"<p>D\u0130\u011eER Kap\u0131lar, ge\u00e7itler ve bariyerler; eri\u015fimi kontrol etmek istedi\u011finizde (S\u00fcrg\u00fcl\u00fc veya kepenk tipi) kap\u0131lar\u0131n, ge\u00e7itlerin, \u00e7itlerin, bariyerlerin, bollardlar\u0131n ve a\u00e7\u0131l\u0131r\/kapan\u0131r rampalar\u0131n a\u00e7\u0131lmas\u0131n\u0131 veya hareket ettirilmesini uzaktan kontrol edebilmek; g\u00fcvenlik ve kullan\u0131m kolayl\u0131\u011f\u0131 a\u00e7\u0131s\u0131ndan \u00f6nemlidir. Y\u0131llara dayanan deneyimi sayesinde Tele Radio, size en g\u00fcvenilir ve verimli \u00e7\u00f6z\u00fcmleri sunabilir. Uzun y\u0131llar kullan\u0131m i\u00e7in \u00fcretilmi\u015f, ihtiya\u00e7lar\u0131n\u0131za g\u00f6re uyarlanm\u0131\u015f [&hellip;]<\/p>\n","protected":false},"author":52,"featured_media":0,"parent":0,"menu_order":0,"comment_status":"closed","ping_status":"closed","template":"","meta":{"_acf_changed":false,"footnotes":""},"class_list":["post-284416","page","type-page","status-publish","hentry"],"acf":[],"_links":{"self":[{"href":"https:\/\/www.tele-radio.com\/tr\/wp-json\/wp\/v2\/pages\/284416","targetHints":{"allow":["GET"]}}],"collection":[{"href":"https:\/\/www.tele-radio.com\/tr\/wp-json\/wp\/v2\/pages"}],"about":[{"href":"https:\/\/www.tele-radio.com\/tr\/wp-json\/wp\/v2\/types\/page"}],"author":[{"embeddable":true,"href":"https:\/\/www.tele-radio.com\/tr\/wp-json\/wp\/v2\/users\/52"}],"replies":[{"embeddable":true,"href":"https:\/\/www.tele-radio.com\/tr\/wp-json\/wp\/v2\/comments?post=284416"}],"version-history":[{"count":5,"href":"https:\/\/www.tele-radio.com\/tr\/wp-json\/wp\/v2\/pages\/284416\/revisions"}],"predecessor-version":[{"id":285174,"href":"https:\/\/www.tele-radio.com\/tr\/wp-json\/wp\/v2\/pages\/284416\/revisions\/285174"}],"wp:attachment":[{"href":"https:\/\/www.tele-radio.com\/tr\/wp-json\/wp\/v2\/media?parent=284416"}],"curies":[{"name":"wp","href":"https:\/\/api.w.org\/{rel}","templated":true}]}}