{"id":151149,"date":"2023-03-23T18:48:27","date_gmt":"2023-03-23T18:48:27","guid":{"rendered":"https:\/\/www.tele-radio.com\/?page_id=151149"},"modified":"2023-03-23T18:48:30","modified_gmt":"2023-03-23T18:48:30","slug":"uygulamalar","status":"publish","type":"page","link":"https:\/\/www.tele-radio.com\/tr\/uygulamalar\/","title":{"rendered":"Uygulamalar"},"content":{"rendered":"\n<h1 class=\"wp-block-heading\">UYGULAMALAR<\/h1>\n\n\n\n<h2 class=\"wp-block-heading\"><strong>TELE RADIO END\u00dcSTR\u0130YEL UZAKTAN KUMANDA<\/strong><\/h2>\n\n\n\n<p><strong>HER UYGULAMA \u0130\u00c7\u0130N B\u0130R KABLOSUZ \u00c7\u00d6Z\u00dcM\u00dcM\u00dcZ VAR<\/strong><\/p>\n\n\n\n<p><em>Tele Radio sistemleri \u00f6zellikle ergonomi, g\u00fcvenilirlik ve g\u00fcvenlik gibi kritik fakt\u00f6rlerin \u00f6nemli oldu\u011fu bir\u00e7ok end\u00fcstride kullan\u0131lmaktad\u0131r.<\/em><\/p>\n\n\n\n<p>Misyonumuz, g\u00fcvenilirlik ve g\u00fcvenli\u011fin belirleyici fakt\u00f6rler oldu\u011fu kablosuz ekipman kontrol\u00fc ve makine ileti\u015fimi alan\u0131nda, ba\u015ftan sona \u00fcr\u00fcn \u00e7\u00f6z\u00fcmleri, teknolojileri ve hizmetleri sunmakt\u0131r.<\/p>\n\n\n\n<p>Hedefimiz, ihtiya\u00e7 duydu\u011funuzda kusursuz destek sa\u011flarken i\u015finize de\u011fer katacak \u00e7\u00f6z\u00fcmler sunmakt\u0131r.<\/p>\n\n\n\n<p>Her end\u00fcstri ve pazar i\u00e7in kablosuz uzaktan kumanda sistemi mevcuttur. A\u015fa\u011f\u0131da, ilgili kategoriye t\u0131klayarak g\u00f6r\u00fclebilecek radyo kontrol \u00e7\u00f6z\u00fcmlerinin uygulama se\u00e7eneklerini ve \u00f6rneklerini bulabilirsiniz.<\/p>\n\n\n\n<p><\/p>\n\n\n\n<div class=\"wp-block-columns is-layout-flex wp-container-core-columns-is-layout-9d6595d7 wp-block-columns-is-layout-flex\">\n<div class=\"wp-block-column is-layout-flow wp-block-column-is-layout-flow\">\n<div class=\"wp-block-cover is-light\"><span aria-hidden=\"true\" class=\"wp-block-cover__gradient-background has-background-dim\"><\/span><img loading=\"lazy\" decoding=\"async\" width=\"2560\" height=\"1707\" class=\"wp-block-cover__image-background wp-image-97882\" alt=\"\" src=\"https:\/\/www.tele-radio.com\/app\/uploads\/Agriculture-scaled.jpg\" data-object-fit=\"cover\" srcset=\"https:\/\/www.tele-radio.com\/app\/uploads\/Agriculture-scaled.jpg 2560w, https:\/\/www.tele-radio.com\/app\/uploads\/Agriculture-400x267.jpg 400w, https:\/\/www.tele-radio.com\/app\/uploads\/Agriculture-1200x800.jpg 1200w, https:\/\/www.tele-radio.com\/app\/uploads\/Agriculture-768x512.jpg 768w, https:\/\/www.tele-radio.com\/app\/uploads\/Agriculture-1536x1024.jpg 1536w\" sizes=\"auto, (max-width: 2560px) 100vw, 2560px\" \/><div class=\"wp-block-cover__inner-container is-layout-flow wp-block-cover-is-layout-flow\">\n<div class=\"wp-block-image is-style-default\"><figure class=\"aligncenter size-full\"><img loading=\"lazy\" decoding=\"async\" width=\"150\" height=\"150\" src=\"https:\/\/www.tele-radio.com\/app\/uploads\/AGRICULTURALw.png\" alt=\"\" class=\"wp-image-9637\"\/><\/figure><\/div>\n\n\n\n<div class=\"wp-block-buttons is-horizontal is-content-justification-center is-layout-flex wp-container-core-buttons-is-layout-499968f5 wp-block-buttons-is-layout-flex\">\n<div class=\"wp-block-button\"><a class=\"wp-block-button__link has-black-color has-text-color has-background\" href=\"https:\/\/www.tele-radio.com\/agriculture\/\" style=\"border-radius:7px;background-color:#fabb00\"><strong>Tar\u0131m<\/strong><\/a><\/div>\n<\/div>\n<\/div><\/div>\n<\/div>\n\n\n\n<div class=\"wp-block-column is-layout-flow wp-block-column-is-layout-flow\">\n<div class=\"wp-block-cover\"><span aria-hidden=\"true\" class=\"has-background-dim-30 wp-block-cover__gradient-background has-background-dim\"><\/span><img loading=\"lazy\" decoding=\"async\" width=\"2560\" height=\"1701\" class=\"wp-block-cover__image-background wp-image-97892\" alt=\"\" src=\"https:\/\/www.tele-radio.com\/app\/uploads\/Industrial-scaled.jpg\" data-object-fit=\"cover\" srcset=\"https:\/\/www.tele-radio.com\/app\/uploads\/Industrial-scaled.jpg 2560w, https:\/\/www.tele-radio.com\/app\/uploads\/Industrial-400x266.jpg 400w, https:\/\/www.tele-radio.com\/app\/uploads\/Industrial-1200x797.jpg 1200w, https:\/\/www.tele-radio.com\/app\/uploads\/Industrial-768x510.jpg 768w, https:\/\/www.tele-radio.com\/app\/uploads\/Industrial-1536x1021.jpg 1536w, https:\/\/www.tele-radio.com\/app\/uploads\/Industrial-2048x1361.jpg 2048w, https:\/\/www.tele-radio.com\/app\/uploads\/Industrial-750x498.jpg 750w, https:\/\/www.tele-radio.com\/app\/uploads\/Industrial-500x332.jpg 500w, https:\/\/www.tele-radio.com\/app\/uploads\/Industrial-1600x1063.jpg 1600w, https:\/\/www.tele-radio.com\/app\/uploads\/Industrial-800x532.jpg 800w\" sizes=\"auto, (max-width: 2560px) 100vw, 2560px\" \/><div class=\"wp-block-cover__inner-container is-layout-flow wp-block-cover-is-layout-flow\">\n<div class=\"wp-block-image is-style-default\"><figure class=\"aligncenter size-full\"><img loading=\"lazy\" decoding=\"async\" width=\"150\" height=\"150\" src=\"https:\/\/www.tele-radio.com\/app\/uploads\/INDUSTRYw.png\" alt=\"\" class=\"wp-image-5923\"\/><\/figure><\/div>\n\n\n\n<div class=\"wp-block-buttons is-horizontal is-content-justification-center is-layout-flex wp-container-core-buttons-is-layout-499968f5 wp-block-buttons-is-layout-flex\">\n<div class=\"wp-block-button\"><a class=\"wp-block-button__link has-black-color has-text-color has-background\" href=\"https:\/\/www.tele-radio.com\/industrial-machines\/\" style=\"border-radius:7px;background-color:#fabb00\"><strong>End\u00fcstri ve Makineler<\/strong><\/a><\/div>\n<\/div>\n<\/div><\/div>\n<\/div>\n\n\n\n<div class=\"wp-block-column is-layout-flow wp-block-column-is-layout-flow\">\n<div class=\"wp-block-cover\"><span aria-hidden=\"true\" class=\"has-background-dim-20 wp-block-cover__gradient-background has-background-dim\"><\/span><img loading=\"lazy\" decoding=\"async\" width=\"2560\" height=\"1707\" class=\"wp-block-cover__image-background wp-image-97915\" alt=\"\" src=\"https:\/\/www.tele-radio.com\/app\/uploads\/Lifting-Hoisting-scaled.jpg\" data-object-fit=\"cover\" srcset=\"https:\/\/www.tele-radio.com\/app\/uploads\/Lifting-Hoisting-scaled.jpg 2560w, https:\/\/www.tele-radio.com\/app\/uploads\/Lifting-Hoisting-400x267.jpg 400w, https:\/\/www.tele-radio.com\/app\/uploads\/Lifting-Hoisting-1200x800.jpg 1200w, https:\/\/www.tele-radio.com\/app\/uploads\/Lifting-Hoisting-768x512.jpg 768w, https:\/\/www.tele-radio.com\/app\/uploads\/Lifting-Hoisting-1536x1024.jpg 1536w, https:\/\/www.tele-radio.com\/app\/uploads\/Lifting-Hoisting-2048x1365.jpg 2048w, https:\/\/www.tele-radio.com\/app\/uploads\/Lifting-Hoisting-750x500.jpg 750w, https:\/\/www.tele-radio.com\/app\/uploads\/Lifting-Hoisting-500x333.jpg 500w, https:\/\/www.tele-radio.com\/app\/uploads\/Lifting-Hoisting-1600x1067.jpg 1600w, https:\/\/www.tele-radio.com\/app\/uploads\/Lifting-Hoisting-800x533.jpg 800w\" sizes=\"auto, (max-width: 2560px) 100vw, 2560px\" \/><div class=\"wp-block-cover__inner-container is-layout-flow wp-block-cover-is-layout-flow\">\n<div class=\"wp-block-image is-style-default\"><figure class=\"aligncenter size-full\"><img loading=\"lazy\" decoding=\"async\" width=\"150\" height=\"150\" src=\"https:\/\/www.tele-radio.com\/app\/uploads\/WINCHw.png\" alt=\"\" class=\"wp-image-6093\"\/><\/figure><\/div>\n\n\n\n<div class=\"wp-block-buttons is-horizontal is-content-justification-center is-layout-flex wp-container-core-buttons-is-layout-499968f5 wp-block-buttons-is-layout-flex\">\n<div class=\"wp-block-button\"><a class=\"wp-block-button__link has-black-color has-text-color has-background\" href=\"https:\/\/www.tele-radio.com\/lifting-cranes\/\" style=\"border-radius:7px;background-color:#fabb00\"><strong>Kald\u0131rma Ekipmanlar\u0131 ve Vin\u00e7ler<\/strong><\/a><\/div>\n<\/div>\n<\/div><\/div>\n<\/div>\n<\/div>\n\n\n\n<div class=\"wp-block-columns is-layout-flex wp-container-core-columns-is-layout-9d6595d7 wp-block-columns-is-layout-flex\">\n<div class=\"wp-block-column is-layout-flow wp-block-column-is-layout-flow\">\n<div class=\"wp-block-cover\"><span aria-hidden=\"true\" class=\"wp-block-cover__gradient-background has-background-dim\"><\/span><img loading=\"lazy\" decoding=\"async\" width=\"2560\" height=\"1440\" class=\"wp-block-cover__image-background wp-image-97938\" alt=\"\" src=\"https:\/\/www.tele-radio.com\/app\/uploads\/Marine-scaled.jpg\" data-object-fit=\"cover\" srcset=\"https:\/\/www.tele-radio.com\/app\/uploads\/Marine-scaled.jpg 2560w, https:\/\/www.tele-radio.com\/app\/uploads\/Marine-400x225.jpg 400w, https:\/\/www.tele-radio.com\/app\/uploads\/Marine-1200x675.jpg 1200w, https:\/\/www.tele-radio.com\/app\/uploads\/Marine-768x432.jpg 768w, https:\/\/www.tele-radio.com\/app\/uploads\/Marine-1536x864.jpg 1536w, https:\/\/www.tele-radio.com\/app\/uploads\/Marine-2048x1152.jpg 2048w, https:\/\/www.tele-radio.com\/app\/uploads\/Marine-750x422.jpg 750w, https:\/\/www.tele-radio.com\/app\/uploads\/Marine-500x281.jpg 500w, https:\/\/www.tele-radio.com\/app\/uploads\/Marine-1600x900.jpg 1600w, https:\/\/www.tele-radio.com\/app\/uploads\/Marine-800x450.jpg 800w\" sizes=\"auto, (max-width: 2560px) 100vw, 2560px\" \/><div class=\"wp-block-cover__inner-container is-layout-flow wp-block-cover-is-layout-flow\">\n<div class=\"wp-block-image is-style-default\"><figure class=\"aligncenter size-full\"><img loading=\"lazy\" decoding=\"async\" width=\"150\" height=\"150\" src=\"https:\/\/www.tele-radio.com\/app\/uploads\/MARINEw.png\" alt=\"\" class=\"wp-image-5903\"\/><\/figure><\/div>\n\n\n\n<div class=\"wp-block-buttons is-horizontal is-content-justification-center is-layout-flex wp-container-core-buttons-is-layout-499968f5 wp-block-buttons-is-layout-flex\">\n<div class=\"wp-block-button\"><a class=\"wp-block-button__link has-black-color has-text-color has-background\" href=\"https:\/\/www.tele-radio.com\/marine-offshore\/\" style=\"border-radius:7px;background-color:#fabb00\"><strong>Denizcilik<\/strong><\/a><\/div>\n<\/div>\n<\/div><\/div>\n<\/div>\n\n\n\n<div class=\"wp-block-column is-layout-flow wp-block-column-is-layout-flow\">\n<div class=\"wp-block-cover\"><span aria-hidden=\"true\" class=\"wp-block-cover__gradient-background has-background-dim\"><\/span><img loading=\"lazy\" decoding=\"async\" width=\"1600\" height=\"1071\" class=\"wp-block-cover__image-background wp-image-96570\" alt=\"\" src=\"https:\/\/www.tele-radio.com\/app\/uploads\/In_Truck_Final_movement-1600x1071-2.jpg\" data-object-fit=\"cover\" srcset=\"https:\/\/www.tele-radio.com\/app\/uploads\/In_Truck_Final_movement-1600x1071-2.jpg 1600w, https:\/\/www.tele-radio.com\/app\/uploads\/In_Truck_Final_movement-1600x1071-2-400x268.jpg 400w, https:\/\/www.tele-radio.com\/app\/uploads\/In_Truck_Final_movement-1600x1071-2-1200x803.jpg 1200w, https:\/\/www.tele-radio.com\/app\/uploads\/In_Truck_Final_movement-1600x1071-2-768x514.jpg 768w, https:\/\/www.tele-radio.com\/app\/uploads\/In_Truck_Final_movement-1600x1071-2-1536x1028.jpg 1536w, https:\/\/www.tele-radio.com\/app\/uploads\/In_Truck_Final_movement-1600x1071-2-750x502.jpg 750w, https:\/\/www.tele-radio.com\/app\/uploads\/In_Truck_Final_movement-1600x1071-2-500x335.jpg 500w, https:\/\/www.tele-radio.com\/app\/uploads\/In_Truck_Final_movement-1600x1071-2-800x536.jpg 800w\" sizes=\"auto, (max-width: 1600px) 100vw, 1600px\" \/><div class=\"wp-block-cover__inner-container is-layout-flow wp-block-cover-is-layout-flow\">\n<div class=\"wp-block-image is-style-default\"><figure class=\"aligncenter size-full\"><img loading=\"lazy\" decoding=\"async\" width=\"150\" height=\"150\" src=\"https:\/\/www.tele-radio.com\/app\/uploads\/MOBILEw.png\" alt=\"\" class=\"wp-image-5921\"\/><\/figure><\/div>\n\n\n\n<div class=\"wp-block-buttons is-horizontal is-content-justification-center is-layout-flex wp-container-core-buttons-is-layout-499968f5 wp-block-buttons-is-layout-flex\">\n<div class=\"wp-block-button\"><a class=\"wp-block-button__link has-black-color has-text-color has-background\" href=\"https:\/\/www.tele-radio.com\/mobile-hydraulic\/\" style=\"border-radius:7px;background-color:#fabb00\"><strong>Mobil ve Hidrolik<\/strong><\/a><\/div>\n<\/div>\n<\/div><\/div>\n<\/div>\n\n\n\n<div class=\"wp-block-column is-layout-flow wp-block-column-is-layout-flow\">\n<div class=\"wp-block-cover\"><span aria-hidden=\"true\" class=\"has-background-dim-30 wp-block-cover__gradient-background has-background-dim\"><\/span><img loading=\"lazy\" decoding=\"async\" width=\"7966\" height=\"5486\" class=\"wp-block-cover__image-background wp-image-119829\" alt=\"\" src=\"https:\/\/www.tele-radio.com\/app\/uploads\/ricardo-gomez-angel-F2iCP_knaj8-unsplash.jpg\" data-object-fit=\"cover\" srcset=\"https:\/\/www.tele-radio.com\/app\/uploads\/ricardo-gomez-angel-F2iCP_knaj8-unsplash.jpg 7966w, https:\/\/www.tele-radio.com\/app\/uploads\/ricardo-gomez-angel-F2iCP_knaj8-unsplash-400x275.jpg 400w, https:\/\/www.tele-radio.com\/app\/uploads\/ricardo-gomez-angel-F2iCP_knaj8-unsplash-1200x826.jpg 1200w, https:\/\/www.tele-radio.com\/app\/uploads\/ricardo-gomez-angel-F2iCP_knaj8-unsplash-768x529.jpg 768w, https:\/\/www.tele-radio.com\/app\/uploads\/ricardo-gomez-angel-F2iCP_knaj8-unsplash-1536x1058.jpg 1536w, https:\/\/www.tele-radio.com\/app\/uploads\/ricardo-gomez-angel-F2iCP_knaj8-unsplash-750x517.jpg 750w, https:\/\/www.tele-radio.com\/app\/uploads\/ricardo-gomez-angel-F2iCP_knaj8-unsplash-500x344.jpg 500w, https:\/\/www.tele-radio.com\/app\/uploads\/ricardo-gomez-angel-F2iCP_knaj8-unsplash-1600x1102.jpg 1600w, https:\/\/www.tele-radio.com\/app\/uploads\/ricardo-gomez-angel-F2iCP_knaj8-unsplash-800x551.jpg 800w\" sizes=\"auto, (max-width: 7966px) 100vw, 7966px\" \/><div class=\"wp-block-cover__inner-container is-layout-flow wp-block-cover-is-layout-flow\">\n<div class=\"wp-block-image is-style-default\"><figure class=\"aligncenter size-full is-resized\"><img loading=\"lazy\" decoding=\"async\" src=\"https:\/\/www.tele-radio.com\/app\/uploads\/\/pickaxe-1-150x150.png\" alt=\"\" class=\"wp-image-119853\" width=\"150\" height=\"150\" srcset=\"https:\/\/www.tele-radio.com\/app\/uploads\/pickaxe-1-150x150.png 150w, https:\/\/www.tele-radio.com\/app\/uploads\/pickaxe-1-250x250.png 250w, https:\/\/www.tele-radio.com\/app\/uploads\/pickaxe-1.png 256w\" sizes=\"auto, (max-width: 150px) 100vw, 150px\" \/><\/figure><\/div>\n\n\n\n<div class=\"wp-block-buttons is-horizontal is-content-justification-center is-layout-flex wp-container-core-buttons-is-layout-499968f5 wp-block-buttons-is-layout-flex\">\n<div class=\"wp-block-button\"><a class=\"wp-block-button__link has-black-color has-text-color has-background\" href=\"https:\/\/www.tele-radio.com\/mining-demolition-and-recycling\/\" style=\"border-radius:7px;background-color:#fabb00\"><strong>Madencilik, Y\u0131k\u0131m &amp; Geri D\u00f6n\u00fc\u015f\u00fcm<\/strong><\/a><\/div>\n<\/div>\n<\/div><\/div>\n<\/div>\n<\/div>\n\n\n\n<div class=\"wp-block-columns is-layout-flex wp-container-core-columns-is-layout-9d6595d7 wp-block-columns-is-layout-flex\">\n<div class=\"wp-block-column is-layout-flow wp-block-column-is-layout-flow\">\n<div class=\"wp-block-cover\"><span aria-hidden=\"true\" class=\"wp-block-cover__gradient-background has-background-dim\"><\/span><img loading=\"lazy\" decoding=\"async\" width=\"2560\" height=\"1703\" class=\"wp-block-cover__image-background wp-image-119877\" alt=\"\" src=\"https:\/\/www.tele-radio.com\/app\/uploads\/chuttersnap-BNBA1h-NgdY-unsplash-scaled.jpg\" data-object-fit=\"cover\" srcset=\"https:\/\/www.tele-radio.com\/app\/uploads\/chuttersnap-BNBA1h-NgdY-unsplash-scaled.jpg 2560w, https:\/\/www.tele-radio.com\/app\/uploads\/chuttersnap-BNBA1h-NgdY-unsplash-400x266.jpg 400w, https:\/\/www.tele-radio.com\/app\/uploads\/chuttersnap-BNBA1h-NgdY-unsplash-1200x798.jpg 1200w, https:\/\/www.tele-radio.com\/app\/uploads\/chuttersnap-BNBA1h-NgdY-unsplash-768x511.jpg 768w, https:\/\/www.tele-radio.com\/app\/uploads\/chuttersnap-BNBA1h-NgdY-unsplash-1536x1022.jpg 1536w, https:\/\/www.tele-radio.com\/app\/uploads\/chuttersnap-BNBA1h-NgdY-unsplash-2048x1363.jpg 2048w, https:\/\/www.tele-radio.com\/app\/uploads\/chuttersnap-BNBA1h-NgdY-unsplash-750x499.jpg 750w, https:\/\/www.tele-radio.com\/app\/uploads\/chuttersnap-BNBA1h-NgdY-unsplash-500x333.jpg 500w, https:\/\/www.tele-radio.com\/app\/uploads\/chuttersnap-BNBA1h-NgdY-unsplash-1600x1065.jpg 1600w, https:\/\/www.tele-radio.com\/app\/uploads\/chuttersnap-BNBA1h-NgdY-unsplash-800x532.jpg 800w\" sizes=\"auto, (max-width: 2560px) 100vw, 2560px\" \/><div class=\"wp-block-cover__inner-container is-layout-flow wp-block-cover-is-layout-flow\">\n<div class=\"wp-block-image is-style-default\"><figure class=\"aligncenter size-full is-resized\"><img loading=\"lazy\" decoding=\"async\" src=\"https:\/\/www.tele-radio.com\/app\/uploads\/\/logistics-150x150.png\" alt=\"\" class=\"wp-image-119901\" width=\"150\" height=\"150\" srcset=\"https:\/\/www.tele-radio.com\/app\/uploads\/logistics-150x150.png 150w, https:\/\/www.tele-radio.com\/app\/uploads\/logistics-250x250.png 250w, https:\/\/www.tele-radio.com\/app\/uploads\/logistics.png 256w\" sizes=\"auto, (max-width: 150px) 100vw, 150px\" \/><\/figure><\/div>\n\n\n\n<div class=\"wp-block-buttons is-horizontal is-content-justification-center is-layout-flex wp-container-core-buttons-is-layout-499968f5 wp-block-buttons-is-layout-flex\">\n<div class=\"wp-block-button\"><a class=\"wp-block-button__link has-black-color has-text-color has-background\" href=\"https:\/\/www.tele-radio.com\/logistics\/\" style=\"border-radius:7px;background-color:#fabb00\"><strong>Lojistik<\/strong><\/a><\/div>\n<\/div>\n<\/div><\/div>\n<\/div>\n\n\n\n<div class=\"wp-block-column is-layout-flow wp-block-column-is-layout-flow\">\n<div class=\"wp-block-cover is-light\"><span aria-hidden=\"true\" class=\"wp-block-cover__gradient-background has-background-dim\"><\/span><img loading=\"lazy\" decoding=\"async\" width=\"1707\" height=\"2560\" class=\"wp-block-cover__image-background wp-image-119925\" alt=\"\" src=\"https:\/\/www.tele-radio.com\/app\/uploads\/mathias-reding-BhctH6b8hdA-unsplash-scaled.jpg\" data-object-fit=\"cover\" srcset=\"https:\/\/www.tele-radio.com\/app\/uploads\/mathias-reding-BhctH6b8hdA-unsplash-scaled.jpg 1707w, https:\/\/www.tele-radio.com\/app\/uploads\/mathias-reding-BhctH6b8hdA-unsplash-267x400.jpg 267w, https:\/\/www.tele-radio.com\/app\/uploads\/mathias-reding-BhctH6b8hdA-unsplash-800x1200.jpg 800w, https:\/\/www.tele-radio.com\/app\/uploads\/mathias-reding-BhctH6b8hdA-unsplash-768x1152.jpg 768w, https:\/\/www.tele-radio.com\/app\/uploads\/mathias-reding-BhctH6b8hdA-unsplash-1024x1536.jpg 1024w, https:\/\/www.tele-radio.com\/app\/uploads\/mathias-reding-BhctH6b8hdA-unsplash-1365x2048.jpg 1365w, https:\/\/www.tele-radio.com\/app\/uploads\/mathias-reding-BhctH6b8hdA-unsplash-500x750.jpg 500w, https:\/\/www.tele-radio.com\/app\/uploads\/mathias-reding-BhctH6b8hdA-unsplash-333x500.jpg 333w, https:\/\/www.tele-radio.com\/app\/uploads\/mathias-reding-BhctH6b8hdA-unsplash-1067x1600.jpg 1067w, https:\/\/www.tele-radio.com\/app\/uploads\/mathias-reding-BhctH6b8hdA-unsplash-533x800.jpg 533w\" sizes=\"auto, (max-width: 1707px) 100vw, 1707px\" \/><div class=\"wp-block-cover__inner-container is-layout-flow wp-block-cover-is-layout-flow\">\n<div class=\"wp-block-image is-style-default\"><figure class=\"aligncenter size-full is-resized\"><img loading=\"lazy\" decoding=\"async\" src=\"https:\/\/www.tele-radio.com\/app\/uploads\/\/hook-150x150.png\" alt=\"\" class=\"wp-image-119949\" width=\"150\" height=\"150\" srcset=\"https:\/\/www.tele-radio.com\/app\/uploads\/hook-150x150.png 150w, https:\/\/www.tele-radio.com\/app\/uploads\/hook-250x250.png 250w, https:\/\/www.tele-radio.com\/app\/uploads\/hook.png 256w\" sizes=\"auto, (max-width: 150px) 100vw, 150px\" \/><\/figure><\/div>\n\n\n\n<div class=\"wp-block-buttons is-horizontal is-content-justification-center is-layout-flex wp-container-core-buttons-is-layout-499968f5 wp-block-buttons-is-layout-flex\">\n<div class=\"wp-block-button\"><a class=\"wp-block-button__link has-black-color has-text-color has-background\" href=\"https:\/\/www.tele-radio.com\/construction\/\" style=\"border-radius:7px;background-color:#fabb00\"><strong>\u0130n\u015faat<\/strong><\/a><\/div>\n<\/div>\n<\/div><\/div>\n<\/div>\n\n\n\n<div class=\"wp-block-column is-layout-flow wp-block-column-is-layout-flow\">\n<div class=\"wp-block-cover is-light\"><span aria-hidden=\"true\" class=\"wp-block-cover__gradient-background has-background-dim\"><\/span><img loading=\"lazy\" decoding=\"async\" width=\"1920\" height=\"2560\" class=\"wp-block-cover__image-background wp-image-119973\" alt=\"\" src=\"https:\/\/www.tele-radio.com\/app\/uploads\/edgar-moran-EW5tFsF6e4g-unsplash-1-scaled.jpg\" data-object-fit=\"cover\" srcset=\"https:\/\/www.tele-radio.com\/app\/uploads\/edgar-moran-EW5tFsF6e4g-unsplash-1-scaled.jpg 1920w, https:\/\/www.tele-radio.com\/app\/uploads\/edgar-moran-EW5tFsF6e4g-unsplash-1-300x400.jpg 300w, https:\/\/www.tele-radio.com\/app\/uploads\/edgar-moran-EW5tFsF6e4g-unsplash-1-900x1200.jpg 900w, https:\/\/www.tele-radio.com\/app\/uploads\/edgar-moran-EW5tFsF6e4g-unsplash-1-768x1024.jpg 768w, https:\/\/www.tele-radio.com\/app\/uploads\/edgar-moran-EW5tFsF6e4g-unsplash-1-1152x1536.jpg 1152w, https:\/\/www.tele-radio.com\/app\/uploads\/edgar-moran-EW5tFsF6e4g-unsplash-1-1536x2048.jpg 1536w, https:\/\/www.tele-radio.com\/app\/uploads\/edgar-moran-EW5tFsF6e4g-unsplash-1-563x750.jpg 563w, https:\/\/www.tele-radio.com\/app\/uploads\/edgar-moran-EW5tFsF6e4g-unsplash-1-375x500.jpg 375w, https:\/\/www.tele-radio.com\/app\/uploads\/edgar-moran-EW5tFsF6e4g-unsplash-1-1200x1600.jpg 1200w, https:\/\/www.tele-radio.com\/app\/uploads\/edgar-moran-EW5tFsF6e4g-unsplash-1-600x800.jpg 600w\" sizes=\"auto, (max-width: 1920px) 100vw, 1920px\" \/><div class=\"wp-block-cover__inner-container is-layout-flow wp-block-cover-is-layout-flow\">\n<div class=\"wp-block-image is-style-default\"><figure class=\"aligncenter size-full is-resized\"><img loading=\"lazy\" decoding=\"async\" src=\"https:\/\/www.tele-radio.com\/app\/uploads\/\/gate-1-150x150.png\" alt=\"\" class=\"wp-image-119997\" width=\"150\" height=\"150\" srcset=\"https:\/\/www.tele-radio.com\/app\/uploads\/gate-1-150x150.png 150w, https:\/\/www.tele-radio.com\/app\/uploads\/gate-1-250x250.png 250w, https:\/\/www.tele-radio.com\/app\/uploads\/gate-1.png 256w\" sizes=\"auto, (max-width: 150px) 100vw, 150px\" \/><\/figure><\/div>\n\n\n\n<div class=\"wp-block-buttons is-horizontal is-content-justification-center is-layout-flex wp-container-core-buttons-is-layout-499968f5 wp-block-buttons-is-layout-flex\">\n<div class=\"wp-block-button\"><a class=\"wp-block-button__link has-black-color has-text-color has-background\" href=\"https:\/\/www.tele-radio.com\/other\/\" style=\"border-radius:7px;background-color:#fabb00\"><strong>Di\u011fer<\/strong><\/a><\/div>\n<\/div>\n<\/div><\/div>\n<\/div>\n<\/div>\n","protected":false},"excerpt":{"rendered":"<p>UYGULAMALAR TELE RADIO END\u00dcSTR\u0130YEL UZAKTAN KUMANDA HER UYGULAMA \u0130\u00c7\u0130N B\u0130R KABLOSUZ \u00c7\u00d6Z\u00dcM\u00dcM\u00dcZ VAR Tele Radio sistemleri \u00f6zellikle ergonomi, g\u00fcvenilirlik ve g\u00fcvenlik gibi kritik fakt\u00f6rlerin \u00f6nemli oldu\u011fu bir\u00e7ok end\u00fcstride kullan\u0131lmaktad\u0131r. Misyonumuz, g\u00fcvenilirlik ve g\u00fcvenli\u011fin belirleyici fakt\u00f6rler oldu\u011fu kablosuz ekipman kontrol\u00fc ve makine ileti\u015fimi alan\u0131nda, ba\u015ftan sona \u00fcr\u00fcn \u00e7\u00f6z\u00fcmleri, teknolojileri ve hizmetleri sunmakt\u0131r. Hedefimiz, ihtiya\u00e7 duydu\u011funuzda kusursuz [&hellip;]<\/p>\n","protected":false},"author":52,"featured_media":0,"parent":0,"menu_order":0,"comment_status":"closed","ping_status":"closed","template":"","meta":{"_acf_changed":false,"footnotes":""},"class_list":["post-151149","page","type-page","status-publish","hentry"],"acf":[],"_links":{"self":[{"href":"https:\/\/www.tele-radio.com\/tr\/wp-json\/wp\/v2\/pages\/151149","targetHints":{"allow":["GET"]}}],"collection":[{"href":"https:\/\/www.tele-radio.com\/tr\/wp-json\/wp\/v2\/pages"}],"about":[{"href":"https:\/\/www.tele-radio.com\/tr\/wp-json\/wp\/v2\/types\/page"}],"author":[{"embeddable":true,"href":"https:\/\/www.tele-radio.com\/tr\/wp-json\/wp\/v2\/users\/52"}],"replies":[{"embeddable":true,"href":"https:\/\/www.tele-radio.com\/tr\/wp-json\/wp\/v2\/comments?post=151149"}],"version-history":[{"count":3,"href":"https:\/\/www.tele-radio.com\/tr\/wp-json\/wp\/v2\/pages\/151149\/revisions"}],"predecessor-version":[{"id":151154,"href":"https:\/\/www.tele-radio.com\/tr\/wp-json\/wp\/v2\/pages\/151149\/revisions\/151154"}],"wp:attachment":[{"href":"https:\/\/www.tele-radio.com\/tr\/wp-json\/wp\/v2\/media?parent=151149"}],"curies":[{"name":"wp","href":"https:\/\/api.w.org\/{rel}","templated":true}]}}