{"id":89225,"date":"2022-01-20T09:10:16","date_gmt":"2022-01-20T09:10:16","guid":{"rendered":"https:\/\/www.tele-radio.com\/?page_id=89225"},"modified":"2022-01-20T09:11:45","modified_gmt":"2022-01-20T09:11:45","slug":"integritetspolicy","status":"publish","type":"page","link":"https:\/\/www.tele-radio.com\/sv\/integritetspolicy\/","title":{"rendered":"Integritetspolicy"},"content":{"rendered":"\n<h2 class=\"wp-block-heading\"><strong>INTRODUKTION<\/strong><\/h2>\n\n\n\n<p>Tele Radio har \u00e5tagit sig att skydda integriteten och sekretessen f\u00f6r den information som anf\u00f6rtros oss. Det betyder att Tele Radio str\u00e4var efter att s\u00e4kra skyddet\u00a0och korrekt anv\u00e4ndning av din personligt identifierbara information (kallad &#8221;personlig information&#8221;).\u00a0<\/p>\n\n\n\n<p>Denna integritetspolicy g\u00e4ller f\u00f6r Tele Radios webbplatser. Syftet med denna integritetspolicy \u00e4r att informera bes\u00f6kare p\u00e5 webbplatserna och anv\u00e4ndare av tj\u00e4nster och information som tillhandah\u00e5lls av Tele Radio om hur Tele Radio hanterar personuppgifter. Denna integritetspolicy beskriver hur vi samlar in, anv\u00e4nder, delar och skyddar personlig information.\u00a0<\/p>\n\n\n\n<h3 class=\"wp-block-heading\"><strong><em>Vilken information samlar vi in?<\/em><\/strong><\/h3>\n\n\n\n<p>Tele Radio erbjuder dig m\u00f6jligheten att best\u00e4lla produkter och tj\u00e4nster, g\u00f6ra f\u00f6rfr\u00e5gningar eller anm\u00e4la dig f\u00f6r att f\u00e5 olika typer av material, via v\u00e5r hemsida, telefon eller e-post. Detta ger oss information som ditt namn, hur vi n\u00e5r dig och information som \u00e4r n\u00f6dv\u00e4ndig f\u00f6r fakturering och leverans. Vi f\u00e5r \u00e4ven information om aff\u00e4rstransaktionen. F\u00f6rutom informationen ovan ber vi dig ocks\u00e5 att tillhandah\u00e5lla information som kan r\u00f6ra dina yrkesm\u00e4ssiga intressen, s\u00e5 att vi kan f\u00f6rb\u00e4ttra v\u00e5ra produkter och tj\u00e4nster och anpassa v\u00e5r kommunikation med dig.\u00a0<\/p>\n\n\n\n<p>Tele Radio anv\u00e4nder den insamlade datan f\u00f6r olika \u00e4ndanm\u00e5l\u00a0<\/p>\n\n\n\n<ul class=\"wp-block-list\"><li>F\u00f6r att tillhandah\u00e5lla och underh\u00e5lla v\u00e5r tj\u00e4nst\u00a0<\/li><li>F\u00f6r att meddela dig om \u00e4ndringar i v\u00e5r tj\u00e4nst\u00a0<\/li><li>F\u00f6r att l\u00e5ta dig delta i interaktiva funktioner i v\u00e5r tj\u00e4nst n\u00e4r du v\u00e4ljer att g\u00f6ra det\u00a0<\/li><li>F\u00f6r att ge kundsupport\u00a0<\/li><li>F\u00f6r att samla in analys eller v\u00e4rdefull information s\u00e5 att vi kan f\u00f6rb\u00e4ttra v\u00e5r tj\u00e4nst\u00a0<\/li><li>F\u00f6r att \u00f6vervaka anv\u00e4ndningen av v\u00e5r tj\u00e4nst\u00a0<\/li><li>F\u00f6r att uppt\u00e4cka, f\u00f6rebygga och \u00e5tg\u00e4rda tekniska problem\u00a0<\/li><li>F\u00f6r att f\u00f6rse dig med nyheter, specialerbjudanden och allm\u00e4n information om andra varor, tj\u00e4nster och evenemang som vi erbjuder som liknar dem som du redan har k\u00f6pt eller fr\u00e5gat om s\u00e5vida du inte har valt att inte ta emot s\u00e5dan information.\u00a0<\/li><\/ul>\n\n\n\n<h2 class=\"wp-block-heading\"><strong>V\u00c5R ANV\u00c4NDNING AV COOKIES<\/strong><\/h2>\n\n\n\n<h3 class=\"wp-block-heading\"><strong>GOOGLE ANALYTICS<\/strong><\/h3>\n\n\n\n<p>Tele Radio anv\u00e4nder Google Analytics f\u00f6r att analysera hur anv\u00e4ndare anv\u00e4nder webbplatsen. Detta analysverktyg anv\u00e4nder &#8221;cookies&#8221;, som \u00e4r textfiler som placeras p\u00e5 din dator, f\u00f6r att samla in standardinformation om internetloggar och information om bes\u00f6karnas beteende i anonym form.\u00a0\u00a0<\/p>\n\n\n\n<p>Informationen som genereras av cookien om din anv\u00e4ndning av webbplatsen (inklusive din IP-adress) \u00f6verf\u00f6rs till Google. Denna information anv\u00e4nds sedan f\u00f6r att utv\u00e4rdera bes\u00f6karnas anv\u00e4ndning av webbplatsen och f\u00f6r att sammanst\u00e4lla statistiska rapporter om webbplatsaktivitet f\u00f6r Tele Radio.\u00a0<\/p>\n\n\n\n<p>Tele Radio kommer inte (och kommer inte att till\u00e5ta n\u00e5gon tredje part) att anv\u00e4nda det statistiska analysverktyget f\u00f6r att sp\u00e5ra eller samla in personligt identifierbar information om bes\u00f6kare p\u00e5 v\u00e5r webbplats. Vi kommer inte att associera n\u00e5gon data som samlats in fr\u00e5n denna webbplats med n\u00e5gon personligt identifierande information fr\u00e5n n\u00e5gon k\u00e4lla som en del av v\u00e5r anv\u00e4ndning av Googles statistiska analysverktyg.\u00a0<\/p>\n\n\n\n<p>Google kommer inte att koppla din IP-adress till n\u00e5gon annan data som innehas av Google. Varken Tele Radio eller Google kommer att l\u00e4nka, eller f\u00f6rs\u00f6ka l\u00e4nka, en IP-adress till en datoranv\u00e4ndares identitet.\u00a0<\/p>\n\n\n\n<p>Genom att anv\u00e4nda denna webbplats samtycker du till behandlingen av uppgifter om dig av Google p\u00e5 det s\u00e4tt och f\u00f6r de syften som anges ovan. <a href=\"https:\/\/support.google.com\/analytics\/answer\/6004245\">Se Googles Analytics-\u00f6versikt<\/a> f\u00f6r mer information. \u00a0<\/p>\n\n\n\n<h3 class=\"wp-block-heading\"><strong>GOOGLE ADS<\/strong><\/h3>\n\n\n\n<p>Tele Radio anv\u00e4nder f\u00f6rstaparts Google Analytics-cookies f\u00f6r att samla in anonym information om bes\u00f6karnas beteende p\u00e5 webbplatsen. Denna information anv\u00e4nds f\u00f6r att skapa remarketingm\u00e5lgrupper baserat p\u00e5 specifika beteende-, demografi- och intressedata. Dessa listor delas med Google Ads.\u00a0<\/p>\n\n\n\n<p>Dessa m\u00e5lgrupper kan sedan inriktas p\u00e5 onlineannonsering via Google Ads n\u00e4r bes\u00f6kare surfar p\u00e5 Google eller dess partnerwebbplatser.\u00a0<\/p>\n\n\n\n<p>Tele Radio kommer inte (och kommer inte att till\u00e5ta n\u00e5gon tredje part) att anv\u00e4nda Google Analytics eller Google Ads f\u00f6r att sp\u00e5ra eller samla in personligt identifierbar information om bes\u00f6kare p\u00e5 v\u00e5r webbplats.\u00a0<\/p>\n\n\n\n<p>Ta reda p\u00e5 hur du <a href=\"https:\/\/support.google.com\/ads\/answer\/2662922?hl=en-GB\">v\u00e4ljer bort anpassad onlineannonsering.<\/a><\/p>\n\n\n\n<h3 class=\"wp-block-heading\">FACEBOOK<\/h3>\n\n\n\n<p>Tele Radio anv\u00e4nder en Facebook-cookie som skapar en l\u00e4nk mellan ditt bes\u00f6k p\u00e5 denna webbplats och Facebook. Detta hj\u00e4lper oss att visa anv\u00e4ndare relevant inneh\u00e5ll p\u00e5 Facebook och att l\u00e4ra oss hur anv\u00e4ndare interagerar med v\u00e5rt inneh\u00e5ll p\u00e5 Facebook. Facebook kommer att samla in data f\u00f6r att m\u00f6jligg\u00f6ra detta. Information om hur Facebook hanterar sina anv\u00e4ndares data finns <a href=\"https:\/\/www.facebook.com\/about\/privacy\">h\u00e4r<\/a>. Se nedan f\u00f6r information om hur du inaktiverar denna cookie.\u00a0<\/p>\n\n\n\n<h3 class=\"wp-block-heading\">LEADINFO<\/h3>\n\n\n\n<p>Genom sin onlinetj\u00e4nst kommer Leadinfo att behandla integritetsk\u00e4nslig eller personlig information. Leadinfo v\u00e4rdes\u00e4tter sina kunders integritet och iakttar vederb\u00f6rlig f\u00f6rsiktighet\u00a0vid behandling och skydd av personuppgifter.\u00a0<\/p>\n\n\n\n<p>Under behandlingen f\u00f6ljer vi kraven i till\u00e4mplig dataskyddslagstiftning. Det betyder att vi:\u00a0<\/p>\n\n\n\n<ul class=\"wp-block-list\"><li><strong>tydligt anger v\u00e5ra syften <\/strong>innan vi behandlar personuppgifter, genom att anv\u00e4nda denna sekretesspolicy\u00a0<\/li><li><strong>begr\u00e4nsa v\u00e5r insamling av personuppgifter <\/strong>till endast de personuppgifter som beh\u00f6vs f\u00f6r legitima \u00e4ndam\u00e5l\u00a0<\/li><li>f\u00f6rst be om <strong>uttryckligt tillst\u00e5nd <\/strong>att behandla dina personuppgifter i de fall d\u00e4r ditt tillst\u00e5nd kr\u00e4vs;\u00a0<\/li><li>vidta <strong>l\u00e4mpliga s\u00e4kerhets\u00e5tg\u00e4rder<\/strong> f\u00f6r att skydda dina personuppgifter och vi kr\u00e4ver detsamma fr\u00e5n parter som behandlar personuppgifter f\u00f6r v\u00e5r r\u00e4kning;\u00a0<\/li><li><strong>respektera <\/strong>din r\u00e4tt att inspektera, korrigera eller radera dina personuppgifter som vi har.\u00a0<\/li><\/ul>\n\n\n\n<p>Genom att anv\u00e4nda v\u00e5r tj\u00e4nst tillhandah\u00e5ller du vissa uppgifter till oss. Detta kan vara personuppgifter. Vi beh\u00e5ller och anv\u00e4nder endast de personuppgifter som tillhandah\u00e5lls direkt av dig eller n\u00e4r det \u00e4r tydligt att de har l\u00e4mnats till oss f\u00f6r att behandlas.\u00a0<\/p>\n\n\n\n<p>Vi anv\u00e4nder f\u00f6ljande data f\u00f6r de syften som n\u00e4mns i denna sekretesspolicy:<\/p>\n\n\n\n<ul class=\"wp-block-list\"><li>Namn and adress<\/li><li>Telefonnummer<\/li><li>Faktureringsadress<\/li><li>E-postadress<\/li><li><span style=\"color: initial;\">Betalningsinformation<\/span><\/li><li>IP adress<\/li><\/ul>\n\n\n\n<p><\/p>\n\n\n\n<h2 class=\"wp-block-heading\"><strong>KONFIDALITET OCH S\u00c4KERHET<\/strong><\/h2>\n\n\n\n<ul class=\"wp-block-list\"><li>F\u00f6r att skydda din s\u00e4kerhet och integritet kommer din information att skyddas av ett l\u00f6senord.\u00a0<br><\/li><li>Vi begr\u00e4nsar tillg\u00e5ngen till personlig information om dig till anst\u00e4llda som vi tror rimligen beh\u00f6ver komma i kontakt med den informationen f\u00f6r att tillhandah\u00e5lla produkter eller tj\u00e4nster till dig eller f\u00f6r att kunna utf\u00f6ra sina jobb.\u00a0<br><\/li><li>Vi kommer att vidta rimliga och l\u00e4mpliga \u00e5tg\u00e4rder s\u00e5som fysiska, elektroniska och processuella skydds\u00e5tg\u00e4rder som f\u00f6ljer till\u00e4mpliga lagar om integritetsskydd och personlig datas\u00e4kerhet f\u00f6r att skydda personlig information om dig.\u00a0<br><\/li><li>Trots att vi vidtagit rimliga \u00e5tg\u00e4rder f\u00f6r att anv\u00e4nda och f\u00f6rb\u00e4ttra olika skydds\u00e5tg\u00e4rder, erk\u00e4nner och samtycker du till att inget system eller teknik \u00e4r helt tryggt och s\u00e4kert. Om du \u00e4r\u00a0medveten om n\u00e5gon svaghet p\u00e5 v\u00e5r webbplats, v\u00e4nligen kontakta oss f\u00f6r att rapportera detta.\u00a0<\/li><\/ul>\n\n\n\n<p><\/p>\n\n\n\n<h2 class=\"wp-block-heading\"><strong>KONTROLLERAR OCH GER \u00c5TKOMST TILL DIN INFORMATION<\/strong><\/h2>\n\n\n\n<p>Kontakta oss om du har n\u00e5gra funderingar om din personliga information som samlats in av Tele Radio, s\u00e5som beg\u00e4ran om \u00e5tkomst, r\u00e4ttelse, nedladdning, radering, en del eller all din personliga information.\u00a0<\/p>\n\n\n\n<p>Om vi inte kan ta bort viss personlig information kommer vi att meddela dig varf\u00f6r. Om du har prenumererat p\u00e5 marknadsf\u00f6rings-e-postmeddelanden kan du stoppa leveransen genom att f\u00f6lja instruktionerna f\u00f6r att avsluta prenumerationen i det mottagna e-postmeddelandet.\u00a0<\/p>\n\n\n\n<p>Om du har fr\u00e5gor, kommentarer eller vill g\u00f6ra en beg\u00e4ran ang\u00e5ende din personliga information eller v\u00e5r Uttalande och datapraxis, v\u00e4nligen kontakta oss p\u00e5 f\u00f6ljande metoder:\u00a0<\/p>\n\n\n\n<p>Telefon: <a href=\"tel:+31%20(0)70-41%2094%20127\">031-724 98 00<\/a><br>Email: marknadsverige@tele-radio.com<br>Adress: August Barks gata 30A, 421 32, V\u00e4stra Fr\u00f6lunda<\/p>\n","protected":false},"excerpt":{"rendered":"<p>INTRODUKTION Tele Radio har \u00e5tagit sig att skydda integriteten och sekretessen f\u00f6r den information som anf\u00f6rtros oss. Det betyder att Tele Radio str\u00e4var efter att s\u00e4kra skyddet\u00a0och korrekt anv\u00e4ndning av din personligt identifierbara information (kallad &#8221;personlig information&#8221;).\u00a0 Denna integritetspolicy g\u00e4ller f\u00f6r Tele Radios webbplatser. Syftet med denna integritetspolicy \u00e4r att informera bes\u00f6kare p\u00e5 webbplatserna och [&hellip;]<\/p>\n","protected":false},"author":49,"featured_media":0,"parent":0,"menu_order":0,"comment_status":"closed","ping_status":"closed","template":"","meta":{"_acf_changed":false,"footnotes":""},"class_list":["post-89225","page","type-page","status-publish","hentry"],"acf":[],"_links":{"self":[{"href":"https:\/\/www.tele-radio.com\/sv\/wp-json\/wp\/v2\/pages\/89225","targetHints":{"allow":["GET"]}}],"collection":[{"href":"https:\/\/www.tele-radio.com\/sv\/wp-json\/wp\/v2\/pages"}],"about":[{"href":"https:\/\/www.tele-radio.com\/sv\/wp-json\/wp\/v2\/types\/page"}],"author":[{"embeddable":true,"href":"https:\/\/www.tele-radio.com\/sv\/wp-json\/wp\/v2\/users\/49"}],"replies":[{"embeddable":true,"href":"https:\/\/www.tele-radio.com\/sv\/wp-json\/wp\/v2\/comments?post=89225"}],"version-history":[{"count":3,"href":"https:\/\/www.tele-radio.com\/sv\/wp-json\/wp\/v2\/pages\/89225\/revisions"}],"predecessor-version":[{"id":89230,"href":"https:\/\/www.tele-radio.com\/sv\/wp-json\/wp\/v2\/pages\/89225\/revisions\/89230"}],"wp:attachment":[{"href":"https:\/\/www.tele-radio.com\/sv\/wp-json\/wp\/v2\/media?parent=89225"}],"curies":[{"name":"wp","href":"https:\/\/api.w.org\/{rel}","templated":true}]}}