{"id":7009,"date":"2018-05-04T14:47:12","date_gmt":"2018-05-04T14:47:12","guid":{"rendered":"https:\/\/www.tele-radio.com\/support\/"},"modified":"2025-06-25T11:16:00","modified_gmt":"2025-06-25T11:16:00","slug":"support","status":"publish","type":"page","link":"https:\/\/www.tele-radio.com\/sv\/support\/","title":{"rendered":"Support"},"content":{"rendered":"\n<p>V\u00e5rt supportteam hj\u00e4lper dig g\u00e4rna. Har du n\u00e5gra fr\u00e5gor om leverans, lager, eller status f\u00f6r best\u00e4llning \u00e4r det bara att kontakta oss! <br>V\u00e5ra kontaktuppgifter hittar du <a _istranslated=\"1\" href=\"https:\/\/www.tele-radio.com\/sv\/contact-us\/\">h\u00e4r<\/a>.<\/p>\n\n\n\n<p>\u00d6ppettider: m\u00e5ndag-fredag 08.00\u201316.00. Lunchst\u00e4ngt: 11.45\u201312.30.<br><br>Du kan ocks\u00e5 kika in v\u00e5r&nbsp;<a href=\"https:\/\/www.youtube.com\/channel\/UC-qsxgQWLHU0c_o2XFBD28Q\">YouTube-kanal&nbsp;<\/a>d\u00e4r vi f\u00f6rklarar och visar hur man st\u00e4ller in v\u00e5ra system.<\/p>\n\n\n\n<p>Letar du efter v\u00e5ra utg\u00e5ngna produkter? Borta men inte bortgl\u00f6mda! Du hittar dem\u00a0<a href=\"https:\/\/www.tele-radio.com\/sv\/utgangna-produkter\/\">h\u00e4r.<\/a><br><\/p>\n\n\n\n<div class=\"wp-block-columns is-layout-flex wp-container-core-columns-is-layout-9d6595d7 wp-block-columns-is-layout-flex\">\n<div class=\"wp-block-column is-layout-flow wp-block-column-is-layout-flow\">\n<div class=\"wp-block-cover is-light\" style=\"min-height:400px;aspect-ratio:unset;\"><span aria-hidden=\"true\" class=\"wp-block-cover__background has-background-dim-100 has-background-dim\" style=\"background-color:#f7f7f7\"><\/span><div class=\"wp-block-cover__inner-container is-layout-flow wp-block-cover-is-layout-flow\"><div class=\"wp-block-image\">\n<figure class=\"aligncenter size-large is-resized\"><img loading=\"lazy\" decoding=\"async\" width=\"128\" height=\"128\" src=\"https:\/\/www.tele-radio.com\/app\/uploads\/certification.png\" alt=\"\" class=\"wp-image-46654\" style=\"width:64px;height:64px\"\/><\/figure><\/div>\n\n\n<h2 class=\"wp-block-heading has-text-align-center has-very-dark-gray-color has-text-color\">Nedladdningar<\/h2>\n\n\n\n<p class=\"has-text-align-center has-very-dark-gray-color has-text-color\">H\u00e4r kan du ladda ner installationshandb\u00f6cker, tekniska ark och certifikat med mera.<\/p>\n\n\n\n<div class=\"wp-block-buttons is-horizontal is-content-justification-center is-layout-flex wp-container-core-buttons-is-layout-499968f5 wp-block-buttons-is-layout-flex\">\n<div class=\"wp-block-button\"><a class=\"wp-block-button__link has-black-color has-text-color has-background wp-element-button\" href=\"https:\/\/www.tele-radio.com\/sv\/support\/nedladdningar\/\" style=\"background-color:#feb914\">Klicka h\u00e4r f\u00f6r att komma till nedladdningar<\/a><\/div>\n<\/div>\n<\/div><\/div>\n<\/div>\n\n\n\n<div class=\"wp-block-column is-layout-flow wp-block-column-is-layout-flow\">\n<div class=\"wp-block-cover is-light\" style=\"min-height:400px;aspect-ratio:unset;\"><span aria-hidden=\"true\" class=\"wp-block-cover__background has-background-dim-100 has-background-dim\" style=\"background-color:#f7f7f7\"><\/span><div class=\"wp-block-cover__inner-container is-layout-flow wp-block-cover-is-layout-flow\"><div class=\"wp-block-image\">\n<figure class=\"aligncenter size-large is-resized\"><img decoding=\"async\" src=\"https:\/\/www.tele-radio.com\/app\/uploads\/pomoctech-3.png\" alt=\"\" class=\"wp-image-65997\" style=\"width:56px;height:57px\"\/><\/figure><\/div>\n\n\n<h2 class=\"wp-block-heading has-text-align-center has-very-dark-gray-color has-text-color\">Supportsidan<\/h2>\n\n\n\n<p class=\"has-text-align-center has-very-dark-gray-color has-text-color\">P\u00e5 v\u00e5r supportsida hittar du snabbguider, installationsinstruktioner och manualer.<\/p>\n\n\n\n<div class=\"wp-block-buttons is-horizontal is-content-justification-center is-layout-flex wp-container-core-buttons-is-layout-499968f5 wp-block-buttons-is-layout-flex\">\n<div class=\"wp-block-button\"><a class=\"wp-block-button__link has-black-color has-text-color has-background wp-element-button\" href=\"https:\/\/www.supportsidan.com\/\" style=\"background-color:#feb914\" target=\"_blank\" rel=\"noreferrer noopener\">Klicka h\u00e4r f\u00f6r att komma till supportsidan<\/a><\/div>\n<\/div>\n<\/div><\/div>\n<\/div>\n<\/div>\n\n\n\n<p class=\"has-white-background-color has-background\"><\/p>\n","protected":false},"excerpt":{"rendered":"<p>V\u00e5rt supportteam hj\u00e4lper dig g\u00e4rna. Har du n\u00e5gra fr\u00e5gor om leverans, lager, eller status f\u00f6r best\u00e4llning \u00e4r det bara att kontakta oss! V\u00e5ra kontaktuppgifter hittar du h\u00e4r. \u00d6ppettider: m\u00e5ndag-fredag 08.00\u201316.00. Lunchst\u00e4ngt: 11.45\u201312.30. Du kan ocks\u00e5 kika in v\u00e5r&nbsp;YouTube-kanal&nbsp;d\u00e4r vi f\u00f6rklarar och visar hur man st\u00e4ller in v\u00e5ra system. Letar du efter v\u00e5ra utg\u00e5ngna produkter? Borta [&hellip;]<\/p>\n","protected":false},"author":1,"featured_media":10464,"parent":0,"menu_order":0,"comment_status":"closed","ping_status":"closed","template":"","meta":{"_acf_changed":false,"footnotes":""},"class_list":["post-7009","page","type-page","status-publish","has-post-thumbnail","hentry"],"acf":[],"_links":{"self":[{"href":"https:\/\/www.tele-radio.com\/sv\/wp-json\/wp\/v2\/pages\/7009","targetHints":{"allow":["GET"]}}],"collection":[{"href":"https:\/\/www.tele-radio.com\/sv\/wp-json\/wp\/v2\/pages"}],"about":[{"href":"https:\/\/www.tele-radio.com\/sv\/wp-json\/wp\/v2\/types\/page"}],"author":[{"embeddable":true,"href":"https:\/\/www.tele-radio.com\/sv\/wp-json\/wp\/v2\/users\/1"}],"replies":[{"embeddable":true,"href":"https:\/\/www.tele-radio.com\/sv\/wp-json\/wp\/v2\/comments?post=7009"}],"version-history":[{"count":52,"href":"https:\/\/www.tele-radio.com\/sv\/wp-json\/wp\/v2\/pages\/7009\/revisions"}],"predecessor-version":[{"id":262974,"href":"https:\/\/www.tele-radio.com\/sv\/wp-json\/wp\/v2\/pages\/7009\/revisions\/262974"}],"wp:featuredmedia":[{"embeddable":true,"href":"https:\/\/www.tele-radio.com\/sv\/wp-json\/wp\/v2\/media\/10464"}],"wp:attachment":[{"href":"https:\/\/www.tele-radio.com\/sv\/wp-json\/wp\/v2\/media?parent=7009"}],"curies":[{"name":"wp","href":"https:\/\/api.w.org\/{rel}","templated":true}]}}