{"id":6969,"date":"2018-05-04T14:35:06","date_gmt":"2018-05-04T14:35:06","guid":{"rendered":"https:\/\/www.tele-radio.com\/start\/"},"modified":"2026-03-16T10:06:22","modified_gmt":"2026-03-16T10:06:22","slug":"start-2","status":"publish","type":"page","link":"https:\/\/www.tele-radio.com\/sv\/","title":{"rendered":"Hem"},"content":{"rendered":"<h1>Vi \u00e4r experter p\u00e5 s\u00e4kra och h\u00e5llbara l\u00f6sningar inom radiostyrning<\/h1>\n<p>V\u00e5ra huvudomr\u00e5den \u00e4r applikationer f\u00f6r industri, lift, mobilt, d\u00f6rrar, grindar och bommar. Vi erbjuder ocks\u00e5 s\u00e4ker radiostyrning f\u00f6r hydrauliska maskiner.<\/p>\n<h2><img loading=\"lazy\" decoding=\"async\" class=\"alignnone wp-image-27114 size-large\" src=\"https:\/\/www.tele-radio.com\/app\/uploads\/product-banner_tall_1600_x_461_px-e1750840008784-1200x250.jpg\" alt=\"Banner f\u00f6r produkter\" width=\"1200\" height=\"250\" srcset=\"https:\/\/www.tele-radio.com\/app\/uploads\/product-banner_tall_1600_x_461_px-e1750840008784-1200x250.jpg 1200w, https:\/\/www.tele-radio.com\/app\/uploads\/product-banner_tall_1600_x_461_px-e1750840008784-400x83.jpg 400w, https:\/\/www.tele-radio.com\/app\/uploads\/product-banner_tall_1600_x_461_px-e1750840008784-768x160.jpg 768w, https:\/\/www.tele-radio.com\/app\/uploads\/product-banner_tall_1600_x_461_px-e1750840008784-750x156.jpg 750w, https:\/\/www.tele-radio.com\/app\/uploads\/product-banner_tall_1600_x_461_px-e1750840008784-500x104.jpg 500w, https:\/\/www.tele-radio.com\/app\/uploads\/product-banner_tall_1600_x_461_px-e1750840008784-800x167.jpg 800w, https:\/\/www.tele-radio.com\/app\/uploads\/product-banner_tall_1600_x_461_px-e1750840008784-1536x320.jpg 1536w, https:\/\/www.tele-radio.com\/app\/uploads\/product-banner_tall_1600_x_461_px-e1750840008784.jpg 1600w\" sizes=\"auto, (max-width: 1200px) 100vw, 1200px\" \/><\/h2>\n<p>F\u00f6r att komma till v\u00e5rt sortiment <a href=\"https:\/\/www.tele-radio.com\/sv\/sortiment\/\">klicka h\u00e4r.<\/a>\u00a0<\/p>\n<h2>Innovation och utveckling<\/h2>\n<p>Med 70 \u00e5rs erfarenhet har vi gedigen kunskap och erfarenhet av system f\u00f6r s\u00e4ker radiostyrning. V\u00e5r drivkraft \u00e4r att kunna tillhandah\u00e5lla omfattande produktl\u00f6sningar, teknologi och service inom f\u00e4ltet. Kontroll med tr\u00e5dl\u00f6s utrustning och maskinkommunikation, d\u00e4r p\u00e5litlighet och s\u00e4kerhet \u00e4r avg\u00f6rande faktorer. Vi satsar d\u00e4rf\u00f6r p\u00e5 kontinuerlig produktutveckling och innovation.<br \/>V\u00e5ra anst\u00e4llda \u00e4r delaktiga i processen och tar stort ansvar \u00f6ver sina respektive arbetsomr\u00e5den. V\u00e5rt yttersta m\u00e5l \u00e4r att f\u00f6rse dig med l\u00f6sningar som ger merv\u00e4rde \u00e5t din verksamhet och samtidigt st\u00e5 redo med <a href=\"https:\/\/www.supportsidan.com\/\"><span style=\"color: #fabb00;\">support<\/span><\/a> n\u00e4r du beh\u00f6ver det.<\/p>\n<h2><img loading=\"lazy\" decoding=\"async\" class=\"wp-image-9294 size-full alignright\" title=\"S\u00e4ker radiostyrning\" src=\"https:\/\/www.tele-radio.com\/app\/uploads\/tiger_group-e1526210190711.png\" alt=\"S\u00e4ker radiostyrning\" width=\"293\" height=\"184\" \/>S\u00e4ker radiostyrning<\/h2>\n<p>S\u00e4kerhet \u00e4r en viktig fr\u00e5ga f\u00f6r oss och vi vill f\u00f6rs\u00e4kra oss om att v\u00e5ra produkter lever upp till de h\u00f6gsta m\u00f6jliga s\u00e4kerhetsstandarderna.<br \/>Vi har dessutom certifikaten som kr\u00e4vs f\u00f6r att styrka det.<\/p>\n<p>V\u00e5ra produkter \u00e4r robusta och st\u00f6tt\u00e5liga. Vi vet att v\u00e5ra s\u00e4ndare blir tappade i marken, \u00f6verk\u00f6rda och bl\u00f6ta och det tar vi h\u00e4nsyn till i utvecklingsfasen. De \u00e4r till f\u00f6r att anv\u00e4ndas!<\/p>\n<h2>Varf\u00f6r radiostyrning?<\/h2>\n<p>Med tr\u00e5dl\u00f6s kontroll \u00e4r s\u00e4kerheten och bekv\u00e4mligheten i fokus. Du som anv\u00e4ndare kan befinna dig exakt d\u00e4r du beh\u00f6ver vara ist\u00e4llet f\u00f6r att begr\u00e4nsas av en kontrollpanel eller tr\u00e5dbunden kontroll. <br \/>En tr\u00e5dl\u00f6s styrning \u00e4r inte heller i v\u00e4gen f\u00f6r dig, s\u00e5 som ett kabelbaserat system \u00e4r. Kabeln \u00e4r b\u00e5de ett hinder f\u00f6r arbetet och en s\u00e4kerhetsrisk. Med radiostyrning kan man st\u00e5 p\u00e5 ett s\u00e4kert avst\u00e5nd fr\u00e5n till exempel en tung last. <span style=\"color: #fabb00;\"><a style=\"color: #fabb00;\" href=\"https:\/\/www.tele-radio.com\/sv\/saker-radiostyrning\/\">L\u00e4s mer om det h\u00e4r<\/a><\/span>.\u00a0<\/p>\n\n\n<p class=\"has-white-background-color has-background\"><\/p>\n","protected":false},"excerpt":{"rendered":"<p>Vi \u00e4r experter p\u00e5 s\u00e4kra och h\u00e5llbara l\u00f6sningar inom radiostyrning V\u00e5ra huvudomr\u00e5den \u00e4r applikationer f\u00f6r industri, lift, mobilt, d\u00f6rrar, grindar och bommar. Vi erbjuder ocks\u00e5 s\u00e4ker radiostyrning f\u00f6r hydrauliska maskiner. F\u00f6r att komma till v\u00e5rt sortiment klicka h\u00e4r.\u00a0 Innovation och utveckling Med 70 \u00e5rs erfarenhet har vi gedigen kunskap och erfarenhet av system f\u00f6r s\u00e4ker [&hellip;]<\/p>\n","protected":false},"author":1,"featured_media":0,"parent":0,"menu_order":0,"comment_status":"closed","ping_status":"closed","template":"","meta":{"_acf_changed":false,"footnotes":""},"class_list":["post-6969","page","type-page","status-publish","hentry"],"acf":[],"_links":{"self":[{"href":"https:\/\/www.tele-radio.com\/sv\/wp-json\/wp\/v2\/pages\/6969","targetHints":{"allow":["GET"]}}],"collection":[{"href":"https:\/\/www.tele-radio.com\/sv\/wp-json\/wp\/v2\/pages"}],"about":[{"href":"https:\/\/www.tele-radio.com\/sv\/wp-json\/wp\/v2\/types\/page"}],"author":[{"embeddable":true,"href":"https:\/\/www.tele-radio.com\/sv\/wp-json\/wp\/v2\/users\/1"}],"replies":[{"embeddable":true,"href":"https:\/\/www.tele-radio.com\/sv\/wp-json\/wp\/v2\/comments?post=6969"}],"version-history":[{"count":95,"href":"https:\/\/www.tele-radio.com\/sv\/wp-json\/wp\/v2\/pages\/6969\/revisions"}],"predecessor-version":[{"id":283637,"href":"https:\/\/www.tele-radio.com\/sv\/wp-json\/wp\/v2\/pages\/6969\/revisions\/283637"}],"wp:attachment":[{"href":"https:\/\/www.tele-radio.com\/sv\/wp-json\/wp\/v2\/media?parent=6969"}],"curies":[{"name":"wp","href":"https:\/\/api.w.org\/{rel}","templated":true}]}}