{"id":6616,"date":"2018-05-24T12:02:02","date_gmt":"2018-05-24T12:02:02","guid":{"rendered":"https:\/\/www.tele-radio.com\/retired-products\/"},"modified":"2020-07-08T13:28:03","modified_gmt":"2020-07-08T13:28:03","slug":"utgangna-produkter","status":"publish","type":"page","link":"https:\/\/www.tele-radio.com\/sv\/utgangna-produkter\/","title":{"rendered":"Utg\u00e5ngna produkter"},"content":{"rendered":"<h1>Utg\u00e5ngna system och produkter<\/h1>\n<h3>H\u00e4r nedan hittar du v\u00e5ra utg\u00e5ngna system, samt information kring dem. Beh\u00f6ver du byta ut ditt utg\u00e5ngna system, finns f\u00f6rslag p\u00e5 vad du kan ers\u00e4tta det med!\u00a0<\/h3>\n<h3>\u00a0<\/h3>\n<p>\u00a0<\/p>\n<h2><img loading=\"lazy\" decoding=\"async\" class=\"alignright  wp-image-6265\" src=\"https:\/\/www.tele-radio.com\/app\/uploads\/T70-Jaguar-tele-radio-1.jpg\" alt=\"\" width=\"348\" height=\"348\" srcset=\"https:\/\/www.tele-radio.com\/app\/uploads\/T70-Jaguar-tele-radio-1.jpg 626w, https:\/\/www.tele-radio.com\/app\/uploads\/T70-Jaguar-tele-radio-1-150x150.jpg 150w, https:\/\/www.tele-radio.com\/app\/uploads\/T70-Jaguar-tele-radio-1-400x400.jpg 400w, https:\/\/www.tele-radio.com\/app\/uploads\/T70-Jaguar-tele-radio-1-250x250.jpg 250w, https:\/\/www.tele-radio.com\/app\/uploads\/T70-Jaguar-tele-radio-1-500x500.jpg 500w\" sizes=\"auto, (max-width: 348px) 100vw, 348px\" \/>T70 Jaguar<\/h2>\n<p>Jaguarsystemet T70\u00a0 introducerades f\u00f6rsta g\u00e5ngen 2007 f\u00f6r att vara disponibel f\u00f6r marknaden med elektriska och hydrauliska vinschar. Det var konkurrenskraftigt prissatt och erbj\u00f6d ett flertal f\u00f6rdelar gentemot sin syskonprodukt, T60, till exempel fler funktioner, smalbandsradio och l\u00e4ngre r\u00e4ckvidd. T70 Jaguar pensionerades 2015 till f\u00f6rm\u00e5n f\u00f6r det nya Panthersystemet, som erbjuder flertalet f\u00f6rb\u00e4ttrade parametrar.<\/p>\n<p><a href=\"https:\/\/www.tele-radio.com\/panther\/\">Ytterligare detaljer om Panthersystemet hittas p\u00e5 den h\u00e4r sidan<\/a><\/p>\n<hr \/>\n<p><img loading=\"lazy\" decoding=\"async\" class=\"alignright wp-image-6266\" src=\"https:\/\/www.tele-radio.com\/app\/uploads\/tiger-retired-system-tele-radio-1.jpg\" alt=\"\" width=\"420\" height=\"231\" srcset=\"https:\/\/www.tele-radio.com\/app\/uploads\/tiger-retired-system-tele-radio-1.jpg 626w, https:\/\/www.tele-radio.com\/app\/uploads\/tiger-retired-system-tele-radio-1-400x220.jpg 400w, https:\/\/www.tele-radio.com\/app\/uploads\/tiger-retired-system-tele-radio-1-500x276.jpg 500w\" sizes=\"auto, (max-width: 420px) 100vw, 420px\" \/><\/p>\n<h2>Tiger Gen. 1<\/h2>\n<p>Systemen i Tiger generation 1 introducerades runt 2010 f\u00f6r att m\u00f6ta marknadens efterfr\u00e5gan p\u00e5 radiostyrningssystem med h\u00f6g s\u00e4kerhet. EU:s maskindirektiv introducerade nya och striktare krav f\u00f6r maskiner och deras styrningssystem.<\/p>\n<p>Tigerseriens s\u00e4ndare liknade dem hos f\u00f6reg\u00e5ngaren 860 Lion, tv\u00e5 s\u00e4ndare i handstorlek och en joystick i olika konfigurationer. S\u00e4ndarna kunde ocks\u00e5 visa data genom sina displayer. Displayerna kunde visa information om vikt, kvarvarande batteritid, frekvens eller andra meddelanden.<\/p>\n<p>Tigersystemen hade SIL3-klassificering vilket betyder att de efterf\u00f6ljde en mycket h\u00f6g s\u00e4kerhetsstandard. Systemen uppdaterades kontinuerligt.<br \/>S\u00e5 sm\u00e5ningom var skillnaden mellan de tidigaste och de senaste produkterna s\u00e5 stor att serien Tiger generation 2 skapades. Systemen i Generation 2 inneh\u00f6ll de s\u00e4ndare som kunderna\u00a0k\u00e4nde igen fr\u00e5n generation 1, men dessa hade nu f\u00e5tt m\u00e5nga uppdateringar och f\u00f6rb\u00e4ttringar.<\/p>\n<p><a href=\"https:\/\/www.tele-radio.com\/tiger\/\">L\u00e4s mer om Tiger G2-systemen h\u00e4r<\/a><\/p>\n<hr \/>\n<h2><img loading=\"lazy\" decoding=\"async\" class=\"alignright size-medium wp-image-6267\" src=\"https:\/\/www.tele-radio.com\/app\/uploads\/\/860-lion-retired-system-tele-radio-1-400x252.jpg\" alt=\"\" width=\"400\" height=\"252\" srcset=\"https:\/\/www.tele-radio.com\/app\/uploads\/860-lion-retired-system-tele-radio-1-400x252.jpg 400w, https:\/\/www.tele-radio.com\/app\/uploads\/860-lion-retired-system-tele-radio-1-500x315.jpg 500w, https:\/\/www.tele-radio.com\/app\/uploads\/860-lion-retired-system-tele-radio-1.jpg 626w\" sizes=\"auto, (max-width: 400px) 100vw, 400px\" \/>860 Lion<\/h2>\n<p>860 Lion introducerades 2003 f\u00f6r att erbjuda marknaden ett nytt tekniskt avancerat kontrollsystem som ocks\u00e5 levde upp till tidens \u00f6kade s\u00e4kerhetsstandarderna. Inledningsvis kom systemen med en hands\u00e4ndare med 10 respektive 12 knappar och med mottagare med mellan 10 och 24 funktionsrel\u00e4er. Senare tillkom \u00e4ven joysticks\u00e4ndare till sortimentet.<\/p>\n<p>860 Lion var ett v\u00e4ldigt s\u00e4kert system f\u00f6r sin tid. Det hade en stoppfunktion godk\u00e4nd enligt kategori 3 och PLd. Det hade s\u00e4kerhetsrel\u00e4er dedikerade att styra stoppfunktionen.<\/p>\n<p>Med 860 Lion hade du ett stort antal valm\u00f6jligheter och inbyggda funktioner som standard. Du kunde kontrollera tv\u00e5 mottagare, oberoende eller unisont, en s\u00e5 kallad tvillingfunktion. Systemen s\u00e4nde p\u00e5 upp till 69 olika frekvenser mellan 433 och 434 MHz.<\/p>\n<p>Systemet b\u00f6rjade att ers\u00e4ttas av Tigersystemet under 2010-2013 och pensionerades slutligen till f\u00f6rm\u00e5n f\u00f6r Tiger (generation 2), som ocks\u00e5 uppn\u00e5r SIL3-standard, vilket 860 Lion inte gjorde.<\/p>\n<p><a href=\"https:\/\/www.tele-radio.com\/tiger\/\">L\u00e4s mer om Tiger G2-systemet h\u00e4r<\/a><\/p>\n<hr \/>\n<h2><img loading=\"lazy\" decoding=\"async\" class=\"alignright size-medium wp-image-6268\" src=\"https:\/\/www.tele-radio.com\/app\/uploads\/\/T80-leopard-retired-system-Tele-Radio-1-400x294.jpg\" alt=\"\" width=\"400\" height=\"294\" srcset=\"https:\/\/www.tele-radio.com\/app\/uploads\/T80-leopard-retired-system-Tele-Radio-1-400x294.jpg 400w, https:\/\/www.tele-radio.com\/app\/uploads\/T80-leopard-retired-system-Tele-Radio-1-500x367.jpg 500w, https:\/\/www.tele-radio.com\/app\/uploads\/T80-leopard-retired-system-Tele-Radio-1.jpg 626w\" sizes=\"auto, (max-width: 400px) 100vw, 400px\" \/>T80 Leopard<\/h2>\n<p>Systemet T80 Leopard introducerades 2006 och var ett robust system med en s\u00e4ndare och tv\u00e5 sorters mottagare som var anpassade till lyftindustrin. Systemet var f\u00f6rsett med en godk\u00e4nd stoppfunktion och uppfyllde s\u00e4kerhetskraven f\u00f6r kategori 3 och PLd.<\/p>\n<p>\u201cMQ\u201d-mottagaren hade en tunn kapsling, vilket var s\u00e4rskilt l\u00e4mpligt f\u00f6r tr\u00e5nga installationsutrymmen. Systemet pensionerades under senare delen av 2012 och har framf\u00f6r allt ersatts av Tigersystemet f\u00f6r liknande applikationer.<\/p>\n<p><a href=\"https:\/\/www.tele-radio.com\/tiger\/\">L\u00e4s mer om Tiger G2-systemet p\u00e5 den h\u00e4r sidan<\/a><\/p>\n<hr \/>\n<h2><img loading=\"lazy\" decoding=\"async\" class=\"alignright size-full wp-image-6263\" src=\"https:\/\/www.tele-radio.com\/app\/uploads\/460-system-retired-tele-radio.jpg\" alt=\"460 system retired Tele Radio\" width=\"339\" height=\"339\" srcset=\"https:\/\/www.tele-radio.com\/app\/uploads\/460-system-retired-tele-radio.jpg 339w, https:\/\/www.tele-radio.com\/app\/uploads\/460-system-retired-tele-radio-150x150.jpg 150w, https:\/\/www.tele-radio.com\/app\/uploads\/460-system-retired-tele-radio-250x250.jpg 250w\" sizes=\"auto, (max-width: 339px) 100vw, 339px\" \/>460-systemet<\/h2>\n<p>460-systemet lanserades i b\u00f6rjan av 1990-talet och bestod av flera s\u00e4ndare och mottagare fr\u00e5n den minsta enknappss\u00e4ndaren till st\u00f6rre, mer robusta 8-knappss\u00e4ndare. Systemet hade flera mottagare med mellan en och \u00e5tta rel\u00e4er. Produkterna hos 460 kommunicerade p\u00e5 433 MHz v\u00e5gl\u00e4ngd.<\/p>\n<p>460-systemet pensionerades 2006 och ersattes av T60-systemet, vilket var digitalt, i motsats till sin f\u00f6reg\u00e5ngare som var analog. T60 erbj\u00f6d mer uppdaterade egenskaper och st\u00f6rre kodningsm\u00f6jligheter.<\/p>\n<p>Det nyare T60-systemet motsvarar i stort sett 460-systemet och b\u00f6r ses som den naturliga ers\u00e4ttningen i de flesta sammanhang. F\u00f6r att f\u00e5 insikt i hur du g\u00e5r fr\u00e5n att anv\u00e4nda 460-systemet till T60, <a href=\"https:\/\/www.tele-radio.com\/contact-us\/\">kontakta din n\u00e4rmaste distribut\u00f6r<\/a>, s\u00e5 f\u00e5r du svar p\u00e5 dina fr\u00e5gor.<\/p>\n<p><a href=\"https:\/\/www.tele-radio.com\/t20-t60\/\">Bes\u00f6k sidan f\u00f6r T60-produkter<\/a><\/p>\n","protected":false},"excerpt":{"rendered":"<p>Utg\u00e5ngna system och produkter H\u00e4r nedan hittar du v\u00e5ra utg\u00e5ngna system, samt information kring dem. Beh\u00f6ver du byta ut ditt utg\u00e5ngna system, finns f\u00f6rslag p\u00e5 vad du kan ers\u00e4tta det med!\u00a0 \u00a0 \u00a0 T70 Jaguar Jaguarsystemet T70\u00a0 introducerades f\u00f6rsta g\u00e5ngen 2007 f\u00f6r att vara disponibel f\u00f6r marknaden med elektriska och hydrauliska vinschar. Det var konkurrenskraftigt [&hellip;]<\/p>\n","protected":false},"author":29,"featured_media":34831,"parent":0,"menu_order":0,"comment_status":"closed","ping_status":"closed","template":"","meta":{"_acf_changed":false,"footnotes":""},"class_list":["post-6616","page","type-page","status-publish","has-post-thumbnail","hentry"],"acf":[],"_links":{"self":[{"href":"https:\/\/www.tele-radio.com\/sv\/wp-json\/wp\/v2\/pages\/6616","targetHints":{"allow":["GET"]}}],"collection":[{"href":"https:\/\/www.tele-radio.com\/sv\/wp-json\/wp\/v2\/pages"}],"about":[{"href":"https:\/\/www.tele-radio.com\/sv\/wp-json\/wp\/v2\/types\/page"}],"author":[{"embeddable":true,"href":"https:\/\/www.tele-radio.com\/sv\/wp-json\/wp\/v2\/users\/29"}],"replies":[{"embeddable":true,"href":"https:\/\/www.tele-radio.com\/sv\/wp-json\/wp\/v2\/comments?post=6616"}],"version-history":[{"count":14,"href":"https:\/\/www.tele-radio.com\/sv\/wp-json\/wp\/v2\/pages\/6616\/revisions"}],"predecessor-version":[{"id":46441,"href":"https:\/\/www.tele-radio.com\/sv\/wp-json\/wp\/v2\/pages\/6616\/revisions\/46441"}],"wp:featuredmedia":[{"embeddable":true,"href":"https:\/\/www.tele-radio.com\/sv\/wp-json\/wp\/v2\/media\/34831"}],"wp:attachment":[{"href":"https:\/\/www.tele-radio.com\/sv\/wp-json\/wp\/v2\/media?parent=6616"}],"curies":[{"name":"wp","href":"https:\/\/api.w.org\/{rel}","templated":true}]}}