{"id":6572,"date":"2018-05-13T20:05:40","date_gmt":"2018-05-13T20:05:40","guid":{"rendered":"https:\/\/www.tele-radio.com\/munck-cranes-a-s\/"},"modified":"2020-07-09T13:57:07","modified_gmt":"2020-07-09T13:57:07","slug":"munck-cranes-framgangshistoria","status":"publish","type":"page","link":"https:\/\/www.tele-radio.com\/sv\/munck-cranes-framgangshistoria\/","title":{"rendered":"Munck Cranes A\/S"},"content":{"rendered":"<h1>Munck Cranes A\/S<\/h1>\n<h3>Munck Cranes \u00e4r en krantillverkare med s\u00e4te i Bergen, Norge. F\u00f6retaget grundades 1924 av Sverre Munck och b\u00f6rjade sin historia som ett handelsbolag med f\u00f6rs\u00e4ljning av rulltrappor, hissar och liftar.<\/h3>\n<p>F\u00f6retaget Munck Cranes har varit en pionj\u00e4r inom den norska exportindustrin. Den allra f\u00f6rsta liften som exporterades fraktades till Sverige 1948 och samma \u00e5r b\u00f6rjade de \u00e4ven leverera till England. D\u00e4refter tog exporten till en m\u00e4ngd andra utl\u00e4ndska marknader fart.<\/p>\n<h2>Munck Cranes &#8211; En global leverant\u00f6r<\/h2>\n<p>Senare, under 1950- och 1960-talen, etablerades dotterbolag i USA, Kanada, Storbritannien, Sverige, Brasilien och Belgien. Ett n\u00e4tverk av \u00e5terf\u00f6rs\u00e4ljare etablerades i andra delar av v\u00e4rlden. \u00c4n idag arbetar Munck i n\u00e4ra f\u00f6rbindelse med m\u00e5nga av dessa f\u00f6retag, som numera har lokala \u00e4gare. Munck Cranes f\u00f6rser i dagsl\u00e4get en global marknad med sina produkter och bara deras norska fabrik levererar ut 750 kranar om \u00e5ret. L\u00e4gger man d\u00e4rsedan till andra produktionsplatser, stiger den siffran till \u00f6ver 1000 kranar.<\/p>\n<h2>De f\u00f6rsta radiostyrda kranarna<\/h2>\n<p>Munck var den f\u00f6rsta <a href=\"https:\/\/munck-cranes.no\/en\/\"><span style=\"color: #000000;\">krantillverkaren<\/span><\/a> som \u00f6vergav kabelstyrning som standard p\u00e5 sina kranar och ersatte det med radiostyrning. Den som ville ha kabel, fick k\u00f6pa det separat. Att ta bort kabelstyrning var \u00e4nnu obevandrad mark inom industrin och skapade en v\u00e5g av kritik fr\u00e5n konkurrenterna. Med en blick i backspegeln kan man inte s\u00e4ga n\u00e5got annat \u00e4n att Munck var en pionj\u00e4r inom kranstyrningens tekniska utveckling, i och med deras modiga beslut.<\/p>\n<blockquote>\n<p>\u201cVi har valt Tele Radio p\u00e5 grund av deras unika service och support, vilket \u00e4r v\u00e4ldigt viktigt f\u00f6r oss och v\u00e5rt f\u00f6retag.\u201d<\/p>\n<\/blockquote>\n<p>&#8211; Rune Wab\u00f8, VD f\u00f6r Munck Cranes.<\/p>\n\n\n<div class=\"wp-block-group is-layout-flow wp-block-group-is-layout-flow\"><div class=\"wp-block-group__inner-container\"><\/div><\/div>\n\n\n\n<p><\/p>\n\n\n\n<p><\/p>\n\n\n\n<p class=\"has-text-align-left\"><a href=\"https:\/\/www.tele-radio.com\/sv\/produkter\/tiger-g2\/\">L\u00e4s mer om v\u00e5ra Tiger-system h\u00e4r!<\/a><\/p>\n","protected":false},"excerpt":{"rendered":"<p>Munck Cranes A\/S Munck Cranes \u00e4r en krantillverkare med s\u00e4te i Bergen, Norge. F\u00f6retaget grundades 1924 av Sverre Munck och b\u00f6rjade sin historia som ett handelsbolag med f\u00f6rs\u00e4ljning av rulltrappor, hissar och liftar. F\u00f6retaget Munck Cranes har varit en pionj\u00e4r inom den norska exportindustrin. Den allra f\u00f6rsta liften som exporterades fraktades till Sverige 1948 och [&hellip;]<\/p>\n","protected":false},"author":29,"featured_media":9726,"parent":0,"menu_order":0,"comment_status":"closed","ping_status":"closed","template":"","meta":{"_acf_changed":false,"footnotes":""},"class_list":["post-6572","page","type-page","status-publish","has-post-thumbnail","hentry"],"acf":[],"_links":{"self":[{"href":"https:\/\/www.tele-radio.com\/sv\/wp-json\/wp\/v2\/pages\/6572","targetHints":{"allow":["GET"]}}],"collection":[{"href":"https:\/\/www.tele-radio.com\/sv\/wp-json\/wp\/v2\/pages"}],"about":[{"href":"https:\/\/www.tele-radio.com\/sv\/wp-json\/wp\/v2\/types\/page"}],"author":[{"embeddable":true,"href":"https:\/\/www.tele-radio.com\/sv\/wp-json\/wp\/v2\/users\/29"}],"replies":[{"embeddable":true,"href":"https:\/\/www.tele-radio.com\/sv\/wp-json\/wp\/v2\/comments?post=6572"}],"version-history":[{"count":13,"href":"https:\/\/www.tele-radio.com\/sv\/wp-json\/wp\/v2\/pages\/6572\/revisions"}],"predecessor-version":[{"id":46772,"href":"https:\/\/www.tele-radio.com\/sv\/wp-json\/wp\/v2\/pages\/6572\/revisions\/46772"}],"wp:featuredmedia":[{"embeddable":true,"href":"https:\/\/www.tele-radio.com\/sv\/wp-json\/wp\/v2\/media\/9726"}],"wp:attachment":[{"href":"https:\/\/www.tele-radio.com\/sv\/wp-json\/wp\/v2\/media?parent=6572"}],"curies":[{"name":"wp","href":"https:\/\/api.w.org\/{rel}","templated":true}]}}