{"id":6529,"date":"2018-05-14T06:12:23","date_gmt":"2018-05-14T06:12:23","guid":{"rendered":"https:\/\/www.tele-radio.com\/thames-reinforcements-ltd\/"},"modified":"2020-07-09T13:55:28","modified_gmt":"2020-07-09T13:55:28","slug":"thames-reinforcements-framgangshistoria","status":"publish","type":"page","link":"https:\/\/www.tele-radio.com\/sv\/thames-reinforcements-framgangshistoria\/","title":{"rendered":"Thames Reinforcements Ltd"},"content":{"rendered":"<h1>Thames Reinforcements ers\u00e4tter konkurrenterna<\/h1>\n<h3>Thames Reinforcements Ltd \u00e4r en <span style=\"color: #000000;\"><a style=\"color: #000000;\" href=\"https:\/\/www.thamesreinforcements.com\/\">fabrik i Sheerness<\/a><\/span>, Kent, som tillverkar armeringsst\u00e5l. Fabriken har en produktionskapacitet p\u00e5 1500 ton CARES-klassade st\u00e5lst\u00e4llningar varje vecka.<\/h3>\n<p>Thames b\u00f6rjade med ett system f\u00f6r radiostyrning fr\u00e5n en konkurrent, men ins\u00e5g snart att st\u00e5lproduktionens tuffa milj\u00f6er gick mycket h\u00e5rt \u00e5t s\u00e4ndarna. N\u00e4r de uppt\u00e4ckte att varje s\u00e4ndare bara h\u00f6ll i en m\u00e5nad, b\u00f6rjade de leta efter alternativ. De besl\u00f6t sig f\u00f6r att ge Tele Radio en chans och installerade <a href=\"https:\/\/www.tele-radio.com\/sv\/produkter\/tiger-g2\/\">Tiger-system<\/a> p\u00e5 sina kranar. De valde Tigers\u00e4ndaren T9-1 och anv\u00e4nde tv\u00e5 s\u00e4ndare till varje kran, eftersom arbetet beh\u00f6vde vara ig\u00e5ng dygnet runt. Totalt har fabriken tre traverser som alla \u00e4r f\u00f6rsedda med ett Tiger-system.<\/p>\n<p>Efter att ha varit i aktivt bruk 24 timmar om dygnet under ett \u00e5rs tid, var det bara tv\u00e5 s\u00e4ndare som beh\u00f6vde ers\u00e4ttas med nya. Kranarna blev utbytta och flyttades till deras anl\u00e4ggning i Nottingham, d\u00e4r systemen fortsatte att anv\u00e4ndas problemfritt. Nya kranar installerades p\u00e5 anl\u00e4ggningen i Kent, med medf\u00f6ljande l\u00f6sning f\u00f6r radiostyrning. Efter bara en m\u00e5nad gick den f\u00f6rsta s\u00e4ndaren s\u00f6nder, vilket fick Tomasz Fraczek, som var underh\u00e5llsansvarig, att v\u00e4nda sig till Tele Radio f\u00f6r att ers\u00e4tta Demags l\u00f6sningar med system fr\u00e5n Tele Radio.<\/p>\n<blockquote><p>&#8221;Tele Radios fj\u00e4rrkontroller t\u00e5l rej\u00e4l p\u00e5frestning utan att g\u00e5 s\u00f6nder och batteritiden \u00e4r imponerande.&#8221;<\/p><\/blockquote>\n<p>Den h\u00e4r g\u00e5ngen installerade Tele Radio ett <a href=\"https:\/\/www.tele-radio.com\/sv\/produkter\/panther\/\">Panther-system<\/a> med uttagbara och uppladdningsbara batterier f\u00f6r att s\u00e4kerst\u00e4lla oavbruten anv\u00e4ndning. S\u00e4ndarna klarar gott och v\u00e4l av \u00f6ver 100 timmars drifttid, n\u00e5got ingen annan producent p\u00e5 marknaden kommer i n\u00e4rheten av.\u00a0Dessa system har k\u00f6rts felfritt sedan dess.<\/p>\n","protected":false},"excerpt":{"rendered":"<p>Thames Reinforcements ers\u00e4tter konkurrenterna Thames Reinforcements Ltd \u00e4r en fabrik i Sheerness, Kent, som tillverkar armeringsst\u00e5l. Fabriken har en produktionskapacitet p\u00e5 1500 ton CARES-klassade st\u00e5lst\u00e4llningar varje vecka. Thames b\u00f6rjade med ett system f\u00f6r radiostyrning fr\u00e5n en konkurrent, men ins\u00e5g snart att st\u00e5lproduktionens tuffa milj\u00f6er gick mycket h\u00e5rt \u00e5t s\u00e4ndarna. N\u00e4r de uppt\u00e4ckte att varje s\u00e4ndare [&hellip;]<\/p>\n","protected":false},"author":29,"featured_media":9762,"parent":0,"menu_order":0,"comment_status":"closed","ping_status":"closed","template":"","meta":{"_acf_changed":false,"footnotes":""},"class_list":["post-6529","page","type-page","status-publish","has-post-thumbnail","hentry"],"acf":[],"_links":{"self":[{"href":"https:\/\/www.tele-radio.com\/sv\/wp-json\/wp\/v2\/pages\/6529","targetHints":{"allow":["GET"]}}],"collection":[{"href":"https:\/\/www.tele-radio.com\/sv\/wp-json\/wp\/v2\/pages"}],"about":[{"href":"https:\/\/www.tele-radio.com\/sv\/wp-json\/wp\/v2\/types\/page"}],"author":[{"embeddable":true,"href":"https:\/\/www.tele-radio.com\/sv\/wp-json\/wp\/v2\/users\/29"}],"replies":[{"embeddable":true,"href":"https:\/\/www.tele-radio.com\/sv\/wp-json\/wp\/v2\/comments?post=6529"}],"version-history":[{"count":23,"href":"https:\/\/www.tele-radio.com\/sv\/wp-json\/wp\/v2\/pages\/6529\/revisions"}],"predecessor-version":[{"id":46771,"href":"https:\/\/www.tele-radio.com\/sv\/wp-json\/wp\/v2\/pages\/6529\/revisions\/46771"}],"wp:featuredmedia":[{"embeddable":true,"href":"https:\/\/www.tele-radio.com\/sv\/wp-json\/wp\/v2\/media\/9762"}],"wp:attachment":[{"href":"https:\/\/www.tele-radio.com\/sv\/wp-json\/wp\/v2\/media?parent=6529"}],"curies":[{"name":"wp","href":"https:\/\/api.w.org\/{rel}","templated":true}]}}