{"id":6505,"date":"2018-05-14T06:20:21","date_gmt":"2018-05-14T06:20:21","guid":{"rendered":"https:\/\/www.tele-radio.com\/easy-silage\/"},"modified":"2020-07-17T12:15:13","modified_gmt":"2020-07-17T12:15:13","slug":"easy-silage-framgangshistoria","status":"publish","type":"page","link":"https:\/\/www.tele-radio.com\/sv\/easy-silage-framgangshistoria\/","title":{"rendered":"Easy Silage BV"},"content":{"rendered":"<h1>Easy Silage &#8211; \u00d6vert\u00e4ckningssystem f\u00f6r silos<\/h1>\n<h3>Easy Silage BV \u00e4r specialiserade p\u00e5 \u00f6vert\u00e4ckning av silos f\u00f6r ensilage. <span style=\"color: #000000;\"><a style=\"color: #000000;\" href=\"https:\/\/www.easysilage.nl\/en\/\" target=\"_blank\" rel=\"noopener noreferrer\">F\u00f6retaget<\/a><\/span> \u00e4r placerat i Dearsum, centralt bel\u00e4get i Frieslandprovinsen, k\u00e4nd som Nederl\u00e4ndernas st\u00f6rsta mejeriprovins.<\/h3>\n<p>Easy Silages \u00f6vert\u00e4ckningssystem passar f\u00f6r upp till 100 meter l\u00e5nga och 25 meter breda plansilos. Arbetet radiostyrs med hj\u00e4lp av ett <a href=\"https:\/\/www.tele-radio.com\/sv\/produkter\/panther\/\">Panther-system<\/a> fr\u00e5n Tele Radio. Eftersom alla g\u00e5rdar arbetar p\u00e5 olika s\u00e4tt, \u00e4r \u00f6vert\u00e4ckningssystemen utformade\u00a0f\u00f6r att kunna specialanpassas. Det finns tre varianter av applikationen: det skenburna systemet, vinschsystemet och portalsystemet.<\/p>\n<h2>Flexibelt system<\/h2>\n<p>Sken- och vinschsystemen passar i princip vilken silo som helst. Maskinen med rullmekanismen g\u00e5r l\u00e4ngs med kanalen. Radiomottagaren fastmonteras p\u00e5 silov\u00e4ggen med hj\u00e4lp av s\u00e4rskilda konsoler.\u00a0Vinschsystemet kan till\u00e4mpas p\u00e5 ett flertal silos, tack vare en specialdesignad kontaktyta. Med hj\u00e4lp av en traktor eller teleskoplastare, kan anv\u00e4ndaren enkelt flytta \u00f6vert\u00e4ckningsmaskinen fr\u00e5n den ena silon till den andra.<\/p>\n<h2>Ers\u00e4tter en fast kontrollpanel<\/h2>\n<p>Kunden bytte fr\u00e5n fasta kontroller till radiostyrning, eftersom det ger anv\u00e4ndaren en b\u00e4ttre \u00f6versikt \u00f6ver arbetet, vilken annars hade varit begr\u00e4nsad fr\u00e5n den ursprungliga placeringen av kontrollpanelen. Tele Radio BV ber\u00e4knas leverera\u00a0minst 40 system till Easy Silage BV om \u00e5ret.<\/p>\n\n\n<p><\/p>\n","protected":false},"excerpt":{"rendered":"<p>Easy Silage &#8211; \u00d6vert\u00e4ckningssystem f\u00f6r silos Easy Silage BV \u00e4r specialiserade p\u00e5 \u00f6vert\u00e4ckning av silos f\u00f6r ensilage. F\u00f6retaget \u00e4r placerat i Dearsum, centralt bel\u00e4get i Frieslandprovinsen, k\u00e4nd som Nederl\u00e4ndernas st\u00f6rsta mejeriprovins. Easy Silages \u00f6vert\u00e4ckningssystem passar f\u00f6r upp till 100 meter l\u00e5nga och 25 meter breda plansilos. Arbetet radiostyrs med hj\u00e4lp av ett Panther-system fr\u00e5n Tele [&hellip;]<\/p>\n","protected":false},"author":29,"featured_media":9798,"parent":0,"menu_order":0,"comment_status":"closed","ping_status":"closed","template":"","meta":{"_acf_changed":false,"footnotes":""},"class_list":["post-6505","page","type-page","status-publish","has-post-thumbnail","hentry"],"acf":[],"_links":{"self":[{"href":"https:\/\/www.tele-radio.com\/sv\/wp-json\/wp\/v2\/pages\/6505","targetHints":{"allow":["GET"]}}],"collection":[{"href":"https:\/\/www.tele-radio.com\/sv\/wp-json\/wp\/v2\/pages"}],"about":[{"href":"https:\/\/www.tele-radio.com\/sv\/wp-json\/wp\/v2\/types\/page"}],"author":[{"embeddable":true,"href":"https:\/\/www.tele-radio.com\/sv\/wp-json\/wp\/v2\/users\/29"}],"replies":[{"embeddable":true,"href":"https:\/\/www.tele-radio.com\/sv\/wp-json\/wp\/v2\/comments?post=6505"}],"version-history":[{"count":21,"href":"https:\/\/www.tele-radio.com\/sv\/wp-json\/wp\/v2\/pages\/6505\/revisions"}],"predecessor-version":[{"id":46767,"href":"https:\/\/www.tele-radio.com\/sv\/wp-json\/wp\/v2\/pages\/6505\/revisions\/46767"}],"wp:featuredmedia":[{"embeddable":true,"href":"https:\/\/www.tele-radio.com\/sv\/wp-json\/wp\/v2\/media\/9798"}],"wp:attachment":[{"href":"https:\/\/www.tele-radio.com\/sv\/wp-json\/wp\/v2\/media?parent=6505"}],"curies":[{"name":"wp","href":"https:\/\/api.w.org\/{rel}","templated":true}]}}