{"id":6500,"date":"2018-05-14T09:08:21","date_gmt":"2018-05-14T09:08:21","guid":{"rendered":"https:\/\/www.tele-radio.com\/euro-prima-doo\/"},"modified":"2020-07-17T12:13:45","modified_gmt":"2020-07-17T12:13:45","slug":"euro-prima-framgangshistoria","status":"publish","type":"page","link":"https:\/\/www.tele-radio.com\/sv\/euro-prima-framgangshistoria\/","title":{"rendered":"Euro Prima"},"content":{"rendered":"<h1>Euro Prima &#8211; Specialister p\u00e5 \u00f6rtodling<\/h1>\n<p>F\u00f6retaget Euro Prima doo \u00e4r en serbisk leverant\u00f6r av sk\u00f6rdemaskiner. De \u00e4r specialiserade p\u00e5 sk\u00f6rd av medicinska v\u00e4xter och \u00f6rter. S\u00e5 som rosmarin, mynta, citrongr\u00e4s, persilja och m\u00e5nga fler. F\u00f6retaget har sin bas i Novi Sad, Serbien med kunder i 50 l\u00e4nder v\u00e4rlden \u00f6ver.<\/p>\n<h2>Mer l\u00e4tthanterligt med Tele Radio<\/h2>\n<p>P\u00e5 bild syns sk\u00f6rdetr\u00f6skan NB 2005 V. Den anv\u00e4nds till sk\u00f6rd av bland annat kamomill och mynta. Den r\u00f6r sig \u00f6ver \u00e5krarna, h\u00e4ngandes i luften med hj\u00e4lp av traktorn och separerar blommorna fr\u00e5n stj\u00e4lkarna medan den l\u00e4mnar st\u00f6rre delen av plantan or\u00f6rd.<\/p>\n<p>Euro Prima och deras kunder upplevde problem och sv\u00e5righeter n\u00e4r de man\u00f6vrerade maskinen med tr\u00e5dbunden styrning. Genom att anv\u00e4nda ett radiostyrningssystem fr\u00e5n Tele Radio kan de enkelt styra sk\u00f6rdetr\u00f6skan och samtidigt slippa l\u00e4mna den airconditionerade traktorhytten under arbetet p\u00e5 de varma \u00e5krarna.<\/p>\n<p>F\u00f6r just den h\u00e4r applikationen, k\u00f6pte Euro Prima Panther-system som best\u00e5r av en <a href=\"https:\/\/www.tele-radio.com\/sv\/produkter\/panther\/panther-sandare-8x2-stegsknappar-pld-cat3\/\">PN-T19-2-s\u00e4ndare<\/a> och en <a href=\"https:\/\/www.tele-radio.com\/sv\/produkter\/panther\/panther-mottagare-9-funktionsrelaer\/\">PN-R8-3-mottagare.<\/a> Konfigurationen ger sammankopplade rel\u00e4grupper som st\u00e4nger av en funktion medan den startar en annan. Den h\u00e4r l\u00f6sningen gjorde <span style=\"color: #000000;\"><a style=\"color: #000000;\" href=\"https:\/\/www.europrima.rs\/\" target=\"_blank\" rel=\"noopener noreferrer\">kunden<\/a> \u00a0<\/span>n\u00f6jd\u00a0och visade sig dessutom vara v\u00e4ldigt l\u00e4tt\u00a0f\u00f6r f\u00f6retaget att installera.<\/p>\n","protected":false},"excerpt":{"rendered":"<p>Euro Prima &#8211; Specialister p\u00e5 \u00f6rtodling F\u00f6retaget Euro Prima doo \u00e4r en serbisk leverant\u00f6r av sk\u00f6rdemaskiner. De \u00e4r specialiserade p\u00e5 sk\u00f6rd av medicinska v\u00e4xter och \u00f6rter. S\u00e5 som rosmarin, mynta, citrongr\u00e4s, persilja och m\u00e5nga fler. F\u00f6retaget har sin bas i Novi Sad, Serbien med kunder i 50 l\u00e4nder v\u00e4rlden \u00f6ver. Mer l\u00e4tthanterligt med Tele Radio [&hellip;]<\/p>\n","protected":false},"author":29,"featured_media":9834,"parent":0,"menu_order":0,"comment_status":"closed","ping_status":"closed","template":"","meta":{"_acf_changed":false,"footnotes":""},"class_list":["post-6500","page","type-page","status-publish","has-post-thumbnail","hentry"],"acf":[],"_links":{"self":[{"href":"https:\/\/www.tele-radio.com\/sv\/wp-json\/wp\/v2\/pages\/6500","targetHints":{"allow":["GET"]}}],"collection":[{"href":"https:\/\/www.tele-radio.com\/sv\/wp-json\/wp\/v2\/pages"}],"about":[{"href":"https:\/\/www.tele-radio.com\/sv\/wp-json\/wp\/v2\/types\/page"}],"author":[{"embeddable":true,"href":"https:\/\/www.tele-radio.com\/sv\/wp-json\/wp\/v2\/users\/29"}],"replies":[{"embeddable":true,"href":"https:\/\/www.tele-radio.com\/sv\/wp-json\/wp\/v2\/comments?post=6500"}],"version-history":[{"count":18,"href":"https:\/\/www.tele-radio.com\/sv\/wp-json\/wp\/v2\/pages\/6500\/revisions"}],"predecessor-version":[{"id":47151,"href":"https:\/\/www.tele-radio.com\/sv\/wp-json\/wp\/v2\/pages\/6500\/revisions\/47151"}],"wp:featuredmedia":[{"embeddable":true,"href":"https:\/\/www.tele-radio.com\/sv\/wp-json\/wp\/v2\/media\/9834"}],"wp:attachment":[{"href":"https:\/\/www.tele-radio.com\/sv\/wp-json\/wp\/v2\/media?parent=6500"}],"curies":[{"name":"wp","href":"https:\/\/api.w.org\/{rel}","templated":true}]}}