{"id":6393,"date":"2018-05-10T13:37:16","date_gmt":"2018-05-10T13:37:16","guid":{"rendered":"https:\/\/www.tele-radio.com\/ethical-standards\/"},"modified":"2019-06-04T06:46:57","modified_gmt":"2019-06-04T06:46:57","slug":"etiska-standarder","status":"publish","type":"page","link":"https:\/\/www.tele-radio.com\/sv\/etiska-standarder\/","title":{"rendered":"Etiska standarder"},"content":{"rendered":"<h1>Etiska standarder<\/h1>\n<h2>Tele Radio till\u00e4mpar sociala och milj\u00f6m\u00e4ssiga standarder<\/h2>\n<p>Vi p\u00e5 Tele Radio tror p\u00e5 att skydda milj\u00f6n och g\u00f6r detta genom reducering, \u00e5teranv\u00e4ndning och \u00e5tervinning av f\u00f6rbrukat material eller avfall som uppst\u00e5r i produktionen. Vi uppmanar\u00a0ocks\u00e5 v\u00e5ra \u00e5terf\u00f6rs\u00e4ljare att g\u00f6ra detsamma. Vidare uppmuntrar Tele Radio sina \u00e5terf\u00f6rs\u00e4ljare att minska \u00f6verfl\u00f6dig resurs\u00e5tg\u00e5ng vid f\u00f6rpackning genom att anv\u00e4nda \u00e5tervunna och giftfria material, n\u00e4r m\u00f6jligheten finns. F\u00f6roreningar fr\u00e5n alla delar av produktionen ska reduceras f\u00f6r att minimera skadan p\u00e5 milj\u00f6n och en till\u00e4mpad plan ska finnas kring att ytterligare minska risken f\u00f6r f\u00f6roreningar i framtiden.<\/p>\n<h2>S\u00e4ker arbetsmilj\u00f6<\/h2>\n<p>Tele Radio uppr\u00e4tth\u00e5ller en s\u00e4ker, ren, h\u00e4lsosam och produktiv milj\u00f6 f\u00f6r sina medarbetare och f\u00f6rv\u00e4ntar sig detsamma fr\u00e5n sina \u00e5terf\u00f6rs\u00e4ljare. \u00c5terf\u00f6rs\u00e4ljare ska tillgodose s\u00e4kra och h\u00e4lsosamma arbetsf\u00f6rh\u00e5llanden f\u00f6r sina anst\u00e4llda. Fabriker som arbetar med Tele Radios varor eller produkter ska tillhandah\u00e5lla f\u00f6rsta hj\u00e4lpen-utrustning, n\u00f6dutg\u00e5ngar, s\u00e4kerhetsanordningar, upplysta och bekv\u00e4ma arbetsstationer och hygieniska toaletter. Tele Radio accepterar inte samarbete med \u00e5terf\u00f6rs\u00e4ljare med en h\u00e4lsov\u00e5dlig eller riskabel arbetsmilj\u00f6, eller som anv\u00e4nder sig av psykisk eller fysisk disciplinering.<\/p>\n<h2>Emot diskriminering<\/h2>\n<p>Vi \u00e4r av uppfattningen att villkor och f\u00f6ruts\u00e4ttningar f\u00f6r anst\u00e4llning ska baseras p\u00e5 en individs f\u00f6rm\u00e5ga att utf\u00f6ra arbetet och inte p\u00e5 personliga egenskaper eller uppfattningar. Tele Radio beg\u00e4r fr\u00e5n den egna organisationen, s\u00e5v\u00e4l som fr\u00e5n \u00e5terf\u00f6rs\u00e4ljare, att grundl\u00e4ggande principer f\u00f6r m\u00e4nskliga r\u00e4ttigheter ska efterlevas. Ingen diskriminering gentemot anst\u00e4llda f\u00e5r f\u00f6rekomma, baserat p\u00e5 ursprung, hudf\u00e4rg, k\u00f6nsuttryck, religion, funktionsvariation, sexuell l\u00e4ggning eller politisk uppfattning.<\/p>\n<h2>Barnarbete tolereras inte<\/h2>\n<p>Tele Radio tolererar inte utnyttjande av barnarbete i utformandet eller produktionen av produkter vi k\u00f6per eller s\u00e4ljer. Tele Radio accepterar inte produkter fr\u00e5n \u00e5terf\u00f6rs\u00e4ljare som anv\u00e4nder sig av n\u00e5gon form av barnarbete i sina kontrakt, underkontrakt eller andra relationer i produktionskedjan f\u00f6r deras produkter eller tj\u00e4nster.<\/p>\n<h2>L\u00e4s v\u00e5r uppf\u00f6randekod i dess helhet<\/h2>\n<p><a href=\"https:\/\/api.tele-radio.com\/api\/files\/1990\">V\u00e5r fullst\u00e4ndiga uppf\u00f6randekod kan l\u00e4sas h\u00e4r.<\/a><\/p>\n<h2>WWF<\/h2>\n<p>Antalet tigrar, som vid 1900-talets b\u00f6rjan var \u00f6ver 100 000, var p\u00e5 1970-talet nere i 4000. Idag tillh\u00f6r de en sv\u00e5rt hotad art. Sammanlagt ber\u00e4knas de vilda populationerna av de fem \u00e5terst\u00e5ende underarterna (bengalisk, indo-kinesisk, sibirisk, sydkinesisk och sumatratiger) best\u00e5 av ungef\u00e4r 3900 tigrar. Vi vet att alla \u00e5terst\u00e5ende tigrar lever i sm\u00e5, isolerade grupper i brett spridda reservat. Den st\u00f6rsta koncentrationen av tigrar i ett reservat \u00e4r runt 215 stycken.<br \/>\nP\u00e5 Tele Radio st\u00f6djer vi World Wide Fund for Nature (WWF) och dess insatser f\u00f6r tigerns \u00f6verlevnad. Populationen av tigrar \u00e5terh\u00e4mtar sig l\u00e5ngsamt tack vare WWFs ih\u00e4rdiga arbete. Eftersom tigern \u00e4r framtr\u00e4dande i v\u00e5r marknadsf\u00f6ring och har f\u00e5tt\u00a0namnge ett av v\u00e5ra system, tycker vi att det k\u00e4nns naturligt att vi \u00e4r delaktiga i kampen f\u00f6r bevarandet av tigern.<\/p>\n<p><img loading=\"lazy\" decoding=\"async\" class=\"aligncenter size-full wp-image-6302\" src=\"https:\/\/www.tele-radio.com\/app\/uploads\/tiger_wwf.jpg\" alt=\"Tele Radio supports WWF\" width=\"1200\" height=\"555\" \/><\/p>\n","protected":false},"excerpt":{"rendered":"<p>Etiska standarder Tele Radio till\u00e4mpar sociala och milj\u00f6m\u00e4ssiga standarder Vi p\u00e5 Tele Radio tror p\u00e5 att skydda milj\u00f6n och g\u00f6r detta genom reducering, \u00e5teranv\u00e4ndning och \u00e5tervinning av f\u00f6rbrukat material eller avfall som uppst\u00e5r i produktionen. Vi uppmanar\u00a0ocks\u00e5 v\u00e5ra \u00e5terf\u00f6rs\u00e4ljare att g\u00f6ra detsamma. Vidare uppmuntrar Tele Radio sina \u00e5terf\u00f6rs\u00e4ljare att minska \u00f6verfl\u00f6dig resurs\u00e5tg\u00e5ng vid f\u00f6rpackning genom [&hellip;]<\/p>\n","protected":false},"author":29,"featured_media":9708,"parent":0,"menu_order":0,"comment_status":"closed","ping_status":"closed","template":"","meta":{"_acf_changed":false,"footnotes":""},"class_list":["post-6393","page","type-page","status-publish","has-post-thumbnail","hentry"],"acf":[],"_links":{"self":[{"href":"https:\/\/www.tele-radio.com\/sv\/wp-json\/wp\/v2\/pages\/6393","targetHints":{"allow":["GET"]}}],"collection":[{"href":"https:\/\/www.tele-radio.com\/sv\/wp-json\/wp\/v2\/pages"}],"about":[{"href":"https:\/\/www.tele-radio.com\/sv\/wp-json\/wp\/v2\/types\/page"}],"author":[{"embeddable":true,"href":"https:\/\/www.tele-radio.com\/sv\/wp-json\/wp\/v2\/users\/29"}],"replies":[{"embeddable":true,"href":"https:\/\/www.tele-radio.com\/sv\/wp-json\/wp\/v2\/comments?post=6393"}],"version-history":[{"count":13,"href":"https:\/\/www.tele-radio.com\/sv\/wp-json\/wp\/v2\/pages\/6393\/revisions"}],"predecessor-version":[{"id":8346,"href":"https:\/\/www.tele-radio.com\/sv\/wp-json\/wp\/v2\/pages\/6393\/revisions\/8346"}],"wp:featuredmedia":[{"embeddable":true,"href":"https:\/\/www.tele-radio.com\/sv\/wp-json\/wp\/v2\/media\/9708"}],"wp:attachment":[{"href":"https:\/\/www.tele-radio.com\/sv\/wp-json\/wp\/v2\/media?parent=6393"}],"curies":[{"name":"wp","href":"https:\/\/api.w.org\/{rel}","templated":true}]}}