{"id":6374,"date":"2018-05-10T13:37:03","date_gmt":"2018-05-10T13:37:03","guid":{"rendered":"https:\/\/www.tele-radio.com\/iso-certifications\/"},"modified":"2025-09-16T12:53:15","modified_gmt":"2025-09-16T12:53:15","slug":"iso-certifierat-foretag","status":"publish","type":"page","link":"https:\/\/www.tele-radio.com\/sv\/iso-certifierat-foretag\/","title":{"rendered":"ISO-certifikat"},"content":{"rendered":"\n<h1 class=\"wp-block-heading\">&nbsp;<\/h1>\n\n\n\n<h1 class=\"wp-block-heading\">Vi \u00e4r ett multisite ISO-certifierat f\u00f6retag<\/h1>\n\n\n\n<p>Vi \u00e4r ISO 9001 kvalitetsledningssystem och ISO 14001 milj\u00f6ledningssystem certifierade genom Allgon AB multisite certifiering. Det inneb\u00e4r att du kan lita p\u00e5 att vi har de f\u00f6rm\u00e5gor och kunskap som kr\u00e4vs f\u00f6r att utf\u00f6ra det arbete vi g\u00f6r. Att vi kontinuerligt arbetar f\u00f6r att f\u00f6rebygga misstag. Och f\u00f6r att f\u00f6rb\u00e4ttra v\u00e5r milj\u00f6prestanda under produktens hela livscykel inklusive utveckling, tillverkning, marknadsf\u00f6ring, f\u00f6rs\u00e4ljning och service av industriella radiostyrningssystem och kommunikationsl\u00f6sningar.<\/p>\n\n\n\n<div style=\"height:41px\" aria-hidden=\"true\" class=\"wp-block-spacer\"><\/div>\n\n\n\n<h2 class=\"wp-block-heading\">ISO 9001<\/h2>\n\n\n\n<p>De viktigaste delarna i ISO 9001-certifieringen f\u00f6r ledningssystem \u00e4r kvalitet, ansvar, resurser, produktutveckling samt m\u00e4tning, analys och f\u00f6rb\u00e4ttring.<\/p>\n\n\n<a href=\"https:\/\/www.tele-radio.com\/app\/uploads\/Allgon-AB-Certificate-SE009776-2-9k-2024.pdf\" class=\"pdfemb-viewer\" style=\"\" data-width=\"max\" data-height=\"max\" data-toolbar=\"bottom\" data-toolbar-fixed=\"off\">Allgon-AB-Certificate-SE009776-2-9k-2024<\/a>\n<p class=\"wp-block-pdfemb-pdf-embedder-viewer\"><\/p>\n\n\n\n<div style=\"height:43px\" aria-hidden=\"true\" class=\"wp-block-spacer\"><\/div>\n\n\n\n<h2 class=\"wp-block-heading\">ISO 14001<\/h2>\n\n\n\n<p>V\u00e5rt arbete med att utveckla, tillverka och marknadsf\u00f6ra s\u00e4kra och p\u00e5litliga l\u00f6sningar f\u00f6r industriell radiostyrning och kommunikation bygger p\u00e5 ett h\u00e5llbarhetsperspektiv. <br>Det inneb\u00e4r att f\u00f6retaget tar ansvar f\u00f6r produktens livscykel i ett tidigt skede genom att tekniskt och ekonomiskt konstruera produkter som har en s\u00e5 liten p\u00e5verkan p\u00e5 milj\u00f6n som m\u00f6jligt.<\/p>\n\n\n<a href=\"https:\/\/www.tele-radio.com\/app\/uploads\/Allgon-AB-Certificate-SE009777-2-14k-2024.pdf\" class=\"pdfemb-viewer\" style=\"\" data-width=\"max\" data-height=\"max\" data-toolbar=\"bottom\" data-toolbar-fixed=\"off\">Allgon-AB-Certificate-SE009777-2-14k-2024<\/a>\n<p class=\"wp-block-pdfemb-pdf-embedder-viewer\"><\/p>\n","protected":false},"excerpt":{"rendered":"<p>&nbsp; Vi \u00e4r ett multisite ISO-certifierat f\u00f6retag Vi \u00e4r ISO 9001 kvalitetsledningssystem och ISO 14001 milj\u00f6ledningssystem certifierade genom Allgon AB multisite certifiering. Det inneb\u00e4r att du kan lita p\u00e5 att vi har de f\u00f6rm\u00e5gor och kunskap som kr\u00e4vs f\u00f6r att utf\u00f6ra det arbete vi g\u00f6r. Att vi kontinuerligt arbetar f\u00f6r att f\u00f6rebygga misstag. Och f\u00f6r [&hellip;]<\/p>\n","protected":false},"author":29,"featured_media":9690,"parent":0,"menu_order":0,"comment_status":"closed","ping_status":"closed","template":"","meta":{"_acf_changed":false,"footnotes":""},"class_list":["post-6374","page","type-page","status-publish","has-post-thumbnail","hentry"],"acf":[],"_links":{"self":[{"href":"https:\/\/www.tele-radio.com\/sv\/wp-json\/wp\/v2\/pages\/6374","targetHints":{"allow":["GET"]}}],"collection":[{"href":"https:\/\/www.tele-radio.com\/sv\/wp-json\/wp\/v2\/pages"}],"about":[{"href":"https:\/\/www.tele-radio.com\/sv\/wp-json\/wp\/v2\/types\/page"}],"author":[{"embeddable":true,"href":"https:\/\/www.tele-radio.com\/sv\/wp-json\/wp\/v2\/users\/29"}],"replies":[{"embeddable":true,"href":"https:\/\/www.tele-radio.com\/sv\/wp-json\/wp\/v2\/comments?post=6374"}],"version-history":[{"count":40,"href":"https:\/\/www.tele-radio.com\/sv\/wp-json\/wp\/v2\/pages\/6374\/revisions"}],"predecessor-version":[{"id":267776,"href":"https:\/\/www.tele-radio.com\/sv\/wp-json\/wp\/v2\/pages\/6374\/revisions\/267776"}],"wp:featuredmedia":[{"embeddable":true,"href":"https:\/\/www.tele-radio.com\/sv\/wp-json\/wp\/v2\/media\/9690"}],"wp:attachment":[{"href":"https:\/\/www.tele-radio.com\/sv\/wp-json\/wp\/v2\/media?parent=6374"}],"curies":[{"name":"wp","href":"https:\/\/api.w.org\/{rel}","templated":true}]}}