{"id":6355,"date":"2018-05-10T13:36:49","date_gmt":"2018-05-10T13:36:49","guid":{"rendered":"https:\/\/www.tele-radio.com\/specialized-production\/"},"modified":"2026-04-17T08:33:35","modified_gmt":"2026-04-17T08:33:35","slug":"kundanpassade-produkter","status":"publish","type":"page","link":"https:\/\/www.tele-radio.com\/sv\/kundanpassade-produkter\/","title":{"rendered":"Kundanpassade produkter"},"content":{"rendered":"<h1><br \/>Kundanpassade produkter<\/h1>\n<p>P\u00e5 Tele Radio vill vi hellre kundanpassa produkten efter dig, \u00e4n tv\u00e4rtom. Av den anledningen har vi ett team med <span style=\"color: #fabb00;\"><a style=\"color: #fabb00;\" href=\"https:\/\/www.supportsidan.com\/\">teknisk support<\/a><\/span> som arbetar uteslutande med att ta fram skr\u00e4ddarsydda l\u00f6sningar. Det kan handla om att utveckla en s\u00e4rskild mjukvara f\u00f6r att kunna styra applikationen p\u00e5 ett unikt s\u00e4tt. Ibland beh\u00f6ver vi i st\u00e4llet g\u00f6ra anpassningar i v\u00e5r h\u00e5rdvara\u00a0och vissa g\u00e5nger b\u00e5da delarna.<\/p>\n<p>Vi g\u00f6r ocks\u00e5 <span style=\"color: #fabb00;\"><a style=\"color: #fabb00;\" href=\"https:\/\/www.tele-radio.com\/sv\/kundanpassade-folier\/\">folier och face plates<\/a><\/span> som du som kund kan designa enligt din egen grafiska profil. Oavsett vad dina behov \u00e4r, g\u00f6r vi v\u00e5rt b\u00e4sta f\u00f6r att hitta en l\u00f6sning som b\u00e5de \u00e4r kostnadseffektiv och l\u00f6ser dina problem.<\/p>\n<p><img loading=\"lazy\" decoding=\"async\" class=\"aligncenter size-full wp-image-6294\" src=\"https:\/\/www.tele-radio.com\/app\/uploads\/customer-foil.jpg\" alt=\"Customer using Tele Radio remote with custom foil\" width=\"1200\" height=\"495\" srcset=\"https:\/\/www.tele-radio.com\/app\/uploads\/customer-foil.jpg 1200w, https:\/\/www.tele-radio.com\/app\/uploads\/customer-foil-400x165.jpg 400w, https:\/\/www.tele-radio.com\/app\/uploads\/customer-foil-768x317.jpg 768w, https:\/\/www.tele-radio.com\/app\/uploads\/customer-foil-750x309.jpg 750w, https:\/\/www.tele-radio.com\/app\/uploads\/customer-foil-500x206.jpg 500w, https:\/\/www.tele-radio.com\/app\/uploads\/customer-foil-800x330.jpg 800w\" sizes=\"auto, (max-width: 1200px) 100vw, 1200px\" \/><\/p>\n<h2>Mjukvara eller h\u00e5rdvara?<\/h2>\n<p>Komplexiteten i projekten kan variera. De enklaste och snabbaste projekten \u00e4r vanligtvis mjukvarurelaterade. Det \u00e4r bara n\u00e5gra dagar mellan kundens id\u00e9 och den f\u00e4rdiga mjukvaran. <br \/>90% av alla kundanpassningsprojekt \u00e4r enkla justeringar i mjukvaran.<\/p>\n<p>Vi tar ocks\u00e5 fram l\u00f6sningar f\u00f6r mer komplexa anpassningar. S\u00e5dana projekt innefattar oftast \u00e4ndringar i b\u00e5de mjukvaran och h\u00e5rdvaran och f\u00f6rser kunden med en mycket unik l\u00f6sning. <br \/>I det sista skedet genomf\u00f6r vi ett antal kontrollgenomg\u00e5ngar f\u00f6r att s\u00e4kerst\u00e4lla att allting fungerar smidigt. Vi utf\u00f6r flera hundra kundanpassningsprojekt varje \u00e5r.<\/p>\n<p><img loading=\"lazy\" decoding=\"async\" class=\"aligncenter size-full wp-image-6293\" src=\"https:\/\/www.tele-radio.com\/app\/uploads\/custom_remotes_from_Tele_Radio.jpg\" alt=\"Custom remote control being milled | Tele Radio\" width=\"1200\" height=\"499\" srcset=\"https:\/\/www.tele-radio.com\/app\/uploads\/custom_remotes_from_Tele_Radio.jpg 1200w, https:\/\/www.tele-radio.com\/app\/uploads\/custom_remotes_from_Tele_Radio-400x166.jpg 400w, https:\/\/www.tele-radio.com\/app\/uploads\/custom_remotes_from_Tele_Radio-768x319.jpg 768w, https:\/\/www.tele-radio.com\/app\/uploads\/custom_remotes_from_Tele_Radio-750x312.jpg 750w, https:\/\/www.tele-radio.com\/app\/uploads\/custom_remotes_from_Tele_Radio-500x208.jpg 500w, https:\/\/www.tele-radio.com\/app\/uploads\/custom_remotes_from_Tele_Radio-800x333.jpg 800w\" sizes=\"auto, (max-width: 1200px) 100vw, 1200px\" \/><br \/>Kundanpassade produkter \u00e4r helt enkelt inga problem f\u00f6r oss p\u00e5 Tele Radio. <br \/>\u00c4r du intresserad av kundanpassade produkter, face plates eller folier \u2013 kontakta g\u00e4rna oss!\u00a0<\/p>\n\n\n<div class=\"wp-block-buttons is-layout-flex wp-block-buttons-is-layout-flex\">\n<div class=\"wp-block-button\"><a class=\"wp-block-button__link has-background wp-element-button\" href=\"https:\/\/www.tele-radio.com\/sv\/contact-us\/#5378\" style=\"background-color:#fbba07\" target=\"_blank\" rel=\"noreferrer noopener\"><strong>KONTAKTA V\u00c5RA S\u00c4LJARE<\/strong><\/a><\/div>\n\n\n\n<div class=\"wp-block-button\"><a class=\"wp-block-button__link has-background wp-element-button\" href=\"https:\/\/www.supportsidan.com\/\" style=\"background-color:#fbba07\" target=\"_blank\" rel=\"noreferrer noopener\"><strong>KONTAKTA V\u00c5R SUPPORT<\/strong><\/a><\/div>\n<\/div>\n\n\n\n<p><\/p>\n","protected":false},"excerpt":{"rendered":"<p>Kundanpassade produkter P\u00e5 Tele Radio vill vi hellre kundanpassa produkten efter dig, \u00e4n tv\u00e4rtom. Av den anledningen har vi ett team med teknisk support som arbetar uteslutande med att ta fram skr\u00e4ddarsydda l\u00f6sningar. Det kan handla om att utveckla en s\u00e4rskild mjukvara f\u00f6r att kunna styra applikationen p\u00e5 ett unikt s\u00e4tt. Ibland beh\u00f6ver vi i [&hellip;]<\/p>\n","protected":false},"author":29,"featured_media":11796,"parent":0,"menu_order":0,"comment_status":"closed","ping_status":"closed","template":"","meta":{"_acf_changed":false,"footnotes":""},"class_list":["post-6355","page","type-page","status-publish","has-post-thumbnail","hentry"],"acf":[],"_links":{"self":[{"href":"https:\/\/www.tele-radio.com\/sv\/wp-json\/wp\/v2\/pages\/6355","targetHints":{"allow":["GET"]}}],"collection":[{"href":"https:\/\/www.tele-radio.com\/sv\/wp-json\/wp\/v2\/pages"}],"about":[{"href":"https:\/\/www.tele-radio.com\/sv\/wp-json\/wp\/v2\/types\/page"}],"author":[{"embeddable":true,"href":"https:\/\/www.tele-radio.com\/sv\/wp-json\/wp\/v2\/users\/29"}],"replies":[{"embeddable":true,"href":"https:\/\/www.tele-radio.com\/sv\/wp-json\/wp\/v2\/comments?post=6355"}],"version-history":[{"count":21,"href":"https:\/\/www.tele-radio.com\/sv\/wp-json\/wp\/v2\/pages\/6355\/revisions"}],"predecessor-version":[{"id":289826,"href":"https:\/\/www.tele-radio.com\/sv\/wp-json\/wp\/v2\/pages\/6355\/revisions\/289826"}],"wp:featuredmedia":[{"embeddable":true,"href":"https:\/\/www.tele-radio.com\/sv\/wp-json\/wp\/v2\/media\/11796"}],"wp:attachment":[{"href":"https:\/\/www.tele-radio.com\/sv\/wp-json\/wp\/v2\/media?parent=6355"}],"curies":[{"name":"wp","href":"https:\/\/api.w.org\/{rel}","templated":true}]}}