{"id":6336,"date":"2018-05-10T13:36:29","date_gmt":"2018-05-10T13:36:29","guid":{"rendered":"https:\/\/www.tele-radio.com\/why-remote-control\/"},"modified":"2025-06-25T08:43:58","modified_gmt":"2025-06-25T08:43:58","slug":"saker-radiostyrning","status":"publish","type":"page","link":"https:\/\/www.tele-radio.com\/sv\/saker-radiostyrning\/","title":{"rendered":"S\u00e4ker radiostyrning"},"content":{"rendered":"<h1>Varf\u00f6r radiostyrning?<\/h1>\n<h2>S\u00e4ker radiostyrning<\/h2>\n<p>S\u00e4ker radiostyrning \u00e4r viktigt f\u00f6r oss! Med en tr\u00e5dl\u00f6s kontroll \u00e4r b\u00e5de s\u00e4kerheten och bekv\u00e4mligheten i fokus. En uppenbar f\u00f6rdel \u00e4r att du inte beh\u00f6ver g\u00e5 fram och tillbaka till maskinen f\u00f6r att man\u00f6vrera den. Anv\u00e4ndaren kan befinna sig p\u00e5 lagom avst\u00e5nd, ist\u00e4llet f\u00f6r att begr\u00e4nsas av en kontrollpanel eller tr\u00e5dbunden kontroll. En tr\u00e5dl\u00f6s styrning \u00e4r inte heller i v\u00e4gen f\u00f6r anv\u00e4ndaren, s\u00e5 som ett kabelbaserat system skulle vara. Kabeln \u00e4r b\u00e5de ett hinder f\u00f6r arbetet och framf\u00f6rallt en s\u00e4kerhetsrisk. Man kan snubbla p\u00e5 den och den \u00e4r k\u00e4nslig f\u00f6r slag och fr\u00e4tskador. Att beh\u00f6va reparera en kabelstyrning mitt under ett arbetspass kan bli b\u00e5de kostsamt och tidskr\u00e4vande, inte minst om det h\u00e4nder utanf\u00f6r de vanliga arbetstiderna.<\/p>\n<p><img loading=\"lazy\" decoding=\"async\" class=\"size-full wp-image-6288 aligncenter\" src=\"https:\/\/www.tele-radio.com\/app\/uploads\/eot_lifting.jpg\" alt=\"crane operator using Tele Radio remote\" width=\"1200\" height=\"515\" srcset=\"https:\/\/www.tele-radio.com\/app\/uploads\/eot_lifting.jpg 1200w, https:\/\/www.tele-radio.com\/app\/uploads\/eot_lifting-400x172.jpg 400w, https:\/\/www.tele-radio.com\/app\/uploads\/eot_lifting-768x330.jpg 768w, https:\/\/www.tele-radio.com\/app\/uploads\/eot_lifting-750x322.jpg 750w, https:\/\/www.tele-radio.com\/app\/uploads\/eot_lifting-500x215.jpg 500w, https:\/\/www.tele-radio.com\/app\/uploads\/eot_lifting-800x343.jpg 800w\" sizes=\"auto, (max-width: 1200px) 100vw, 1200px\" \/><\/p>\n<h2>R\u00f6relsefrihet och trygghet<\/h2>\n<p>Med tr\u00e5dl\u00f6s radiostyrning har du total r\u00f6relsefrihet n\u00e4r du till exempel styr en press, flishugg, h\u00f6gtryckspump eller en lift- eller hissanordning. Du kan \u00e4ven k\u00e4nna den\u00a0betryggande vetskapen om att n\u00f6dstoppsfunktionen alltid \u00e4r inom r\u00e4ckh\u00e5ll.<\/p>\n<p>En tr\u00e5dl\u00f6s fj\u00e4rrstyrning bidrar avsev\u00e4rt till att begr\u00e4nsa risker p\u00e5 arbetsplatsen. V\u00e5ra produkter \u00e4r certifierade enligt h\u00f6gsta m\u00f6jliga industristandard f\u00f6r att s\u00e4kerst\u00e4lla att allt forts\u00e4tter att fungera &#8211; \u00e4ven i de tuffaste milj\u00f6erna. De system som har de h\u00f6gsta s\u00e4kerhetskraven \u00e4r certifierade enligt SIL3, PLd eller PLe. F\u00f6r dessa system ser de dubbla s\u00e4kerhetsrel\u00e4erna till att du beh\u00e5ller kontrollen \u00f6ver din maskin, \u00e4ven om ditt radiostyrningssystem skulle ha dragit p\u00e5 sig en skada eller slitage.<\/p>\n<p><img loading=\"lazy\" decoding=\"async\" class=\"size-full wp-image-6287 aligncenter\" src=\"https:\/\/www.tele-radio.com\/app\/uploads\/tow.jpg\" alt=\"Towing a car with radop remote control from Tele Radio\" width=\"1200\" height=\"612\" srcset=\"https:\/\/www.tele-radio.com\/app\/uploads\/tow.jpg 1200w, https:\/\/www.tele-radio.com\/app\/uploads\/tow-400x204.jpg 400w, https:\/\/www.tele-radio.com\/app\/uploads\/tow-768x392.jpg 768w, https:\/\/www.tele-radio.com\/app\/uploads\/tow-750x383.jpg 750w, https:\/\/www.tele-radio.com\/app\/uploads\/tow-500x255.jpg 500w, https:\/\/www.tele-radio.com\/app\/uploads\/tow-800x408.jpg 800w\" sizes=\"auto, (max-width: 1200px) 100vw, 1200px\" \/><\/p>\n<h2>Varf\u00f6r radiostyrning \u00e4r s\u00e4krare \u00e4n kabelstyrning<\/h2>\n<p>Radiostyrning har ett stort \u00f6vertag gentemot traditionell kabeldriven styrning. Ut\u00f6ver de redan n\u00e4mnda f\u00f6rdelarna, har v\u00e5ra system olika egenskaper som \u00f6kar s\u00e4kerheten, som den justerbara s\u00e5 kallade &#8221;donut&#8221;-r\u00e4ckvidden. Detta inneb\u00e4r att en utvald yta kan registreras f\u00f6r s\u00e4ndaren inom vilken kommunikationen mellan maskin och s\u00e4ndare fungerar. Den kan st\u00e4ngas av i maskinens direkta n\u00e4rhet, d\u00e4r det \u00e4r farligt. Men ocks\u00e5 p\u00e5 alltf\u00f6r l\u00e5ngt avst\u00e5nd, d\u00e4r anv\u00e4ndaren har otillr\u00e4cklig sikt. Med en kabelstyrd l\u00f6sning \u00e4r en s\u00e5dan funktion sv\u00e5r, om inte om\u00f6jlig, att f\u00f6rverkliga.<\/p>\n<p>F\u00f6r att f\u00f6rhindra att en maskin tas i kontroll av fler \u00e4n en s\u00e4ndare eller att signalen bryts, har v\u00e5ra s\u00e4ndare ocks\u00e5 ett unikt l\u00f6sen. Uppstartsproceduren kan i sig s\u00e4kras med hj\u00e4lp av en pinkod och\/eller avst\u00e5ndsdetektor.<\/p>\n<h2><img loading=\"lazy\" decoding=\"async\" class=\"alignnone wp-image-22510 size-medium\" src=\"https:\/\/www.tele-radio.com\/app\/uploads\/\/Certified-2-400x400.jpg\" alt=\"Radiostyrning\" width=\"400\" height=\"400\" srcset=\"https:\/\/www.tele-radio.com\/app\/uploads\/Certified-2-400x400.jpg 400w, https:\/\/www.tele-radio.com\/app\/uploads\/Certified-2-150x150.jpg 150w, https:\/\/www.tele-radio.com\/app\/uploads\/Certified-2-768x768.jpg 768w, https:\/\/www.tele-radio.com\/app\/uploads\/Certified-2-250x250.jpg 250w, https:\/\/www.tele-radio.com\/app\/uploads\/Certified-2-750x750.jpg 750w, https:\/\/www.tele-radio.com\/app\/uploads\/Certified-2-500x500.jpg 500w, https:\/\/www.tele-radio.com\/app\/uploads\/Certified-2.jpg 800w\" sizes=\"auto, (max-width: 400px) 100vw, 400px\" \/><\/h2>\n<h2>Oberoende granskning och certifiering<\/h2>\n<p>I m\u00e5nga fall utf\u00f6r tillverkare av maskiner och komponenter inspektionerna f\u00f6r de obligatoriska s\u00e4kerhetsklassningarna och redovisningarna p\u00e5 egen hand. Men i vilken utstr\u00e4ckning tillverkaren faktiskt har utf\u00f6rt testerna och analyserna enligt de krav som st\u00e4llts upp, \u00e4r sv\u00e5rt f\u00f6r slutkunden att kontrollera.<\/p>\n<p>Vi p\u00e5 Tele Radio \u00e4r medvetna om att v\u00e5ra s\u00e4ndare och mottagare anv\u00e4nds i riskfyllda sammanhang. F\u00f6r att kunna garantera den h\u00f6gsta graden av s\u00e4kerhet, granskas produkterna <a href=\"https:\/\/www.tele-radio.com\/sv\/notified-body-for-din-sakerhet\/\">oberoende av ett erk\u00e4nt inspektionsorgan<\/a>. Certifikaten kan alltid uppvisas p\u00e5 beg\u00e4ran.<br \/>\nSom anv\u00e4ndare ska du kunna k\u00e4nna dig 100% trygg med s\u00e4kerheten p\u00e5 Tele Radios produkter!<\/p>\n<p><span style=\"color: #ffffff;\"><a style=\"color: #ffffff;\" href=\"http:\/\/www.supportsidan.com\">www.supportsidan.com<\/a><\/span><\/p>\n","protected":false},"excerpt":{"rendered":"<p>Varf\u00f6r radiostyrning? S\u00e4ker radiostyrning S\u00e4ker radiostyrning \u00e4r viktigt f\u00f6r oss! Med en tr\u00e5dl\u00f6s kontroll \u00e4r b\u00e5de s\u00e4kerheten och bekv\u00e4mligheten i fokus. En uppenbar f\u00f6rdel \u00e4r att du inte beh\u00f6ver g\u00e5 fram och tillbaka till maskinen f\u00f6r att man\u00f6vrera den. Anv\u00e4ndaren kan befinna sig p\u00e5 lagom avst\u00e5nd, ist\u00e4llet f\u00f6r att begr\u00e4nsas av en kontrollpanel eller tr\u00e5dbunden [&hellip;]<\/p>\n","protected":false},"author":29,"featured_media":120765,"parent":0,"menu_order":0,"comment_status":"closed","ping_status":"closed","template":"","meta":{"_acf_changed":false,"footnotes":""},"class_list":["post-6336","page","type-page","status-publish","has-post-thumbnail","hentry"],"acf":[],"_links":{"self":[{"href":"https:\/\/www.tele-radio.com\/sv\/wp-json\/wp\/v2\/pages\/6336","targetHints":{"allow":["GET"]}}],"collection":[{"href":"https:\/\/www.tele-radio.com\/sv\/wp-json\/wp\/v2\/pages"}],"about":[{"href":"https:\/\/www.tele-radio.com\/sv\/wp-json\/wp\/v2\/types\/page"}],"author":[{"embeddable":true,"href":"https:\/\/www.tele-radio.com\/sv\/wp-json\/wp\/v2\/users\/29"}],"replies":[{"embeddable":true,"href":"https:\/\/www.tele-radio.com\/sv\/wp-json\/wp\/v2\/comments?post=6336"}],"version-history":[{"count":19,"href":"https:\/\/www.tele-radio.com\/sv\/wp-json\/wp\/v2\/pages\/6336\/revisions"}],"predecessor-version":[{"id":262882,"href":"https:\/\/www.tele-radio.com\/sv\/wp-json\/wp\/v2\/pages\/6336\/revisions\/262882"}],"wp:featuredmedia":[{"embeddable":true,"href":"https:\/\/www.tele-radio.com\/sv\/wp-json\/wp\/v2\/media\/120765"}],"wp:attachment":[{"href":"https:\/\/www.tele-radio.com\/sv\/wp-json\/wp\/v2\/media?parent=6336"}],"curies":[{"name":"wp","href":"https:\/\/api.w.org\/{rel}","templated":true}]}}