{"id":5715,"date":"2018-05-04T14:47:03","date_gmt":"2018-05-04T14:47:03","guid":{"rendered":"https:\/\/www.tele-radio.com\/about-us\/"},"modified":"2025-09-23T11:57:14","modified_gmt":"2025-09-23T11:57:14","slug":"om-oss","status":"publish","type":"page","link":"https:\/\/www.tele-radio.com\/sv\/om-oss\/","title":{"rendered":"Om oss"},"content":{"rendered":"<h1>Tele Radio har utvecklat radiostyrningssystem i 70 \u00e5r<\/h1>\n<p>Tele Radio utvecklar, tillverkar och marknadsf\u00f6r s\u00e4ker radiostyrning f\u00f6r industriellt bruk. F\u00f6retaget grundades i Sverige 1955 och har sedan dess utvecklats till en expansiv koncern.<br \/>\nHuvudkontoret \u00e4r bel\u00e4get i V\u00e4stra Fr\u00f6lunda, i utkanten av G\u00f6teborg, med dotterbolag i Europa, USA, Australien och Asien. Ut\u00f6ver v\u00e5ra dotterbolag, samarbetar vi med ett stort antal \u00e5terf\u00f6rs\u00e4ljare och partners \u00f6ver hela v\u00e4rlden.<\/p>\n<h2>Vi har v\u00e5r egen produktutveckling och produktion<\/h2>\n<p>Vi sk\u00f6ter all utveckling av produkterna internt. Med 70 \u00e5rs erfarenhet har vi gedigen kunskap och erfarenhet av system f\u00f6r radiostyrning. V\u00e5r drivkraft \u00e4r att kunna tillhandah\u00e5lla omfattande produktl\u00f6sningar, samt teknologi och service. Med p\u00e5litlighet och s\u00e4kerhet som avg\u00f6rande faktorer. Vi n\u00e5r v\u00e5ra m\u00e5l genom att l\u00e5ta alla v\u00e5ra anst\u00e4llda vara delaktiga i processen och ta ansvar f\u00f6r sina respektive arbetsomr\u00e5den. V\u00e5rt yttersta m\u00e5l \u00e4r att f\u00f6rse dig med l\u00f6sningar som ger merv\u00e4rde \u00e5t din verksamhet och samtidigt st\u00e5 redo med <span style=\"color: #fabb00;\"><a style=\"color: #fabb00;\" href=\"http:\/\/www.supportsidan.com\" target=\"_blank\" rel=\"noopener noreferrer\">support<\/a><\/span> n\u00e4r du beh\u00f6ver det.<\/p>\n<blockquote><p><em>&#8221;Vi anlitar Tele Radio p\u00e5 grund av den enast\u00e5ende servicen och supporten, n\u00e5got som \u00e4r v\u00e4ldigt viktigt f\u00f6r oss och v\u00e5r verksamhet.&#8221;<\/em><\/p>\n<p><em>\u2013 Rune Wab\u00f8, VD p\u00e5 Munck Cranes<\/em><\/p><\/blockquote>\n<p>Vi har ett brett sortiment av <span style=\"color: #fabb00;\"><a href=\"https:\/\/www.tele-radio.com\/sv\/sortiment\/\">produkter<\/a><\/span>. Fr\u00e5n sm\u00e5 s\u00e4ndare till stora joysticks\u00e4ndare. Om produkten inte passar applikationen som den \u00e4r, anpassar vi den till dina behov och inte tv\u00e4rtom, vilket \u00e4r alltf\u00f6r vanligt. Vi vill ge dig n\u00e5gonting som kommer att f\u00f6rb\u00e4ttra s\u00e4ttet du arbetar p\u00e5. Vi tror ocks\u00e5 p\u00e5 att bygga upp en l\u00e5ngsiktig relation med dig som str\u00e4cker sig bortom k\u00f6pet.<br \/>\nVi vill att v\u00e5ra produkter ska lyfta v\u00e4rdet av din arbetsdag!<\/p>\n<h2>S\u00e4kra systemet<\/h2>\n<p>S\u00e4kerhet \u00e4r en viktig fr\u00e5ga f\u00f6r oss. Vi vill f\u00f6rs\u00e4kra oss om att v\u00e5ra produkter lever upp till de h\u00f6gsta m\u00f6jliga s\u00e4kerhetsstandarderna, och vi har dessutom certifikaten som kr\u00e4vs f\u00f6r att styrka det.<br \/>\nV\u00e5ra produkter \u00e4r inte bara s\u00e4kra, utan ocks\u00e5 robusta och st\u00f6tt\u00e5liga. Vi vet att v\u00e5ra s\u00e4ndare blir tappade i marken, \u00f6verk\u00f6rda och bl\u00f6ta och det tar vi h\u00e4nsyn till i utvecklingsfasen. De \u00e4r till f\u00f6r att anv\u00e4ndas.<\/p>\n<blockquote><p><em>&#8221;Tele Radio s\u00e4ndare t\u00e5l rej\u00e4l p\u00e5frestning utan att g\u00e5 s\u00f6nder och batteritiden \u00e4r imponerande.&#8221;<\/em><\/p>\n<p><em>\u2013 Tomasz Fraczek, underh\u00e5llsansvarig p\u00e5 Thames Reinforcements Ltd<\/em><\/p><\/blockquote>\n<h2>Vi bryr oss<\/h2>\n<p>Vi g\u00f6r ocks\u00e5 v\u00e5rt b\u00e4sta f\u00f6r att vara ett f\u00f6retag som v\u00e4rnar om milj\u00f6n. Planetens klimat och v\u00e4lm\u00e5ende \u00e4r en viktig fr\u00e5ga f\u00f6r oss och vi tar utmaningarna vi st\u00e4lls inf\u00f6r p\u00e5 allvar. Tele Radio \u00e4r d\u00e4rf\u00f6r certifierade enligt standarden ISO 14001.<br \/>\nDenna certifiering inneb\u00e4r att vi aktivt arbetar f\u00f6r att minska v\u00e5r milj\u00f6p\u00e5verkan \u2013 genom att f\u00f6rebygga f\u00f6roreningar, optimera v\u00e5ra transporter f\u00f6r att minska koldioxidutsl\u00e4pp och v\u00e4lja h\u00e5llbara material i v\u00e5ra produkter. V\u00e5rt engagemang str\u00e4cker sig ocks\u00e5 till att minimera anv\u00e4ndningen av skadliga kemikalier och komponenter, f\u00f6r att skydda b\u00e5de v\u00e5ra kunder och milj\u00f6n.<\/p>\n<p>Vi donerar \u00e4ven pengar till organisationen WWF varje \u00e5r f\u00f6r att bevara den utrotningshotade tigern. Eftersom tigern har f\u00e5tt namnge ett av v\u00e5ra system, k\u00e4nns det helt naturligt att vi \u00e4r delaktiga i insatserna f\u00f6r att bevara tigern.<\/p>\n","protected":false},"excerpt":{"rendered":"<p>Tele Radio har utvecklat radiostyrningssystem i 70 \u00e5r Tele Radio utvecklar, tillverkar och marknadsf\u00f6r s\u00e4ker radiostyrning f\u00f6r industriellt bruk. F\u00f6retaget grundades i Sverige 1955 och har sedan dess utvecklats till en expansiv koncern. Huvudkontoret \u00e4r bel\u00e4get i V\u00e4stra Fr\u00f6lunda, i utkanten av G\u00f6teborg, med dotterbolag i Europa, USA, Australien och Asien. Ut\u00f6ver v\u00e5ra dotterbolag, samarbetar [&hellip;]<\/p>\n","protected":false},"author":1,"featured_media":9006,"parent":0,"menu_order":0,"comment_status":"closed","ping_status":"closed","template":"","meta":{"_acf_changed":false,"footnotes":""},"class_list":["post-5715","page","type-page","status-publish","has-post-thumbnail","hentry"],"acf":[],"_links":{"self":[{"href":"https:\/\/www.tele-radio.com\/sv\/wp-json\/wp\/v2\/pages\/5715","targetHints":{"allow":["GET"]}}],"collection":[{"href":"https:\/\/www.tele-radio.com\/sv\/wp-json\/wp\/v2\/pages"}],"about":[{"href":"https:\/\/www.tele-radio.com\/sv\/wp-json\/wp\/v2\/types\/page"}],"author":[{"embeddable":true,"href":"https:\/\/www.tele-radio.com\/sv\/wp-json\/wp\/v2\/users\/1"}],"replies":[{"embeddable":true,"href":"https:\/\/www.tele-radio.com\/sv\/wp-json\/wp\/v2\/comments?post=5715"}],"version-history":[{"count":38,"href":"https:\/\/www.tele-radio.com\/sv\/wp-json\/wp\/v2\/pages\/5715\/revisions"}],"predecessor-version":[{"id":268375,"href":"https:\/\/www.tele-radio.com\/sv\/wp-json\/wp\/v2\/pages\/5715\/revisions\/268375"}],"wp:featuredmedia":[{"embeddable":true,"href":"https:\/\/www.tele-radio.com\/sv\/wp-json\/wp\/v2\/media\/9006"}],"wp:attachment":[{"href":"https:\/\/www.tele-radio.com\/sv\/wp-json\/wp\/v2\/media?parent=5715"}],"curies":[{"name":"wp","href":"https:\/\/api.w.org\/{rel}","templated":true}]}}