{"id":5601,"date":"2018-05-09T09:41:58","date_gmt":"2018-05-09T09:41:58","guid":{"rendered":"https:\/\/www.tele-radio.com\/downloads\/"},"modified":"2023-11-23T07:57:39","modified_gmt":"2023-11-23T07:57:39","slug":"nedladdningar","status":"publish","type":"page","link":"https:\/\/www.tele-radio.com\/sv\/support\/nedladdningar\/","title":{"rendered":"Nedladdningar"},"content":{"rendered":"<h1>Nedladdningar<\/h1>\n\n\n<h3 class=\"wp-block-heading\">H\u00e4r kan du ladda ner installationsinstruktioner, certifikat m.m. Vissa filer \u00e4r l\u00f6senordsskyddade. <br><a href=\"https:\/\/www.tele-radio.com\/contact-us\/\">Kontakta<\/a> din lokala distribut\u00f6r f\u00f6r att f\u00e5 ett l\u00f6senord.<\/h3>\n\n\n\n<p><\/p>\n\n\n\n<p><strong>Har du n\u00e5gra fr\u00e5gor? <\/strong><br>Kontakta g\u00e4rna v\u00e5r <a aria-label=\"undefined (opens in a new tab)\" href=\"http:\/\/www.supportsidan.com\" target=\"_blank\" rel=\"noreferrer noopener\">tekniska support<\/a>, s\u00e5 hj\u00e4lper de dig! <br><br><strong>Letar du efter \u00e4ldre system?<\/strong><br>Vi har ocks\u00e5 information om v\u00e5ra \u00e4ldre system. Leta upp det system du \u00e4r intresserad av nedan och navigera till de dokument du beh\u00f6ver.<\/p>\n","protected":false},"excerpt":{"rendered":"<p>Nedladdningar H\u00e4r kan du ladda ner installationsinstruktioner, certifikat m.m. Vissa filer \u00e4r l\u00f6senordsskyddade. Kontakta din lokala distribut\u00f6r f\u00f6r att f\u00e5 ett l\u00f6senord. Har du n\u00e5gra fr\u00e5gor? Kontakta g\u00e4rna v\u00e5r tekniska support, s\u00e5 hj\u00e4lper de dig! Letar du efter \u00e4ldre system?Vi har ocks\u00e5 information om v\u00e5ra \u00e4ldre system. Leta upp det system du \u00e4r intresserad av [&hellip;]<\/p>\n","protected":false},"author":1,"featured_media":34767,"parent":7009,"menu_order":0,"comment_status":"closed","ping_status":"closed","template":"page-templates\/downloads.php","meta":{"_acf_changed":false,"footnotes":""},"class_list":["post-5601","page","type-page","status-publish","has-post-thumbnail","hentry"],"acf":[],"_links":{"self":[{"href":"https:\/\/www.tele-radio.com\/sv\/wp-json\/wp\/v2\/pages\/5601","targetHints":{"allow":["GET"]}}],"collection":[{"href":"https:\/\/www.tele-radio.com\/sv\/wp-json\/wp\/v2\/pages"}],"about":[{"href":"https:\/\/www.tele-radio.com\/sv\/wp-json\/wp\/v2\/types\/page"}],"author":[{"embeddable":true,"href":"https:\/\/www.tele-radio.com\/sv\/wp-json\/wp\/v2\/users\/1"}],"replies":[{"embeddable":true,"href":"https:\/\/www.tele-radio.com\/sv\/wp-json\/wp\/v2\/comments?post=5601"}],"version-history":[{"count":12,"href":"https:\/\/www.tele-radio.com\/sv\/wp-json\/wp\/v2\/pages\/5601\/revisions"}],"predecessor-version":[{"id":167997,"href":"https:\/\/www.tele-radio.com\/sv\/wp-json\/wp\/v2\/pages\/5601\/revisions\/167997"}],"up":[{"embeddable":true,"href":"https:\/\/www.tele-radio.com\/sv\/wp-json\/wp\/v2\/pages\/7009"}],"wp:featuredmedia":[{"embeddable":true,"href":"https:\/\/www.tele-radio.com\/sv\/wp-json\/wp\/v2\/media\/34767"}],"wp:attachment":[{"href":"https:\/\/www.tele-radio.com\/sv\/wp-json\/wp\/v2\/media?parent=5601"}],"curies":[{"name":"wp","href":"https:\/\/api.w.org\/{rel}","templated":true}]}}