{"id":45229,"date":"2020-06-04T11:33:23","date_gmt":"2020-06-04T11:33:23","guid":{"rendered":"https:\/\/www.tele-radio.com\/puma-homepage\/"},"modified":"2023-02-22T16:00:40","modified_gmt":"2023-02-22T16:00:40","slug":"tele-radio-teq","status":"publish","type":"page","link":"https:\/\/www.tele-radio.com\/sv\/tele-radio-teq\/","title":{"rendered":"TEQ Homepage"},"content":{"rendered":"<h1>TEQ\u00a0<span class=\"TextRun BCX0 SCXW93976620\" lang=\"EN-GB\" xml:lang=\"EN-GB\" data-contrast=\"none\"><span class=\"NormalTextRun BCX0 SCXW93976620\">INDUSTRIELL RADIOSTYRNING 2.0<\/span><\/span><span class=\"LineBreakBlob BlobObject DragDrop BCX0 SCXW93976620\"><span class=\"BCX0 SCXW93976620\">\u00a0<\/span><br class=\"BCX0 SCXW93976620\" \/><\/span><\/h1>\n<h2><img loading=\"lazy\" decoding=\"async\" class=\"alignnone wp-image-38298\" src=\"https:\/\/www.tele-radio.com\/app\/uploads\/PUMA__BASIC.png\" alt=\"\" width=\"356\" height=\"190\" srcset=\"https:\/\/www.tele-radio.com\/app\/uploads\/PUMA__BASIC.png 3000w, https:\/\/www.tele-radio.com\/app\/uploads\/PUMA__BASIC-400x213.png 400w, https:\/\/www.tele-radio.com\/app\/uploads\/PUMA__BASIC-768x410.png 768w, https:\/\/www.tele-radio.com\/app\/uploads\/PUMA__BASIC-1200x640.png 1200w, https:\/\/www.tele-radio.com\/app\/uploads\/PUMA__BASIC-750x400.png 750w, https:\/\/www.tele-radio.com\/app\/uploads\/PUMA__BASIC-500x267.png 500w, https:\/\/www.tele-radio.com\/app\/uploads\/PUMA__BASIC-1600x853.png 1600w, https:\/\/www.tele-radio.com\/app\/uploads\/PUMA__BASIC-800x427.png 800w\" sizes=\"auto, (max-width: 356px) 100vw, 356px\" \/><span class=\"TextRun BCX0 SCXW93976620\" lang=\"SV-SE\" xml:lang=\"SV-SE\" data-contrast=\"none\"><span class=\"NormalTextRun BCX0 SCXW93976620\">Innovativa id\u00e9er, innovativa produkter <\/span><\/span><\/h2>\n<p><span class=\"TextRun BCX0 SCXW93976620\" lang=\"SV-SE\" xml:lang=\"SV-SE\" data-contrast=\"none\"><span class=\"NormalTextRun BCX0 SCXW93976620\">Baserat p\u00e5 \u00f6ver 65 \u00e5rs kunskap och erfarenhet har Tele Radio Group utvecklat en ny serie av industriella fj\u00e4rrkontroller med de h\u00f6gsta s\u00e4kerhetsniv\u00e5erna f\u00f6r hydrauliska, mobila och industriella applikationer: Tele Radio TEQ.\u00a0<\/span><\/span><span class=\"LineBreakBlob BlobObject DragDrop BCX0 SCXW93976620\"><span class=\"BCX0 SCXW93976620\">\u00a0<\/span><br class=\"BCX0 SCXW93976620\" \/><\/span><span class=\"LineBreakBlob BlobObject DragDrop BCX0 SCXW93976620\"><span class=\"BCX0 SCXW93976620\">\u00a0<\/span><br class=\"BCX0 SCXW93976620\" \/><\/span><span class=\"TextRun BCX0 SCXW93976620\" lang=\"SV-SE\" xml:lang=\"SV-SE\" data-contrast=\"none\"><span class=\"NormalTextRun BCX0 SCXW93976620\">Tele Radio TEQ-systemen best\u00e5r av tv\u00e5 versioner. Du kan v\u00e4lja mellan Basic Line och\u00a0<\/span><\/span><span class=\"TextRun BCX0 SCXW93976620\" lang=\"SV-SE\" xml:lang=\"SV-SE\" data-contrast=\"none\"><span class=\"SpellingError BCX0 SCXW93976620\">Custom<\/span><\/span><span class=\"TextRun BCX0 SCXW93976620\" lang=\"SV-SE\" xml:lang=\"SV-SE\" data-contrast=\"none\"><span class=\"NormalTextRun BCX0 SCXW93976620\">\u00a0Line. Basic Line-systemen \u00e4r utrustade med standardkomponenter och \u00e4r anpassade f\u00f6r att fungera till en stor del av marknadens applikationer, till ett attraktivt pris. F\u00f6r mer anpassade anv\u00e4ndningsomr\u00e5den erbjuder vi v\u00e5ra skr\u00e4ddarsydda produkter: TEQ\u00a0<\/span><\/span><span class=\"TextRun BCX0 SCXW93976620\" lang=\"SV-SE\" xml:lang=\"SV-SE\" data-contrast=\"none\"><span class=\"SpellingError BCX0 SCXW93976620\">Custom<\/span><\/span><span class=\"TextRun BCX0 SCXW93976620\" lang=\"SV-SE\" xml:lang=\"SV-SE\" data-contrast=\"none\"><span class=\"NormalTextRun BCX0 SCXW93976620\">\u00a0Line.<\/span><\/span><\/p>\n<h2><span class=\"TextRun SCXW93976620 BCX0\" lang=\"SV-SE\" xml:lang=\"SV-SE\" data-contrast=\"none\"><span class=\"NormalTextRun SCXW93976620 BCX0\">UNIK TEKNOLOGI<\/span><\/span><\/h2>\n<p><span class=\"TextRun BCX0 SCXW93976620\" lang=\"SV-SE\" xml:lang=\"SV-SE\" data-contrast=\"none\"><span class=\"NormalTextRun BCX0 SCXW93976620\">P\u00e5 Tele Radio tror vi tror p\u00e5 innovation. Vi har utvecklat olika applikationer som l\u00e5ter dig anv\u00e4nda och kontrollera din utrustning med den senaste teknologin. Tele\u00a0<\/span><\/span><span class=\"TextRun Highlight BCX0 SCXW93976620\" lang=\"SV-SE\" xml:lang=\"SV-SE\" data-contrast=\"none\"><span class=\"NormalTextRun BCX0 SCXW93976620\">Radio TEQ har bland annat f\u00f6ljande specialfunktioner och m\u00f6jligheter.\u00a0<\/span><\/span><span class=\"LineBreakBlob BlobObject DragDrop BCX0 SCXW93976620\"><span class=\"BCX0 SCXW93976620\">\u00a0<\/span><\/span><span class=\"LineBreakBlob BlobObject DragDrop BCX0 SCXW93976620\"><br class=\"BCX0 SCXW93976620\" \/><\/span><\/p>\n<h2><img loading=\"lazy\" decoding=\"async\" class=\"alignnone wp-image-38105\" src=\"https:\/\/www.tele-radio.com\/app\/uploads\/Webpaginaopbouw_Puma-1.png\" alt=\"\" width=\"99\" height=\"99\" srcset=\"https:\/\/www.tele-radio.com\/app\/uploads\/Webpaginaopbouw_Puma-1.png 162w, https:\/\/www.tele-radio.com\/app\/uploads\/Webpaginaopbouw_Puma-1-150x150.png 150w\" sizes=\"auto, (max-width: 99px) 100vw, 99px\" \/><span class=\"TextRun BCX0 SCXW93976620\" lang=\"SV-SE\" xml:lang=\"SV-SE\" data-contrast=\"none\"><span class=\"NormalTextRun BCX0 SCXW93976620\">Aktiv antenn <\/span><\/span><\/h2>\n<p><span class=\"TextRun BCX0 SCXW93976620\" lang=\"SV-SE\" xml:lang=\"SV-SE\" data-contrast=\"none\"><span class=\"NormalTextRun BCX0 SCXW93976620\">Tele Radio TEQ-systemen \u00e4r moderna och framtidss\u00e4krade. Den kan utrustas med en aktiv antenn som ocks\u00e5 kan fungera som en frist\u00e5ende\u00a0<\/span><\/span><span class=\"TextRun BCX0 SCXW93976620\" lang=\"SV-SE\" xml:lang=\"SV-SE\" data-contrast=\"none\"><span class=\"SpellingError BCX0 SCXW93976620\">repeater<\/span><\/span><span class=\"TextRun BCX0 SCXW93976620\" lang=\"SV-SE\" xml:lang=\"SV-SE\" data-contrast=\"none\"><span class=\"NormalTextRun BCX0 SCXW93976620\">. Detta tillbeh\u00f6r \u00f6kar r\u00e4ckvidden mellan s\u00e4ndare och mottagare, vilket g\u00f6r det m\u00f6jligt att anv\u00e4nda systemet under mycket kr\u00e4vande omst\u00e4ndigheter. S\u00e5 som i gruvdrift, bergsomr\u00e5den eller i stora byggnader, utan att tappa signalen.\u00a0<\/span><\/span><\/p>\n<h2><img loading=\"lazy\" decoding=\"async\" class=\"alignnone wp-image-38126\" src=\"https:\/\/www.tele-radio.com\/app\/uploads\/RFID-ICON.png\" alt=\"\" width=\"93\" height=\"93\" srcset=\"https:\/\/www.tele-radio.com\/app\/uploads\/RFID-ICON.png 162w, https:\/\/www.tele-radio.com\/app\/uploads\/RFID-ICON-150x150.png 150w\" sizes=\"auto, (max-width: 93px) 100vw, 93px\" \/><span class=\"TextRun BCX0 SCXW93976620\" lang=\"SV-SE\" xml:lang=\"SV-SE\" data-contrast=\"none\"><span class=\"NormalTextRun BCX0 SCXW93976620\">RFID-kontroll<\/span><\/span><\/h2>\n<p><span class=\"TextRun BCX0 SCXW93976620\" lang=\"SV-SE\" xml:lang=\"SV-SE\" data-contrast=\"none\"><span class=\"NormalTextRun BCX0 SCXW93976620\">Tele Radio TEQ-produkterna (s\u00e4ndare, mottagare och batterier) \u00e4r standardutrustade med RFID. Det \u00e4r en tr\u00e5dl\u00f6s teknik f\u00f6r att k\u00e4nna igen den unika koden f\u00f6r systemet, produkten eller anv\u00e4ndaren. Anv\u00e4ndarens inst\u00e4llningar kan sparas p\u00e5 ett smartkort med RFID som k\u00e4nns igen av systemet under anv\u00e4ndning. Olika anv\u00e4ndarniv\u00e5er kan st\u00e4llas in. Dessa aktiveras tr\u00e5dl\u00f6st och automatiskt.<\/span><\/span><span class=\"LineBreakBlob BlobObject DragDrop BCX0 SCXW93976620\"><span class=\"BCX0 SCXW93976620\">\u00a0<\/span><br class=\"BCX0 SCXW93976620\" \/><\/span><\/p>\n<h2><img loading=\"lazy\" decoding=\"async\" class=\"alignnone wp-image-38147\" src=\"https:\/\/www.tele-radio.com\/app\/uploads\/BUS-Systemen.png\" alt=\"\" width=\"93\" height=\"93\" srcset=\"https:\/\/www.tele-radio.com\/app\/uploads\/BUS-Systemen.png 162w, https:\/\/www.tele-radio.com\/app\/uploads\/BUS-Systemen-150x150.png 150w\" sizes=\"auto, (max-width: 93px) 100vw, 93px\" \/><span class=\"TextRun BCX0 SCXW93976620\" lang=\"EN-GB\" xml:lang=\"EN-GB\" data-contrast=\"none\"><span class=\"NormalTextRun BCX0 SCXW93976620\">BUS-system<\/span><\/span><\/h2>\n<p><span class=\"TextRun BCX0 SCXW93976620\" lang=\"SV-SE\" xml:lang=\"SV-SE\" data-contrast=\"none\"><span class=\"NormalTextRun BCX0 SCXW93976620\">F\u00f6r att uppfylla de nuvarande industristandarderna \u00e4r Tele Radio TEQ-s\u00e4ndarna kompatibla med ett brett utbud av BUS-system. Ett smidigt samarbete med maskinens programvara kan garanteras. Tele Radio TEQ-s\u00e4ndarna kan hantera<\/span><\/span><span class=\"LineBreakBlob BlobObject DragDrop BCX0 SCXW93976620\"><span class=\"BCX0 SCXW93976620\">\u00a0<\/span><\/span><span class=\"TextRun BCX0 SCXW93976620\" lang=\"EN-GB\" xml:lang=\"EN-GB\" data-contrast=\"none\"><span class=\"NormalTextRun BCX0 SCXW93976620\">CANOPEN, MODBUS\u00a0<\/span><\/span><span class=\"TextRun BCX0 SCXW93976620\" lang=\"SV-SE\" xml:lang=\"SV-SE\" data-contrast=\"none\"><span class=\"NormalTextRun BCX0 SCXW93976620\">och\u00a0<\/span><\/span><span class=\"TextRun BCX0 SCXW93976620\" lang=\"EN-GB\" xml:lang=\"EN-GB\" data-contrast=\"none\"><span class=\"NormalTextRun BCX0 SCXW93976620\">SAE J1939.<\/span><\/span><\/p>\n<table class=\" aligncenter\" style=\"height: 73px; width: 1303px; margin-left: auto; margin-right: auto;\">\n<thead>\n<tr style=\"border-color: #878787; background-color: #000000; height: 61px;\">\n<td style=\"border-color: #878787; text-align: center; width: 733px; height: 61px;\">\n<h2><span style=\"color: #fabb00;\"><span style=\"color: #ffffff;\">DINA KRAV\u00a0<\/span><\/span><span style=\"color: #fabb00;\">|<\/span>\u00a0<span style=\"color: #ffffff;\">DINA VAL<\/span><\/h2>\n<\/td>\n<\/tr>\n<\/thead>\n<\/table>\n<table style=\"height: 38px; background-color: #fbba00; width: 1304px; margin-left: auto; margin-right: auto;\">\n<tbody>\n<tr>\n<td style=\"width: 423.4px; text-align: center;\">\n<h3><strong>BASIC LINE<\/strong><\/h3>\n<\/td>\n<td style=\"width: 30px; text-align: center; background-color: #ffffff;\"><\/td>\n<td style=\"width: 437px; text-align: center;\">\n<h3><strong>CUSTOM LINE<\/strong><\/h3>\n<\/td>\n<\/tr>\n<\/tbody>\n<\/table>\n<table style=\"width: 1303px; margin-left: auto; margin-right: auto; height: 279px;\">\n<tbody>\n<tr style=\"height: 38px;\">\n<td style=\"width: 182.4px; text-align: center; height: 38px;\"><strong>S\u00c4NDARE<\/strong><\/td>\n<td style=\"width: 157.6px; text-align: center; height: 38px;\"><strong>MOTTAGARE<\/strong><\/td>\n<td style=\"width: 10.4px; height: 38px;\"><\/td>\n<td style=\"width: 163.2px; text-align: center; height: 38px;\"><strong>S\u00c4NDARE<\/strong><\/td>\n<td style=\"width: 187.2px; text-align: center; height: 38px;\"><strong>MOTTAGARE<\/strong><\/td>\n<\/tr>\n<tr style=\"height: 14.4px;\">\n<td style=\"width: 182.4px; height: 14.4px; text-align: left;\"><span class=\"TextRun BCX0 SCXW93976620\" lang=\"SV-SE\" xml:lang=\"SV-SE\" data-contrast=\"none\"><span class=\"NormalTextRun BCX0 SCXW93976620\">Passar de flesta applikationer<\/span><\/span><\/td>\n<td style=\"width: 157.6px; height: 14.4px;\"><span class=\"TextRun BCX0 SCXW93976620\" lang=\"SV-SE\" xml:lang=\"SV-SE\" data-contrast=\"none\"><span class=\"NormalTextRun BCX0 SCXW93976620\">Fler\u00a0<\/span><\/span><span class=\"TextRun BCX0 SCXW93976620\" lang=\"SV-SE\" xml:lang=\"SV-SE\" data-contrast=\"none\"><span class=\"SpellingError BCX0 SCXW93976620\">f\u00f6rkonfiguerade<\/span><\/span><span class=\"TextRun BCX0 SCXW93976620\" lang=\"SV-SE\" xml:lang=\"SV-SE\" data-contrast=\"none\"><span class=\"NormalTextRun BCX0 SCXW93976620\">\u00a0I\/<\/span><\/span><span class=\"TextRun BCX0 SCXW93976620\" lang=\"SV-SE\" xml:lang=\"SV-SE\" data-contrast=\"none\"><span class=\"SpellingError BCX0 SCXW93976620\">O:er<\/span><\/span><\/td>\n<td style=\"width: 10.4px; height: 14.4px;\"><\/td>\n<td style=\"width: 163.2px; height: 14.4px;\"><span class=\"TextRun BCX0 SCXW93976620\" lang=\"SV-SE\" xml:lang=\"SV-SE\" data-contrast=\"none\"><span class=\"NormalTextRun BCX0 SCXW93976620\">Skr\u00e4ddarsydd<\/span><\/span><\/td>\n<td style=\"width: 187.2px; height: 14.4px;\"><span class=\"TextRun BCX0 SCXW223647172\" lang=\"SV\" xml:lang=\"SV\" data-contrast=\"auto\"><span class=\"NormalTextRun BCX0 SCXW223647172\">Fler programmerbara I \/ O: er<\/span><\/span><\/td>\n<\/tr>\n<tr style=\"height: 38px;\">\n<td style=\"width: 182.4px; height: 38px;\"><span class=\"TextRun BCX0 SCXW93976620\" lang=\"SV-SE\" xml:lang=\"SV-SE\" data-contrast=\"none\"><span class=\"NormalTextRun BCX0 SCXW93976620\">Standardkomponenter<\/span><\/span><\/td>\n<td style=\"width: 157.6px; height: 38px;\"><span class=\"TextRun Highlight BCX0 SCXW93976620\" lang=\"SV-SE\" xml:lang=\"SV-SE\" data-contrast=\"none\"><span class=\"NormalTextRun BCX0 SCXW93976620\">M12-kontakt, redo f\u00f6r kabelstyrning<\/span><\/span><\/td>\n<td style=\"width: 10.4px; height: 38px;\"><\/td>\n<td style=\"width: 163.2px; height: 38px;\"><span class=\"TextRun SCXW93976620 BCX0\" lang=\"SV-SE\" xml:lang=\"SV-SE\" data-contrast=\"none\"><span class=\"NormalTextRun SCXW93976620 BCX0\">Flexibelt, anpassningsbart system <\/span><\/span><\/td>\n<td style=\"width: 187.2px; height: 38px;\"><span class=\"TextRun BCX0 SCXW223647172\" lang=\"SV\" xml:lang=\"SV\" data-contrast=\"auto\"><span class=\"NormalTextRun BCX0 SCXW223647172\">Fler f\u00e4ltbussprotokoll m\u00f6jliga<\/span><\/span><\/td>\n<\/tr>\n<tr style=\"height: 38px;\">\n<td style=\"width: 182.4px; height: 38px;\"><span class=\"TextRun BCX0 SCXW93976620\" lang=\"SV-SE\" xml:lang=\"SV-SE\" data-contrast=\"none\"><span class=\"NormalTextRun BCX0 SCXW93976620\">Standardfolie i svart <\/span><\/span><\/td>\n<td style=\"width: 157.6px; height: 38px;\"><span class=\"TextRun Highlight BCX0 SCXW93976620\" lang=\"SV-SE\" xml:lang=\"SV-SE\" data-contrast=\"none\"><span class=\"NormalTextRun BCX0 SCXW93976620\">RPSMA-kontakt, redo f\u00f6r extern antenn<\/span><\/span><span class=\"LineBreakBlob BlobObject DragDrop BCX0 SCXW93976620\"><span class=\"BCX0 SCXW93976620\">\u00a0<\/span><\/span><\/td>\n<td style=\"width: 10.4px; height: 38px;\"><\/td>\n<td style=\"width: 163.2px; height: 38px;\"><span class=\"TextRun BCX0 SCXW223647172\" lang=\"SV-SE\" xml:lang=\"SV-SE\" data-contrast=\"none\"><span class=\"NormalTextRun BCX0 SCXW223647172\">Stort urval av komponenter<\/span><\/span><\/td>\n<td style=\"width: 187.2px; height: 38px;\"><span class=\"TextRun BCX0 SCXW223647172\" lang=\"SV\" xml:lang=\"SV\" data-contrast=\"auto\"><span class=\"NormalTextRun BCX0 SCXW223647172\">Alla ut- och ing\u00e5ngar \u00e4r programmerbara <\/span><\/span><\/td>\n<\/tr>\n<tr style=\"height: 38px;\">\n<td style=\"width: 182.4px; height: 38px;\"><span class=\"TextRun BCX0 SCXW93976620\" lang=\"SV-SE\" xml:lang=\"SV-SE\" data-contrast=\"none\"><span class=\"NormalTextRun BCX0 SCXW93976620\">B\u00e4st pris<\/span><\/span><\/td>\n<td style=\"width: 157.6px; height: 38px;\"><\/td>\n<td style=\"width: 10.4px; height: 38px;\"><\/td>\n<td style=\"width: 163.2px; height: 38px;\"><span class=\"TextRun SCXW223647172 BCX0\" lang=\"SV-SE\" xml:lang=\"SV-SE\" data-contrast=\"none\"><span class=\"NormalTextRun SCXW223647172 BCX0\">Egendesignat folie<\/span><\/span><\/td>\n<td style=\"width: 187.2px; height: 38px;\"><span class=\"TextRun BCX0 SCXW223647172\" lang=\"SV\" xml:lang=\"SV\" data-contrast=\"auto\"><span class=\"NormalTextRun BCX0 SCXW223647172\">Kundanpassade inkopplingsf\u00f6rslag<\/span><\/span><\/td>\n<\/tr>\n<\/tbody>\n<\/table>\n<table style=\"width: 1301px; background-color: #dadada; margin-left: auto; margin-right: auto; height: 42px;\">\n<tbody>\n<tr>\n<td style=\"text-align: center; width: 730.4px;\"><b>TILLBEH\u00d6R<\/b><\/td>\n<\/tr>\n<tr>\n<td style=\"text-align: center; width: 730.4px;\"><strong><span class=\"TextRun BCX0 SCXW223647172\" lang=\"SV\" xml:lang=\"SV\" data-contrast=\"auto\"><span class=\"NormalTextRun BCX0 SCXW223647172\">Aktiv antenn\/<\/span><\/span><span class=\"TextRun BCX0 SCXW223647172\" lang=\"SV\" xml:lang=\"SV\" data-contrast=\"auto\"><span class=\"SpellingError BCX0 SCXW223647172\">repeter, Batterisystem<\/span><\/span><\/strong><\/td>\n<\/tr>\n<\/tbody>\n<\/table>\n<p><a href=\"\/?page_id=33546\"><br \/>\n<\/a><br \/>\n<a href=\"https:\/\/www.tele-radio.com\/sv\/?post_type=tr_product&#038;p=45402\"><img loading=\"lazy\" decoding=\"async\" class=\"alignnone wp-image-45234\" src=\"https:\/\/www.tele-radio.com\/app\/uploads\/More_about_PUMAbasic-1.png\" alt=\"L\u00e4s mer om Puma Basic Line\" width=\"511\" height=\"521\" srcset=\"https:\/\/www.tele-radio.com\/app\/uploads\/More_about_PUMAbasic-1.png 2036w, https:\/\/www.tele-radio.com\/app\/uploads\/More_about_PUMAbasic-1-392x400.png 392w, https:\/\/www.tele-radio.com\/app\/uploads\/More_about_PUMAbasic-1-768x785.png 768w, https:\/\/www.tele-radio.com\/app\/uploads\/More_about_PUMAbasic-1-1175x1200.png 1175w, https:\/\/www.tele-radio.com\/app\/uploads\/More_about_PUMAbasic-1-734x750.png 734w, https:\/\/www.tele-radio.com\/app\/uploads\/More_about_PUMAbasic-1-489x500.png 489w, https:\/\/www.tele-radio.com\/app\/uploads\/More_about_PUMAbasic-1-1566x1600.png 1566w, https:\/\/www.tele-radio.com\/app\/uploads\/More_about_PUMAbasic-1-783x800.png 783w\" sizes=\"auto, (max-width: 511px) 100vw, 511px\" \/><\/a><a href=\"https:\/\/www.tele-radio.com\/sv\/produkter\/teq-custom-line\/\"><img loading=\"lazy\" decoding=\"async\" class=\"wp-image-45254 alignright\" src=\"https:\/\/www.tele-radio.com\/app\/uploads\/More_about_PUMAcustom-1.png\" alt=\"L\u00e4s mer om Puma Custom\" width=\"511\" height=\"521\" srcset=\"https:\/\/www.tele-radio.com\/app\/uploads\/More_about_PUMAcustom-1.png 2040w, https:\/\/www.tele-radio.com\/app\/uploads\/More_about_PUMAcustom-1-392x400.png 392w, https:\/\/www.tele-radio.com\/app\/uploads\/More_about_PUMAcustom-1-768x784.png 768w, https:\/\/www.tele-radio.com\/app\/uploads\/More_about_PUMAcustom-1-1175x1200.png 1175w, https:\/\/www.tele-radio.com\/app\/uploads\/More_about_PUMAcustom-1-735x750.png 735w, https:\/\/www.tele-radio.com\/app\/uploads\/More_about_PUMAcustom-1-490x500.png 490w, https:\/\/www.tele-radio.com\/app\/uploads\/More_about_PUMAcustom-1-1567x1600.png 1567w, https:\/\/www.tele-radio.com\/app\/uploads\/More_about_PUMAcustom-1-783x800.png 783w\" sizes=\"auto, (max-width: 511px) 100vw, 511px\" \/><\/a><\/p>\n","protected":false},"excerpt":{"rendered":"<p>TEQ\u00a0INDUSTRIELL RADIOSTYRNING 2.0\u00a0 Innovativa id\u00e9er, innovativa produkter Baserat p\u00e5 \u00f6ver 65 \u00e5rs kunskap och erfarenhet har Tele Radio Group utvecklat en ny serie av industriella fj\u00e4rrkontroller med de h\u00f6gsta s\u00e4kerhetsniv\u00e5erna f\u00f6r hydrauliska, mobila och industriella applikationer: Tele Radio TEQ.\u00a0\u00a0\u00a0Tele Radio TEQ-systemen best\u00e5r av tv\u00e5 versioner. Du kan v\u00e4lja mellan Basic Line och\u00a0Custom\u00a0Line. Basic Line-systemen \u00e4r [&hellip;]<\/p>\n","protected":false},"author":29,"featured_media":0,"parent":0,"menu_order":2,"comment_status":"closed","ping_status":"closed","template":"","meta":{"_acf_changed":false,"footnotes":""},"class_list":["post-45229","page","type-page","status-publish","hentry"],"acf":[],"_links":{"self":[{"href":"https:\/\/www.tele-radio.com\/sv\/wp-json\/wp\/v2\/pages\/45229","targetHints":{"allow":["GET"]}}],"collection":[{"href":"https:\/\/www.tele-radio.com\/sv\/wp-json\/wp\/v2\/pages"}],"about":[{"href":"https:\/\/www.tele-radio.com\/sv\/wp-json\/wp\/v2\/types\/page"}],"author":[{"embeddable":true,"href":"https:\/\/www.tele-radio.com\/sv\/wp-json\/wp\/v2\/users\/29"}],"replies":[{"embeddable":true,"href":"https:\/\/www.tele-radio.com\/sv\/wp-json\/wp\/v2\/comments?post=45229"}],"version-history":[{"count":6,"href":"https:\/\/www.tele-radio.com\/sv\/wp-json\/wp\/v2\/pages\/45229\/revisions"}],"predecessor-version":[{"id":144017,"href":"https:\/\/www.tele-radio.com\/sv\/wp-json\/wp\/v2\/pages\/45229\/revisions\/144017"}],"wp:attachment":[{"href":"https:\/\/www.tele-radio.com\/sv\/wp-json\/wp\/v2\/media?parent=45229"}],"curies":[{"name":"wp","href":"https:\/\/api.w.org\/{rel}","templated":true}]}}