{"id":43024,"date":"2020-06-09T06:13:37","date_gmt":"2020-06-09T06:13:37","guid":{"rendered":"https:\/\/www.tele-radio.com\/?page_id=43024"},"modified":"2025-06-25T09:26:46","modified_gmt":"2025-06-25T09:26:46","slug":"kundanpassade-folier","status":"publish","type":"page","link":"https:\/\/www.tele-radio.com\/sv\/kundanpassade-folier\/","title":{"rendered":"Kundanpassade folier"},"content":{"rendered":"<h2>\u00a0<\/h2>\n<h1>Kundanpassade folier<\/h1>\n<h2>Din egen logotyp, dina kul\u00f6rer, symboler eller text. F\u00f6r ytterligare skydd, s\u00e4kerhet och igenk\u00e4nning.<\/h2>\n<p>\u00a0<\/p>\n<p><img loading=\"lazy\" decoding=\"async\" class=\"wp-image-262402 size-medium alignright\" src=\"https:\/\/www.tele-radio.com\/app\/uploads\/\/Kundanpassade-folier-har-manga-fordelar_250624-400x82.png\" alt=\"\" width=\"400\" height=\"82\" srcset=\"https:\/\/www.tele-radio.com\/app\/uploads\/Kundanpassade-folier-har-manga-fordelar_250624-400x82.png 400w, https:\/\/www.tele-radio.com\/app\/uploads\/Kundanpassade-folier-har-manga-fordelar_250624-1200x247.png 1200w, https:\/\/www.tele-radio.com\/app\/uploads\/Kundanpassade-folier-har-manga-fordelar_250624-768x158.png 768w, https:\/\/www.tele-radio.com\/app\/uploads\/Kundanpassade-folier-har-manga-fordelar_250624-1536x316.png 1536w, https:\/\/www.tele-radio.com\/app\/uploads\/Kundanpassade-folier-har-manga-fordelar_250624-2048x422.png 2048w, https:\/\/www.tele-radio.com\/app\/uploads\/Kundanpassade-folier-har-manga-fordelar_250624-750x154.png 750w, https:\/\/www.tele-radio.com\/app\/uploads\/Kundanpassade-folier-har-manga-fordelar_250624-500x103.png 500w, https:\/\/www.tele-radio.com\/app\/uploads\/Kundanpassade-folier-har-manga-fordelar_250624-1600x329.png 1600w, https:\/\/www.tele-radio.com\/app\/uploads\/Kundanpassade-folier-har-manga-fordelar_250624-800x165.png 800w\" sizes=\"auto, (max-width: 400px) 100vw, 400px\" \/><span style=\"font-size: revert;\">Alla v\u00e5ra s\u00e4ndare och kan f\u00f6rses med kundanpassade folier (faceplates). Folierna hj\u00e4lper inte bara till att skydda s\u00e4ndaren, de bidrar dessutom till en s\u00e4ker anv\u00e4ndning och igenk\u00e4nningsfaktor.<\/span><br \/><span style=\"font-size: revert;\">Folierna \u00e4r tillverkade av <\/span><strong style=\"font-size: revert;\">h\u00f6gkvalitativt industrimaterial (3M).<\/strong><span style=\"font-size: revert;\">\u00a0<\/span><span class=\"TextRun SCXW50183721 BCX0\" lang=\"SV-SE\" style=\"font-size: revert;\" xml:lang=\"SV-SE\" data-contrast=\"none\"><span class=\"NormalTextRun SCXW50183721 BCX0\">De t\u00e5l intensiv anv\u00e4ndning och \u00e4r motst\u00e5ndskraftiga mot b\u00e5de missf\u00e4rgningar och v\u00e4tskor.\u00a0<\/span><\/span><span class=\"TextRun SCXW50183721 BCX0\" lang=\"SV-SE\" style=\"font-size: revert;\" xml:lang=\"SV-SE\" data-contrast=\"none\"><span class=\"NormalTextRun SCXW50183721 BCX0\">Folierna erbjuder ett extra skyddande lager till produkterna.\u00a0<br \/><\/span><\/span><span class=\"TextRun SCXW50183721 BCX0\" lang=\"SV-SE\" style=\"font-size: revert;\" xml:lang=\"SV-SE\" data-contrast=\"none\"><span class=\"NormalTextRun SCXW50183721 BCX0\"><span class=\"LineBreakBlob BlobObject DragDrop SCXW50183721 BCX0\"><span class=\"SCXW50183721 BCX0\"><span class=\"TextRun BCX0 SCXW248840174\" lang=\"SV-SE\" xml:lang=\"SV-SE\" data-contrast=\"none\"><span class=\"NormalTextRun BCX0 SCXW248840174\">Kundanpassade folier har \u00e4ven en\u00a0<\/span><\/span><strong><span class=\"TextRun BCX0 SCXW248840174\" lang=\"SV-SE\" xml:lang=\"SV-SE\" data-contrast=\"none\"><span class=\"NormalTextRun BCX0 SCXW248840174\">s\u00e4kerhetsfunktion.\u00a0<\/span><\/span><\/strong><\/span><\/span><\/span><\/span><span style=\"font-size: revert;\">Genom att anv\u00e4nda tydliga symboler, skr\u00e4ddarsydda efter din specifika applikation, kommer misstag kunna undvikas. De kan ocks\u00e5 skr\u00e4ddarsys utefter ditt f\u00f6retags grafiska profil, f\u00f6r ett mer igenk\u00e4nnande utseende.<\/span><!--more--><\/p>\n<p><span class=\"TextRun SCXW89193018 BCX0\" lang=\"SV-SE\" xml:lang=\"SV-SE\" data-contrast=\"auto\"><span class=\"NormalTextRun SCXW89193018 BCX0\"><img loading=\"lazy\" decoding=\"async\" class=\"wp-image-262428 size-medium alignright\" src=\"https:\/\/www.tele-radio.com\/app\/uploads\/\/Vi-kan-tillverka-nasta-vilken-design-som-helst_250624-400x82.png\" alt=\"\" width=\"400\" height=\"82\" srcset=\"https:\/\/www.tele-radio.com\/app\/uploads\/Vi-kan-tillverka-nasta-vilken-design-som-helst_250624-400x82.png 400w, https:\/\/www.tele-radio.com\/app\/uploads\/Vi-kan-tillverka-nasta-vilken-design-som-helst_250624-1200x247.png 1200w, https:\/\/www.tele-radio.com\/app\/uploads\/Vi-kan-tillverka-nasta-vilken-design-som-helst_250624-768x158.png 768w, https:\/\/www.tele-radio.com\/app\/uploads\/Vi-kan-tillverka-nasta-vilken-design-som-helst_250624-1536x316.png 1536w, https:\/\/www.tele-radio.com\/app\/uploads\/Vi-kan-tillverka-nasta-vilken-design-som-helst_250624-2048x422.png 2048w, https:\/\/www.tele-radio.com\/app\/uploads\/Vi-kan-tillverka-nasta-vilken-design-som-helst_250624-750x154.png 750w, https:\/\/www.tele-radio.com\/app\/uploads\/Vi-kan-tillverka-nasta-vilken-design-som-helst_250624-500x103.png 500w, https:\/\/www.tele-radio.com\/app\/uploads\/Vi-kan-tillverka-nasta-vilken-design-som-helst_250624-1600x329.png 1600w, https:\/\/www.tele-radio.com\/app\/uploads\/Vi-kan-tillverka-nasta-vilken-design-som-helst_250624-800x165.png 800w\" sizes=\"auto, (max-width: 400px) 100vw, 400px\" \/><\/span><\/span><\/p>\n<p>Vi levererar folierna i det antal du\u00a0<span class=\"TextRun SCXW89193018 BCX0\" lang=\"SV-SE\" xml:lang=\"SV-SE\" data-contrast=\"auto\"><span class=\"NormalTextRun SCXW89193018 BCX0\">\u00f6nskar<\/span><\/span><span class=\"TextRun SCXW89193018 BCX0\" lang=\"SV-SE\" xml:lang=\"SV-SE\" data-contrast=\"auto\"><span class=\"NormalTextRun SCXW89193018 BCX0\">.<\/span><\/span><span class=\"TextRun SCXW89193018 BCX0\" lang=\"SV-SE\" xml:lang=\"SV-SE\" data-contrast=\"auto\"><span class=\"NormalTextRun SCXW89193018 BCX0\">\u00a0<\/span><\/span><span class=\"TextRun SCXW89193018 BCX0\" lang=\"SV-SE\" xml:lang=\"SV-SE\" data-contrast=\"none\"><span class=\"NormalTextRun SCXW89193018 BCX0\">Du f\u00e5r \u00e4ven m\u00f6jlighet att sj\u00e4lv v\u00e4lja vilka <strong>kul\u00f6r<\/strong><\/span><\/span><span class=\"TextRun SCXW89193018 BCX0\" lang=\"SV-SE\" xml:lang=\"SV-SE\" data-contrast=\"none\"><span class=\"NormalTextRun SCXW89193018 BCX0\"><strong>er, logotyper, symboler och teckensnitt <\/strong>du \u00f6nskar.<\/span><\/span><span class=\"TextRun SCXW89193018 BCX0\" lang=\"SV-SE\" xml:lang=\"SV-SE\" data-contrast=\"none\"><span class=\"NormalTextRun SCXW89193018 BCX0\">\u00a0Du kan antingen f\u00f6rse oss med din f\u00e4rdiga (digitala) mall, eller be oss g\u00f6ra en design baserad p\u00e5 dina egna id\u00e9er.<\/span><\/span><span class=\"EOP SCXW89193018 BCX0\" data-ccp-props=\"{&quot;201341983&quot;:0,&quot;335559739&quot;:160,&quot;335559740&quot;:259}\">\u00a0<\/span><\/p>\n<h2><span class=\"EOP SCXW89193018 BCX0\" data-ccp-props=\"{&quot;201341983&quot;:0,&quot;335559739&quot;:160,&quot;335559740&quot;:259}\">Kontakt<br \/><\/span><\/h2>\n<p><span class=\"TextRun SCXW36767727 BCX0\" lang=\"SV\" xml:lang=\"SV\" data-contrast=\"none\"><span class=\"NormalTextRun SCXW36767727 BCX0\">Vi kan tillhandah\u00e5lla en kundanpassad folie som tillbeh\u00f6r f\u00f6<\/span><\/span><span class=\"TextRun SCXW36767727 BCX0\" lang=\"SV\" xml:lang=\"SV\" data-contrast=\"none\"><span class=\"NormalTextRun SCXW36767727 BCX0\">r<\/span><\/span><span class=\"TextRun SCXW36767727 BCX0\" lang=\"SV\" xml:lang=\"SV\" data-contrast=\"none\"><span class=\"NormalTextRun SCXW36767727 BCX0\">\u00a0<\/span><\/span><span class=\"TextRun SCXW36767727 BCX0\" lang=\"SV\" xml:lang=\"SV\" data-contrast=\"none\"><span class=\"NormalTextRun SCXW36767727 BCX0\">i stort sett alla v\u00e5ra<\/span><\/span><span class=\"TextRun SCXW36767727 BCX0\" lang=\"SV\" xml:lang=\"SV\" data-contrast=\"none\"><span class=\"NormalTextRun SCXW36767727 BCX0\">\u00a0<\/span><\/span><span class=\"TextRun SCXW36767727 BCX0\" lang=\"SV\" xml:lang=\"SV\" data-contrast=\"none\"><span class=\"NormalTextRun SCXW36767727 BCX0\">s\u00e4ndar<\/span><\/span><span class=\"TextRun SCXW36767727 BCX0\" lang=\"SV\" xml:lang=\"SV\" data-contrast=\"none\"><span class=\"NormalTextRun SCXW36767727 BCX0\">e<\/span><\/span><span class=\"TextRun SCXW36767727 BCX0\" lang=\"SV\" xml:lang=\"SV\" data-contrast=\"none\"><span class=\"NormalTextRun SCXW36767727 BCX0\">\u00a0och<\/span><\/span><span class=\"TextRun SCXW36767727 BCX0\" lang=\"SV\" xml:lang=\"SV\" data-contrast=\"none\"><span class=\"NormalTextRun SCXW36767727 BCX0\">\u00a0<\/span><\/span><span class=\"TextRun Highlight SCXW36767727 BCX0\" lang=\"SV\" xml:lang=\"SV\" data-contrast=\"auto\"><span class=\"NormalTextRun SCXW36767727 BCX0\">mottagare<\/span><\/span><span class=\"TextRun SCXW36767727 BCX0\" lang=\"SV\" xml:lang=\"SV\" data-contrast=\"none\"><span class=\"NormalTextRun SCXW36767727 BCX0\">.\u00a0<br \/><\/span><\/span><span class=\"TextRun SCXW36767727 BCX0\" lang=\"SV\" style=\"font-size: revert;\" xml:lang=\"SV\" data-contrast=\"none\"><span class=\"NormalTextRun SCXW36767727 BCX0\">Om du vill best\u00e4lla en skr\u00e4ddarsydd folie kan du<\/span><\/span><span class=\"TextRun SCXW36767727 BCX0\" lang=\"SV\" style=\"font-size: revert;\" xml:lang=\"SV\" data-contrast=\"none\"><span class=\"NormalTextRun SCXW36767727 BCX0\">\u00a0<a href=\"https:\/\/www.tele-radio.com\/sv\/contact-us\/\">kontakta oss<\/a><\/span><\/span><span class=\"TextRun SCXW36767727 BCX0\" lang=\"SV\" style=\"font-size: revert;\" xml:lang=\"SV\" data-contrast=\"none\"><span class=\"NormalTextRun SCXW36767727 BCX0\">\u00a0p\u00e5<\/span><\/span><span class=\"TextRun SCXW36767727 BCX0\" lang=\"SV\" style=\"font-size: revert;\" xml:lang=\"SV\" data-contrast=\"auto\"><span class=\"NormalTextRun SCXW36767727 BCX0\">\u00a0<\/span><\/span><a style=\"font-size: revert;\" href=\"mailto:sverige@tele-radio.com\"><span class=\"TextRun SCXW36767727 BCX0\" lang=\"SV\" xml:lang=\"SV\" data-contrast=\"auto\"><span class=\"NormalTextRun SCXW36767727 BCX0\">s<\/span><\/span><span class=\"TextRun SCXW36767727 BCX0\" lang=\"SV\" xml:lang=\"SV\" data-contrast=\"auto\"><span class=\"NormalTextRun SCXW36767727 BCX0\">verige@tele-radio.<\/span><\/span><span class=\"TextRun SCXW36767727 BCX0\" lang=\"SV\" xml:lang=\"SV\" data-contrast=\"auto\"><span class=\"NormalTextRun SCXW36767727 BCX0\">com<\/span><\/span><\/a><span class=\"TextRun SCXW36767727 BCX0\" lang=\"SV\" style=\"font-size: revert;\" xml:lang=\"SV\" data-contrast=\"auto\"><span class=\"NormalTextRun SCXW36767727 BCX0\">\u00a0<\/span><\/span><span class=\"TextRun SCXW36767727 BCX0\" lang=\"SV\" style=\"font-size: revert;\" xml:lang=\"SV\" data-contrast=\"auto\"><span class=\"NormalTextRun SCXW36767727 BCX0\">eller<\/span><\/span><span class=\"TextRun SCXW36767727 BCX0\" lang=\"SV\" style=\"font-size: revert;\" xml:lang=\"SV\" data-contrast=\"auto\"><span class=\"NormalTextRun SCXW36767727 BCX0\">\u00a0direkt via<\/span><\/span><span class=\"TextRun SCXW36767727 BCX0\" lang=\"SV\" style=\"font-size: revert;\" xml:lang=\"SV\" data-contrast=\"auto\"><span class=\"NormalTextRun SCXW36767727 BCX0\"> din s\u00e4ljare. <\/span><\/span><span class=\"TextRun SCXW36767727 BCX0\" lang=\"SV\" style=\"font-size: revert;\" xml:lang=\"SV\" data-contrast=\"auto\"><span class=\"NormalTextRun SCXW36767727 BCX0\">D<\/span><\/span><span class=\"TextRun SCXW36767727 BCX0\" lang=\"SV\" style=\"font-size: revert;\" xml:lang=\"SV\" data-contrast=\"none\"><span class=\"NormalTextRun SCXW36767727 BCX0\">e ger dig pris, instruktioner, mallar eller digitalt designmaterial. Baserat p\u00e5 din<\/span><\/span><span class=\"TextRun SCXW36767727 BCX0\" lang=\"SV\" style=\"font-size: revert;\" xml:lang=\"SV\" data-contrast=\"none\"><span class=\"NormalTextRun SCXW36767727 BCX0\">a egna\u00a0<\/span><\/span><span class=\"TextRun SCXW36767727 BCX0\" lang=\"SV\" style=\"font-size: revert;\" xml:lang=\"SV\" data-contrast=\"none\"><span class=\"NormalTextRun SCXW36767727 BCX0\">inputs<\/span><\/span><span class=\"TextRun SCXW36767727 BCX0\" lang=\"SV\" style=\"font-size: revert;\" xml:lang=\"SV\" data-contrast=\"none\"><span class=\"NormalTextRun SCXW36767727 BCX0\">\u00a0<\/span><\/span><span class=\"TextRun SCXW36767727 BCX0\" lang=\"SV\" style=\"font-size: revert;\" xml:lang=\"SV\" data-contrast=\"none\"><span class=\"NormalTextRun SCXW36767727 BCX0\">g\u00f6rs en design som sedan skickas till dig f\u00f6r godk\u00e4nnande.<\/span><\/span><span class=\"EOP SCXW36767727 BCX0\" style=\"font-size: revert;\" data-ccp-props=\"{&quot;201341983&quot;:0,&quot;335559739&quot;:160,&quot;335559740&quot;:259}\">\u00a0<\/span><\/p>\n<p><img loading=\"lazy\" decoding=\"async\" class=\"wp-image-41674 size-full aligncenter\" src=\"https:\/\/www.tele-radio.com\/app\/uploads\/teleradio-leaflet-custom-foil-remotes.jpg\" alt=\"\" width=\"1200\" height=\"233\" srcset=\"https:\/\/www.tele-radio.com\/app\/uploads\/teleradio-leaflet-custom-foil-remotes.jpg 1200w, https:\/\/www.tele-radio.com\/app\/uploads\/teleradio-leaflet-custom-foil-remotes-400x78.jpg 400w, https:\/\/www.tele-radio.com\/app\/uploads\/teleradio-leaflet-custom-foil-remotes-768x149.jpg 768w, https:\/\/www.tele-radio.com\/app\/uploads\/teleradio-leaflet-custom-foil-remotes-750x146.jpg 750w, https:\/\/www.tele-radio.com\/app\/uploads\/teleradio-leaflet-custom-foil-remotes-500x97.jpg 500w, https:\/\/www.tele-radio.com\/app\/uploads\/teleradio-leaflet-custom-foil-remotes-800x155.jpg 800w\" sizes=\"auto, (max-width: 1200px) 100vw, 1200px\" \/><\/p>\n<table style=\"height: 218px;\" width=\"1362\">\n<tbody>\n<tr>\n<td style=\"background-color: #fabb00; width: 302px;\" width=\"302\"><strong>PLEXIFOLIER<\/strong><\/td>\n<td style=\"background-color: #fabb00; width: 302px;\" width=\"302\"><b>FOLIER AV POLYURETAN<\/b><\/td>\n<\/tr>\n<tr>\n<td style=\"width: 302px;\" width=\"302\">\n<p><span class=\"TextRun SCXW162079614 BCX0\" lang=\"SV-SE\" xml:lang=\"SV-SE\" data-contrast=\"auto\"><span class=\"NormalTextRun SCXW162079614 BCX0\"><br \/>En folie p\u00e5 en plexiglasplatta som faller runt knapparna.\u00a0<br \/><\/span><\/span><span class=\"TextRun SCXW162079614 BCX0\" lang=\"SV-SE\" xml:lang=\"SV-SE\" data-contrast=\"auto\"><span class=\"NormalTextRun SCXW162079614 BCX0\">De f<\/span><\/span><span class=\"TextRun SCXW162079614 BCX0\" lang=\"SV-SE\" xml:lang=\"SV-SE\" data-contrast=\"auto\"><span class=\"NormalTextRun SCXW162079614 BCX0\">inns i tre olika\u00a0<\/span><\/span><span class=\"TextRun SCXW162079614 BCX0\" lang=\"SV-SE\" xml:lang=\"SV-SE\" data-contrast=\"auto\"><span class=\"NormalTextRun SCXW162079614 BCX0\">tjocklekar<\/span><\/span><span class=\"TextRun SCXW162079614 BCX0\" lang=\"SV-SE\" xml:lang=\"SV-SE\" data-contrast=\"auto\"><span class=\"NormalTextRun SCXW162079614 BCX0\">: 0,5 mm, 1 mm och 1,5 m<\/span><\/span><span class=\"TextRun SCXW162079614 BCX0\" lang=\"SV-SE\" xml:lang=\"SV-SE\" data-contrast=\"auto\"><span class=\"NormalTextRun SCXW162079614 BCX0\">m.<\/span><\/span><span class=\"TextRun SCXW162079614 BCX0\" lang=\"SV-SE\" xml:lang=\"SV-SE\" data-contrast=\"auto\"><span class=\"NormalTextRun SCXW162079614 BCX0\"> 1,5 mm.<br \/>F<\/span><\/span><span class=\"TextRun SCXW162079614 BCX0\" lang=\"SV-SE\" xml:lang=\"SV-SE\" data-contrast=\"auto\"><span class=\"NormalTextRun SCXW162079614 BCX0\">olien l\u00e4gger sig i samma niv\u00e5 som knapparna<\/span><\/span><span class=\"TextRun SCXW162079614 BCX0\" lang=\"SV-SE\" xml:lang=\"SV-SE\" data-contrast=\"auto\"><span class=\"NormalTextRun SCXW162079614 BCX0\">,<\/span><\/span><span class=\"TextRun SCXW162079614 BCX0\" lang=\"SV-SE\" xml:lang=\"SV-SE\" data-contrast=\"auto\"><span class=\"NormalTextRun SCXW162079614 BCX0\">\u00a0vilket minimerar risken att knapparna aktiveras av misstag<\/span><\/span><span class=\"TextRun SCXW162079614 BCX0\" lang=\"SV-SE\" xml:lang=\"SV-SE\" data-contrast=\"auto\"><span class=\"NormalTextRun SCXW162079614 BCX0\">.<\/span><\/span><\/p>\n<p><span class=\"TextRun SCXW162079614 BCX0\" lang=\"SV-SE\" xml:lang=\"SV-SE\" data-contrast=\"auto\"><span class=\"SpellingError SCXW162079614 BCX0\">Plexi<\/span><\/span><span class=\"TextRun SCXW162079614 BCX0\" lang=\"SV-SE\" xml:lang=\"SV-SE\" data-contrast=\"auto\"><span class=\"NormalTextRun SCXW162079614 BCX0\">folierna anv\u00e4nds p\u00e5<\/span><\/span><span class=\"TextRun SCXW162079614 BCX0\" lang=\"SV-SE\" xml:lang=\"SV-SE\" data-contrast=\"auto\"><span class=\"NormalTextRun SCXW162079614 BCX0\">\u00a0<\/span><\/span><span class=\"TextRun SCXW162079614 BCX0\" lang=\"SV-SE\" xml:lang=\"SV-SE\" data-contrast=\"auto\"><span class=\"NormalTextRun SCXW162079614 BCX0\">de mindre knapps\u00e4ndarna<\/span><\/span><span class=\"TextRun SCXW162079614 BCX0\" lang=\"SV-SE\" xml:lang=\"SV-SE\" data-contrast=\"auto\"><span class=\"NormalTextRun SCXW162079614 BCX0\">\u00a0<\/span><\/span><span class=\"TextRun SCXW162079614 BCX0\" lang=\"SV-SE\" xml:lang=\"SV-SE\" data-contrast=\"auto\"><span class=\"NormalTextRun SCXW162079614 BCX0\">m<\/span><\/span><span class=\"TextRun SCXW162079614 BCX0\" lang=\"SV-SE\" xml:lang=\"SV-SE\" data-contrast=\"auto\"><span class=\"NormalTextRun SCXW162079614 BCX0\">en ocks\u00e5 p\u00e5 de st\u00f6rre joysticks\u00e4ndarna. Folierna \u00e4r gjorda av h\u00f6gkvalitativt material och \u00e4r motst\u00e5ndskraftiga mot missf\u00e4rgning, repor och v\u00e4tskor etc.\u00a0<\/span><\/span><\/p>\n<\/td>\n<td style=\"width: 302px;\" width=\"302\">\n<p><span class=\"TextRun SCXW71252978 BCX0\" lang=\"SV-SE\" xml:lang=\"SV-SE\" data-contrast=\"auto\"><span class=\"NormalTextRun SCXW71252978 BCX0\">Dessa<\/span><\/span><span class=\"TextRun SCXW71252978 BCX0\" lang=\"SV-SE\" xml:lang=\"SV-SE\" data-contrast=\"auto\"><span class=\"NormalTextRun SCXW71252978 BCX0\">\u00a0<\/span><\/span><span class=\"TextRun SCXW71252978 BCX0\" lang=\"SV-SE\" xml:lang=\"SV-SE\" data-contrast=\"auto\"><span class=\"NormalTextRun SCXW71252978 BCX0\">f<\/span><\/span><span class=\"TextRun SCXW71252978 BCX0\" lang=\"SV-SE\" xml:lang=\"SV-SE\" data-contrast=\"auto\"><span class=\"NormalTextRun SCXW71252978 BCX0\">olier \u00e4r tillverkade av\u00a0<\/span><\/span><span class=\"TextRun SCXW71252978 BCX0\" lang=\"SV-SE\" xml:lang=\"SV-SE\" data-contrast=\"auto\"><span class=\"NormalTextRun SCXW71252978 BCX0\">ett\u00a0<\/span><\/span><span class=\"TextRun SCXW71252978 BCX0\" lang=\"SV-SE\" xml:lang=\"SV-SE\" data-contrast=\"auto\"><span class=\"NormalTextRun SCXW71252978 BCX0\">flexibelt och h\u00f6gkvalitativt gummi\u00a0<\/span><\/span><span class=\"TextRun SCXW71252978 BCX0\" lang=\"SV-SE\" xml:lang=\"SV-SE\" data-contrast=\"auto\"><span class=\"NormalTextRun SCXW71252978 BCX0\">(<\/span><\/span><span class=\"TextRun SCXW71252978 BCX0\" lang=\"SV-SE\" xml:lang=\"SV-SE\" data-contrast=\"auto\"><span class=\"NormalTextRun SCXW71252978 BCX0\">Polyuretan<\/span><\/span><span class=\"TextRun SCXW71252978 BCX0\" lang=\"SV-SE\" xml:lang=\"SV-SE\" data-contrast=\"auto\"><span class=\"NormalTextRun SCXW71252978 BCX0\">),<\/span><\/span><span class=\"TextRun SCXW71252978 BCX0\" lang=\"SV-SE\" xml:lang=\"SV-SE\" data-contrast=\"auto\"><span class=\"NormalTextRun SCXW71252978 BCX0\">\u00a0som \u00e4r motst\u00e5ndskraftigt mot missf\u00e4rgning och v\u00e4tskor.\u00a0<br \/><\/span><\/span><span class=\"TextRun SCXW71252978 BCX0\" lang=\"SV-SE\" xml:lang=\"SV-SE\" data-contrast=\"auto\"><span class=\"NormalTextRun SCXW71252978 BCX0\">Folien t\u00e4cker\u00a0<\/span><\/span><span class=\"TextRun SCXW71252978 BCX0\" lang=\"SV-SE\" xml:lang=\"SV-SE\" data-contrast=\"auto\"><span class=\"NormalTextRun SCXW71252978 BCX0\">\u00f6ver<\/span><\/span><span class=\"TextRun SCXW71252978 BCX0\" lang=\"SV-SE\" xml:lang=\"SV-SE\" data-contrast=\"auto\"><span class=\"NormalTextRun SCXW71252978 BCX0\">\u00a0<\/span><\/span><span class=\"TextRun SCXW71252978 BCX0\" lang=\"SV-SE\" xml:lang=\"SV-SE\" data-contrast=\"auto\"><span class=\"NormalTextRun SCXW71252978 BCX0\">knapparna<\/span><\/span><span class=\"TextRun SCXW71252978 BCX0\" lang=\"SV-SE\" xml:lang=\"SV-SE\" data-contrast=\"auto\"><span class=\"NormalTextRun SCXW71252978 BCX0\">\u00a0helt<\/span><\/span><span class=\"TextRun SCXW71252978 BCX0\" lang=\"SV-SE\" xml:lang=\"SV-SE\" data-contrast=\"auto\"><span class=\"NormalTextRun SCXW71252978 BCX0\">\u00a0och ger en sl\u00e4t yta som \u00e4r enkel att h\u00e5lla ren<\/span><\/span><span class=\"TextRun SCXW71252978 BCX0\" lang=\"SV-SE\" xml:lang=\"SV-SE\" data-contrast=\"auto\"><span class=\"NormalTextRun SCXW71252978 BCX0\">.<\/span><\/span><\/p>\n<p><span class=\"TextRun SCXW71252978 BCX0\" lang=\"SV-SE\" xml:lang=\"SV-SE\" data-contrast=\"auto\"><span class=\"NormalTextRun SCXW71252978 BCX0\">De anv\u00e4nds\u00a0<\/span><\/span><span class=\"TextRun SCXW71252978 BCX0\" lang=\"SV-SE\" xml:lang=\"SV-SE\" data-contrast=\"auto\"><span class=\"NormalTextRun SCXW71252978 BCX0\">i f\u00f6rsta hand\u00a0<\/span><\/span><span class=\"TextRun SCXW71252978 BCX0\" lang=\"SV-SE\" xml:lang=\"SV-SE\" data-contrast=\"auto\"><span class=\"NormalTextRun SCXW71252978 BCX0\">p\u00e5 de st\u00f6rre handh\u00e5llna s\u00e4ndarna, men kan ocks\u00e5 anv\u00e4ndas p\u00e5 de mindre s\u00e4ndarna som alternativ f\u00f6r\u00a0<\/span><\/span><span class=\"TextRun SCXW71252978 BCX0\" lang=\"SV-SE\" xml:lang=\"SV-SE\" data-contrast=\"auto\"><span class=\"SpellingError SCXW71252978 BCX0\">plexi<\/span><\/span><span class=\"TextRun SCXW71252978 BCX0\" lang=\"SV-SE\" xml:lang=\"SV-SE\" data-contrast=\"auto\"><span class=\"SpellingError SCXW71252978 BCX0\">folierna.<\/span><span class=\"NormalTextRun SCXW71252978 BCX0\">\u00a0Om du till exempel vill t\u00e4cka knapparna helt f\u00f6r \u00e4nnu mer skydd.<\/span><\/span><\/p>\n<\/td>\n<\/tr>\n<\/tbody>\n<\/table>\n\n\n<p class=\"has-text-color\" style=\"color:#ffffff\"><a href=\"http:\/\/www.teleradioshoppen.com\">teleradioshoppen.com<\/a><\/p>\n","protected":false},"excerpt":{"rendered":"<p>\u00a0 Kundanpassade folier Din egen logotyp, dina kul\u00f6rer, symboler eller text. F\u00f6r ytterligare skydd, s\u00e4kerhet och igenk\u00e4nning. \u00a0 Alla v\u00e5ra s\u00e4ndare och kan f\u00f6rses med kundanpassade folier (faceplates). Folierna hj\u00e4lper inte bara till att skydda s\u00e4ndaren, de bidrar dessutom till en s\u00e4ker anv\u00e4ndning och igenk\u00e4nningsfaktor.Folierna \u00e4r tillverkade av h\u00f6gkvalitativt industrimaterial (3M).\u00a0De t\u00e5l intensiv anv\u00e4ndning och [&hellip;]<\/p>\n","protected":false},"author":49,"featured_media":29193,"parent":0,"menu_order":0,"comment_status":"closed","ping_status":"closed","template":"","meta":{"_acf_changed":false,"footnotes":""},"class_list":["post-43024","page","type-page","status-publish","has-post-thumbnail","hentry"],"acf":[],"_links":{"self":[{"href":"https:\/\/www.tele-radio.com\/sv\/wp-json\/wp\/v2\/pages\/43024","targetHints":{"allow":["GET"]}}],"collection":[{"href":"https:\/\/www.tele-radio.com\/sv\/wp-json\/wp\/v2\/pages"}],"about":[{"href":"https:\/\/www.tele-radio.com\/sv\/wp-json\/wp\/v2\/types\/page"}],"author":[{"embeddable":true,"href":"https:\/\/www.tele-radio.com\/sv\/wp-json\/wp\/v2\/users\/49"}],"replies":[{"embeddable":true,"href":"https:\/\/www.tele-radio.com\/sv\/wp-json\/wp\/v2\/comments?post=43024"}],"version-history":[{"count":95,"href":"https:\/\/www.tele-radio.com\/sv\/wp-json\/wp\/v2\/pages\/43024\/revisions"}],"predecessor-version":[{"id":262899,"href":"https:\/\/www.tele-radio.com\/sv\/wp-json\/wp\/v2\/pages\/43024\/revisions\/262899"}],"wp:featuredmedia":[{"embeddable":true,"href":"https:\/\/www.tele-radio.com\/sv\/wp-json\/wp\/v2\/media\/29193"}],"wp:attachment":[{"href":"https:\/\/www.tele-radio.com\/sv\/wp-json\/wp\/v2\/media?parent=43024"}],"curies":[{"name":"wp","href":"https:\/\/api.w.org\/{rel}","templated":true}]}}