{"id":34636,"date":"2020-03-16T12:39:10","date_gmt":"2020-03-16T12:39:10","guid":{"rendered":"https:\/\/www.tele-radio.com\/?page_id=34636"},"modified":"2021-09-13T07:41:33","modified_gmt":"2021-09-13T07:41:33","slug":"webbshop","status":"publish","type":"page","link":"https:\/\/www.tele-radio.com\/sv\/webbshop\/","title":{"rendered":"Webbshop"},"content":{"rendered":"<h1>Bes\u00f6k v\u00e5r webbshop <a href=\"https:\/\/www.teleradioshoppen.com\/\">Teleradioshoppen<\/a> f\u00f6r best\u00e4llning av reservdelar och enklare s\u00e4ndare!<\/h1>\n","protected":false},"excerpt":{"rendered":"<p>Bes\u00f6k v\u00e5r webbshop Teleradioshoppen f\u00f6r best\u00e4llning av reservdelar och enklare s\u00e4ndare!<\/p>\n","protected":false},"author":49,"featured_media":0,"parent":0,"menu_order":0,"comment_status":"closed","ping_status":"closed","template":"","meta":{"_acf_changed":false,"footnotes":""},"class_list":["post-34636","page","type-page","status-publish","hentry"],"acf":[],"_links":{"self":[{"href":"https:\/\/www.tele-radio.com\/sv\/wp-json\/wp\/v2\/pages\/34636","targetHints":{"allow":["GET"]}}],"collection":[{"href":"https:\/\/www.tele-radio.com\/sv\/wp-json\/wp\/v2\/pages"}],"about":[{"href":"https:\/\/www.tele-radio.com\/sv\/wp-json\/wp\/v2\/types\/page"}],"author":[{"embeddable":true,"href":"https:\/\/www.tele-radio.com\/sv\/wp-json\/wp\/v2\/users\/49"}],"replies":[{"embeddable":true,"href":"https:\/\/www.tele-radio.com\/sv\/wp-json\/wp\/v2\/comments?post=34636"}],"version-history":[{"count":3,"href":"https:\/\/www.tele-radio.com\/sv\/wp-json\/wp\/v2\/pages\/34636\/revisions"}],"predecessor-version":[{"id":34853,"href":"https:\/\/www.tele-radio.com\/sv\/wp-json\/wp\/v2\/pages\/34636\/revisions\/34853"}],"wp:attachment":[{"href":"https:\/\/www.tele-radio.com\/sv\/wp-json\/wp\/v2\/media?parent=34636"}],"curies":[{"name":"wp","href":"https:\/\/api.w.org\/{rel}","templated":true}]}}