{"id":223303,"date":"2024-07-12T12:22:27","date_gmt":"2024-07-12T12:22:27","guid":{"rendered":"https:\/\/www.tele-radio.com\/?page_id=223303"},"modified":"2024-07-26T13:09:46","modified_gmt":"2024-07-26T13:09:46","slug":"tele-radios-atagande-kring-hallbara-metoder-fortsatter","status":"publish","type":"page","link":"https:\/\/www.tele-radio.com\/sv\/tele-radios-atagande-kring-hallbara-metoder-fortsatter\/","title":{"rendered":"Tele Radios \u00e5tagande kring h\u00e5llbara metoder forts\u00e4tter"},"content":{"rendered":"\n<h2 class=\"wp-block-heading\">Tele Radios \u00e5tagande kring h\u00e5llbara metoder forts\u00e4tter<\/h2>\n\n\n\n<p><em>Tele Radios moderbolag, Allgon Group, sl\u00e4ppte tidigare i \u00e5r sin \u00e5rs- och h\u00e5llbarhetsrapport f\u00f6r 2023. I rapporten beskrivs alla \u00e5tg\u00e4rder som syftar till att maximera den positiva p\u00e5verkan p\u00e5 milj\u00f6n och sociala f\u00f6rh\u00e5llanden, samt optimera verksamheten.<\/em><\/p>\n\n\n\n<p>H\u00e5llbara metoder \u00e4r en viktig drivkraft f\u00f6r f\u00f6retaget. Att kunna m\u00e4ta dessa framg\u00e5ngar \u00e4r d\u00e4rf\u00f6r en integrerad del av f\u00f6retagets h\u00e5llbarhetspolicy. Med utg\u00e5ngspunkt i Agenda 2040 har Tele Radio Group fastst\u00e4llt ett antal m\u00e5l, s\u00e5som \u00f6verg\u00e5ngen till h\u00e5llbara material, investeringar i f\u00f6rnybar energi och f\u00f6rs\u00e4kran om medarbetarnas h\u00e4lsa och s\u00e4kerhet. Dessa m\u00e5l \u00e4r alla en del av den integrerade strategi som Tele Radio Group har antagit f\u00f6r att uppn\u00e5 sina \u00e5taganden.has taken to achieve its goals.<\/p>\n\n\n\n<p>Dessa standarder har ocks\u00e5 bekr\u00e4ftats genom f\u00f6rnyelsen av ISO 14001-certifieringen f\u00f6r milj\u00f6ledningssystem p\u00e5 Tele Radios huvudkontor i G\u00f6teborg.<\/p>\n\n\n\n<p>Ola Samelius, koncernchef och VD f\u00f6r Tele Radio, s\u00e4ger: &#8221;H\u00e5llbara metoder \u00e4r centralt i v\u00e5r organisation, det \u00e4r en kontinuerlig process d\u00e4r vi st\u00e4ndigt omv\u00e4rderar v\u00e5ra nuvarande metoder f\u00f6r att uppn\u00e5 de h\u00f6gsta standarderna.\u201d N\u00e4r det g\u00e4ller betydelsen av ISO-certifieringen forts\u00e4tter han: &#8221;Vi anser att ISO-standarderna utg\u00f6r en grundl\u00e4ggande kvalitetsniv\u00e5 f\u00f6r v\u00e5ra metoder, som alla i organisationen str\u00e4var efter att uppn\u00e5.&#8221;<\/p>\n\n\n<a href=\"https:\/\/www.tele-radio.com\/app\/uploads\/Allgon_Sustainability_Report_2023.pdf\" class=\"pdfemb-viewer\" style=\"\" data-width=\"max\" data-height=\"max\" data-toolbar=\"bottom\" data-toolbar-fixed=\"off\">Allgon_Sustainability_Report_2023<\/a>\n<p class=\"wp-block-pdfemb-pdf-embedder-viewer\"><\/p>\n","protected":false},"excerpt":{"rendered":"<p>Tele Radios \u00e5tagande kring h\u00e5llbara metoder forts\u00e4tter Tele Radios moderbolag, Allgon Group, sl\u00e4ppte tidigare i \u00e5r sin \u00e5rs- och h\u00e5llbarhetsrapport f\u00f6r 2023. I rapporten beskrivs alla \u00e5tg\u00e4rder som syftar till att maximera den positiva p\u00e5verkan p\u00e5 milj\u00f6n och sociala f\u00f6rh\u00e5llanden, samt optimera verksamheten. H\u00e5llbara metoder \u00e4r en viktig drivkraft f\u00f6r f\u00f6retaget. Att kunna m\u00e4ta dessa [&hellip;]<\/p>\n","protected":false},"author":29,"featured_media":225646,"parent":0,"menu_order":0,"comment_status":"closed","ping_status":"closed","template":"","meta":{"_acf_changed":false,"footnotes":""},"class_list":["post-223303","page","type-page","status-publish","has-post-thumbnail","hentry"],"acf":[],"_links":{"self":[{"href":"https:\/\/www.tele-radio.com\/sv\/wp-json\/wp\/v2\/pages\/223303","targetHints":{"allow":["GET"]}}],"collection":[{"href":"https:\/\/www.tele-radio.com\/sv\/wp-json\/wp\/v2\/pages"}],"about":[{"href":"https:\/\/www.tele-radio.com\/sv\/wp-json\/wp\/v2\/types\/page"}],"author":[{"embeddable":true,"href":"https:\/\/www.tele-radio.com\/sv\/wp-json\/wp\/v2\/users\/29"}],"replies":[{"embeddable":true,"href":"https:\/\/www.tele-radio.com\/sv\/wp-json\/wp\/v2\/comments?post=223303"}],"version-history":[{"count":4,"href":"https:\/\/www.tele-radio.com\/sv\/wp-json\/wp\/v2\/pages\/223303\/revisions"}],"predecessor-version":[{"id":225321,"href":"https:\/\/www.tele-radio.com\/sv\/wp-json\/wp\/v2\/pages\/223303\/revisions\/225321"}],"wp:featuredmedia":[{"embeddable":true,"href":"https:\/\/www.tele-radio.com\/sv\/wp-json\/wp\/v2\/media\/225646"}],"wp:attachment":[{"href":"https:\/\/www.tele-radio.com\/sv\/wp-json\/wp\/v2\/media?parent=223303"}],"curies":[{"name":"wp","href":"https:\/\/api.w.org\/{rel}","templated":true}]}}