{"id":210545,"date":"2022-06-29T12:40:34","date_gmt":"2022-06-29T12:40:34","guid":{"rendered":"https:\/\/www.tele-radio.com\/custom-line-solutions\/"},"modified":"2024-03-04T09:08:50","modified_gmt":"2024-03-04T09:08:50","slug":"custom-line-solutions","status":"publish","type":"page","link":"https:\/\/www.tele-radio.com\/sv\/custom-line-solutions\/","title":{"rendered":"CUSTOM LINE SOLUTIONS"},"content":{"rendered":"\n<h1 class=\"wp-block-heading\">CUSTOM LINE SOLUTIONS<\/h1>\n\n\n\n<div style=\"height:24px\" aria-hidden=\"true\" class=\"wp-block-spacer\"><\/div>\n\n\n\n<div class=\"wp-block-cover\" style=\"min-height:698px;aspect-ratio:unset;\"><span aria-hidden=\"true\" class=\"wp-block-cover__background has-black-background-color has-background-dim-10 has-background-dim\"><\/span><img loading=\"lazy\" decoding=\"async\" width=\"2560\" height=\"1707\" class=\"wp-block-cover__image-background wp-image-106791\" alt=\"\" src=\"https:\/\/www.tele-radio.com\/app\/uploads\/TW78_4-scaled.jpg\" data-object-fit=\"cover\" srcset=\"https:\/\/www.tele-radio.com\/app\/uploads\/TW78_4-scaled.jpg 2560w, https:\/\/www.tele-radio.com\/app\/uploads\/TW78_4-400x267.jpg 400w, https:\/\/www.tele-radio.com\/app\/uploads\/TW78_4-1200x800.jpg 1200w, https:\/\/www.tele-radio.com\/app\/uploads\/TW78_4-768x512.jpg 768w, https:\/\/www.tele-radio.com\/app\/uploads\/TW78_4-1536x1024.jpg 1536w\" sizes=\"auto, (max-width: 2560px) 100vw, 2560px\" \/><div class=\"wp-block-cover__inner-container is-layout-flow wp-block-cover-is-layout-flow\">\n<h2 class=\"wp-block-heading has-text-align-center has-large-font-size\">Specialanpassad in i minsta detalj<\/h2>\n<\/div><\/div>\n\n\n\n<div style=\"height:37px\" aria-hidden=\"true\" class=\"wp-block-spacer\"><\/div>\n\n\n\n<h2 class=\"wp-block-heading\"><meta charset=\"utf-8\"><strong>VERSATEQ och SUPRATEQ<\/strong><\/h2>\n\n\n\n<p>S\u00e4ndarnas flexibilitet \u00e4r enorm. Du v\u00e4ljer antingen mellanstora VersaTEQ eller den st\u00f6rsta SupraTEQ. Tekniskt v\u00e4ljer du bland ett brett utbud av b\u00e5de mjukvara och h\u00e5rdvara. Konfiguration och layout anpassas enligt \u00f6nskad specifikation. Tele Radio Custom Line kan hantera CANopen, Modbus RTU, SAE J1939 samt vanliga rel\u00e4funktioner.<\/p>\n\n\n\n<p>VersaTEQ och SupraTEQ Custom Line har en 2&#8243; display som standard. \u00d6nskas en mer detaljerad, grafisk feedbackinformation p\u00e5 s\u00e4ndaren rekommenderar vi Custom Line-l\u00f6sningen SupraTEQ TW78 med 4,3&#8243; f\u00e4rgdisplay.&nbsp;&nbsp;&nbsp;&nbsp;&nbsp;&nbsp;&nbsp;<\/p>\n\n\n\n<p>I ett radiostyrningssystem ing\u00e5r \u00e4ven mottagare \u2013 dessa \u00e4r olika beroende p\u00e5 funktion och system. V\u00e5r mottagare R21 till VersaTEQ och SupraTEQ-s\u00e4ndarna kan med gateway ansluta till PLC med Profinet, Profibus, Modbus-TCP, EtherNet\/IP, EtherCAT, DeviceNet.<\/p>\n\n\n\n<div style=\"height:33px\" aria-hidden=\"true\" class=\"wp-block-spacer\"><\/div>\n\n\n\n<h2 class=\"wp-block-heading has-text-align-center has-luminous-vivid-amber-color has-black-background-color has-text-color has-background has-large-font-size\"><strong>UPPLEV FLEXIBILITETEN MED V\u00c5RA SPECIALANPASSADE MIDJES\u00c4NDARE<\/strong><\/h2>\n\n\n\n<div style=\"height:39px\" aria-hidden=\"true\" class=\"wp-block-spacer\"><\/div>\n\n\n\n<h2 class=\"wp-block-heading has-text-align-center\"><strong>V\u00c4LJ DIN S\u00c4NDARE<\/strong><\/h2>\n\n\n\n<div style=\"height:46px\" aria-hidden=\"true\" class=\"wp-block-spacer\"><\/div>\n\n\n\n<div class=\"wp-block-columns is-layout-flex wp-container-core-columns-is-layout-9d6595d7 wp-block-columns-is-layout-flex\">\n<div class=\"wp-block-column is-layout-flow wp-block-column-is-layout-flow\" style=\"flex-basis:100%\">\n<figure class=\"wp-block-table is-style-stripes\"><table class=\"has-black-color has-luminous-vivid-amber-background-color has-text-color has-background\"><thead><tr><th class=\"has-text-align-center\" data-align=\"center\"><meta charset=\"utf-8\"><strong>VersaTEQ TW57<\/strong><\/th><th class=\"has-text-align-center\" data-align=\"center\"><meta charset=\"utf-8\"><strong>SupraTEQ TW77<\/strong><\/th><th class=\"has-text-align-center\" data-align=\"center\"><meta charset=\"utf-8\"><strong>SupraTEQ TW78<\/strong><\/th><\/tr><\/thead><tbody><tr><td class=\"has-text-align-center\" data-align=\"center\">24 cm<\/td><td class=\"has-text-align-center\" data-align=\"center\">33 cm<\/td><td class=\"has-text-align-center\" data-align=\"center\">33 cm<\/td><\/tr><tr><td class=\"has-text-align-center\" data-align=\"center\">320 x 240 px sk\u00e4rm (2\u2033 f\u00e4rgdisplay)<\/td><td class=\"has-text-align-center\" data-align=\"center\">320 x 240 px sk\u00e4rm (2&#8243; f\u00e4rgdisplay)<\/td><td class=\"has-text-align-center\" data-align=\"center\">480 x 272 px sk\u00e4rm (4,3&#8243; f\u00e4rgdisplay)<\/td><\/tr><tr><td class=\"has-text-align-center\" data-align=\"center\">Frekvens 2,4 GHz, 16 kanaler<\/td><td class=\"has-text-align-center\" data-align=\"center\">Frekvens 2,4 GHz, 16 kanaler<\/td><td class=\"has-text-align-center\" data-align=\"center\">Frekvens 2,4 GHz, 16 kanaler<\/td><\/tr><tr><td class=\"has-text-align-center\" data-align=\"center\">IP65<\/td><td class=\"has-text-align-center\" data-align=\"center\">IP65 skydd<\/td><td class=\"has-text-align-center\" data-align=\"center\">IP65 skydd<\/td><\/tr><tr><td class=\"has-text-align-center\" data-align=\"center\">PLe\/CAT3, SIL3 s\u00e4kerhetsniv\u00e5 stoppfunktion<\/td><td class=\"has-text-align-center\" data-align=\"center\">PLe\/CAT3, SIL3 s\u00e4kerhetsniv\u00e5 stoppfunktion<\/td><td class=\"has-text-align-center\" data-align=\"center\">PLe\/CAT3, SIL3 s\u00e4kerhetsniv\u00e5 stoppfunktion<\/td><\/tr><tr><td class=\"has-text-align-center\" data-align=\"center\">Duplexkommunikation f\u00f6r \u00e5terkoppling<\/td><td class=\"has-text-align-center\" data-align=\"center\">Duplex kommunikation f\u00f6r \u00e5terkoppling<\/td><td class=\"has-text-align-center\" data-align=\"center\">Duplex kommunikation f\u00f6r \u00e5terkoppling<\/td><\/tr><tr><td class=\"has-text-align-center\" data-align=\"center\">Uppladdningsbart och utbytbart batteri<\/td><td class=\"has-text-align-center\" data-align=\"center\">Uppladdningsbara och utbytbara batterier<\/td><td class=\"has-text-align-center\" data-align=\"center\">Uppladdningsbara och utbytbara batterier<\/td><\/tr><tr><td class=\"has-text-align-center\" data-align=\"center\">Batteritid \u2013 upp till 10 timmar, beroende p\u00e5 konfiguration<\/td><td class=\"has-text-align-center\" data-align=\"center\">Upp till 10 timmar med ett batteri, beroende p\u00e5 konfiguration<\/td><td class=\"has-text-align-center\" data-align=\"center\">Upp till 10 timmar med ett batteri, beroende p\u00e5 konfiguration<\/td><\/tr><\/tbody><\/table><\/figure>\n<\/div>\n<\/div>\n\n\n\n<p class=\"has-text-align-center\"><strong><strong>M\u00d6JLIGHETER MED VERSATEQ OCH SUPRATEQ CUSTOM LINE<\/strong><\/strong><\/p>\n\n\n\n<p><\/p>\n\n\n\n<div class=\"wp-block-columns is-layout-flex wp-container-core-columns-is-layout-9d6595d7 wp-block-columns-is-layout-flex\">\n<div class=\"wp-block-column is-layout-flow wp-block-column-is-layout-flow\" style=\"flex-basis:100%\">\n<div class=\"wp-block-group\"><div class=\"wp-block-group__inner-container is-layout-constrained wp-block-group-is-layout-constrained\">\n<div class=\"wp-block-group\"><div class=\"wp-block-group__inner-container is-layout-constrained wp-block-group-is-layout-constrained\">\n<div class=\"wp-block-columns is-layout-flex wp-container-core-columns-is-layout-9d6595d7 wp-block-columns-is-layout-flex\">\n<div class=\"wp-block-column is-layout-flow wp-block-column-is-layout-flow\" style=\"flex-basis:100%\">\n<div class=\"wp-block-columns is-layout-flex wp-container-core-columns-is-layout-9d6595d7 wp-block-columns-is-layout-flex\">\n<div class=\"wp-block-column is-layout-flow wp-block-column-is-layout-flow\">\n<figure class=\"wp-block-image size-large\"><a href=\"https:\/\/www.tele-radio.com\/sv\/produkter\/tele-radio-puma-2\/receiver-r20-1\/\"><img loading=\"lazy\" decoding=\"async\" width=\"660\" height=\"1200\" src=\"https:\/\/www.tele-radio.com\/app\/uploads\/\/image-80-660x1200.png\" alt=\"\" class=\"wp-image-210938\" srcset=\"https:\/\/www.tele-radio.com\/app\/uploads\/image-80-660x1200.png 660w, https:\/\/www.tele-radio.com\/app\/uploads\/image-80-220x400.png 220w, https:\/\/www.tele-radio.com\/app\/uploads\/image-80-768x1396.png 768w, https:\/\/www.tele-radio.com\/app\/uploads\/image-80-845x1536.png 845w, https:\/\/www.tele-radio.com\/app\/uploads\/image-80-1127x2048.png 1127w, https:\/\/www.tele-radio.com\/app\/uploads\/image-80-413x750.png 413w, https:\/\/www.tele-radio.com\/app\/uploads\/image-80-275x500.png 275w, https:\/\/www.tele-radio.com\/app\/uploads\/image-80-880x1600.png 880w, https:\/\/www.tele-radio.com\/app\/uploads\/image-80-440x800.png 440w, https:\/\/www.tele-radio.com\/app\/uploads\/image-80.png 1654w\" sizes=\"auto, (max-width: 660px) 100vw, 660px\" \/><\/a><\/figure>\n<\/div>\n\n\n\n<div class=\"wp-block-column is-layout-flow wp-block-column-is-layout-flow\">\n<figure class=\"wp-block-image size-large\"><a href=\"https:\/\/www.tele-radio.com\/sv\/produkter\/tele-radio-puma-2\/receiver-r21-1\/\"><img loading=\"lazy\" decoding=\"async\" width=\"661\" height=\"1200\" src=\"https:\/\/www.tele-radio.com\/app\/uploads\/\/image-81-661x1200.png\" alt=\"\" class=\"wp-image-210964\" srcset=\"https:\/\/www.tele-radio.com\/app\/uploads\/image-81-661x1200.png 661w, https:\/\/www.tele-radio.com\/app\/uploads\/image-81-220x400.png 220w, https:\/\/www.tele-radio.com\/app\/uploads\/image-81-768x1395.png 768w, https:\/\/www.tele-radio.com\/app\/uploads\/image-81-846x1536.png 846w, https:\/\/www.tele-radio.com\/app\/uploads\/image-81-1128x2048.png 1128w, https:\/\/www.tele-radio.com\/app\/uploads\/image-81-413x750.png 413w, https:\/\/www.tele-radio.com\/app\/uploads\/image-81-275x500.png 275w, https:\/\/www.tele-radio.com\/app\/uploads\/image-81-881x1600.png 881w, https:\/\/www.tele-radio.com\/app\/uploads\/image-81-441x800.png 441w, https:\/\/www.tele-radio.com\/app\/uploads\/image-81.png 1653w\" sizes=\"auto, (max-width: 661px) 100vw, 661px\" \/><\/a><\/figure>\n<\/div>\n<\/div>\n<\/div>\n<\/div>\n<\/div><\/div>\n<\/div><\/div>\n<\/div>\n<\/div>\n\n\n\n<div style=\"height:68px\" aria-hidden=\"true\" class=\"wp-block-spacer\"><\/div>\n\n\n\n<h2 class=\"wp-block-heading has-text-align-center\"><strong>M\u00d6JLIGHETER MED VERSATEQ OCH SUPRATEQ CUSTOM LINE<\/strong><\/h2>\n\n\n\n<div style=\"height:67px\" aria-hidden=\"true\" class=\"wp-block-spacer\"><\/div>\n\n\n<div class=\"wp-block-image\">\n<figure class=\"aligncenter size-large is-resized\"><img loading=\"lazy\" decoding=\"async\" width=\"1200\" height=\"632\" src=\"https:\/\/www.tele-radio.com\/app\/uploads\/\/PUMA_CUSTOM_OPTIONS-1200x632.png\" alt=\"UPPT\u00c4CK FLEXIBLITETEN MED V\u00c5RA PUMA\u00a0CUSTOM LINE-S\u00c4NDARE\" class=\"wp-image-42772\" style=\"width:680px;height:358px\" srcset=\"https:\/\/www.tele-radio.com\/app\/uploads\/PUMA_CUSTOM_OPTIONS-1200x632.png 1200w, https:\/\/www.tele-radio.com\/app\/uploads\/PUMA_CUSTOM_OPTIONS-400x211.png 400w, https:\/\/www.tele-radio.com\/app\/uploads\/PUMA_CUSTOM_OPTIONS-768x405.png 768w, https:\/\/www.tele-radio.com\/app\/uploads\/PUMA_CUSTOM_OPTIONS-750x395.png 750w, https:\/\/www.tele-radio.com\/app\/uploads\/PUMA_CUSTOM_OPTIONS-500x264.png 500w, https:\/\/www.tele-radio.com\/app\/uploads\/PUMA_CUSTOM_OPTIONS-1600x843.png 1600w, https:\/\/www.tele-radio.com\/app\/uploads\/PUMA_CUSTOM_OPTIONS-800x422.png 800w, https:\/\/www.tele-radio.com\/app\/uploads\/PUMA_CUSTOM_OPTIONS.png 2000w\" sizes=\"auto, (max-width: 1200px) 100vw, 1200px\" \/><\/figure><\/div>\n\n\n<div style=\"height:28px\" aria-hidden=\"true\" class=\"wp-block-spacer\"><\/div>\n\n\n\n<div style=\"height:100px\" aria-hidden=\"true\" class=\"wp-block-spacer\"><\/div>\n\n\n\n<p><strong>S\u00e5 h\u00e4r g\u00e5r processen till:<br><\/strong>Identifiera behov \u2013 Konstatera behov \u2013 F\u00f6rslag p\u00e5 l\u00f6sning \u2013 Accept p\u00e5 f\u00f6rslag \u2013 Produktion \u2013 Leverans \u2013 S\u00e4kerst\u00e4lla resultat<\/p>\n\n\n\n<p><strong><br>Mjukvara<br><\/strong>Anpassa mjukvara och funktioner efter \u00f6nskem\u00e5l.<\/p>\n\n\n\n<p>V\u00e5ra system st\u00f6djer och anpassas till CANopen, Modbus RTU, SAE J1939 med flera.<\/p>\n\n\n\n<p><strong>H\u00e5rdvara<\/strong><\/p>\n\n\n\n<p>Layout och design kan anpassas enligt \u00f6nskem\u00e5l. V\u00e4lj joystick, paddel, potentiometer, vippbrytare och knappar<\/p>\n\n\n\n<p>Feedback via dioder, summer och display<\/p>\n\n\n\n<p>Faceplate designas enl \u00f6nskem\u00e5l med kul\u00f6r, symboler, text, logotyp m m<\/p>\n\n\n\n<p>Tillbeh\u00f6r \u2013 se nedan vad som finns att v\u00e4lja<\/p>\n\n\n\n<p><strong><br>Flexibilitet<\/strong><\/p>\n\n\n\n<p>Systemet kan anpassas gentemot maskinen, kranen, fordonet, fartyget etc.<\/p>\n\n\n\n<p>S\u00e4ndaren kan styra flera mottagare samtidigt.<\/p>\n\n\n\n<p>LCD-sk\u00e4rmen kan utformas enligt \u00f6nskem\u00e5l \u2013 \u00e5tergivningen kan visas som grafer, siffror m m.<\/p>\n\n\n\n<p>R\u00e4ckvidden kan varieras beroende p\u00e5 val av antenn. V\u00e4lj standardantenn eller aktiv antenn.<\/p>\n\n\n\n<p>P\u00e5 den aktiva antennen kan man s\u00e4tta en betydligt l\u00e4ngre antennkabel. Detta hj\u00e4lper till n\u00e4r man m\u00e5ste s\u00e4tta mottagaren l\u00e5ngt ifr\u00e5n anv\u00e4ndningsomr\u00e5det. Den aktiva antennen kan ocks\u00e5 anv\u00e4ndas som repeater. Man kan s\u00e4tta upp till 15 antenner\/repeater i systemet.<\/p>\n\n\n\n<p><strong>Tillbeh\u00f6r<\/strong><\/p>\n\n\n\n<p>Nackrem, midjeb\u00e4lte, midjeb\u00e4lte\/slip, b\u00e4rkrok<\/p>\n\n\n\n<p>Antenner med och utan kabel<\/p>\n\n\n\n<p>Laddare 230V, Laddare cigplug, USB 12\/24V<\/p>\n\n\n\n<p>Laddstation<\/p>\n\n\n\n<p>Batteri<\/p>\n\n\n\n<h2 class=\"wp-block-heading has-text-align-center has-luminous-vivid-amber-color has-black-background-color has-text-color has-background\"><strong>MER OM TELE RADIO<\/strong><\/h2>\n\n\n\n<div style=\"height:50px\" aria-hidden=\"true\" class=\"wp-block-spacer\"><\/div>\n\n\n<div class=\"wp-block-image is-style-rounded\">\n<figure class=\"alignleft size-full is-resized\"><img loading=\"lazy\" decoding=\"async\" width=\"417\" height=\"417\" src=\"https:\/\/www.tele-radio.com\/app\/uploads\/Contact-1.png\" alt=\"\" class=\"wp-image-106305\" style=\"width:111px;height:111px\" srcset=\"https:\/\/www.tele-radio.com\/app\/uploads\/Contact-1.png 417w, https:\/\/www.tele-radio.com\/app\/uploads\/Contact-1-400x400.png 400w, https:\/\/www.tele-radio.com\/app\/uploads\/Contact-1-150x150.png 150w, https:\/\/www.tele-radio.com\/app\/uploads\/Contact-1-250x250.png 250w\" sizes=\"auto, (max-width: 417px) 100vw, 417px\" \/><\/figure><\/div>\n\n\n<p><strong><strong>F\u00f6rs\u00e4ljning<\/strong><\/strong><\/p>\n\n\n\n<p><a href=\"https:\/\/www.tele-radio.com\/sv\/contact-us\/\">Kontakta oss<\/a> f\u00f6r hj\u00e4lp och r\u00e5d att hitta den b\u00e4sta radiostyrningen f\u00f6r din applikation.<\/p>\n\n\n\n<p><\/p>\n\n\n\n<p><\/p>\n\n\n\n<div style=\"height:15px\" aria-hidden=\"true\" class=\"wp-block-spacer\"><\/div>\n\n\n<div class=\"wp-block-image is-style-rounded\">\n<figure class=\"alignleft is-resized\"><img loading=\"lazy\" decoding=\"async\" width=\"162\" height=\"162\" src=\"https:\/\/www.tele-radio.com\/app\/uploads\/Signaal2.png\" alt=\"\" class=\"wp-image-40681\" style=\"width:111px;height:111px\" srcset=\"https:\/\/www.tele-radio.com\/app\/uploads\/Signaal2.png 162w, https:\/\/www.tele-radio.com\/app\/uploads\/Signaal2-150x150.png 150w\" sizes=\"auto, (max-width: 162px) 100vw, 162px\" \/><\/figure><\/div>\n\n\n<h3 class=\"wp-block-heading\"><strong><strong>Teknisk service<\/strong><\/strong><\/h3>\n\n\n\n<p>Tele Radio har en egen teknisk avdelning f\u00f6r service, support och reparation.<\/p>\n\n\n\n<p><\/p>\n\n\n\n<p><\/p>\n\n\n\n<div style=\"height:15px\" aria-hidden=\"true\" class=\"wp-block-spacer\"><\/div>\n\n\n<div class=\"wp-block-image is-style-rounded\">\n<figure class=\"alignleft is-resized\"><img loading=\"lazy\" decoding=\"async\" width=\"162\" height=\"162\" src=\"https:\/\/www.tele-radio.com\/app\/uploads\/Icon_safety.png\" alt=\"\" class=\"wp-image-42940\" style=\"width:111px;height:111px\" srcset=\"https:\/\/www.tele-radio.com\/app\/uploads\/Icon_safety.png 162w, https:\/\/www.tele-radio.com\/app\/uploads\/Icon_safety-150x150.png 150w\" sizes=\"auto, (max-width: 162px) 100vw, 162px\" \/><\/figure><\/div>\n\n\n<h3 class=\"wp-block-heading\"><strong><strong>V\u00e5ra olika oberoende s\u00e4kerhetscertifikat<\/strong><\/strong><\/h3>\n\n\n\n<p>F\u00f6r alla Tele Radio-produkter med s\u00e4kerhetscertifikat, kan vi f\u00f6rse dig med godk\u00e4nnanderapporterna fr\u00e5n den oberoende testmyndigheten. L\u00e4s mer om detta <a href=\"https:\/\/www.tele-radio.com\/sv\/iso-certifierat-foretag\/\">H\u00c4R<\/a>.<\/p>\n\n\n\n<p><\/p>\n\n\n\n<p><\/p>\n\n\n\n<p><\/p>\n\n\n\n<div style=\"height:55px\" aria-hidden=\"true\" class=\"wp-block-spacer\"><\/div>\n\n\n\n<div class=\"wp-block-columns is-layout-flex wp-container-core-columns-is-layout-9d6595d7 wp-block-columns-is-layout-flex\">\n<div class=\"wp-block-column is-layout-flow wp-block-column-is-layout-flow\"><div class=\"wp-block-image is-style-default\">\n<figure class=\"aligncenter size-large\"><a href=\"https:\/\/www.tele-radio.com\/sv\/suprateq\/\"><img loading=\"lazy\" decoding=\"async\" width=\"1200\" height=\"1155\" src=\"https:\/\/www.tele-radio.com\/app\/uploads\/\/Banner_Custom-Line_Product_SUPRATEQ_Svenska_230828-1-02-1200x1155.png\" alt=\"\" class=\"wp-image-210766\" srcset=\"https:\/\/www.tele-radio.com\/app\/uploads\/Banner_Custom-Line_Product_SUPRATEQ_Svenska_230828-1-02-1200x1155.png 1200w, https:\/\/www.tele-radio.com\/app\/uploads\/Banner_Custom-Line_Product_SUPRATEQ_Svenska_230828-1-02-400x385.png 400w, https:\/\/www.tele-radio.com\/app\/uploads\/Banner_Custom-Line_Product_SUPRATEQ_Svenska_230828-1-02-768x739.png 768w, https:\/\/www.tele-radio.com\/app\/uploads\/Banner_Custom-Line_Product_SUPRATEQ_Svenska_230828-1-02-750x722.png 750w, https:\/\/www.tele-radio.com\/app\/uploads\/Banner_Custom-Line_Product_SUPRATEQ_Svenska_230828-1-02-500x481.png 500w, https:\/\/www.tele-radio.com\/app\/uploads\/Banner_Custom-Line_Product_SUPRATEQ_Svenska_230828-1-02-800x770.png 800w, https:\/\/www.tele-radio.com\/app\/uploads\/Banner_Custom-Line_Product_SUPRATEQ_Svenska_230828-1-02.png 1425w\" sizes=\"auto, (max-width: 1200px) 100vw, 1200px\" \/><\/a><\/figure><\/div><\/div>\n\n\n\n<div class=\"wp-block-column is-layout-flow wp-block-column-is-layout-flow\"><div class=\"wp-block-image is-style-default\">\n<figure class=\"aligncenter size-large\"><a href=\"https:\/\/www.tele-radio.com\/sv\/versateq\/\"><img loading=\"lazy\" decoding=\"async\" width=\"1200\" height=\"1155\" src=\"https:\/\/www.tele-radio.com\/app\/uploads\/\/Banner_Custom-Line_Product_VERSATEQ_Svenska_230828-1_Rityta-1-1200x1155.png\" alt=\"\" class=\"wp-image-210792\" srcset=\"https:\/\/www.tele-radio.com\/app\/uploads\/Banner_Custom-Line_Product_VERSATEQ_Svenska_230828-1_Rityta-1-1200x1155.png 1200w, https:\/\/www.tele-radio.com\/app\/uploads\/Banner_Custom-Line_Product_VERSATEQ_Svenska_230828-1_Rityta-1-400x385.png 400w, https:\/\/www.tele-radio.com\/app\/uploads\/Banner_Custom-Line_Product_VERSATEQ_Svenska_230828-1_Rityta-1-768x739.png 768w, https:\/\/www.tele-radio.com\/app\/uploads\/Banner_Custom-Line_Product_VERSATEQ_Svenska_230828-1_Rityta-1-750x722.png 750w, https:\/\/www.tele-radio.com\/app\/uploads\/Banner_Custom-Line_Product_VERSATEQ_Svenska_230828-1_Rityta-1-500x481.png 500w, https:\/\/www.tele-radio.com\/app\/uploads\/Banner_Custom-Line_Product_VERSATEQ_Svenska_230828-1_Rityta-1-800x770.png 800w, https:\/\/www.tele-radio.com\/app\/uploads\/Banner_Custom-Line_Product_VERSATEQ_Svenska_230828-1_Rityta-1.png 1425w\" sizes=\"auto, (max-width: 1200px) 100vw, 1200px\" \/><\/a><\/figure><\/div><\/div>\n<\/div>\n\n\n\n\n\n\n\n\n\n\n","protected":false},"excerpt":{"rendered":"<p>CUSTOM LINE SOLUTIONS VERSATEQ och SUPRATEQ S\u00e4ndarnas flexibilitet \u00e4r enorm. Du v\u00e4ljer antingen mellanstora VersaTEQ eller den st\u00f6rsta SupraTEQ. Tekniskt v\u00e4ljer du bland ett brett utbud av b\u00e5de mjukvara och h\u00e5rdvara. Konfiguration och layout anpassas enligt \u00f6nskad specifikation. Tele Radio Custom Line kan hantera CANopen, Modbus RTU, SAE J1939 samt vanliga rel\u00e4funktioner. VersaTEQ och SupraTEQ [&hellip;]<\/p>\n","protected":false},"author":29,"featured_media":0,"parent":0,"menu_order":0,"comment_status":"closed","ping_status":"closed","template":"","meta":{"_acf_changed":false,"footnotes":""},"class_list":["post-210545","page","type-page","status-publish","hentry"],"acf":[],"_links":{"self":[{"href":"https:\/\/www.tele-radio.com\/sv\/wp-json\/wp\/v2\/pages\/210545","targetHints":{"allow":["GET"]}}],"collection":[{"href":"https:\/\/www.tele-radio.com\/sv\/wp-json\/wp\/v2\/pages"}],"about":[{"href":"https:\/\/www.tele-radio.com\/sv\/wp-json\/wp\/v2\/types\/page"}],"author":[{"embeddable":true,"href":"https:\/\/www.tele-radio.com\/sv\/wp-json\/wp\/v2\/users\/29"}],"replies":[{"embeddable":true,"href":"https:\/\/www.tele-radio.com\/sv\/wp-json\/wp\/v2\/comments?post=210545"}],"version-history":[{"count":7,"href":"https:\/\/www.tele-radio.com\/sv\/wp-json\/wp\/v2\/pages\/210545\/revisions"}],"predecessor-version":[{"id":210991,"href":"https:\/\/www.tele-radio.com\/sv\/wp-json\/wp\/v2\/pages\/210545\/revisions\/210991"}],"wp:attachment":[{"href":"https:\/\/www.tele-radio.com\/sv\/wp-json\/wp\/v2\/media?parent=210545"}],"curies":[{"name":"wp","href":"https:\/\/api.w.org\/{rel}","templated":true}]}}