{"id":198431,"date":"2022-06-30T13:50:49","date_gmt":"2022-06-30T13:50:49","guid":{"rendered":"https:\/\/www.tele-radio.com\/suprateq\/"},"modified":"2026-02-23T10:48:09","modified_gmt":"2026-02-23T10:48:09","slug":"suprateq","status":"publish","type":"page","link":"https:\/\/www.tele-radio.com\/sv\/suprateq\/","title":{"rendered":"SUPRATEQ"},"content":{"rendered":"\n<div style=\"height:15px\" aria-hidden=\"true\" class=\"wp-block-spacer\"><\/div>\n\n\n<div class=\"wp-block-image is-style-rounded\">\n<figure class=\"alignright size-large is-resized\"><img loading=\"lazy\" decoding=\"async\" width=\"1200\" height=\"1200\" src=\"https:\/\/www.tele-radio.com\/app\/uploads\/\/SupraTEQ_Collage_v2-1200x1200.png\" alt=\"\" class=\"wp-image-106741\" style=\"width:422px;height:422px\" srcset=\"https:\/\/www.tele-radio.com\/app\/uploads\/SupraTEQ_Collage_v2.png 1200w, https:\/\/www.tele-radio.com\/app\/uploads\/SupraTEQ_Collage_v2-400x400.png 400w, https:\/\/www.tele-radio.com\/app\/uploads\/SupraTEQ_Collage_v2-150x150.png 150w, https:\/\/www.tele-radio.com\/app\/uploads\/SupraTEQ_Collage_v2-768x768.png 768w, https:\/\/www.tele-radio.com\/app\/uploads\/SupraTEQ_Collage_v2-250x250.png 250w, https:\/\/www.tele-radio.com\/app\/uploads\/SupraTEQ_Collage_v2-750x750.png 750w, https:\/\/www.tele-radio.com\/app\/uploads\/SupraTEQ_Collage_v2-500x500.png 500w, https:\/\/www.tele-radio.com\/app\/uploads\/SupraTEQ_Collage_v2-800x800.png 800w\" sizes=\"auto, (max-width: 1200px) 100vw, 1200px\" \/><\/figure><\/div>\n\n\n<h1 class=\"wp-block-heading has-text-align-left has-huge-font-size\">SUPRATEQ<\/h1>\n\n\n\n<h2 class=\"wp-block-heading\"><strong>V\u00e5r st\u00f6rsta midjes\u00e4ndare<\/strong><\/h2>\n\n\n\n<p>SupraTEQ \u00e4r v\u00e5r st\u00f6rsta midjes\u00e4ndare, den \u00e4r ergonomiskt utformad, perfekt f\u00f6r l\u00e5nga arbetspass. Tele Radio-design och nyutvecklad teknik i kombination med h\u00e5llbarhet och tillf\u00f6rlitlighet. SupraTEQ har med sin storlek oanade m\u00f6jligheter g\u00e4llande design och utformning. S\u00e4ndaren har stoppfunktion och \u00e4r certifierad enligt PLe och SIL3.<br>V\u00e4lj antingen Basic Line eller Custom Line.\u00a0Basic Line-utf\u00f6randet finns i en version. <br>Custom Line kan anpassas efter kundens behov och \u00f6nskem\u00e5l.<\/p>\n\n\n\n<p>&nbsp;&nbsp;&nbsp;<\/p>\n\n\n\n<div style=\"height:35px\" aria-hidden=\"true\" class=\"wp-block-spacer\"><\/div>\n\n\n\n<h2 class=\"wp-block-heading has-text-align-center has-large-font-size\">UNIK TEKNOLOGI<\/h2>\n\n\n\n<p class=\"has-text-align-center\">Tele Radio SupraTEQ kan utrustas med f\u00f6ljande speciella egenskaper och m\u00f6jligheter.&nbsp;<\/p>\n\n\n<div class=\"wp-block-image is-style-rounded\">\n<figure class=\"alignleft is-resized\"><img loading=\"lazy\" decoding=\"async\" width=\"162\" height=\"162\" src=\"https:\/\/www.tele-radio.com\/app\/uploads\/Webpaginaopbouw_Puma-1.png\" alt=\"\" class=\"wp-image-38105\" style=\"width:110px;height:110px\" srcset=\"https:\/\/www.tele-radio.com\/app\/uploads\/Webpaginaopbouw_Puma-1.png 162w, https:\/\/www.tele-radio.com\/app\/uploads\/Webpaginaopbouw_Puma-1-150x150.png 150w\" sizes=\"auto, (max-width: 162px) 100vw, 162px\" \/><\/figure><\/div>\n\n\n<h3 class=\"wp-block-heading\"><br><strong>DISPLAY<\/strong><\/h3>\n\n\n\n<p>Beroende p\u00e5 din applikation kan du v\u00e4lja SupraTEQ TW77 Basic Line-modellerna eller en Custom Line-l\u00f6sning. Detta ger dig full frihet att konfigurera din h\u00e5rd- och mjukvara till denna s\u00e4ndare och de tillh\u00f6rande mottagarna. Du kan \u00e4ven uppgradera ditt system till en st\u00f6rre 4,3 tums display (SupraTEQ TW78 Custom Line).<\/p>\n\n\n\n<p><\/p>\n\n\n\n<div style=\"height:20px\" aria-hidden=\"true\" class=\"wp-block-spacer\"><\/div>\n\n\n<div class=\"wp-block-image is-style-rounded\">\n<figure class=\"alignleft is-resized\"><img loading=\"lazy\" decoding=\"async\" width=\"162\" height=\"162\" src=\"https:\/\/www.tele-radio.com\/app\/uploads\/RFID-ICON.png\" alt=\"\" class=\"wp-image-38126\" style=\"width:107px;height:107px\" srcset=\"https:\/\/www.tele-radio.com\/app\/uploads\/RFID-ICON.png 162w, https:\/\/www.tele-radio.com\/app\/uploads\/RFID-ICON-150x150.png 150w\" sizes=\"auto, (max-width: 162px) 100vw, 162px\" \/><\/figure><\/div>\n\n\n<h3 class=\"wp-block-heading\"><br><strong>RFID-kontroll<\/strong><\/h3>\n\n\n\n<p>RFID \u00e4r en tr\u00e5dl\u00f6s teknik f\u00f6r identifiering av en unik kod f\u00f6r systemet, produkten eller anv\u00e4ndaren. En anv\u00e4ndares inst\u00e4llningar kan sparas p\u00e5 ett smartcard med RFID som identifieras av systemet under anv\u00e4ndning. Olika anv\u00e4ndarniv\u00e5er kan st\u00e4llas in.<\/p>\n\n\n\n<div style=\"height:21px\" aria-hidden=\"true\" class=\"wp-block-spacer\"><\/div>\n\n\n<div class=\"wp-block-image is-style-rounded\">\n<figure class=\"alignleft is-resized\"><img loading=\"lazy\" decoding=\"async\" width=\"162\" height=\"162\" src=\"https:\/\/www.tele-radio.com\/app\/uploads\/BUS-Systemen.png\" alt=\"\" class=\"wp-image-38147\" style=\"width:110px;height:110px\" srcset=\"https:\/\/www.tele-radio.com\/app\/uploads\/BUS-Systemen.png 162w, https:\/\/www.tele-radio.com\/app\/uploads\/BUS-Systemen-150x150.png 150w\" sizes=\"auto, (max-width: 162px) 100vw, 162px\" \/><\/figure><\/div>\n\n\n<h3 class=\"wp-block-heading\"><br><strong>BUS-system<\/strong><\/h3>\n\n\n\n<p>F\u00f6r att uppfylla g\u00e4llande branschstandarder \u00e4r Tele Radio VersaTEQ-system kompatibla med ett brett utbud av BUS-system. Ett smidigt samarbete med programvaran i din maskin kan garanteras. Tele Radio VersaTEQ-system kan hantera CANopen, Modbus-RTU, SAE J1939 med flera.&nbsp;<br><br><\/p>\n\n\n\n<div class=\"wp-block-cover is-light\" style=\"min-height:472px;aspect-ratio:unset;\"><span aria-hidden=\"true\" class=\"wp-block-cover__background has-luminous-vivid-amber-background-color has-background-dim-100 has-background-dim\"><\/span><div class=\"wp-block-cover__inner-container is-layout-flow wp-block-cover-is-layout-flow\">\n<p><strong>SUPRATEQ BASIC LINE SPECIFIKATION<\/strong>&nbsp;<\/p>\n\n\n\n<div class=\"wp-block-columns is-layout-flex wp-container-core-columns-is-layout-9d6595d7 wp-block-columns-is-layout-flex\">\n<div class=\"wp-block-column is-layout-flow wp-block-column-is-layout-flow\">\n<p>\u2713 Storlek 330 x 147 x 179 mm&nbsp;<\/p>\n\n\n\n<p>\u2713 Vikt, 2 000 gram&nbsp;<\/p>\n\n\n\n<p>\u2713 Frekvens 2,4 GHz, 16 kanaler&nbsp;<\/p>\n\n\n\n<p>\u2713 2&#8243; f\u00e4rgdisplay&nbsp;<\/p>\n\n\n\n<p>\u2713 IP65 skydd&nbsp;<\/p>\n\n\n\n<p>\u2713 PLe\/CAT3, SIL3 s\u00e4kerhetsniv\u00e5 stoppfunktion&nbsp;<\/p>\n\n\n\n<p>\u2713 Vibration f\u00f6r \u00e5terkoppling&nbsp;<\/p>\n\n\n\n<p>\u2713 Duplex kommunikation f\u00f6r \u00e5terkoppling&nbsp;<\/p>\n\n\n\n<p>\u2713 M12-kontakt f\u00f6r kabelstyrning&nbsp;<\/p>\n<\/div>\n\n\n\n<div class=\"wp-block-column is-layout-flow wp-block-column-is-layout-flow\">\n<p>\u2713 Kompakt typ och vridbar stoppbrytare p\u00e5 sidan&nbsp;<\/p>\n\n\n\n<p>\u2713 LED-lampor i handtaget f\u00f6r belysning p\u00e5 frontplatta&nbsp;<\/p>\n\n\n\n<p>\u2713 Uppladdningsbara och utbytbara batterier&nbsp;<\/p>\n\n\n\n<p>\u2713 Upp till 10 timmar med ett batteri, beroende p\u00e5 konfiguration&nbsp;<\/p>\n\n\n\n<p>\u2713 Laddare&nbsp;<\/p>\n\n\n\n<p>\u2713 Laddstation&nbsp;<\/p>\n\n\n\n<p>\u2713 Nackband&nbsp;<\/p>\n<\/div>\n<\/div>\n<\/div><\/div>\n\n\n\n<p><\/p>\n\n\n\n<p><strong>S\u00e5 h\u00e4r g\u00e5r processen till:<\/strong><br>Identifiera behov \u2013 Konstatera behov \u2013 F\u00f6rslag p\u00e5 l\u00f6sning \u2013 Accept p\u00e5 f\u00f6rslag \u2013 Produktion \u2013 Leverans \u2013 S\u00e4kerst\u00e4lla resultat&nbsp;<br><\/p>\n\n\n\n<p><\/p>\n\n\n\n<h2 class=\"wp-block-heading has-text-align-center has-luminous-vivid-amber-color has-black-background-color has-text-color has-background has-large-font-size\">TELE RADIO SUPRATEQ BASIC LINE<\/h2>\n\n\n\n<div style=\"height:15px\" aria-hidden=\"true\" class=\"wp-block-spacer\"><\/div>\n\n\n\n<h2 class=\"wp-block-heading has-text-align-center\"><br>S\u00c4NDARE SUPRATEQ BASIC LINE&nbsp;<\/h2>\n\n\n\n<p class=\"has-text-align-center\">SupraTEQ finns i en Basic Line-version.&nbsp;&nbsp;<\/p>\n\n\n\n<div class=\"wp-block-columns is-layout-flex wp-container-core-columns-is-layout-9d6595d7 wp-block-columns-is-layout-flex\">\n<div class=\"wp-block-column is-layout-flow wp-block-column-is-layout-flow\"><div class=\"wp-block-image is-style-default\">\n<figure class=\"aligncenter size-large\"><a href=\"https:\/\/www.tele-radio.com\/sv\/produkter\/tele-radio-puma-2\/suprateq-tw77\/\"><img loading=\"lazy\" decoding=\"async\" width=\"649\" height=\"1200\" src=\"https:\/\/www.tele-radio.com\/app\/uploads\/\/SupraTEQ_TW77_Sandare_Product_Description_Svenska-649x1200.png\" alt=\"\" class=\"wp-image-198444\" srcset=\"https:\/\/www.tele-radio.com\/app\/uploads\/SupraTEQ_TW77_Sandare_Product_Description_Svenska-649x1200.png 649w, https:\/\/www.tele-radio.com\/app\/uploads\/SupraTEQ_TW77_Sandare_Product_Description_Svenska-216x400.png 216w, https:\/\/www.tele-radio.com\/app\/uploads\/SupraTEQ_TW77_Sandare_Product_Description_Svenska-768x1420.png 768w, https:\/\/www.tele-radio.com\/app\/uploads\/SupraTEQ_TW77_Sandare_Product_Description_Svenska-831x1536.png 831w, https:\/\/www.tele-radio.com\/app\/uploads\/SupraTEQ_TW77_Sandare_Product_Description_Svenska-1108x2048.png 1108w, https:\/\/www.tele-radio.com\/app\/uploads\/SupraTEQ_TW77_Sandare_Product_Description_Svenska-406x750.png 406w, https:\/\/www.tele-radio.com\/app\/uploads\/SupraTEQ_TW77_Sandare_Product_Description_Svenska-270x500.png 270w, https:\/\/www.tele-radio.com\/app\/uploads\/SupraTEQ_TW77_Sandare_Product_Description_Svenska-865x1600.png 865w, https:\/\/www.tele-radio.com\/app\/uploads\/SupraTEQ_TW77_Sandare_Product_Description_Svenska-433x800.png 433w, https:\/\/www.tele-radio.com\/app\/uploads\/SupraTEQ_TW77_Sandare_Product_Description_Svenska.png 1650w\" sizes=\"auto, (max-width: 649px) 100vw, 649px\" \/><\/a><\/figure><\/div><\/div>\n<\/div>\n\n\n\n<div style=\"height:43px\" aria-hidden=\"true\" class=\"wp-block-spacer\"><\/div>\n\n\n\n<h2 class=\"wp-block-heading has-text-align-center\">MOTTAGARE SUPRATEQ BASIC LINE<\/h2>\n\n\n\n<div class=\"wp-block-columns is-layout-flex wp-container-core-columns-is-layout-9d6595d7 wp-block-columns-is-layout-flex\">\n<div class=\"wp-block-column is-layout-flow wp-block-column-is-layout-flow\"><div class=\"wp-block-image\">\n<figure class=\"aligncenter size-large\"><a href=\"https:\/\/www.tele-radio.com\/sv\/produkter\/tele-radio-puma-2\/receiver-r20-1\/\"><img loading=\"lazy\" decoding=\"async\" width=\"641\" height=\"1200\" src=\"https:\/\/www.tele-radio.com\/app\/uploads\/\/SupraTEQ_Receivers_Basic-Line_Product_Description_Svenska_230920_Receivers_R20-TS01_Product_Description-641x1200.png\" alt=\"\" class=\"wp-image-198469\" srcset=\"https:\/\/www.tele-radio.com\/app\/uploads\/SupraTEQ_Receivers_Basic-Line_Product_Description_Svenska_230920_Receivers_R20-TS01_Product_Description-641x1200.png 641w, https:\/\/www.tele-radio.com\/app\/uploads\/SupraTEQ_Receivers_Basic-Line_Product_Description_Svenska_230920_Receivers_R20-TS01_Product_Description-214x400.png 214w, https:\/\/www.tele-radio.com\/app\/uploads\/SupraTEQ_Receivers_Basic-Line_Product_Description_Svenska_230920_Receivers_R20-TS01_Product_Description-768x1437.png 768w, https:\/\/www.tele-radio.com\/app\/uploads\/SupraTEQ_Receivers_Basic-Line_Product_Description_Svenska_230920_Receivers_R20-TS01_Product_Description-821x1536.png 821w, https:\/\/www.tele-radio.com\/app\/uploads\/SupraTEQ_Receivers_Basic-Line_Product_Description_Svenska_230920_Receivers_R20-TS01_Product_Description-1094x2048.png 1094w, https:\/\/www.tele-radio.com\/app\/uploads\/SupraTEQ_Receivers_Basic-Line_Product_Description_Svenska_230920_Receivers_R20-TS01_Product_Description-401x750.png 401w, https:\/\/www.tele-radio.com\/app\/uploads\/SupraTEQ_Receivers_Basic-Line_Product_Description_Svenska_230920_Receivers_R20-TS01_Product_Description-267x500.png 267w, https:\/\/www.tele-radio.com\/app\/uploads\/SupraTEQ_Receivers_Basic-Line_Product_Description_Svenska_230920_Receivers_R20-TS01_Product_Description-855x1600.png 855w, https:\/\/www.tele-radio.com\/app\/uploads\/SupraTEQ_Receivers_Basic-Line_Product_Description_Svenska_230920_Receivers_R20-TS01_Product_Description-427x800.png 427w, https:\/\/www.tele-radio.com\/app\/uploads\/SupraTEQ_Receivers_Basic-Line_Product_Description_Svenska_230920_Receivers_R20-TS01_Product_Description.png 1650w\" sizes=\"auto, (max-width: 641px) 100vw, 641px\" \/><\/a><\/figure><\/div><\/div>\n\n\n\n<div class=\"wp-block-column is-layout-flow wp-block-column-is-layout-flow\"><div class=\"wp-block-image\">\n<figure class=\"aligncenter size-large\"><a href=\"https:\/\/www.tele-radio.com\/sv\/produkter\/tele-radio-puma-2\/receiver-r21-1\/\"><img loading=\"lazy\" decoding=\"async\" width=\"641\" height=\"1200\" src=\"https:\/\/www.tele-radio.com\/app\/uploads\/\/SupraTEQ_Receivers_Basic-Line_Product_Description_Svenska_230920_Receivers_R21-TS02_Product_Description-641x1200.png\" alt=\"\" class=\"wp-image-198494\" srcset=\"https:\/\/www.tele-radio.com\/app\/uploads\/SupraTEQ_Receivers_Basic-Line_Product_Description_Svenska_230920_Receivers_R21-TS02_Product_Description-641x1200.png 641w, https:\/\/www.tele-radio.com\/app\/uploads\/SupraTEQ_Receivers_Basic-Line_Product_Description_Svenska_230920_Receivers_R21-TS02_Product_Description-214x400.png 214w, https:\/\/www.tele-radio.com\/app\/uploads\/SupraTEQ_Receivers_Basic-Line_Product_Description_Svenska_230920_Receivers_R21-TS02_Product_Description-768x1437.png 768w, https:\/\/www.tele-radio.com\/app\/uploads\/SupraTEQ_Receivers_Basic-Line_Product_Description_Svenska_230920_Receivers_R21-TS02_Product_Description-821x1536.png 821w, https:\/\/www.tele-radio.com\/app\/uploads\/SupraTEQ_Receivers_Basic-Line_Product_Description_Svenska_230920_Receivers_R21-TS02_Product_Description-1094x2048.png 1094w, https:\/\/www.tele-radio.com\/app\/uploads\/SupraTEQ_Receivers_Basic-Line_Product_Description_Svenska_230920_Receivers_R21-TS02_Product_Description-401x750.png 401w, https:\/\/www.tele-radio.com\/app\/uploads\/SupraTEQ_Receivers_Basic-Line_Product_Description_Svenska_230920_Receivers_R21-TS02_Product_Description-267x500.png 267w, https:\/\/www.tele-radio.com\/app\/uploads\/SupraTEQ_Receivers_Basic-Line_Product_Description_Svenska_230920_Receivers_R21-TS02_Product_Description-855x1600.png 855w, https:\/\/www.tele-radio.com\/app\/uploads\/SupraTEQ_Receivers_Basic-Line_Product_Description_Svenska_230920_Receivers_R21-TS02_Product_Description-427x800.png 427w, https:\/\/www.tele-radio.com\/app\/uploads\/SupraTEQ_Receivers_Basic-Line_Product_Description_Svenska_230920_Receivers_R21-TS02_Product_Description.png 1650w\" sizes=\"auto, (max-width: 641px) 100vw, 641px\" \/><\/a><\/figure><\/div><\/div>\n<\/div>\n\n\n\n<p><\/p>\n\n\n\n<h2 class=\"wp-block-heading has-text-align-center has-luminous-vivid-amber-color has-black-background-color has-text-color has-background\">MER OM TELE RADIO&nbsp;<\/h2>\n\n\n\n<div style=\"height:50px\" aria-hidden=\"true\" class=\"wp-block-spacer\"><\/div>\n\n\n<div class=\"wp-block-image\">\n<figure class=\"alignleft size-full is-resized\"><img loading=\"lazy\" decoding=\"async\" width=\"417\" height=\"417\" src=\"https:\/\/www.tele-radio.com\/app\/uploads\/Contact-1.png\" alt=\"\" class=\"wp-image-106305\" style=\"width:111px;height:111px\" srcset=\"https:\/\/www.tele-radio.com\/app\/uploads\/Contact-1.png 417w, https:\/\/www.tele-radio.com\/app\/uploads\/Contact-1-400x400.png 400w, https:\/\/www.tele-radio.com\/app\/uploads\/Contact-1-150x150.png 150w, https:\/\/www.tele-radio.com\/app\/uploads\/Contact-1-250x250.png 250w\" sizes=\"auto, (max-width: 417px) 100vw, 417px\" \/><\/figure><\/div>\n\n\n<p><br><strong>F\u00f6rs\u00e4ljning<\/strong><\/p>\n\n\n\n<p><a href=\"https:\/\/www.tele-radio.com\/sv\/contact-us\/\">Kontakta oss<\/a> f\u00f6r hj\u00e4lp och r\u00e5d att hitta den b\u00e4sta radiostyrningen f\u00f6r din applikation.&nbsp;&nbsp;&nbsp;<\/p>\n\n\n\n<p><\/p>\n\n\n\n<p><\/p>\n\n\n\n<div style=\"height:15px\" aria-hidden=\"true\" class=\"wp-block-spacer\"><\/div>\n\n\n<div class=\"wp-block-image\">\n<figure class=\"alignleft is-resized\"><img loading=\"lazy\" decoding=\"async\" width=\"162\" height=\"162\" src=\"https:\/\/www.tele-radio.com\/app\/uploads\/Signaal2.png\" alt=\"\" class=\"wp-image-40681\" style=\"width:111px;height:111px\" srcset=\"https:\/\/www.tele-radio.com\/app\/uploads\/Signaal2.png 162w, https:\/\/www.tele-radio.com\/app\/uploads\/Signaal2-150x150.png 150w\" sizes=\"auto, (max-width: 162px) 100vw, 162px\" \/><\/figure><\/div>\n\n\n<h3 class=\"wp-block-heading\"><br><strong>Teknisk service<\/strong>&nbsp;<\/h3>\n\n\n\n<p>Tele Radio har en egen teknisk avdelning f\u00f6r service, <a href=\"https:\/\/www.tele-radio.com\/sv\/support\/\">support<\/a> och reparation.<\/p>\n\n\n\n<p><\/p>\n\n\n\n<p><\/p>\n\n\n\n<div style=\"height:15px\" aria-hidden=\"true\" class=\"wp-block-spacer\"><\/div>\n\n\n<div class=\"wp-block-image\">\n<figure class=\"alignleft is-resized\"><img loading=\"lazy\" decoding=\"async\" width=\"162\" height=\"162\" src=\"https:\/\/www.tele-radio.com\/app\/uploads\/Icon_safety.png\" alt=\"\" class=\"wp-image-42940\" style=\"width:111px;height:111px\" srcset=\"https:\/\/www.tele-radio.com\/app\/uploads\/Icon_safety.png 162w, https:\/\/www.tele-radio.com\/app\/uploads\/Icon_safety-150x150.png 150w\" sizes=\"auto, (max-width: 162px) 100vw, 162px\" \/><\/figure><\/div>\n\n\n<h3 class=\"wp-block-heading\"><br><strong>V\u00e5ra olika oberoende s\u00e4kerhetscertifikat<\/strong>&nbsp;<\/h3>\n\n\n\n<p>F\u00f6r alla Tele Radio-produkter med s\u00e4kerhetscertifikat, kan vi f\u00f6rse dig med godk\u00e4nnanderapporterna fr\u00e5n den oberoende testmyndigheten. L\u00e4s mer om detta <a href=\"https:\/\/www.tele-radio.com\/sv\/iso-certifierat-foretag\/\">H\u00c4R.<\/a>&nbsp;<\/p>\n\n\n\n<div style=\"height:60px\" aria-hidden=\"true\" class=\"wp-block-spacer\"><\/div>\n\n\n\n<figure class=\"wp-block-image size-large is-style-default\"><a href=\"https:\/\/www.tele-radio.com\/sv\/custom-line-solutions\/\"><img loading=\"lazy\" decoding=\"async\" width=\"1200\" height=\"485\" src=\"https:\/\/www.tele-radio.com\/app\/uploads\/\/Banner_Custom_Line_swedish_-1200x485.png\" alt=\"\" class=\"wp-image-198293\" srcset=\"https:\/\/www.tele-radio.com\/app\/uploads\/Banner_Custom_Line_swedish_-1200x485.png 1200w, https:\/\/www.tele-radio.com\/app\/uploads\/Banner_Custom_Line_swedish_-400x162.png 400w, https:\/\/www.tele-radio.com\/app\/uploads\/Banner_Custom_Line_swedish_-768x310.png 768w, https:\/\/www.tele-radio.com\/app\/uploads\/Banner_Custom_Line_swedish_-1536x620.png 1536w, https:\/\/www.tele-radio.com\/app\/uploads\/Banner_Custom_Line_swedish_-2048x827.png 2048w, https:\/\/www.tele-radio.com\/app\/uploads\/Banner_Custom_Line_swedish_-750x303.png 750w, https:\/\/www.tele-radio.com\/app\/uploads\/Banner_Custom_Line_swedish_-500x202.png 500w, https:\/\/www.tele-radio.com\/app\/uploads\/Banner_Custom_Line_swedish_-1600x646.png 1600w, https:\/\/www.tele-radio.com\/app\/uploads\/Banner_Custom_Line_swedish_-800x323.png 800w\" sizes=\"auto, (max-width: 1200px) 100vw, 1200px\" \/><\/a><\/figure>\n","protected":false},"excerpt":{"rendered":"<p>SUPRATEQ V\u00e5r st\u00f6rsta midjes\u00e4ndare SupraTEQ \u00e4r v\u00e5r st\u00f6rsta midjes\u00e4ndare, den \u00e4r ergonomiskt utformad, perfekt f\u00f6r l\u00e5nga arbetspass. Tele Radio-design och nyutvecklad teknik i kombination med h\u00e5llbarhet och tillf\u00f6rlitlighet. SupraTEQ har med sin storlek oanade m\u00f6jligheter g\u00e4llande design och utformning. S\u00e4ndaren har stoppfunktion och \u00e4r certifierad enligt PLe och SIL3.V\u00e4lj antingen Basic Line eller Custom Line.\u00a0Basic [&hellip;]<\/p>\n","protected":false},"author":29,"featured_media":0,"parent":0,"menu_order":0,"comment_status":"closed","ping_status":"closed","template":"","meta":{"_acf_changed":false,"footnotes":""},"class_list":["post-198431","page","type-page","status-publish","hentry"],"acf":[],"_links":{"self":[{"href":"https:\/\/www.tele-radio.com\/sv\/wp-json\/wp\/v2\/pages\/198431","targetHints":{"allow":["GET"]}}],"collection":[{"href":"https:\/\/www.tele-radio.com\/sv\/wp-json\/wp\/v2\/pages"}],"about":[{"href":"https:\/\/www.tele-radio.com\/sv\/wp-json\/wp\/v2\/types\/page"}],"author":[{"embeddable":true,"href":"https:\/\/www.tele-radio.com\/sv\/wp-json\/wp\/v2\/users\/29"}],"replies":[{"embeddable":true,"href":"https:\/\/www.tele-radio.com\/sv\/wp-json\/wp\/v2\/comments?post=198431"}],"version-history":[{"count":11,"href":"https:\/\/www.tele-radio.com\/sv\/wp-json\/wp\/v2\/pages\/198431\/revisions"}],"predecessor-version":[{"id":281724,"href":"https:\/\/www.tele-radio.com\/sv\/wp-json\/wp\/v2\/pages\/198431\/revisions\/281724"}],"wp:attachment":[{"href":"https:\/\/www.tele-radio.com\/sv\/wp-json\/wp\/v2\/media?parent=198431"}],"curies":[{"name":"wp","href":"https:\/\/api.w.org\/{rel}","templated":true}]}}