{"id":198324,"date":"2022-06-30T13:49:32","date_gmt":"2022-06-30T13:49:32","guid":{"rendered":"https:\/\/www.tele-radio.com\/versateq\/"},"modified":"2025-10-15T12:12:44","modified_gmt":"2025-10-15T12:12:44","slug":"versateq","status":"publish","type":"page","link":"https:\/\/www.tele-radio.com\/sv\/versateq\/","title":{"rendered":"VERSATEQ"},"content":{"rendered":"\n<div style=\"height:11px\" aria-hidden=\"true\" class=\"wp-block-spacer\"><\/div>\n\n\n<div class=\"wp-block-image is-style-rounded\">\n<figure class=\"alignright size-large is-resized\"><img loading=\"lazy\" decoding=\"async\" width=\"1200\" height=\"1200\" src=\"https:\/\/www.tele-radio.com\/app\/uploads\/\/VersaTEQ_Collage-1200x1200.jpg\" alt=\"\" class=\"wp-image-106602\" style=\"width:426px;height:426px\" srcset=\"https:\/\/www.tele-radio.com\/app\/uploads\/VersaTEQ_Collage.jpg 1200w, https:\/\/www.tele-radio.com\/app\/uploads\/VersaTEQ_Collage-400x400.jpg 400w, https:\/\/www.tele-radio.com\/app\/uploads\/VersaTEQ_Collage-150x150.jpg 150w, https:\/\/www.tele-radio.com\/app\/uploads\/VersaTEQ_Collage-768x768.jpg 768w, https:\/\/www.tele-radio.com\/app\/uploads\/VersaTEQ_Collage-250x250.jpg 250w, https:\/\/www.tele-radio.com\/app\/uploads\/VersaTEQ_Collage-750x750.jpg 750w, https:\/\/www.tele-radio.com\/app\/uploads\/VersaTEQ_Collage-500x500.jpg 500w, https:\/\/www.tele-radio.com\/app\/uploads\/VersaTEQ_Collage-800x800.jpg 800w\" sizes=\"auto, (max-width: 1200px) 100vw, 1200px\" \/><\/figure><\/div>\n\n\n<h1 class=\"wp-block-heading has-huge-font-size\">VERSATEQ<\/h1>\n\n\n\n<h2 class=\"wp-block-heading\">Multifunktionell midjes\u00e4ndare<\/h2>\n\n\n\n<p>En mellanstor s\u00e4ndare som \u00e4r smidig och med ergonomisk design. Trots sin storlek, 24 centimeter bred, finns det utrymme p\u00e5 frontplattan f\u00f6r m\u00e5nga spakar och knappar. S\u00e4ndaren \u00e4r har fyra sidoknappar som standard.<br>Man kan f\u00e5 den med specialdesignad faceplate, belysning, vibration m m. S\u00e4ndaren har stoppfunktion och \u00e4r certifierad enligt PLe och SIL3. Den \u00e4r m\u00e5ngsidig och flexibel inom flera anv\u00e4ndningsomr\u00e5den.\u00a0<br>V\u00e4lj antingen Basic Line eller Custom Line.\u00a0<br>Basic Line finns i tv\u00e5 versioner. <br>Custom Line kan anpassas efter kundens behov och \u00f6nskem\u00e5l.<\/p>\n\n\n\n<div style=\"height:11px\" aria-hidden=\"true\" class=\"wp-block-spacer\"><\/div>\n\n\n\n<h2 class=\"wp-block-heading has-text-align-center has-large-font-size\">UNIK TEKNOLOGI<\/h2>\n\n\n\n<p class=\"has-text-align-center\">Tele Radio VersaTEQ kan utrustas med f\u00f6ljande speciella egenskaper och m\u00f6jligheter.&nbsp;<\/p>\n\n\n<div class=\"wp-block-image is-style-rounded\">\n<figure class=\"alignleft is-resized\"><img loading=\"lazy\" decoding=\"async\" width=\"162\" height=\"162\" src=\"https:\/\/www.tele-radio.com\/app\/uploads\/Webpaginaopbouw_Puma-1.png\" alt=\"\" class=\"wp-image-38105\" style=\"width:110px;height:110px\" srcset=\"https:\/\/www.tele-radio.com\/app\/uploads\/Webpaginaopbouw_Puma-1.png 162w, https:\/\/www.tele-radio.com\/app\/uploads\/Webpaginaopbouw_Puma-1-150x150.png 150w\" sizes=\"auto, (max-width: 162px) 100vw, 162px\" \/><\/figure><\/div>\n\n\n<h3 class=\"wp-block-heading\"><br><strong>Aktiv antenn<\/strong><\/h3>\n\n\n\n<p>Den aktiva antennen kan ocks\u00e5 fungera som en frist\u00e5ende repeater. Detta \u00f6kar r\u00e4ckvidden mellan s\u00e4ndare och mottagare avsev\u00e4rt. Det g\u00f6r att systemet kan anv\u00e4ndas under mycket kr\u00e4vande f\u00f6rh\u00e5llanden, t.ex. i gruvor, bergsomr\u00e5den eller stora byggnader, utan att signalen g\u00e5r f\u00f6rlorad.<\/p>\n\n\n\n<p><\/p>\n\n\n\n<div style=\"height:20px\" aria-hidden=\"true\" class=\"wp-block-spacer\"><\/div>\n\n\n<div class=\"wp-block-image is-style-rounded\">\n<figure class=\"alignleft is-resized\"><img loading=\"lazy\" decoding=\"async\" width=\"162\" height=\"162\" src=\"https:\/\/www.tele-radio.com\/app\/uploads\/RFID-ICON.png\" alt=\"\" class=\"wp-image-38126\" style=\"width:110px;height:110px\" srcset=\"https:\/\/www.tele-radio.com\/app\/uploads\/RFID-ICON.png 162w, https:\/\/www.tele-radio.com\/app\/uploads\/RFID-ICON-150x150.png 150w\" sizes=\"auto, (max-width: 162px) 100vw, 162px\" \/><\/figure><\/div>\n\n\n<h3 class=\"wp-block-heading\"><strong>RFID-kontroll<\/strong><\/h3>\n\n\n\n<p><meta charset=\"utf-8\"><\/meta>RFID \u00e4r en tr\u00e5dl\u00f6s teknik f\u00f6r identifiering av en unik kod f\u00f6r systemet, produkten eller anv\u00e4ndaren. En anv\u00e4ndares inst\u00e4llningar kan sparas p\u00e5 ett smartcard med RFID som identifieras av systemet under anv\u00e4ndning. Olika anv\u00e4ndarniv\u00e5er kan st\u00e4llas in.<\/p>\n\n\n\n<div style=\"height:21px\" aria-hidden=\"true\" class=\"wp-block-spacer\"><\/div>\n\n\n<div class=\"wp-block-image is-style-rounded\">\n<figure class=\"alignleft is-resized\"><img loading=\"lazy\" decoding=\"async\" width=\"162\" height=\"162\" src=\"https:\/\/www.tele-radio.com\/app\/uploads\/BUS-Systemen.png\" alt=\"\" class=\"wp-image-38147\" style=\"width:110px;height:110px\" srcset=\"https:\/\/www.tele-radio.com\/app\/uploads\/BUS-Systemen.png 162w, https:\/\/www.tele-radio.com\/app\/uploads\/BUS-Systemen-150x150.png 150w\" sizes=\"auto, (max-width: 162px) 100vw, 162px\" \/><\/figure><\/div>\n\n\n<h3 class=\"wp-block-heading\"><strong>BUS system<\/strong><\/h3>\n\n\n\n<p>F\u00f6r att uppfylla g\u00e4llande branschstandarder \u00e4r Tele Radio VersaTEQ-system kompatibla med ett brett utbud av BUS-system. Ett smidigt samarbete med programvaran i din maskin kan garanteras. Tele Radio VersaTEQ-system kan hantera CANopen, Modbus RTU, SAE J1939 med flera.<\/p>\n\n\n\n<p><br><strong>S\u00e5 h\u00e4r g\u00e5r processen till:<br><\/strong>Identifiera behov \u2013 Konstatera behov \u2013 F\u00f6rslag p\u00e5 l\u00f6sning \u2013 Accept p\u00e5 f\u00f6rslag \u2013 Produktion \u2013 Leverans \u2013 S\u00e4kerst\u00e4lla resultat<\/p>\n\n\n\n<div style=\"height:75px\" aria-hidden=\"true\" class=\"wp-block-spacer\"><\/div>\n\n\n\n<div class=\"wp-block-columns is-layout-flex wp-container-core-columns-is-layout-9d6595d7 wp-block-columns-is-layout-flex\">\n<div class=\"wp-block-column is-layout-flow wp-block-column-is-layout-flow\">\n<div class=\"wp-block-cover is-light\" style=\"min-height:472px;aspect-ratio:unset;\"><span aria-hidden=\"true\" class=\"wp-block-cover__background has-luminous-vivid-amber-background-color has-background-dim-100 has-background-dim\"><\/span><div class=\"wp-block-cover__inner-container is-layout-flow wp-block-cover-is-layout-flow\">\n<p class=\"has-black-color has-text-color has-medium-font-size\"><strong><strong>VERSATEQ BASIC LINE SPECIFIKATION<\/strong><\/strong><\/p>\n\n\n\n<div class=\"wp-block-columns is-layout-flex wp-container-core-columns-is-layout-9d6595d7 wp-block-columns-is-layout-flex\">\n<div class=\"wp-block-column is-layout-flow wp-block-column-is-layout-flow\">\n<p>\u2713 Frekvens 2,4 GHz, 16 kanaler<\/p>\n\n\n\n<p>\u2713 2\u2033 f\u00e4rgdisplay<\/p>\n\n\n\n<p>\u2713 IP65<\/p>\n\n\n\n<p>\u2713 Duplexkommunikation f\u00f6r \u00e5terkoppling<\/p>\n\n\n\n<p>\u2713 PLe\/CAT 3, SIL3 s\u00e4kerhetsniv\u00e5 stoppfunktion<\/p>\n\n\n\n<p>\u2713 Vibration f\u00f6r \u00e5terkoppling<\/p>\n\n\n\n<p>\u2713 Stoppbrytare p\u00e5 sidan<\/p>\n\n\n\n<p>\u2713 M12-kontakt f\u00f6r kabelstyrning<\/p>\n<\/div>\n\n\n\n<div class=\"wp-block-column is-layout-flow wp-block-column-is-layout-flow\">\n<p>\u2713 LED-lampor i handtaget f\u00f6r belysning p\u00e5 frontplatta<\/p>\n\n\n\n<p>\u2713 Uppladdningsbart och utbytbart batteri<\/p>\n\n\n\n<p>\u2713 Batteritid \u2013 upp till 10 timmar, beroende p\u00e5 konfiguration<\/p>\n\n\n\n<p>\u2713 Laddare<\/p>\n\n\n\n<p>\u2713 Laddstation<\/p>\n\n\n\n<p>\u2713 Nackband<\/p>\n<\/div>\n<\/div>\n<\/div><\/div>\n<\/div>\n<\/div>\n\n\n\n<div style=\"height:32px\" aria-hidden=\"true\" class=\"wp-block-spacer\"><\/div>\n\n\n\n<h2 class=\"wp-block-heading has-text-align-center has-luminous-vivid-amber-color has-black-background-color has-text-color has-background has-large-font-size\">TELE RADIO VERSATEQ BASIC LINE \u2013 V\u00c4LJ MODELL<\/h2>\n\n\n\n<div style=\"height:15px\" aria-hidden=\"true\" class=\"wp-block-spacer\"><\/div>\n\n\n\n<h2 class=\"wp-block-heading has-text-align-center\"><br>S\u00c4NDARE VERSATEQ BASIC LINE<\/h2>\n\n\n\n<p class=\"has-text-align-center\">VersaTEQ finns i tv\u00e5 olika Basic Line-versioner. Dessa standardversioner \u00e4r anpassade f\u00f6r att m\u00f6ta kundens behov.&nbsp;<\/p>\n\n\n\n<div style=\"height:29px\" aria-hidden=\"true\" class=\"wp-block-spacer\"><\/div>\n\n\n\n<div class=\"wp-block-columns is-layout-flex wp-container-core-columns-is-layout-9d6595d7 wp-block-columns-is-layout-flex\">\n<div class=\"wp-block-column is-layout-flow wp-block-column-is-layout-flow\"><div class=\"wp-block-image\">\n<figure class=\"aligncenter size-large\"><a href=\"https:\/\/www.tele-radio.com\/sv\/produkter\/tele-radio-puma-2\/versateq-tw57-2\/\"><img loading=\"lazy\" decoding=\"async\" width=\"657\" height=\"1200\" src=\"https:\/\/www.tele-radio.com\/app\/uploads\/\/VersaTEQ_TW57_Sandare_Product_Description_Svenska_230920_Versateq_TW57_Product_Description-657x1200.png\" alt=\"\" class=\"wp-image-198327\" srcset=\"https:\/\/www.tele-radio.com\/app\/uploads\/VersaTEQ_TW57_Sandare_Product_Description_Svenska_230920_Versateq_TW57_Product_Description-657x1200.png 657w, https:\/\/www.tele-radio.com\/app\/uploads\/VersaTEQ_TW57_Sandare_Product_Description_Svenska_230920_Versateq_TW57_Product_Description-219x400.png 219w, https:\/\/www.tele-radio.com\/app\/uploads\/VersaTEQ_TW57_Sandare_Product_Description_Svenska_230920_Versateq_TW57_Product_Description-768x1402.png 768w, https:\/\/www.tele-radio.com\/app\/uploads\/VersaTEQ_TW57_Sandare_Product_Description_Svenska_230920_Versateq_TW57_Product_Description-841x1536.png 841w, https:\/\/www.tele-radio.com\/app\/uploads\/VersaTEQ_TW57_Sandare_Product_Description_Svenska_230920_Versateq_TW57_Product_Description-1122x2048.png 1122w, https:\/\/www.tele-radio.com\/app\/uploads\/VersaTEQ_TW57_Sandare_Product_Description_Svenska_230920_Versateq_TW57_Product_Description-411x750.png 411w, https:\/\/www.tele-radio.com\/app\/uploads\/VersaTEQ_TW57_Sandare_Product_Description_Svenska_230920_Versateq_TW57_Product_Description-274x500.png 274w, https:\/\/www.tele-radio.com\/app\/uploads\/VersaTEQ_TW57_Sandare_Product_Description_Svenska_230920_Versateq_TW57_Product_Description-876x1600.png 876w, https:\/\/www.tele-radio.com\/app\/uploads\/VersaTEQ_TW57_Sandare_Product_Description_Svenska_230920_Versateq_TW57_Product_Description-438x800.png 438w, https:\/\/www.tele-radio.com\/app\/uploads\/VersaTEQ_TW57_Sandare_Product_Description_Svenska_230920_Versateq_TW57_Product_Description.png 1650w\" sizes=\"auto, (max-width: 657px) 100vw, 657px\" \/><\/a><\/figure><\/div><\/div>\n\n\n\n<div class=\"wp-block-column is-layout-flow wp-block-column-is-layout-flow\"><div class=\"wp-block-image is-style-default\">\n<figure class=\"aligncenter size-large\"><a href=\"https:\/\/www.tele-radio.com\/sv\/produkter\/tele-radio-puma-2\/versateq-tw57\/\"><img loading=\"lazy\" decoding=\"async\" width=\"657\" height=\"1200\" src=\"https:\/\/www.tele-radio.com\/app\/uploads\/\/VersaTEQ_TW57_Sandare_Product_Description_Svenska_230920_Versateq_TW57_T26-03_Product_Description-657x1200.png\" alt=\"\" class=\"wp-image-198352\" srcset=\"https:\/\/www.tele-radio.com\/app\/uploads\/VersaTEQ_TW57_Sandare_Product_Description_Svenska_230920_Versateq_TW57_T26-03_Product_Description-657x1200.png 657w, https:\/\/www.tele-radio.com\/app\/uploads\/VersaTEQ_TW57_Sandare_Product_Description_Svenska_230920_Versateq_TW57_T26-03_Product_Description-219x400.png 219w, https:\/\/www.tele-radio.com\/app\/uploads\/VersaTEQ_TW57_Sandare_Product_Description_Svenska_230920_Versateq_TW57_T26-03_Product_Description-768x1402.png 768w, https:\/\/www.tele-radio.com\/app\/uploads\/VersaTEQ_TW57_Sandare_Product_Description_Svenska_230920_Versateq_TW57_T26-03_Product_Description-841x1536.png 841w, https:\/\/www.tele-radio.com\/app\/uploads\/VersaTEQ_TW57_Sandare_Product_Description_Svenska_230920_Versateq_TW57_T26-03_Product_Description-1122x2048.png 1122w, https:\/\/www.tele-radio.com\/app\/uploads\/VersaTEQ_TW57_Sandare_Product_Description_Svenska_230920_Versateq_TW57_T26-03_Product_Description-411x750.png 411w, https:\/\/www.tele-radio.com\/app\/uploads\/VersaTEQ_TW57_Sandare_Product_Description_Svenska_230920_Versateq_TW57_T26-03_Product_Description-274x500.png 274w, https:\/\/www.tele-radio.com\/app\/uploads\/VersaTEQ_TW57_Sandare_Product_Description_Svenska_230920_Versateq_TW57_T26-03_Product_Description-876x1600.png 876w, https:\/\/www.tele-radio.com\/app\/uploads\/VersaTEQ_TW57_Sandare_Product_Description_Svenska_230920_Versateq_TW57_T26-03_Product_Description-438x800.png 438w, https:\/\/www.tele-radio.com\/app\/uploads\/VersaTEQ_TW57_Sandare_Product_Description_Svenska_230920_Versateq_TW57_T26-03_Product_Description.png 1650w\" sizes=\"auto, (max-width: 657px) 100vw, 657px\" \/><\/a><\/figure><\/div><\/div>\n<\/div>\n\n\n\n<div style=\"height:43px\" aria-hidden=\"true\" class=\"wp-block-spacer\"><\/div>\n\n\n\n<h2 class=\"wp-block-heading has-text-align-center\"><meta charset=\"utf-8\"><\/meta>MOTTAGARE VERSATEQ BASIC LINE\u00a0<\/h2>\n\n\n\n<div class=\"wp-block-columns is-layout-flex wp-container-core-columns-is-layout-9d6595d7 wp-block-columns-is-layout-flex\">\n<div class=\"wp-block-column is-layout-flow wp-block-column-is-layout-flow\"><div class=\"wp-block-image\">\n<figure class=\"aligncenter size-large\"><a href=\"https:\/\/www.tele-radio.com\/sv\/produkter\/tele-radio-puma-2\/receiver-r20-1\/\"><img loading=\"lazy\" decoding=\"async\" width=\"641\" height=\"1200\" src=\"https:\/\/www.tele-radio.com\/app\/uploads\/\/VersaTEQ_Receivers_Basic-Line_Product_Description_Svenska_230920_Receivers_R20-TS01_Product_Description-641x1200.png\" alt=\"\" class=\"wp-image-198402\" srcset=\"https:\/\/www.tele-radio.com\/app\/uploads\/VersaTEQ_Receivers_Basic-Line_Product_Description_Svenska_230920_Receivers_R20-TS01_Product_Description-641x1200.png 641w, https:\/\/www.tele-radio.com\/app\/uploads\/VersaTEQ_Receivers_Basic-Line_Product_Description_Svenska_230920_Receivers_R20-TS01_Product_Description-214x400.png 214w, https:\/\/www.tele-radio.com\/app\/uploads\/VersaTEQ_Receivers_Basic-Line_Product_Description_Svenska_230920_Receivers_R20-TS01_Product_Description-768x1437.png 768w, https:\/\/www.tele-radio.com\/app\/uploads\/VersaTEQ_Receivers_Basic-Line_Product_Description_Svenska_230920_Receivers_R20-TS01_Product_Description-821x1536.png 821w, https:\/\/www.tele-radio.com\/app\/uploads\/VersaTEQ_Receivers_Basic-Line_Product_Description_Svenska_230920_Receivers_R20-TS01_Product_Description-1094x2048.png 1094w, https:\/\/www.tele-radio.com\/app\/uploads\/VersaTEQ_Receivers_Basic-Line_Product_Description_Svenska_230920_Receivers_R20-TS01_Product_Description-401x750.png 401w, https:\/\/www.tele-radio.com\/app\/uploads\/VersaTEQ_Receivers_Basic-Line_Product_Description_Svenska_230920_Receivers_R20-TS01_Product_Description-267x500.png 267w, https:\/\/www.tele-radio.com\/app\/uploads\/VersaTEQ_Receivers_Basic-Line_Product_Description_Svenska_230920_Receivers_R20-TS01_Product_Description-855x1600.png 855w, https:\/\/www.tele-radio.com\/app\/uploads\/VersaTEQ_Receivers_Basic-Line_Product_Description_Svenska_230920_Receivers_R20-TS01_Product_Description-427x800.png 427w, https:\/\/www.tele-radio.com\/app\/uploads\/VersaTEQ_Receivers_Basic-Line_Product_Description_Svenska_230920_Receivers_R20-TS01_Product_Description.png 1650w\" sizes=\"auto, (max-width: 641px) 100vw, 641px\" \/><\/a><\/figure><\/div><\/div>\n\n\n\n<div class=\"wp-block-column is-layout-flow wp-block-column-is-layout-flow\"><div class=\"wp-block-image\">\n<figure class=\"aligncenter size-large\"><a href=\"https:\/\/www.tele-radio.com\/products\/teq-waist-transmitters\/receiver-r21-1\/\"><img loading=\"lazy\" decoding=\"async\" width=\"641\" height=\"1200\" src=\"https:\/\/www.tele-radio.com\/app\/uploads\/\/VersaTEQ_Receivers_Basic-Line_Product_Description_Svenska_230920_Receivers_R21-TS02_Product_Description-641x1200.png\" alt=\"\" class=\"wp-image-198377\" srcset=\"https:\/\/www.tele-radio.com\/app\/uploads\/VersaTEQ_Receivers_Basic-Line_Product_Description_Svenska_230920_Receivers_R21-TS02_Product_Description-641x1200.png 641w, https:\/\/www.tele-radio.com\/app\/uploads\/VersaTEQ_Receivers_Basic-Line_Product_Description_Svenska_230920_Receivers_R21-TS02_Product_Description-214x400.png 214w, https:\/\/www.tele-radio.com\/app\/uploads\/VersaTEQ_Receivers_Basic-Line_Product_Description_Svenska_230920_Receivers_R21-TS02_Product_Description-768x1437.png 768w, https:\/\/www.tele-radio.com\/app\/uploads\/VersaTEQ_Receivers_Basic-Line_Product_Description_Svenska_230920_Receivers_R21-TS02_Product_Description-821x1536.png 821w, https:\/\/www.tele-radio.com\/app\/uploads\/VersaTEQ_Receivers_Basic-Line_Product_Description_Svenska_230920_Receivers_R21-TS02_Product_Description-1094x2048.png 1094w, https:\/\/www.tele-radio.com\/app\/uploads\/VersaTEQ_Receivers_Basic-Line_Product_Description_Svenska_230920_Receivers_R21-TS02_Product_Description-401x750.png 401w, https:\/\/www.tele-radio.com\/app\/uploads\/VersaTEQ_Receivers_Basic-Line_Product_Description_Svenska_230920_Receivers_R21-TS02_Product_Description-267x500.png 267w, https:\/\/www.tele-radio.com\/app\/uploads\/VersaTEQ_Receivers_Basic-Line_Product_Description_Svenska_230920_Receivers_R21-TS02_Product_Description-855x1600.png 855w, https:\/\/www.tele-radio.com\/app\/uploads\/VersaTEQ_Receivers_Basic-Line_Product_Description_Svenska_230920_Receivers_R21-TS02_Product_Description-427x800.png 427w, https:\/\/www.tele-radio.com\/app\/uploads\/VersaTEQ_Receivers_Basic-Line_Product_Description_Svenska_230920_Receivers_R21-TS02_Product_Description.png 1650w\" sizes=\"auto, (max-width: 641px) 100vw, 641px\" \/><\/a><\/figure><\/div><\/div>\n<\/div>\n\n\n\n<h2 class=\"wp-block-heading has-text-align-left\">TILLVAL<\/h2>\n\n\n\n<p class=\"has-text-align-left\"><strong>Aktiv antenn<\/strong><\/p>\n\n\n\n<p class=\"has-text-align-left\">Den aktiva antennen kan ocks\u00e5 fungera som en frist\u00e5ende repeater. Detta \u00f6kar r\u00e4ckvidden mellan s\u00e4ndare och mottagare avsev\u00e4rt. Det g\u00f6r det m\u00f6jligt att anv\u00e4nda detta system under mycket kr\u00e4vande f\u00f6rh\u00e5llanden, som gruvdrift, i bergsomr\u00e5den eller i stora byggnader, utan att f\u00f6rlora signalen. <\/p>\n\n\n\n<p class=\"has-text-align-left\">Extra batteri Midjeb\u00e4lte &#8211; midjeb\u00e4lte\/slip, b\u00e4rkrok &#8211; Antenner med och utan kabel<\/p>\n\n\n\n<p class=\"has-text-align-left\"><br><\/p>\n\n\n\n<p><\/p>\n\n\n\n<h2 class=\"wp-block-heading has-text-align-center has-luminous-vivid-amber-color has-black-background-color has-text-color has-background\">MER OM TELE RADIO<\/h2>\n\n\n\n<div style=\"height:50px\" aria-hidden=\"true\" class=\"wp-block-spacer\"><\/div>\n\n\n<div class=\"wp-block-image\">\n<figure class=\"alignleft size-full is-resized\"><img loading=\"lazy\" decoding=\"async\" width=\"417\" height=\"417\" src=\"https:\/\/www.tele-radio.com\/app\/uploads\/Contact-1.png\" alt=\"\" class=\"wp-image-106305\" style=\"width:111px;height:111px\" srcset=\"https:\/\/www.tele-radio.com\/app\/uploads\/Contact-1.png 417w, https:\/\/www.tele-radio.com\/app\/uploads\/Contact-1-400x400.png 400w, https:\/\/www.tele-radio.com\/app\/uploads\/Contact-1-150x150.png 150w, https:\/\/www.tele-radio.com\/app\/uploads\/Contact-1-250x250.png 250w\" sizes=\"auto, (max-width: 417px) 100vw, 417px\" \/><\/figure><\/div>\n\n\n<p><\/p>\n\n\n\n<p><strong>F\u00f6rs\u00e4ljning<\/strong><\/p>\n\n\n\n<p><a href=\"https:\/\/www.tele-radio.com\/sv\/contact-us\/\">Kontakta oss<\/a> f\u00f6r hj\u00e4lp och r\u00e5d att hitta den b\u00e4sta radiostyrningen f\u00f6r din applikation.&nbsp;<\/p>\n\n\n\n<p><\/p>\n\n\n\n<p><\/p>\n\n\n\n<div style=\"height:15px\" aria-hidden=\"true\" class=\"wp-block-spacer\"><\/div>\n\n\n<div class=\"wp-block-image\">\n<figure class=\"alignleft is-resized\"><img loading=\"lazy\" decoding=\"async\" width=\"162\" height=\"162\" src=\"https:\/\/www.tele-radio.com\/app\/uploads\/Signaal2.png\" alt=\"\" class=\"wp-image-40681\" style=\"width:111px;height:111px\" srcset=\"https:\/\/www.tele-radio.com\/app\/uploads\/Signaal2.png 162w, https:\/\/www.tele-radio.com\/app\/uploads\/Signaal2-150x150.png 150w\" sizes=\"auto, (max-width: 162px) 100vw, 162px\" \/><\/figure><\/div>\n\n\n<h3 class=\"wp-block-heading\"><br><strong>Teknisk service<\/strong><\/h3>\n\n\n\n<p>Tele Radio har en egen teknisk avdelning f\u00f6r service, <a href=\"https:\/\/www.tele-radio.com\/sv\/support\/\">support<\/a> och reparation.<\/p>\n\n\n\n<p><\/p>\n\n\n\n<p><\/p>\n\n\n\n<div style=\"height:15px\" aria-hidden=\"true\" class=\"wp-block-spacer\"><\/div>\n\n\n<div class=\"wp-block-image\">\n<figure class=\"alignleft is-resized\"><img loading=\"lazy\" decoding=\"async\" width=\"162\" height=\"162\" src=\"https:\/\/www.tele-radio.com\/app\/uploads\/Icon_safety.png\" alt=\"\" class=\"wp-image-42940\" style=\"width:111px;height:111px\" srcset=\"https:\/\/www.tele-radio.com\/app\/uploads\/Icon_safety.png 162w, https:\/\/www.tele-radio.com\/app\/uploads\/Icon_safety-150x150.png 150w\" sizes=\"auto, (max-width: 162px) 100vw, 162px\" \/><\/figure><\/div>\n\n\n<h3 class=\"wp-block-heading\"><br><strong>V\u00e5ra olika oberoende s\u00e4kerhetscertifikat<\/strong><\/h3>\n\n\n\n<p>F\u00f6r alla Tele Radio-produkter med s\u00e4kerhetscertifikat, kan vi f\u00f6rse dig med godk\u00e4nnanderapporterna fr\u00e5n den oberoende testmyndigheten. L\u00e4s mer om detta <a href=\"https:\/\/www.tele-radio.com\/sv\/iso-certifierat-foretag\/\">H\u00c4R<\/a>.<\/p>\n\n\n\n<p><\/p>\n\n\n\n<div style=\"height:100px\" aria-hidden=\"true\" class=\"wp-block-spacer\"><\/div>\n\n\n\n<figure class=\"wp-block-image size-large is-style-default\"><a href=\"https:\/\/www.tele-radio.com\/sv\/custom-line-solutions\/\"><img loading=\"lazy\" decoding=\"async\" width=\"1200\" height=\"485\" src=\"https:\/\/www.tele-radio.com\/app\/uploads\/\/Banner_Custom_Line_swedish_-1200x485.png\" alt=\"\" class=\"wp-image-198293\" srcset=\"https:\/\/www.tele-radio.com\/app\/uploads\/Banner_Custom_Line_swedish_-1200x485.png 1200w, https:\/\/www.tele-radio.com\/app\/uploads\/Banner_Custom_Line_swedish_-400x162.png 400w, https:\/\/www.tele-radio.com\/app\/uploads\/Banner_Custom_Line_swedish_-768x310.png 768w, https:\/\/www.tele-radio.com\/app\/uploads\/Banner_Custom_Line_swedish_-1536x620.png 1536w, https:\/\/www.tele-radio.com\/app\/uploads\/Banner_Custom_Line_swedish_-2048x827.png 2048w, https:\/\/www.tele-radio.com\/app\/uploads\/Banner_Custom_Line_swedish_-750x303.png 750w, https:\/\/www.tele-radio.com\/app\/uploads\/Banner_Custom_Line_swedish_-500x202.png 500w, https:\/\/www.tele-radio.com\/app\/uploads\/Banner_Custom_Line_swedish_-1600x646.png 1600w, https:\/\/www.tele-radio.com\/app\/uploads\/Banner_Custom_Line_swedish_-800x323.png 800w\" sizes=\"auto, (max-width: 1200px) 100vw, 1200px\" \/><\/a><\/figure>\n","protected":false},"excerpt":{"rendered":"<p>VERSATEQ Multifunktionell midjes\u00e4ndare En mellanstor s\u00e4ndare som \u00e4r smidig och med ergonomisk design. Trots sin storlek, 24 centimeter bred, finns det utrymme p\u00e5 frontplattan f\u00f6r m\u00e5nga spakar och knappar. S\u00e4ndaren \u00e4r har fyra sidoknappar som standard.Man kan f\u00e5 den med specialdesignad faceplate, belysning, vibration m m. S\u00e4ndaren har stoppfunktion och \u00e4r certifierad enligt PLe och [&hellip;]<\/p>\n","protected":false},"author":29,"featured_media":0,"parent":0,"menu_order":0,"comment_status":"closed","ping_status":"closed","template":"","meta":{"_acf_changed":false,"footnotes":""},"class_list":["post-198324","page","type-page","status-publish","hentry"],"acf":[],"_links":{"self":[{"href":"https:\/\/www.tele-radio.com\/sv\/wp-json\/wp\/v2\/pages\/198324","targetHints":{"allow":["GET"]}}],"collection":[{"href":"https:\/\/www.tele-radio.com\/sv\/wp-json\/wp\/v2\/pages"}],"about":[{"href":"https:\/\/www.tele-radio.com\/sv\/wp-json\/wp\/v2\/types\/page"}],"author":[{"embeddable":true,"href":"https:\/\/www.tele-radio.com\/sv\/wp-json\/wp\/v2\/users\/29"}],"replies":[{"embeddable":true,"href":"https:\/\/www.tele-radio.com\/sv\/wp-json\/wp\/v2\/comments?post=198324"}],"version-history":[{"count":17,"href":"https:\/\/www.tele-radio.com\/sv\/wp-json\/wp\/v2\/pages\/198324\/revisions"}],"predecessor-version":[{"id":270463,"href":"https:\/\/www.tele-radio.com\/sv\/wp-json\/wp\/v2\/pages\/198324\/revisions\/270463"}],"wp:attachment":[{"href":"https:\/\/www.tele-radio.com\/sv\/wp-json\/wp\/v2\/media?parent=198324"}],"curies":[{"name":"wp","href":"https:\/\/api.w.org\/{rel}","templated":true}]}}