{"id":144411,"date":"2022-06-13T07:32:16","date_gmt":"2022-06-13T07:32:16","guid":{"rendered":"https:\/\/www.tele-radio.com\/teq-waist-transmitters\/"},"modified":"2023-12-18T15:14:34","modified_gmt":"2023-12-18T15:14:34","slug":"teq-sandare","status":"publish","type":"page","link":"https:\/\/www.tele-radio.com\/sv\/teq-sandare\/","title":{"rendered":"TEQ MIDJES\u00c4NDARE"},"content":{"rendered":"\n<h1 class=\"wp-block-heading\"><br><br>TEQ MIDJES\u00c4NDARE<\/h1>\n\n\n<div class=\"wp-block-image is-style-rounded\">\n<figure class=\"alignright size-large is-resized\"><img loading=\"lazy\" decoding=\"async\" src=\"https:\/\/www.tele-radio.com\/app\/uploads\/\/Waist_Band_Transmitter_Collage_v2-2-1200x1200.png\" alt=\"\" class=\"wp-image-105482\" width=\"425\" height=\"425\" srcset=\"https:\/\/www.tele-radio.com\/app\/uploads\/Waist_Band_Transmitter_Collage_v2-2.png 1200w, https:\/\/www.tele-radio.com\/app\/uploads\/Waist_Band_Transmitter_Collage_v2-2-400x400.png 400w, https:\/\/www.tele-radio.com\/app\/uploads\/Waist_Band_Transmitter_Collage_v2-2-150x150.png 150w, https:\/\/www.tele-radio.com\/app\/uploads\/Waist_Band_Transmitter_Collage_v2-2-768x768.png 768w, https:\/\/www.tele-radio.com\/app\/uploads\/Waist_Band_Transmitter_Collage_v2-2-250x250.png 250w, https:\/\/www.tele-radio.com\/app\/uploads\/Waist_Band_Transmitter_Collage_v2-2-750x750.png 750w, https:\/\/www.tele-radio.com\/app\/uploads\/Waist_Band_Transmitter_Collage_v2-2-500x500.png 500w, https:\/\/www.tele-radio.com\/app\/uploads\/Waist_Band_Transmitter_Collage_v2-2-800x800.png 800w\" sizes=\"auto, (max-width: 425px) 100vw, 425px\" \/><\/figure><\/div>\n\n\n<h2 class=\"wp-block-heading\">Radiostyrning \u2013 fr\u00e5n det enkla till det mest avancerade<\/h2>\n\n\n\n<p>Med Tele Radio<strong> TEQ midjes\u00e4ndare<\/strong> \u00e4r anv\u00e4ndningsm\u00f6jligheterna n\u00e4stan o\u00e4ndliga. V\u00e5ra modeller \u00e4r PrimaTEQ, VersaTEQ och SupraTEQ. Lite f\u00f6renklat \u00e4r dessa i storlek \u2013 liten, mellan och stor s\u00e4ndare. <br>Dessa s\u00e4ndare finns i tv\u00e5 olika utf\u00f6randen \u2013 Basic Line eller Custom Line. Basic Line inneb\u00e4r fast layout med god funktion och kort leveranstid. Custom Line inneb\u00e4r egendesignad layout och funktion efter \u00f6nskem\u00e5l.<\/p>\n\n\n\n<p><strong>TEQ midjes\u00e4ndare<\/strong> \u00e4r f\u00f6r dig som arbetar i en mer avancerad milj\u00f6. <br>D\u00e4r det kan kr\u00e4vas h\u00f6g s\u00e4kerhet, tv\u00e5handsman\u00f6vrering, ergonomisk arbetsst\u00e4llning m m. <\/p>\n\n\n\n<p>Vanliga arbetsomr\u00e5den \u2013 hydrauliska applikationer, mobila applikationer, st\u00f6rre industriella maskiner, kranar, traverser m m.<\/p>\n\n\n\n<p>I ett radiostyrningssystem ing\u00e5r \u00e4ven mottagare \u2013 dessa \u00e4r olika beroende p\u00e5 funktion och system. V\u00e5ra mottagare till <strong>TEQ-s\u00e4ndarna<\/strong> \u00e4r modellerna R4, R9 och R10 samt modellerna R20 och R21. System som kan anv\u00e4ndas \u00e4r bland annat CANopen, CANbus, SAE J1939, Modbus RTU samt vanliga rel\u00e4funktioner. Gateway via PLC med Profinet, Profibus, Modbus-TCP, EtherNet\/IP, EtherCAT, DeviceNet.<\/p>\n\n\n\n<div style=\"height:37px\" aria-hidden=\"true\" class=\"wp-block-spacer\"><\/div>\n\n\n\n<h2 class=\"wp-block-heading has-text-align-center has-luminous-vivid-amber-color has-black-background-color has-text-color has-background\" style=\"font-size:30px\">V\u00c4LJ DIN MODELL<\/h2>\n\n\n\n<div class=\"wp-block-columns is-layout-flex wp-container-core-columns-is-layout-9d6595d7 wp-block-columns-is-layout-flex\">\n<div class=\"wp-block-column is-layout-flow wp-block-column-is-layout-flow\">\n<div style=\"height:52px\" aria-hidden=\"true\" class=\"wp-block-spacer\"><\/div>\n\n\n\n<div class=\"wp-block-columns is-layout-flex wp-container-core-columns-is-layout-9d6595d7 wp-block-columns-is-layout-flex\">\n<div class=\"wp-block-column is-layout-flow wp-block-column-is-layout-flow\">\n<figure class=\"wp-block-image size-large is-style-default\"><a href=\"https:\/\/www.tele-radio.com\/sv\/primateq\/\"><img loading=\"lazy\" decoding=\"async\" width=\"696\" height=\"1200\" src=\"https:\/\/www.tele-radio.com\/app\/uploads\/\/TEQ_Banner_Product_PrimaTEQ_Svenska_230925-696x1200.png\" alt=\"\" class=\"wp-image-197998\" srcset=\"https:\/\/www.tele-radio.com\/app\/uploads\/TEQ_Banner_Product_PrimaTEQ_Svenska_230925-696x1200.png 696w, https:\/\/www.tele-radio.com\/app\/uploads\/TEQ_Banner_Product_PrimaTEQ_Svenska_230925-232x400.png 232w, https:\/\/www.tele-radio.com\/app\/uploads\/TEQ_Banner_Product_PrimaTEQ_Svenska_230925-768x1324.png 768w, https:\/\/www.tele-radio.com\/app\/uploads\/TEQ_Banner_Product_PrimaTEQ_Svenska_230925-891x1536.png 891w, https:\/\/www.tele-radio.com\/app\/uploads\/TEQ_Banner_Product_PrimaTEQ_Svenska_230925-1188x2048.png 1188w, https:\/\/www.tele-radio.com\/app\/uploads\/TEQ_Banner_Product_PrimaTEQ_Svenska_230925-435x750.png 435w, https:\/\/www.tele-radio.com\/app\/uploads\/TEQ_Banner_Product_PrimaTEQ_Svenska_230925-290x500.png 290w, https:\/\/www.tele-radio.com\/app\/uploads\/TEQ_Banner_Product_PrimaTEQ_Svenska_230925-928x1600.png 928w, https:\/\/www.tele-radio.com\/app\/uploads\/TEQ_Banner_Product_PrimaTEQ_Svenska_230925-464x800.png 464w, https:\/\/www.tele-radio.com\/app\/uploads\/TEQ_Banner_Product_PrimaTEQ_Svenska_230925.png 1424w\" sizes=\"auto, (max-width: 696px) 100vw, 696px\" \/><\/a><\/figure>\n<\/div>\n\n\n\n<div class=\"wp-block-column is-layout-flow wp-block-column-is-layout-flow\">\n<figure class=\"wp-block-image size-large is-style-default\"><a href=\"https:\/\/www.tele-radio.com\/sv\/versateq\/\"><img loading=\"lazy\" decoding=\"async\" width=\"696\" height=\"1200\" src=\"https:\/\/www.tele-radio.com\/app\/uploads\/\/TEQ_Banner_Product_VersaTEQ_Svenska_230925-696x1200.png\" alt=\"\" class=\"wp-image-198075\" srcset=\"https:\/\/www.tele-radio.com\/app\/uploads\/TEQ_Banner_Product_VersaTEQ_Svenska_230925-696x1200.png 696w, https:\/\/www.tele-radio.com\/app\/uploads\/TEQ_Banner_Product_VersaTEQ_Svenska_230925-232x400.png 232w, https:\/\/www.tele-radio.com\/app\/uploads\/TEQ_Banner_Product_VersaTEQ_Svenska_230925-768x1324.png 768w, https:\/\/www.tele-radio.com\/app\/uploads\/TEQ_Banner_Product_VersaTEQ_Svenska_230925-891x1536.png 891w, https:\/\/www.tele-radio.com\/app\/uploads\/TEQ_Banner_Product_VersaTEQ_Svenska_230925-1188x2048.png 1188w, https:\/\/www.tele-radio.com\/app\/uploads\/TEQ_Banner_Product_VersaTEQ_Svenska_230925-435x750.png 435w, https:\/\/www.tele-radio.com\/app\/uploads\/TEQ_Banner_Product_VersaTEQ_Svenska_230925-290x500.png 290w, https:\/\/www.tele-radio.com\/app\/uploads\/TEQ_Banner_Product_VersaTEQ_Svenska_230925-928x1600.png 928w, https:\/\/www.tele-radio.com\/app\/uploads\/TEQ_Banner_Product_VersaTEQ_Svenska_230925-464x800.png 464w, https:\/\/www.tele-radio.com\/app\/uploads\/TEQ_Banner_Product_VersaTEQ_Svenska_230925.png 1424w\" sizes=\"auto, (max-width: 696px) 100vw, 696px\" \/><\/a><\/figure>\n<\/div>\n\n\n\n<div class=\"wp-block-column is-layout-flow wp-block-column-is-layout-flow\">\n<figure class=\"wp-block-image size-large is-style-default\"><a href=\"https:\/\/www.tele-radio.com\/sv\/suprateq\/\"><img loading=\"lazy\" decoding=\"async\" width=\"696\" height=\"1200\" src=\"https:\/\/www.tele-radio.com\/app\/uploads\/\/TEQ_Banner_Product_SupraTEQ_Svenska_230925-696x1200.png\" alt=\"\" class=\"wp-image-198102\" srcset=\"https:\/\/www.tele-radio.com\/app\/uploads\/TEQ_Banner_Product_SupraTEQ_Svenska_230925-696x1200.png 696w, https:\/\/www.tele-radio.com\/app\/uploads\/TEQ_Banner_Product_SupraTEQ_Svenska_230925-232x400.png 232w, https:\/\/www.tele-radio.com\/app\/uploads\/TEQ_Banner_Product_SupraTEQ_Svenska_230925-768x1324.png 768w, https:\/\/www.tele-radio.com\/app\/uploads\/TEQ_Banner_Product_SupraTEQ_Svenska_230925-891x1536.png 891w, https:\/\/www.tele-radio.com\/app\/uploads\/TEQ_Banner_Product_SupraTEQ_Svenska_230925-1188x2048.png 1188w, https:\/\/www.tele-radio.com\/app\/uploads\/TEQ_Banner_Product_SupraTEQ_Svenska_230925-435x750.png 435w, https:\/\/www.tele-radio.com\/app\/uploads\/TEQ_Banner_Product_SupraTEQ_Svenska_230925-290x500.png 290w, https:\/\/www.tele-radio.com\/app\/uploads\/TEQ_Banner_Product_SupraTEQ_Svenska_230925-928x1600.png 928w, https:\/\/www.tele-radio.com\/app\/uploads\/TEQ_Banner_Product_SupraTEQ_Svenska_230925-464x800.png 464w, https:\/\/www.tele-radio.com\/app\/uploads\/TEQ_Banner_Product_SupraTEQ_Svenska_230925.png 1424w\" sizes=\"auto, (max-width: 696px) 100vw, 696px\" \/><\/a><\/figure>\n<\/div>\n<\/div>\n\n\n\n<hr class=\"wp-block-separator has-text-color has-black-color has-css-opacity has-black-background-color has-background aligncenter is-style-thick\"\/>\n\n\n\n<div style=\"height:67px\" aria-hidden=\"true\" class=\"wp-block-spacer\"><\/div>\n\n\n\n<div class=\"wp-block-columns is-layout-flex wp-container-core-columns-is-layout-9d6595d7 wp-block-columns-is-layout-flex\">\n<div class=\"wp-block-column is-layout-flow wp-block-column-is-layout-flow\">\n<h2 class=\"wp-block-heading has-text-align-center has-luminous-vivid-amber-color has-black-background-color has-text-color has-background\" style=\"font-size:30px\">V\u00c4LJ BASIC LINE ELLER CUSTOM LINE<\/h2>\n<\/div>\n<\/div>\n\n\n\n<div style=\"height:16px\" aria-hidden=\"true\" class=\"wp-block-spacer\"><\/div>\n\n\n\n<p><strong>TEQ<\/strong><strong>&nbsp;<\/strong><strong>Basic&nbsp;Line<\/strong><\/p>\n\n\n\n<ul class=\"wp-block-list\">\n<li>Finns&nbsp;i&nbsp;ett&nbsp;antal&nbsp;versioner&nbsp;med&nbsp;genomt\u00e4nkt&nbsp;layout&nbsp;och&nbsp;anpassningsbara&nbsp;funktioner.<\/li>\n\n\n\n<li>S\u00e4ndaren&nbsp;kan&nbsp;till&nbsp;viss&nbsp;del&nbsp;anpassas&nbsp;efter&nbsp;behov.<\/li>\n\n\n\n<li>F\u00f6rdelen&nbsp;\u00e4r&nbsp;korta&nbsp;leveranstider&nbsp;d\u00e5&nbsp;s\u00e4ndaren&nbsp;redan&nbsp;finns&nbsp;p\u00e5&nbsp;lager.<\/li>\n\n\n\n<li>Leveranstid&nbsp;fr\u00e5n&nbsp;godk\u00e4nd&nbsp;ritning&nbsp;ca&nbsp;10&nbsp;arbetsdagar.<\/li>\n<\/ul>\n\n\n\n<p><strong>TEQ<\/strong><strong>&nbsp;<\/strong><strong>Custom<\/strong><strong>&nbsp;Line<\/strong><\/p>\n\n\n\n<ul class=\"wp-block-list\">\n<li>Knappar&nbsp;och&nbsp;spakar&nbsp;kan&nbsp;placeras&nbsp;och&nbsp;anpassas&nbsp;efter&nbsp;behov.&nbsp;<\/li>\n\n\n\n<li>Layout&nbsp;och&nbsp;design&nbsp;optimeras&nbsp;att&nbsp;bli&nbsp;kundunik.<\/li>\n\n\n\n<li>Kombinationen&nbsp;av&nbsp;feedback,&nbsp;funktionalitet&nbsp;och&nbsp;variation&nbsp;\u00e4r&nbsp;n\u00e4st&nbsp;intill&nbsp;o\u00e4ndlig.<\/li>\n\n\n\n<li>Leveranstid&nbsp;fr\u00e5n&nbsp;godk\u00e4nd&nbsp;ritning&nbsp;ca&nbsp;20-25&nbsp;arbetsdagar.<\/li>\n<\/ul>\n\n\n\n<p><strong>S\u00e5&nbsp;h\u00e4r&nbsp;g\u00e5r&nbsp;processen&nbsp;till:<\/strong><strong><\/strong><\/p>\n\n\n\n<p>Identifiera\u00a0behov\u00a0\u2013\u00a0Konstatera\u00a0behov\u00a0\u2013\u00a0F\u00f6rslag\u00a0p\u00e5\u00a0l\u00f6sning\u00a0\u2013\u00a0Accept\u00a0p\u00e5\u00a0f\u00f6rslag\u00a0\u2013\u00a0Produktion\u00a0\u2013\u00a0Leverans\u00a0\u2013\u00a0S\u00e4kerst\u00e4lla\u00a0resultat<br><\/p>\n\n\n\n<div class=\"wp-block-columns is-layout-flex wp-container-core-columns-is-layout-9d6595d7 wp-block-columns-is-layout-flex\">\n<div class=\"wp-block-column is-layout-flow wp-block-column-is-layout-flow\">\n<h2 class=\"wp-block-heading has-text-align-center has-medium-font-size\"><\/h2>\n\n\n\n<h2 class=\"wp-block-heading has-text-align-center has-luminous-vivid-amber-color has-text-color has-medium-font-size\"><strong>BASIC LINE<\/strong><\/h2>\n<\/div>\n\n\n\n<div class=\"wp-block-column is-layout-flow wp-block-column-is-layout-flow\">\n<h2 class=\"wp-block-heading has-text-align-center has-medium-font-size\"><\/h2>\n\n\n\n<h2 class=\"wp-block-heading has-text-align-center has-luminous-vivid-amber-color has-text-color has-medium-font-size\"><strong>CUSTOM LINE<\/strong><\/h2>\n<\/div>\n<\/div>\n\n\n\n<div class=\"wp-block-columns is-layout-flex wp-container-core-columns-is-layout-9d6595d7 wp-block-columns-is-layout-flex\">\n<div class=\"wp-block-column is-layout-flow wp-block-column-is-layout-flow\">\n<figure class=\"wp-block-table is-style-stripes\"><table class=\"has-fixed-layout\"><thead><tr><th class=\"has-text-align-center\" data-align=\"center\"><meta charset=\"utf-8\">S\u00c4NDARE<\/th><th class=\"has-text-align-center\" data-align=\"center\"><meta charset=\"utf-8\">MOTTAGARE<\/th><\/tr><\/thead><tbody><tr><td class=\"has-text-align-center\" data-align=\"center\">L\u00e4mplig f\u00f6r m\u00e5nga applikationer<\/td><td class=\"has-text-align-center\" data-align=\"center\">R4, R9, R10-mottagare \u00e4r f\u00f6r PrimaTEQ<\/td><\/tr><tr><td class=\"has-text-align-center\" data-align=\"center\">Standard spakar och knappar<\/td><td class=\"has-text-align-center\" data-align=\"center\">R20 \u00e4r f\u00f6r VersaTEQ och SupraTEQ<\/td><\/tr><tr><td class=\"has-text-align-center\" data-align=\"center\">Begr\u00e4nsad feedback display<\/td><td class=\"has-text-align-center\" data-align=\"center\"><br>R21 \u00e4r f\u00f6r VersaTEQ och SupraTEQ<\/td><\/tr><tr><td class=\"has-text-align-center\" data-align=\"center\">Anpassad frontplatta<\/td><td class=\"has-text-align-center\" data-align=\"center\">Mottagare med begr\u00e4nsad systemanpassning<\/td><\/tr><\/tbody><\/table><\/figure>\n<\/div>\n\n\n\n<div class=\"wp-block-column is-layout-flow wp-block-column-is-layout-flow\">\n<figure class=\"wp-block-table is-style-stripes\"><table class=\"has-fixed-layout\"><thead><tr><th class=\"has-text-align-center\" data-align=\"center\"><meta charset=\"utf-8\">S\u00c4NDARE<\/th><th class=\"has-text-align-center\" data-align=\"center\"><meta charset=\"utf-8\">MOTTAGARE<\/th><\/tr><\/thead><tbody><tr><td class=\"has-text-align-center\" data-align=\"center\">Specialanpassad till alla applikationer<\/td><td class=\"has-text-align-center\" data-align=\"center\">R4, R9, R10-mottagare \u00e4r f\u00f6r PrimaTEQ<br><\/td><\/tr><tr><td class=\"has-text-align-center\" data-align=\"center\">Stort urval av spakar och knappar<\/td><td class=\"has-text-align-center\" data-align=\"center\">R20 \u00e4r f\u00f6r VersaTEQ och SupraTEQ<\/td><\/tr><tr><td class=\"has-text-align-center\" data-align=\"center\"><br>Specialanpassad feedback display<br><\/td><td class=\"has-text-align-center\" data-align=\"center\">R21 \u00e4r f\u00f6r VersaTEQ och SupraTEQ<br><\/td><\/tr><tr><td class=\"has-text-align-center\" data-align=\"center\"><br>Specialanpassad frontplatta &nbsp;<\/td><td class=\"has-text-align-center\" data-align=\"center\"><br>Mottagare med specialsystemanpassning<\/td><\/tr><\/tbody><\/table><\/figure>\n<\/div>\n<\/div>\n<\/div>\n<\/div>\n\n\n\n<div style=\"height:20px\" aria-hidden=\"true\" class=\"wp-block-spacer\"><\/div>\n\n\n\n<h2 class=\"wp-block-heading has-text-align-center has-luminous-vivid-amber-color has-black-background-color has-text-color has-background\" style=\"font-size:30px\">V\u00c4LJ TILLBEH\u00d6R <\/h2>\n\n\n\n<div class=\"wp-block-columns is-layout-flex wp-container-core-columns-is-layout-9d6595d7 wp-block-columns-is-layout-flex\">\n<div class=\"wp-block-column is-layout-flow wp-block-column-is-layout-flow\">\n<p><\/p>\n\n\n\n<p class=\"has-normal-font-size\"><strong>PRIMATEQ<\/strong><br><\/p>\n\n\n\n<ul class=\"wp-block-list\">\n<li>Nackrem, midjeb\u00e4lte, midjeb\u00e4lte\/slip, b\u00e4rkrok<\/li>\n\n\n\n<li>Antenner med och utan kabel<\/li>\n\n\n\n<li>Laddare 230V, Laddare cig-plug, USB 12\/24V<\/li>\n\n\n\n<li>Laddstation<\/li>\n\n\n\n<li>Batteri<\/li>\n<\/ul>\n\n\n\n<div class=\"wp-block-media-text alignwide is-stacked-on-mobile is-vertically-aligned-center\" style=\"grid-template-columns:41% auto\"><figure class=\"wp-block-media-text__media\"><a href=\"https:\/\/www.tele-radio.com\/products\/accessories\/d5-21\/\"><img decoding=\"async\" src=\"https:\/\/www.tele-radio.com\/app\/uploads\/New_logo_Repeater_Active_Antenna_vrijstaand-kopi\u00ebren-1200x1200.jpg\" alt=\"\" class=\"wp-image-106551 size-full\"\/><\/a><\/figure><div class=\"wp-block-media-text__content\">\n<p><\/p>\n<\/div><\/div>\n\n\n\n<p><\/p>\n<\/div>\n\n\n\n<div class=\"wp-block-column is-layout-flow wp-block-column-is-layout-flow\">\n<p><\/p>\n\n\n\n<p><strong>VERSATEQ<\/strong> <strong>OCH SUPRATEQ<\/strong><\/p>\n\n\n\n<ul class=\"wp-block-list\">\n<li>Nackrem, midjeb\u00e4lte, midjeb\u00e4lte\/slip, b\u00e4rkrok<\/li>\n\n\n\n<li>Antenner med och utan kabel<\/li>\n\n\n\n<li>Aktiv antenn \u2013 Repeater\/aktiv antenn \u00e4r ett effektivt s\u00e4tt att \u00f6ka r\u00e4ckvidden med upp till 2 kilometer i terr\u00e4ng (vid maximalt 16 repeaters).<\/li>\n\n\n\n<li>Laddare 230V, Laddare cig-plug, USB 12\/24V<\/li>\n\n\n\n<li>Laddstation<\/li>\n\n\n\n<li>Batteri<\/li>\n<\/ul>\n\n\n\n<p><strong><br><\/strong><\/p>\n<\/div>\n<\/div>\n\n\n\n<div class=\"wp-block-columns is-layout-flex wp-container-core-columns-is-layout-9d6595d7 wp-block-columns-is-layout-flex\">\n<div class=\"wp-block-column is-layout-flow wp-block-column-is-layout-flow\"><\/div>\n<\/div>\n\n\n\n<div style=\"height:60px\" aria-hidden=\"true\" class=\"wp-block-spacer\"><\/div>\n\n\n<div class=\"wp-block-image is-style-default\">\n<figure class=\"aligncenter size-large\"><img loading=\"lazy\" decoding=\"async\" width=\"1200\" height=\"525\" src=\"https:\/\/www.tele-radio.com\/app\/uploads\/\/Handheld_Banner_svenska_230228-2-1200x525.jpg\" alt=\"\" class=\"wp-image-146540\" srcset=\"https:\/\/www.tele-radio.com\/app\/uploads\/Handheld_Banner_svenska_230228-2-1200x525.jpg 1200w, https:\/\/www.tele-radio.com\/app\/uploads\/Handheld_Banner_svenska_230228-2-400x175.jpg 400w, https:\/\/www.tele-radio.com\/app\/uploads\/Handheld_Banner_svenska_230228-2-768x336.jpg 768w, https:\/\/www.tele-radio.com\/app\/uploads\/Handheld_Banner_svenska_230228-2-750x328.jpg 750w, https:\/\/www.tele-radio.com\/app\/uploads\/Handheld_Banner_svenska_230228-2-500x219.jpg 500w, https:\/\/www.tele-radio.com\/app\/uploads\/Handheld_Banner_svenska_230228-2-800x350.jpg 800w, https:\/\/www.tele-radio.com\/app\/uploads\/Handheld_Banner_svenska_230228-2.jpg 1372w\" sizes=\"auto, (max-width: 1200px) 100vw, 1200px\" \/><\/figure><\/div>\n\n\n<h2 class=\"wp-block-heading\"><br><\/h2>\n","protected":false},"excerpt":{"rendered":"<p>TEQ MIDJES\u00c4NDARE Radiostyrning \u2013 fr\u00e5n det enkla till det mest avancerade Med Tele Radio TEQ midjes\u00e4ndare \u00e4r anv\u00e4ndningsm\u00f6jligheterna n\u00e4stan o\u00e4ndliga. V\u00e5ra modeller \u00e4r PrimaTEQ, VersaTEQ och SupraTEQ. Lite f\u00f6renklat \u00e4r dessa i storlek \u2013 liten, mellan och stor s\u00e4ndare. Dessa s\u00e4ndare finns i tv\u00e5 olika utf\u00f6randen \u2013 Basic Line eller Custom Line. Basic Line inneb\u00e4r [&hellip;]<\/p>\n","protected":false},"author":29,"featured_media":107022,"parent":0,"menu_order":0,"comment_status":"closed","ping_status":"closed","template":"","meta":{"_acf_changed":false,"footnotes":""},"class_list":["post-144411","page","type-page","status-publish","has-post-thumbnail","hentry"],"acf":[],"_links":{"self":[{"href":"https:\/\/www.tele-radio.com\/sv\/wp-json\/wp\/v2\/pages\/144411","targetHints":{"allow":["GET"]}}],"collection":[{"href":"https:\/\/www.tele-radio.com\/sv\/wp-json\/wp\/v2\/pages"}],"about":[{"href":"https:\/\/www.tele-radio.com\/sv\/wp-json\/wp\/v2\/types\/page"}],"author":[{"embeddable":true,"href":"https:\/\/www.tele-radio.com\/sv\/wp-json\/wp\/v2\/users\/29"}],"replies":[{"embeddable":true,"href":"https:\/\/www.tele-radio.com\/sv\/wp-json\/wp\/v2\/comments?post=144411"}],"version-history":[{"count":61,"href":"https:\/\/www.tele-radio.com\/sv\/wp-json\/wp\/v2\/pages\/144411\/revisions"}],"predecessor-version":[{"id":199482,"href":"https:\/\/www.tele-radio.com\/sv\/wp-json\/wp\/v2\/pages\/144411\/revisions\/199482"}],"wp:featuredmedia":[{"embeddable":true,"href":"https:\/\/www.tele-radio.com\/sv\/wp-json\/wp\/v2\/media\/107022"}],"wp:attachment":[{"href":"https:\/\/www.tele-radio.com\/sv\/wp-json\/wp\/v2\/media?parent=144411"}],"curies":[{"name":"wp","href":"https:\/\/api.w.org\/{rel}","templated":true}]}}