{"id":90789,"date":"2022-01-28T13:04:20","date_gmt":"2022-01-28T13:04:20","guid":{"rendered":"https:\/\/www.tele-radio.com\/?page_id=90789"},"modified":"2022-01-28T13:04:21","modified_gmt":"2022-01-28T13:04:21","slug":"politica-de-privacidade","status":"publish","type":"page","link":"https:\/\/www.tele-radio.com\/pt-pt\/politica-de-privacidade\/","title":{"rendered":"Politica de Privacidade"},"content":{"rendered":"\n<h2 class=\"wp-block-heading\"><strong>INTRODU\u00c7\u00c3O<\/strong><\/h2>\n\n\n\n<p>A Tele Radio est\u00e1 empenhada em proteger a privacidade e confidencialidade das informa\u00e7\u00f5es que nos s\u00e3o confiadas. Isso significa que a Tele Radio visa a prote\u00e7\u00e3o e o uso correto de suas informa\u00e7\u00f5es de identifica\u00e7\u00e3o pessoal (referidas como &#8220;informa\u00e7\u00f5es pessoais&#8221;).<\/p>\n\n\n\n<p>Esta Declara\u00e7\u00e3o de Privacidade aplica-se aos sites da Tele Radio. O objetivo desta Declara\u00e7\u00e3o de Privacidade \u00e9 informar os visitantes dos sites, usu\u00e1rios dos servi\u00e7os e informa\u00e7\u00f5es da Tele Radio sobre como n\u00f3s lidamos com as informa\u00e7\u00f5es pessoais. Esta Declara\u00e7\u00e3o de Privacidade descreve como coletamos, usamos, compartilhamos e protegemos informa\u00e7\u00f5es pessoais.<\/p>\n\n\n\n<h3 class=\"wp-block-heading\"><strong>Quais informa\u00e7\u00f5es coletamos?<\/strong><\/h3>\n\n\n\n<p>A Tele Radio oferece a voc\u00ea possibilidade de encomendar produtos e servi\u00e7os, fazer consultas ou inscrever-se para receber v\u00e1rios tipos de materiais, atrav\u00e9s do nosso site, telefone ou e-mail. Isso nos fornece informa\u00e7\u00f5es como seu nome, como entrar em contato com voc\u00ea, informa\u00e7\u00f5es necess\u00e1rias para faturamento, opera\u00e7\u00e3o comercial e<br>entrega.<\/p>\n\n\n\n<p>Al\u00e9m das informa\u00e7\u00f5es acima, tamb\u00e9m solicitamos que forne\u00e7a informa\u00e7\u00f5es que possam dizer respeito aos seus interesses profissionais, para que possamos aprimorar nossos produtos e servi\u00e7os e personalizar nossa comunica\u00e7\u00e3o com voc\u00ea.<\/p>\n\n\n\n<p>A Tele Radio utiliza os dados recolhidos para diversos fins:<\/p>\n\n\n\n<ul class=\"wp-block-list\"><li>Para fornecer e manter nossos Servi\u00e7os;<\/li><li>Para notific\u00e1-lo sobre altera\u00e7\u00f5es em nossos Servi\u00e7o;<\/li><li>Para permitir que voc\u00ea participe de recursos interativos de nossos Servi\u00e7os, quando optar em participar;<\/li><li>Para fornecer suporte ao cliente;<\/li><li>Para coletar an\u00e1lises ou informa\u00e7\u00f5es valiosas para que possamos melhorar nosso Servi\u00e7o;<\/li><li>Para monitorar o uso do nosso Servi\u00e7o;<\/li><li>Para detectar, prevenir e resolver problemas t\u00e9cnicos;<\/li><li>Para lhe fornecer not\u00edcias, ofertas especiais e informa\u00e7\u00f5es gerais sobre outros bens, servi\u00e7os e eventos que oferecemos, quais sejam semelhantes aqueles que voc\u00ea j\u00e1 comprou ou perguntou, a menos que tenha optado por n\u00e3o receber tais informa\u00e7\u00f5es.<\/li><\/ul>\n\n\n\n<h2 class=\"wp-block-heading\">Nosso uso de Cookies<\/h2>\n\n\n\n<h3 class=\"wp-block-heading\">GOOGLE ANALYTICS<\/h3>\n\n\n\n<p>A Tele Radio usa o Google Analytics para ajudar a analisar como os usu\u00e1rios usam o site. Esta ferramenta anal\u00edtica usa &#8216;cookies&#8217;, que s\u00e3o arquivos de texto colocados em seu computador, para coletar informa\u00e7\u00f5es padr\u00e3o de log da Internet e informa\u00e7\u00f5es de comportamento do visitante de forma an\u00f4nima.<\/p>\n\n\n\n<p>As informa\u00e7\u00f5es geradas pelo cookie sobre seu uso do site (incluindo seu endere\u00e7o IP) s\u00e3o transmitidas ao Google. Essas informa\u00e7\u00f5es s\u00e3o usadas para avaliar o uso do site pelos visitantes e compilar relat\u00f3rios estat\u00edsticos sobre a atividade do site para a Tele Radio.<\/p>\n\n\n\n<p>A Tele Radio n\u00e3o ir\u00e1 (e n\u00e3o permitir\u00e1 a terceiros) usar a ferramenta de an\u00e1lise estat\u00edstica para rastrear ou coletar qualquer informa\u00e7\u00e3o de identifica\u00e7\u00e3o pessoal dos visitantes do nosso site. N\u00e3o associaremos nenhum dado coletado neste site a nenhuma informa\u00e7\u00e3o de identifica\u00e7\u00e3o pessoal de qualquer fonte como parte de nosso uso da ferramenta de an\u00e1lise estat\u00edstica do Google.<\/p>\n\n\n\n<p>O Google n\u00e3o associar\u00e1 seu endere\u00e7o IP a nenhum outro dado mantido por ele. Nem a Tele Radio nem o Google vincular\u00e3o ou tentar\u00e3o vincular um endere\u00e7o IP com a identidade de um usu\u00e1rio de computador.<\/p>\n\n\n\n<p>Ao usar este site, voc\u00ea concorda com o processamento dos seus dados pelo Google, da forma e para os fins estabelecidos acima. Consulte a <a href=\"https:\/\/support.google.com\/analytics\/answer\/6004245\" target=\"_blank\" aria-label=\"undefined (opens in a new tab)\" rel=\"noreferrer noopener\">vis\u00e3o geral do Google Analytics para obter mais informa\u00e7\u00f5es<\/a>.<\/p>\n\n\n\n<h3 class=\"wp-block-heading\">GOOGLE ADS<\/h3>\n\n\n\n<p>A Tele Radio usa cookies prim\u00e1rios do Google Analytics para coletar informa\u00e7\u00f5es an\u00f4nimas sobre o comportamento dos visitantes no site. Essas informa\u00e7\u00f5es s\u00e3o usadas para criar p\u00fablicos de remarketing com base em dados de comportamento, dados demogr\u00e1ficos e de interesse espec\u00edficos. Essas listas s\u00e3o compartilhadas com o Google Ads.<\/p>\n\n\n\n<p>Esses p\u00fablicos podem ser alvos de publicidade on-line por meio do Google Ads quando os visitantes estiverem navegando no Google ou em sites parceiros.<\/p>\n\n\n\n<p>A Tele Radio n\u00e3o ir\u00e1 (e n\u00e3o permitir\u00e1 a terceiros) usar o Google Analytics ou Google Ads para rastrear ou coletar qualquer informa\u00e7\u00e3o de identifica\u00e7\u00e3o pessoal dos visitantes do nosso site.<\/p>\n\n\n\n<p>Saiba como <a href=\"https:\/\/support.google.com\/ads\/answer\/2662922?hl=en-GB\" target=\"_blank\" aria-label=\"undefined (opens in a new tab)\" rel=\"noreferrer noopener\">desativar a publicidade online personalizada<\/a>.<\/p>\n\n\n\n<h3 class=\"wp-block-heading\">FACEBOOK<\/h3>\n\n\n\n<p>A Tele Radio utiliza um cookie do Facebook que cria uma liga\u00e7\u00e3o entre sua visita em nosso website e o Facebook. Isso nos ajuda a mostrar aos usu\u00e1rios conte\u00fados relevantes no Facebook e a aprender como os usu\u00e1rios est\u00e3o interagindo com os nossos conte\u00fados. O Facebook coletar\u00e1 dados para permitir isso. Informa\u00e7\u00f5es sobre como o Facebook lida com os dados de seus usu\u00e1rios podem ser encontradas aqu\u00ed.<\/p>\n\n\n\n<h3 class=\"wp-block-heading\">LEADINFO<\/h3>\n\n\n\n<p>Por meio de seu servi\u00e7o online, a Leadinfo processar\u00e1 dados pessoais ou confidenciais de privacidade. A Leadinfo valoriza a privacidade de seus clientes e observa o devido cuidado no processamento e prote\u00e7\u00e3o de dados pessoais.<\/p>\n\n\n\n<p>Durante o processamento estamos em conformidade com os requisitos da legisla\u00e7\u00e3o de prote\u00e7\u00e3o de dados aplic\u00e1vel. Isso significa que n\u00f3s:<\/p>\n\n\n\n<ul class=\"wp-block-list\"><li><strong>especificamos claramente nossos prop\u00f3sitos<\/strong> antes de processarmos dados pessoais, usando esta Declara\u00e7\u00e3o de Privacidade;<\/li><li><strong>limitamos nossa coleta de dados pessoais<\/strong> apenas aos dados pessoais necess\u00e1rios para fins leg\u00edtimos;<\/li><li>primeiro <strong>pedimos permiss\u00e3o expl\u00edcita<\/strong> para processar seus dados pessoais nos casos em que sua permiss\u00e3o for necess\u00e1ria;<\/li><li><strong>tomamos as medidas de seguran\u00e7a adequadas<\/strong> para proteger seus dados pessoais e exigimos o mesmo das partes que processam dados pessoais em nosso nome;<\/li><li><strong>respeitamos <\/strong>seu direito de inspecionar, corrigir ou excluir seus.<\/li><\/ul>\n\n\n\n<p>Ao usar nosso servi\u00e7o, voc\u00ea est\u00e1 nos fornecendo informa\u00e7\u00f5es, quais podem ser dados pessoais. Apenas retemos e utilizamos os dados pessoais fornecidos diretamente por voc\u00ea ou aqueles que foram fornecidos livremente para serem processados.<\/p>\n\n\n\n<p>Usamos os seguintes dados para os fins mencionados nesta Declara\u00e7\u00e3o de Privacidade:<\/p>\n\n\n\n<ul class=\"wp-block-list\"><li>Nome e endere\u00e7o<\/li><li>N\u00famero de telefone<\/li><li>Endere\u00e7o de cobran\u00e7a<\/li><li>Endere\u00e7o de e-mail<\/li><li>Detalhes de pagamento<\/li><li>Endere\u00e7o de IP<\/li><\/ul>\n\n\n\n<p><strong>CONFIDENCIALIDADE E SEGURAN\u00c7A<\/strong><\/p>\n\n\n\n<ul class=\"wp-block-list\"><li>Para proteger sua seguran\u00e7a e privacidade, suas informa\u00e7\u00f5es ser\u00e3o protegidas por senha.<br><\/li><li>Limitamos o acesso de suas informa\u00e7\u00f5es pessoais a funcion\u00e1rios que acreditamos serem capacitados a cuidar dessas informa\u00e7\u00f5es para fornecer produtos, servi\u00e7os ou para realizar trabalhos para voc\u00ea.<br><\/li><li>Tomaremos medidas razo\u00e1veis e apropriadas, como prote\u00e7\u00f5es f\u00edsicas, eletr\u00f4nicas e processuais que estejam em conformidade com as leis aplic\u00e1veis sobre prote\u00e7\u00e3o de privacidade e seguran\u00e7a de dados pessoais para proteger suas informa\u00e7\u00f5es pessoais.<br><\/li><li>Apesar de tomarmos medidas razo\u00e1veis para usar e melhorar v\u00e1rias prote\u00e7\u00f5es, voc\u00ea reconhece e concorda que nenhum sistema ou tecnologia \u00e9 completamente seguro e protegido. Se voc\u00ea tomar conhecimento de alguma vulnerabilidade do nosso site, entre em contato conosco para relatar tal vulnerabilidade.<\/li><\/ul>\n\n\n\n<h2 class=\"wp-block-heading\">CONTROLANDO E ACESSANDO SUAS INFORMA\u00c7\u00d5ES<\/h2>\n\n\n\n<p>Voc\u00ea pode entrar em contato conosco se tiver qualquer solicita\u00e7\u00e3o e consulta sobre suas informa\u00e7\u00f5es pessoais coletadas pela Tele Radio, como solicita\u00e7\u00e3o de acesso, corre\u00e7\u00e3o, download, exclus\u00e3o de algumas ou de todas suas informa\u00e7\u00f5es pessoais a qualquer momento.<\/p>\n\n\n\n<p>Se n\u00e3o pudermos remover algumas informa\u00e7\u00f5es pessoais, informaremos o motivo. Se voc\u00ea se inscreveu em e-mails de<br>marketing, pode interromper a entrega seguindo as instru\u00e7\u00f5es de cancelamento de inscri\u00e7\u00e3o contidas no e-mail recebido.<\/p>\n\n\n\n<p>Se voc\u00ea tiver d\u00favidas, coment\u00e1rios, solicita\u00e7\u00e3o sobre suas informa\u00e7\u00f5es pessoais ou nossa Declara\u00e7\u00e3o e pr\u00e1ticas de dados, entre em contato conosco:<\/p>\n\n\n\n<p>Telefone: <a href=\"tel:+31%20(0)70-41%2094%20127\">+31 (0)70-41 94 127<\/a><br>Email: marketing@teleradio.nl<br>Endere\u00e7o Postal: Jadestraat 9, 2665 NS, Bleiswijk, Holanda.<\/p>\n\n\n\n<div style=\"height:30px\" aria-hidden=\"true\" class=\"wp-block-spacer\"><\/div>\n","protected":false},"excerpt":{"rendered":"<p>INTRODU\u00c7\u00c3O A Tele Radio est\u00e1 empenhada em proteger a privacidade e confidencialidade das informa\u00e7\u00f5es que nos s\u00e3o confiadas. Isso significa que a Tele Radio visa a prote\u00e7\u00e3o e o uso correto de suas informa\u00e7\u00f5es de identifica\u00e7\u00e3o pessoal (referidas como &#8220;informa\u00e7\u00f5es pessoais&#8221;). Esta Declara\u00e7\u00e3o de Privacidade aplica-se aos sites da Tele Radio. O objetivo desta Declara\u00e7\u00e3o [&hellip;]<\/p>\n","protected":false},"author":54,"featured_media":0,"parent":0,"menu_order":0,"comment_status":"closed","ping_status":"closed","template":"","meta":{"_acf_changed":false,"footnotes":""},"class_list":["post-90789","page","type-page","status-publish","hentry"],"acf":[],"_links":{"self":[{"href":"https:\/\/www.tele-radio.com\/pt-pt\/wp-json\/wp\/v2\/pages\/90789","targetHints":{"allow":["GET"]}}],"collection":[{"href":"https:\/\/www.tele-radio.com\/pt-pt\/wp-json\/wp\/v2\/pages"}],"about":[{"href":"https:\/\/www.tele-radio.com\/pt-pt\/wp-json\/wp\/v2\/types\/page"}],"author":[{"embeddable":true,"href":"https:\/\/www.tele-radio.com\/pt-pt\/wp-json\/wp\/v2\/users\/54"}],"replies":[{"embeddable":true,"href":"https:\/\/www.tele-radio.com\/pt-pt\/wp-json\/wp\/v2\/comments?post=90789"}],"version-history":[{"count":1,"href":"https:\/\/www.tele-radio.com\/pt-pt\/wp-json\/wp\/v2\/pages\/90789\/revisions"}],"predecessor-version":[{"id":90791,"href":"https:\/\/www.tele-radio.com\/pt-pt\/wp-json\/wp\/v2\/pages\/90789\/revisions\/90791"}],"wp:attachment":[{"href":"https:\/\/www.tele-radio.com\/pt-pt\/wp-json\/wp\/v2\/media?parent=90789"}],"curies":[{"name":"wp","href":"https:\/\/api.w.org\/{rel}","templated":true}]}}