{"id":81681,"date":"2021-10-01T08:44:10","date_gmt":"2021-10-01T08:44:10","guid":{"rendered":"https:\/\/www.tele-radio.com\/?page_id=81681"},"modified":"2022-04-05T14:49:33","modified_gmt":"2022-04-05T14:49:33","slug":"460-system","status":"publish","type":"page","link":"https:\/\/www.tele-radio.com\/pt-pt\/produtos-descontinuados\/460-system\/","title":{"rendered":"460 System"},"content":{"rendered":"\n<h1>Controle Remoto 460 System &#8211; Produto Descontinuado<\/h1>\n\n\n\n<div class=\"wp-block-columns is-layout-flex wp-container-core-columns-is-layout-9d6595d7 wp-block-columns-is-layout-flex\">\n<div class=\"wp-block-column is-layout-flow wp-block-column-is-layout-flow\" style=\"flex-basis:33.33%\">\n<div class=\"wp-block-image\"><figure class=\"aligncenter size-large\"><img loading=\"lazy\" decoding=\"async\" width=\"339\" height=\"339\" src=\"https:\/\/www.tele-radio.com\/app\/uploads\/460-system-retired-tele-radio.jpg\" alt=\"\" class=\"wp-image-11546\" srcset=\"https:\/\/www.tele-radio.com\/app\/uploads\/460-system-retired-tele-radio.jpg 339w, https:\/\/www.tele-radio.com\/app\/uploads\/460-system-retired-tele-radio-150x150.jpg 150w, https:\/\/www.tele-radio.com\/app\/uploads\/460-system-retired-tele-radio-250x250.jpg 250w\" sizes=\"auto, (max-width: 339px) 100vw, 339px\" \/><\/figure><\/div>\n<\/div>\n\n\n\n<div class=\"wp-block-column is-layout-flow wp-block-column-is-layout-flow\" style=\"flex-basis:66.66%\">\n<p>O 460 system foi lan\u00e7ado no in\u00edcio da d\u00e9cada de 1990 e possu\u00eda v\u00e1rios transmissores e receptores desde o menor transmissor de 1 bot\u00e3o at\u00e9 grandes transmissores robustos de 8 bot\u00f5es. O 460 system teve diversos receptores que variam de 1 rel\u00e9 aos receptores maiores de 8 Reles. Os produtos 460 comunicava na faixa de 433 MHz.<\/p>\n\n\n\n<h2 class=\"wp-block-heading\">Substitui\u00e7\u00e3o<\/h2>\n\n\n\n<p>O 460 system foi descontinuado em 2006 e foi substitu\u00eddo pelo sistema T60 que era digital em oposi\u00e7\u00e3o ao seu precursor que era anal\u00f3gico. O T60 ofereceu recursos mais atualizados e a possibilidade de mais c\u00f3digos.<\/p>\n\n\n\n<p>O <strong>novo sistema T60<\/strong> \u00e9 em grande parte compat\u00edvel com o sistema 460 e deve ser visto como a substitui\u00e7\u00e3o natural na maioria dos casos.<\/p>\n\n\n\n<div class=\"wp-block-buttons is-layout-flex wp-block-buttons-is-layout-flex\">\n<div class=\"wp-block-button\"><a class=\"wp-block-button__link has-background\" href=\"https:\/\/www.tele-radio.com\/pt-pt\/products\/t20_t60\/\" style=\"background-color:#feb914\">Ver Sistemas T60<\/a><\/div>\n<\/div>\n\n\n\n<div style=\"height:20px\" aria-hidden=\"true\" class=\"wp-block-spacer\"><\/div>\n<\/div>\n<\/div>\n\n\n\n<p>Procurando por instru\u00e7\u00f5es de instala\u00e7\u00e3o documentos t\u00e9cnicos de Tiger Generation 1? V\u00e1 para a <a href=\"https:\/\/www.tele-radio.com\/pt-pt\/suporte\/downloads\/\">se\u00e7\u00e3o de download<\/a>.<\/p>\n\n\n\n<div style=\"height:30px\" aria-hidden=\"true\" class=\"wp-block-spacer\"><\/div>\n","protected":false},"excerpt":{"rendered":"<p>Controle Remoto 460 System &#8211; Produto Descontinuado O 460 system foi lan\u00e7ado no in\u00edcio da d\u00e9cada de 1990 e possu\u00eda v\u00e1rios transmissores e receptores desde o menor transmissor de 1 bot\u00e3o at\u00e9 grandes transmissores robustos de 8 bot\u00f5es. O 460 system teve diversos receptores que variam de 1 rel\u00e9 aos receptores maiores de 8 Reles. [&hellip;]<\/p>\n","protected":false},"author":54,"featured_media":0,"parent":35075,"menu_order":0,"comment_status":"closed","ping_status":"closed","template":"","meta":{"_acf_changed":false,"footnotes":""},"class_list":["post-81681","page","type-page","status-publish","hentry"],"acf":[],"_links":{"self":[{"href":"https:\/\/www.tele-radio.com\/pt-pt\/wp-json\/wp\/v2\/pages\/81681","targetHints":{"allow":["GET"]}}],"collection":[{"href":"https:\/\/www.tele-radio.com\/pt-pt\/wp-json\/wp\/v2\/pages"}],"about":[{"href":"https:\/\/www.tele-radio.com\/pt-pt\/wp-json\/wp\/v2\/types\/page"}],"author":[{"embeddable":true,"href":"https:\/\/www.tele-radio.com\/pt-pt\/wp-json\/wp\/v2\/users\/54"}],"replies":[{"embeddable":true,"href":"https:\/\/www.tele-radio.com\/pt-pt\/wp-json\/wp\/v2\/comments?post=81681"}],"version-history":[{"count":3,"href":"https:\/\/www.tele-radio.com\/pt-pt\/wp-json\/wp\/v2\/pages\/81681\/revisions"}],"predecessor-version":[{"id":97733,"href":"https:\/\/www.tele-radio.com\/pt-pt\/wp-json\/wp\/v2\/pages\/81681\/revisions\/97733"}],"up":[{"embeddable":true,"href":"https:\/\/www.tele-radio.com\/pt-pt\/wp-json\/wp\/v2\/pages\/35075"}],"wp:attachment":[{"href":"https:\/\/www.tele-radio.com\/pt-pt\/wp-json\/wp\/v2\/media?parent=81681"}],"curies":[{"name":"wp","href":"https:\/\/api.w.org\/{rel}","templated":true}]}}