{"id":35111,"date":"2019-08-08T07:49:14","date_gmt":"2019-08-08T07:49:14","guid":{"rendered":"https:\/\/www.tele-radio.com\/sobre-nos\/"},"modified":"2020-03-17T12:33:05","modified_gmt":"2020-03-17T12:33:05","slug":"sobre-nos","status":"publish","type":"page","link":"https:\/\/www.tele-radio.com\/pt-pt\/sobre-nos\/","title":{"rendered":"Sobre a Tele Radio"},"content":{"rendered":"<h2>Desenvolvendo sistemas de controle remoto por mais de 65 anos<\/h2>\n<p>A Tele Radio desenvolve, fabrica e comercializa <strong>sistemas de controle remoto seguro<\/strong> para uso industrial. A empresa foi fundada na Su\u00e9cia em 1955 e se tornou uma grande corpora\u00e7\u00e3o: O Grupo Tele Radio.<\/p>\n<h2>Presen\u00e7a mundial<\/h2>\n<p>A sede da Tele Radio est\u00e1 situada em Askim, bem pr\u00f3ximo \u00e0 Gotemburgo, na Su\u00e9cia. H\u00e1 companhias subsidi\u00e1rias na Europa, EUA, Austr\u00e1lia e \u00c1sia. Al\u00e9m de nossas empresas subsidi\u00e1rias, tamb\u00e9m cooperamos com nossos revendedores e parceiros em todo o mundo. Voc\u00ea pode ver todos os nossos escrit\u00f3rios e informa\u00e7\u00f5es de contato na nossa <a href=\"https:\/\/www.tele-radio.com\/pt-br\/contato\">p\u00e1gina de contato<\/a>.<\/p>\n<h2>Pesquisa e desenvolvimento<\/h2>\n<p>N\u00f3s fazemos a<strong> nossa pr\u00f3pria pesquisa e desenvolvimento<\/strong>. Com mais de 65 anos de experi\u00eancia, temos s\u00f3lidos conhecimentos e experi\u00eancia em sistemas de r\u00e1dio controle remoto. Nossa miss\u00e3o \u00e9 fornecer solu\u00e7\u00f5es completas de produtos, tecnologias e servi\u00e7os na \u00e1rea de controle sem fio de equipamentos e comunica\u00e7\u00e3o de m\u00e1quinas, onde a <strong>confiabilidade e a seguran\u00e7a<\/strong> s\u00e3o os principais fatores decisivos. Alcan\u00e7amos esses objetivos fazendo com que todos os nossos funcion\u00e1rios sejam parte do processo e assumam a responsabilidade por suas respectivas \u00e1reas de trabalho. Nosso objetivo m\u00e1ximo \u00e9 fornecer solu\u00e7\u00f5es que adicionar\u00e3o valor ao seu neg\u00f3cio e, ao mesmo tempo, fornecer\u00e3o <strong>suporte impec\u00e1vel<\/strong> quando voc\u00ea precisar dele visitando nossos escrit\u00f3rios, por e-mail, telefone ou usando nossa <a href=\"https:\/\/www.tele-radio.com\/tr-br\/suporte\">p\u00e1gina de suporte<\/a>.<\/p>\n<blockquote><p><em>&#8220;N\u00f3s utilizamos a Tele Radio por causa do seu excelente time de servi\u00e7o e suporte, algo que \u00e9 muito importante para n\u00f3s e para o nosso neg\u00f3cio.&#8221;<\/em><\/p>\n<p>&#8211; Rune Wab\u00f8, Diretor Geral na Munck Cranes.<\/p><\/blockquote>\n<p>Temos uma ampla sele\u00e7\u00e3o de produtos, desde pequenos transmissores a grandes joysticks e se o produto n\u00e3o se encaixar na sua aplica\u00e7\u00e3o, imediatamente<strong> n\u00f3s o adaptamos a voc\u00ea<\/strong>, n\u00e3o o contr\u00e1rio, o que \u00e9 muito comum. Na Tele Radio, queremos trazer algo para voc\u00ea que ir\u00e1 melhorar a maneira de como voc\u00ea trabalha; n\u00f3s tamb\u00e9m acreditamos na constru\u00e7\u00e3o de um relacionamento de longo prazo com voc\u00ea que vai al\u00e9m da venda. Um dos nossos principais objetivos \u00e9 que nossos produtos agreguem valor ao seu dia de trabalho.<\/p>\n<h2>R\u00e1dios controles remotos seguros<\/h2>\n<p>A seguran\u00e7a \u00e9 uma grande preocupa\u00e7\u00e3o para n\u00f3s, sendo uma empresa sueca, faz parte da nossa ess\u00eancia. N\u00f3s nos esfor\u00e7amos para fazer os nossos produtos os mais seguros poss\u00edveis. N\u00f3s gastamos recursos consider\u00e1veis para certificar-nos de que os nossos produtos cumpram os padr\u00f5es mais elevados de seguran\u00e7a poss\u00edveis, e n\u00f3s temos os certificados para confirmar essa reivindica\u00e7\u00e3o.<\/p>\n<p>Como voc\u00ea provavelmente j\u00e1 imaginava, os nossos produtos n\u00e3o s\u00e3o apenas seguros, mas eles tamb\u00e9m s\u00e3o <strong>robustos<\/strong> e podem levar uma surra. N\u00f3s sabemos que nossos controles remotos s\u00e3o jogados ao redor, deixados cair, atropelados, molhados \u2013 e tudo bem, n\u00f3s tivemos isto em mente ao projet\u00e1-los. Eles foram feitos para serem usados.<\/p>\n<blockquote><p>\u201cOs controles remotos da Tele Radio podem aguentar uma grande quantidade de abuso mec\u00e2nico sem quebrar e o tempo da bateria \u00e9 impressionante.&#8221;<\/p>\n<p>&#8211; Tomasz Fraczek, Gerente de Manuten\u00e7\u00e3o, Thames Reinforcements Ltd.<\/p><\/blockquote>\n<h2>N\u00f3s nos preocupamos com o meio ambiente<\/h2>\n<p>Atuamos no mundo e utilizamos seus recursos para construir nossos produtos. O clima global e o bem-estar do planeta s\u00e3o uma preocupa\u00e7\u00e3o para n\u00f3s e levamos os desafios a s\u00e9rio. Portanto, a Tele Radio \u00e9 <strong>certificada<\/strong> de acordo com a norma ISO 14001. A ISO 14001 exige que tomamos a responsabilidade de prevenir a polui\u00e7\u00e3o e que a gest\u00e3o da empresa assume plena responsabilidade de melhorar ano a ano. Reduzir as emiss\u00f5es de carbono atrav\u00e9s de um transporte mais eficiente \u00e9 importante para n\u00f3s. Limitamos o uso de produtos qu\u00edmicos nocivos e elementos em nossos produtos para salvaguardar os nossos clientes e o meio ambiente. N\u00f3s tamb\u00e9m <strong>doamos<\/strong> dinheiro a cada ano para a <a href=\"https:\/\/www.worldwildlife.org\/\">WWF<\/a> para preservar o tigre em extin\u00e7\u00e3o. Desde que o tigre aparece com destaque em nosso marketing e \u00e9 o nome de um de nossos sistemas, \u00e9 simplesmente natural fazermos a nossa parte nos esfor\u00e7os da sua conserva\u00e7\u00e3o.<\/p>\n","protected":false},"excerpt":{"rendered":"<p>Desenvolvendo sistemas de controle remoto por mais de 65 anos A Tele Radio desenvolve, fabrica e comercializa sistemas de controle remoto seguro para uso industrial. A empresa foi fundada na Su\u00e9cia em 1955 e se tornou uma grande corpora\u00e7\u00e3o: O Grupo Tele Radio. Presen\u00e7a mundial A sede da Tele Radio est\u00e1 situada em Askim, bem [&hellip;]<\/p>\n","protected":false},"author":51,"featured_media":27202,"parent":0,"menu_order":0,"comment_status":"closed","ping_status":"closed","template":"","meta":{"_acf_changed":false,"footnotes":""},"class_list":["post-35111","page","type-page","status-publish","has-post-thumbnail","hentry"],"acf":[],"_links":{"self":[{"href":"https:\/\/www.tele-radio.com\/pt-pt\/wp-json\/wp\/v2\/pages\/35111","targetHints":{"allow":["GET"]}}],"collection":[{"href":"https:\/\/www.tele-radio.com\/pt-pt\/wp-json\/wp\/v2\/pages"}],"about":[{"href":"https:\/\/www.tele-radio.com\/pt-pt\/wp-json\/wp\/v2\/types\/page"}],"author":[{"embeddable":true,"href":"https:\/\/www.tele-radio.com\/pt-pt\/wp-json\/wp\/v2\/users\/51"}],"replies":[{"embeddable":true,"href":"https:\/\/www.tele-radio.com\/pt-pt\/wp-json\/wp\/v2\/comments?post=35111"}],"version-history":[{"count":2,"href":"https:\/\/www.tele-radio.com\/pt-pt\/wp-json\/wp\/v2\/pages\/35111\/revisions"}],"predecessor-version":[{"id":51669,"href":"https:\/\/www.tele-radio.com\/pt-pt\/wp-json\/wp\/v2\/pages\/35111\/revisions\/51669"}],"wp:featuredmedia":[{"embeddable":true,"href":"https:\/\/www.tele-radio.com\/pt-pt\/wp-json\/wp\/v2\/media\/27202"}],"wp:attachment":[{"href":"https:\/\/www.tele-radio.com\/pt-pt\/wp-json\/wp\/v2\/media?parent=35111"}],"curies":[{"name":"wp","href":"https:\/\/api.w.org\/{rel}","templated":true}]}}