{"id":35105,"date":"2018-05-04T14:47:12","date_gmt":"2018-05-04T14:47:12","guid":{"rendered":"https:\/\/www.tele-radio.com\/suporte\/"},"modified":"2021-10-01T08:52:05","modified_gmt":"2021-10-01T08:52:05","slug":"suporte","status":"publish","type":"page","link":"https:\/\/www.tele-radio.com\/pt-pt\/suporte\/","title":{"rendered":"Tele Radio Suporte e Ajuda"},"content":{"rendered":"\n<p>Se voc\u00ea tem d\u00favidas sobre pedidos, entregas e disponibilidade de produtos em estoque, a nossa equipe de suporte est\u00e1 a sua disposi\u00e7\u00e3o para ajud\u00e1-lo!<\/p>\n\n\n\n<p>Al\u00e9m disso, n\u00f3s podemos ajud\u00e1-lo com <strong>suporte t\u00e9cnico<\/strong> para instalar ou programar os seus sistemas Tele Radio.<\/p>\n\n\n\n<div class=\"wp-block-columns is-layout-flex wp-container-core-columns-is-layout-9d6595d7 wp-block-columns-is-layout-flex\">\n<div class=\"wp-block-column is-layout-flow wp-block-column-is-layout-flow\">\n<div class=\"wpcf7 no-js\" id=\"wpcf7-f81687-o1\" lang=\"en-EN\" dir=\"ltr\" data-wpcf7-id=\"81687\">\n<div class=\"screen-reader-response\"><p role=\"status\" aria-live=\"polite\" aria-atomic=\"true\"><\/p> <ul><\/ul><\/div>\n<form action=\"\/pt-pt\/wp-json\/wp\/v2\/pages\/35105#wpcf7-f81687-o1\" method=\"post\" class=\"wpcf7-form init\" aria-label=\"Contact form\" novalidate=\"novalidate\" data-status=\"init\">\n<fieldset class=\"hidden-fields-container\"><input type=\"hidden\" name=\"_wpcf7\" value=\"81687\" \/><input type=\"hidden\" name=\"_wpcf7_version\" value=\"6.1\" \/><input type=\"hidden\" name=\"_wpcf7_locale\" value=\"en_EN\" \/><input type=\"hidden\" name=\"_wpcf7_unit_tag\" value=\"wpcf7-f81687-o1\" \/><input type=\"hidden\" name=\"_wpcf7_container_post\" value=\"0\" \/><input type=\"hidden\" name=\"_wpcf7_posted_data_hash\" value=\"\" \/><input type=\"hidden\" name=\"_wpcf7_recaptcha_response\" value=\"\" \/>\n<\/fieldset>\n<p><label> Nome*<br \/>\n<span class=\"wpcf7-form-control-wrap\" data-name=\"nombre\"><input size=\"40\" maxlength=\"400\" class=\"wpcf7-form-control wpcf7-text wpcf7-validates-as-required\" aria-required=\"true\" aria-invalid=\"false\" placeholder=\"Seu nome\" value=\"\" type=\"text\" name=\"nombre\" \/><\/span> <\/label>\n<\/p>\n<p><label> Email*<br \/>\n<span class=\"wpcf7-form-control-wrap\" data-name=\"tu-email\"><input size=\"40\" maxlength=\"400\" class=\"wpcf7-form-control wpcf7-email wpcf7-validates-as-required wpcf7-text wpcf7-validates-as-email\" aria-required=\"true\" aria-invalid=\"false\" placeholder=\"Seu email\" value=\"\" type=\"email\" name=\"tu-email\" \/><\/span> <\/label>\n<\/p>\n<p><label> Tel\u00e9fono*<br \/>\n<span class=\"wpcf7-form-control-wrap\" data-name=\"tu-tfno\"><input size=\"40\" maxlength=\"400\" class=\"wpcf7-form-control wpcf7-tel wpcf7-validates-as-required wpcf7-text wpcf7-validates-as-tel\" aria-required=\"true\" aria-invalid=\"false\" placeholder=\"telefone de contato\" value=\"\" type=\"tel\" name=\"tu-tfno\" \/><\/span> <\/label>\n<\/p>\n<p><label> Sua mensagem*<br \/>\n<span class=\"wpcf7-form-control-wrap\" data-name=\"your-message\"><textarea cols=\"40\" rows=\"10\" maxlength=\"2000\" class=\"wpcf7-form-control wpcf7-textarea wpcf7-validates-as-required\" aria-required=\"true\" aria-invalid=\"false\" placeholder=\"Escreva aqui a sua consulta e com qual controlador \/ equipamento necessita de ajuda.\" name=\"your-message\"><\/textarea><\/span> <\/label>\n<\/p>\n<p><input class=\"wpcf7-form-control wpcf7-submit has-spinner\" type=\"submit\" value=\"Enviar\" \/>\n<\/p><div class=\"wpcf7-response-output\" aria-hidden=\"true\"><\/div>\n<\/form>\n<\/div>\n\r\n\t\t\t\t<script>\r\n\t\t\t\tif ( typeof huOptions !== 'undefined' ) {\r\n\t\t\t\t\tvar huFormData = {\"source\":\"contactform7\",\"id\":81687,\"title\":\"TRPT - Support\",\"fields\":{\"subject\":{\"first_name\":\"your-name\",\"email\":\"your-email\"},\"preferences\":{\"terms\":\"your-consent\"}}};\r\n\t\t\t\t\tvar huFormNode = document.querySelector( '[id^=\"wpcf7-f81687-\"] form' );\r\n\r\n\t\t\t\t\thuFormData['node'] = huFormNode;\r\n\t\t\t\t\thuOptions['forms'].push( huFormData );\r\n\t\t\t\t}\r\n\t\t\t\t<\/script>\n<\/div>\n\n\n\n<div class=\"wp-block-column is-layout-flow wp-block-column-is-layout-flow\"><\/div>\n<\/div>\n\n\n\n<p>Al\u00e9m disso, voc\u00ea pode conferir nosso <a aria-label=\"undefined (opens in a new tab)\" href=\"https:\/\/www.youtube.com\/channel\/UCiR4598Q4CeHZAg9lgMtE1Q\" target=\"_blank\" rel=\"noreferrer noopener\">canal do YouTube<\/a> para tutoriais e v\u00eddeos explicativos sobre como configurar nossos sistemas.<\/p>\n\n\n\n<div class=\"wp-block-columns is-layout-flex wp-container-core-columns-is-layout-9d6595d7 wp-block-columns-is-layout-flex\">\n<div class=\"wp-block-column is-layout-flow wp-block-column-is-layout-flow\">\n<div class=\"wp-block-cover aligncenter has-background-dim\" style=\"background-color:#f7f7f7\"><div class=\"wp-block-cover__inner-container is-layout-flow wp-block-cover-is-layout-flow\">\n<div class=\"wp-block-image\"><figure class=\"aligncenter size-large is-resized\"><img loading=\"lazy\" decoding=\"async\" src=\"https:\/\/www.tele-radio.com\/app\/uploads\/certification.png\" alt=\"\" class=\"wp-image-46654\" width=\"64\" height=\"64\"\/><\/figure><\/div>\n\n\n\n<h2 class=\"has-text-align-center has-very-dark-gray-color has-text-color wp-block-heading\">Manuais e documentos t\u00e9cnicos<\/h2>\n\n\n\n<p class=\"has-text-align-center has-very-dark-gray-color has-text-color\">Siga este link para baixar manuais de instala\u00e7\u00e3o, fichas t\u00e9cnicas, certificados e outros<\/p>\n\n\n\n<div class=\"wp-block-buttons is-content-justification-center is-layout-flex wp-block-buttons-is-layout-flex\">\n<div class=\"wp-block-button\"><a class=\"wp-block-button__link has-background\" href=\"https:\/\/www.tele-radio.com\/pt-pt\/suporte\/downloads\/\" style=\"background-color:#feb914\">Downloads<\/a><\/div>\n<\/div>\n\n\n\n<div style=\"height:30px\" aria-hidden=\"true\" class=\"wp-block-spacer\"><\/div>\n<\/div><\/div>\n\n\n\n<p><\/p>\n<\/div>\n\n\n\n<div class=\"wp-block-column is-layout-flow wp-block-column-is-layout-flow\">\n<div class=\"wp-block-cover has-background-dim\" style=\"background-color:#f7f7f7\"><div class=\"wp-block-cover__inner-container is-layout-flow wp-block-cover-is-layout-flow\">\n<div class=\"wp-block-image\"><figure class=\"aligncenter size-large is-resized\"><img loading=\"lazy\" decoding=\"async\" src=\"https:\/\/www.tele-radio.com\/app\/uploads\/box.png\" alt=\"\" class=\"wp-image-50841\" width=\"64\" height=\"64\"\/><\/figure><\/div>\n\n\n\n<h2 class=\"has-text-align-center has-very-dark-gray-color has-text-color wp-block-heading\">Produtos descontinuados<\/h2>\n\n\n\n<p class=\"has-text-align-center has-very-dark-gray-color has-text-color\">Informa\u00e7\u00f5es sobre nossos produtos, controles e sistemas sem fio aposentados ou descontinuados e suas substitui\u00e7\u00f5es<\/p>\n\n\n\n<div class=\"wp-block-buttons is-content-justification-center is-layout-flex wp-block-buttons-is-layout-flex\">\n<div class=\"wp-block-button\"><a class=\"wp-block-button__link has-background\" href=\"https:\/\/www.tele-radio.com\/pt-pt\/produtos-descontinuados\/\" style=\"background-color:#feb914\">Produtos descontinuados<\/a><\/div>\n<\/div>\n\n\n\n<div style=\"height:30px\" aria-hidden=\"true\" class=\"wp-block-spacer\"><\/div>\n<\/div><\/div>\n\n\n\n<p><\/p>\n<\/div>\n<\/div>\n\n\n\n<div style=\"height:60px\" aria-hidden=\"true\" class=\"wp-block-spacer\"><\/div>\n","protected":false},"excerpt":{"rendered":"<p>Se voc\u00ea tem d\u00favidas sobre pedidos, entregas e disponibilidade de produtos em estoque, a nossa equipe de suporte est\u00e1 a sua disposi\u00e7\u00e3o para ajud\u00e1-lo! Al\u00e9m disso, n\u00f3s podemos ajud\u00e1-lo com suporte t\u00e9cnico para instalar ou programar os seus sistemas Tele Radio. Al\u00e9m disso, voc\u00ea pode conferir nosso canal do YouTube para tutoriais e v\u00eddeos explicativos [&hellip;]<\/p>\n","protected":false},"author":1,"featured_media":0,"parent":0,"menu_order":0,"comment_status":"closed","ping_status":"closed","template":"","meta":{"_acf_changed":false,"footnotes":""},"class_list":["post-35105","page","type-page","status-publish","hentry"],"acf":[],"_links":{"self":[{"href":"https:\/\/www.tele-radio.com\/pt-pt\/wp-json\/wp\/v2\/pages\/35105","targetHints":{"allow":["GET"]}}],"collection":[{"href":"https:\/\/www.tele-radio.com\/pt-pt\/wp-json\/wp\/v2\/pages"}],"about":[{"href":"https:\/\/www.tele-radio.com\/pt-pt\/wp-json\/wp\/v2\/types\/page"}],"author":[{"embeddable":true,"href":"https:\/\/www.tele-radio.com\/pt-pt\/wp-json\/wp\/v2\/users\/1"}],"replies":[{"embeddable":true,"href":"https:\/\/www.tele-radio.com\/pt-pt\/wp-json\/wp\/v2\/comments?post=35105"}],"version-history":[{"count":5,"href":"https:\/\/www.tele-radio.com\/pt-pt\/wp-json\/wp\/v2\/pages\/35105\/revisions"}],"predecessor-version":[{"id":81692,"href":"https:\/\/www.tele-radio.com\/pt-pt\/wp-json\/wp\/v2\/pages\/35105\/revisions\/81692"}],"wp:attachment":[{"href":"https:\/\/www.tele-radio.com\/pt-pt\/wp-json\/wp\/v2\/media?parent=35105"}],"curies":[{"name":"wp","href":"https:\/\/api.w.org\/{rel}","templated":true}]}}